{"id":15200,"date":"2025-01-19T14:13:46","date_gmt":"2025-01-19T14:13:46","guid":{"rendered":"https:\/\/www.hydraulic-cylinders.net\/product\/bucket-cylinder-for-caterpillar-small-excavator-e70-70b\/"},"modified":"2025-01-19T14:13:54","modified_gmt":"2025-01-19T14:13:54","slug":"bucket-cylinder-for-caterpillar-small-excavator-e70-70b","status":"publish","type":"product","link":"https:\/\/www.hydraulic-cylinders.net\/et\/toode\/bucket-cylinder-for-caterpillar-small-excavator-e70-70b\/","title":{"rendered":"Kopa silinder Caterpillar v\u00e4ikeekskavaatorile E70\/70B"},"content":{"rendered":"<h1>Kopa silinder Caterpillar v\u00e4ikeekskavaatorile E70\/70B<\/h1>\n<h2>Sissejuhatus<\/h2>\n<p>Kopa silinder on spetsiaalselt konstrueeritud h\u00fcdrauliline silinder, mida kasutatakse peamiselt kopa liikumise juhtimiseks rasketes masinates, n\u00e4iteks ekskavaatorites, laadurites ja esilaadurites. Selle peamine \u00fclesanne on v\u00f5imaldada kopal teostada t\u00f5stmis-, langetamis- ja kallutustoiminguid, muutes selle mugavaks mitmesuguste materjalik\u00e4itlust\u00f6\u00f6de jaoks. H\u00fcdraulilises s\u00fcsteemis saavutab kopa silinder kopa t\u00e4pse juhtimise h\u00fcdraulika\u00f5li r\u00f5hu muutuste abil, v\u00f5imaldades operaatoritel raskeid koormaid t\u00f5husalt k\u00e4sitseda ning kohaneda keerukate t\u00f6\u00f6keskkondade ja mitmekesiste t\u00f6\u00f6n\u00f5uetega.<\/p>\n<p><img decoding=\"async\" src=\"https:\/\/www.hydraulic-cylinders.net\/wp-content\/uploads\/2025\/01\/songte-company-2.webp\" alt=\"\u00c4mbri silinder\"><\/p>\n<h2>Omadused<\/h2>\n<ul>\n<li>Suur tugevus ja vastupidavus: \u00dcldiselt valmistatud \u00fclitugevast terasest v\u00f5i alumiiniumist, talub k\u00f5rget r\u00f5hku ja suuri koormusi, sobib karmidesse t\u00f6\u00f6keskkondadesse, on konstrueeritud kulumiskindlust ja korrosioonikindlust silmas pidades, pikendades kasutusiga.<\/li>\n<li>T\u00f5hus h\u00fcdrauliline t\u00f6\u00f6: H\u00fcdraulika\u00f5li r\u00f5hu abil saavutatakse sujuv pikendamine ja tagasit\u00f5mbamine, mis v\u00f5imaldab kiiret reageerimist juhtimisk\u00e4sklustele, pakub v\u00f5imsaid t\u00f5uke- ja t\u00f5mbej\u00f5ude ning sobib raskete koormate ja keerukate t\u00f6\u00f6\u00fclesannete k\u00e4sitsemiseks.<\/li>\n<li>Erinevad t\u00fc\u00fcbid: vastavalt vajadustele saab valida \u00fchetoimelisi (h\u00fcdrauliliselt ainult \u00fches suunas) v\u00f5i kahetoimelisi (h\u00fcdrauliliselt m\u00f5lemas suunas) silindreid, et need vastaksid erinevatele t\u00f6\u00f6tingimustele. M\u00f5ned mudelid on teleskoopilised, v\u00f5imaldades suuremat pikendamist ilma v\u00e4lism\u00f5\u00f5tmeid suurendamata, sobides piiratud ruumiga rakenduste jaoks.<\/li>\n<li>Lihtne paigaldada: Saab h\u00f5lpsasti paigaldada originaalsilindri asemele, s\u00e4\u00e4stes aega ja t\u00f6\u00f6j\u00f5ukulusid. Kohandatav vastavalt kliendi vajadustele.<\/li>\n<li>Universaalne \u00fchilduvus: V\u00f5ib asendada mitmesuguseid h\u00fcdrosilindreid, pakkudes kulut\u00f5husat lahendust seadmete hoolduseks ja remondiks.<\/li>\n<\/ul>\n<p><img decoding=\"async\" src=\"https:\/\/www.hydraulic-cylinders.net\/wp-content\/uploads\/2025\/01\/songte-cylinder-head-with-all-kinds-excavator-models.webp\" alt=\"Silindripea\"><\/p>\n<h2>Rakendused<\/h2>\n<p>Kopasilindrit kasutatakse laialdaselt erinevates rasketehnika masinates, sealhulgas:<\/p>\n<ul>\n<li>Ehitustehnika: Ekskavaatorites on need h\u00e4davajalikud kaevamiseks, laadimiseks ja pinnase v\u00f5i prahi teisaldamiseks. Ekskavaatorites aitavad kopasilindrid kaevamisel ja t\u00f5stmisel. <\/li>\n<li>P\u00f5llumajandusmasinad: Kasutatakse esilaadurites mulla, heina ja muude materjalide k\u00fchveldamiseks, t\u00f5stmiseks ja transportimiseks. <\/li>\n<li>Materjalik\u00e4itlusseadmed: Kasutatakse kahvelt\u00f5stukites ja muudes t\u00f6\u00f6stuss\u00f5idukites kaupade t\u00f5stmiseks, transportimiseks ja virnastamiseks.<\/li>\n<\/ul>\n<h2>Projekteerimiskaalutlused ja valikukriteeriumid<\/h2>\n<p>Kopasilindri disain on selle j\u00f5udluse ja vastupidavuse seisukohalt \u00fclioluline. Peamised kaalutlused on j\u00e4rgmised:<\/p>\n<ul>\n<li>Kandev\u00f5ime: Silinder peab suutma eeldatavale koormusele vastu pidada ilma purunemise v\u00f5i kahjustusteta.<\/li>\n<li>Tihendus: Silinder tuleb lekete ja saastumise v\u00e4ltimiseks tihendada.<\/li>\n<li>Vastupidavus: Silinder peab vastu pidama eeldatavale kulumisele, mis tekib karmides tingimustes.<\/li>\n<li>Ohutus: Balloon peab olema konstrueeritud ohutusfunktsioonidega, et v\u00e4ltida \u00f5nnetusi ja vigastusi.<\/li>\n<li>Hooldatavus: Silinder peab olema konstrueeritud nii, et seda oleks lihtne hooldada ja parandada.<\/li>\n<\/ul>\n<p><img decoding=\"async\" src=\"https:\/\/www.hydraulic-cylinders.net\/wp-content\/uploads\/2025\/01\/songte-oil-pipes-and-spare-parts.webp\" alt=\"\u00d5litorud ja varuosad\"><\/p>\n<h2>Tihendus ja m\u00e4\u00e4rimine<\/h2>\n<p>Kopasilindris kasutatakse mitmesuguseid tihenduskomponente, n\u00e4iteks kolvitihendusr\u00f5ngaid ja vardatihendusr\u00f5ngaid, mis on valmistatud kulumiskindlatest materjalidest, n\u00e4iteks pol\u00fcuretaanist ja nitriilkummist. Silindri korpus ja keermestatud otsapinnad on peenelt t\u00f6\u00f6deldud, et parandada kulumiskindlust. Silindri sujuva t\u00f6\u00f6 tagamiseks ja kasutusea pikendamiseks on vaja silindrit regulaarselt m\u00e4\u00e4rida sobiva h\u00fcdraulika\u00f5liga.<\/p>\n<h2>Hooldus ja remont<\/h2>\n<p>Kopasilindri j\u00f5udluse s\u00e4ilitamiseks ja selle kasutusea pikendamiseks on oluline tihendite regulaarne kontroll, m\u00e4\u00e4rimine ja vahetamine. \u00d5ige paigaldamine, m\u00e4\u00e4rimine ja reguleerimine on kriitilise t\u00e4htsusega silindri t\u00f5husa t\u00f6\u00f6 tagamiseks ning kahjustuste v\u00f5i rikete v\u00e4ltimiseks. Silindri kinnitamiseks on soovitatav kasutada sobivaid paigaldusklambreid ja j\u00e4rgida soovitatud kontrolli-, remondi- ja vahetamisprotseduure, et tagada n\u00f5uetekohane toimimine ja ohutus.<\/p>\n<p><img decoding=\"async\" src=\"https:\/\/www.hydraulic-cylinders.net\/wp-content\/uploads\/2025\/01\/songte-chushion-collar.webp\" alt=\"Kaelarihm\"><\/p>\n<h2>Ohutus- ja keskkonnakaalutlused<\/h2>\n<p>Kopasilindri kasutamisel on oluline j\u00e4rgida n\u00f5uetekohaseid ohutusprotseduure, et v\u00e4ltida \u00f5nnetusi ja vigastusi. Regulaarne hooldus ja kontroll aitavad v\u00e4ltida ka keskkonna saastumist vedelikulekete v\u00f5i muude silindri kahjustuste t\u00f5ttu.<\/p>\n<h2>Veaotsing ja levinud probleemid<\/h2>\n<p>Kopasilindri levinud probleemide hulka kuuluvad leke, v\u00e4henenud j\u00f5udlus ja eba\u00f5ige t\u00f6\u00f6tamine. Nende probleemide n\u00f5uetekohane diagnoosimine ja parandamine n\u00f5uab kogemusi ja oskusteavet ning seda peaksid tegema ainult koolitatud spetsialistid. Regulaarne hooldus ja kontroll aitavad neid probleeme v\u00e4ltida.<\/p>\n<p><img decoding=\"async\" src=\"https:\/\/www.hydraulic-cylinders.net\/wp-content\/uploads\/2025\/01\/songte-bushings-with-all-kinds-of-excavator-models.webp\" alt=\"Puksid\"><\/p>\n<h2>Meie ettev\u00f5ttest<\/h2>\n<p>Oleme asendush\u00fcdrauliliste silindrite tootja ning juhtiv h\u00fcdrauliliste silindrite tootja ja hulgim\u00fc\u00fcja nii sise- kui ka rahvusvahelisel turul. J\u00e4rgime kvaliteedi tipptaseme p\u00f5him\u00f5tet ja tugineme peentootmist\u00f6\u00f6kodades industrialiseeritud tootmise juhtimisstrateegiatele. Meie ettev\u00f5te t\u00e4iustab pidevalt t\u00f6\u00f6koja tootmisplatvormi, rakendades tehnilisi oskusi, digitaalseid tipptasemel tootmisseadmeid ja professionaalseid testimiss\u00fcsteeme, et parandada toote kvaliteetset tootmisprotsessi. Meie ettev\u00f5ttel on tugev loominguline v\u00f5imekus ning see p\u00f5hineb k\u00f5rge efektiivsuse, suure t\u00e4psuse ja k\u00f5rge kvaliteedi p\u00f5him\u00f5tetel, et rahuldada klientide mitmekesiseid vajadusi.<\/p>\n<ul>\n<li>Professionaalsus: Meie ekspertide meeskond pakub professionaalseid teenuseid ja tehnilist tuge erinevate t\u00f6\u00f6stusharude klientidele.<\/li>\n<li>Rahvusvaheline sertifitseerimine: Meie tooted on l\u00e4binud mitmesuguseid rahvusvahelisi sertifikaate, n\u00e4iteks ISO ja CE.<\/li>\n<li>Kohandamise teenused: Pakume kohandatud h\u00fcdraulilisi silindreid vastavalt kliendi n\u00f5uetele ja spetsifikatsioonidele.<\/li>\n<li>Tootmisseadmed: Kasutame t\u00e4iustatud tootmisseadmeid, et tagada toote kvaliteet ja t\u00e4psus.<\/li>\n<li>M\u00fc\u00fcgij\u00e4rgne teenindus: Pakume \u00f5igeaegset ja t\u00f5husat m\u00fc\u00fcgij\u00e4rgset teenindust, et tagada klientide rahulolu.<\/li>\n<\/ul>\n<p><img decoding=\"async\" src=\"https:\/\/www.hydraulic-cylinders.net\/wp-content\/uploads\/2025\/01\/songte-company-3.webp\" alt=\"Ettev\u00f5te\"><\/p>\n<p>Autor: lyl<\/p>","protected":false},"excerpt":{"rendered":"<p>Bucket Cylinder For Caterpillar Small Excavator E70\/70B Introduction A bucket cylinder is a specially designed hydraulic cylinder primarily used to control the movement of the bucket in heavy machinery such as excavators, backhoes, and front-end loaders. Its main function is to enable the bucket to perform lifting, lowering, and tilting operations, making it convenient for [&hellip;]<\/p>","protected":false},"featured_media":14776,"comment_status":"open","ping_status":"closed","template":"","meta":{"_et_pb_use_builder":"","_et_pb_old_content":"","_et_gb_content_width":""},"product_brand":[],"product_cat":[1494],"product_tag":[1495,1496],"class_list":{"0":"post-15200","1":"product","2":"type-product","3":"status-publish","4":"has-post-thumbnail","6":"product_cat-bucket-cylinders","7":"product_tag-bucket-cylinders","8":"product_tag-hydraulic-cylinders","10":"first","11":"instock","12":"shipping-taxable","13":"product-type-simple"},"amp_enabled":true,"_links":{"self":[{"href":"https:\/\/www.hydraulic-cylinders.net\/et\/wp-json\/wp\/v2\/product\/15200","targetHints":{"allow":["GET"]}}],"collection":[{"href":"https:\/\/www.hydraulic-cylinders.net\/et\/wp-json\/wp\/v2\/product"}],"about":[{"href":"https:\/\/www.hydraulic-cylinders.net\/et\/wp-json\/wp\/v2\/types\/product"}],"replies":[{"embeddable":true,"href":"https:\/\/www.hydraulic-cylinders.net\/et\/wp-json\/wp\/v2\/comments?post=15200"}],"wp:featuredmedia":[{"embeddable":true,"href":"https:\/\/www.hydraulic-cylinders.net\/et\/wp-json\/wp\/v2\/media\/14776"}],"wp:attachment":[{"href":"https:\/\/www.hydraulic-cylinders.net\/et\/wp-json\/wp\/v2\/media?parent=15200"}],"wp:term":[{"taxonomy":"product_brand","embeddable":true,"href":"https:\/\/www.hydraulic-cylinders.net\/et\/wp-json\/wp\/v2\/product_brand?post=15200"},{"taxonomy":"product_cat","embeddable":true,"href":"https:\/\/www.hydraulic-cylinders.net\/et\/wp-json\/wp\/v2\/product_cat?post=15200"},{"taxonomy":"product_tag","embeddable":true,"href":"https:\/\/www.hydraulic-cylinders.net\/et\/wp-json\/wp\/v2\/product_tag?post=15200"}],"curies":[{"name":"wp","href":"https:\/\/api.w.org\/{rel}","templated":true}]}}