{"id":15201,"date":"2025-01-19T14:13:56","date_gmt":"2025-01-19T14:13:56","guid":{"rendered":"https:\/\/www.hydraulic-cylinders.net\/product\/bucket-cylinder-for-caterpillar-small-excavator-e302-4d\/"},"modified":"2025-01-19T14:13:58","modified_gmt":"2025-01-19T14:13:58","slug":"bucket-cylinder-for-caterpillar-small-excavator-e302-4d","status":"publish","type":"product","link":"https:\/\/www.hydraulic-cylinders.net\/et\/toode\/bucket-cylinder-for-caterpillar-small-excavator-e302-4d\/","title":{"rendered":"Kopa silinder Caterpillar v\u00e4ikese ekskavaatori E302.4D jaoks"},"content":{"rendered":"<h1>Kopa silinder Caterpillar v\u00e4ikese ekskavaatori E302.4D jaoks<\/h1>\n<h2>Sissejuhatus<\/h2>\n<p>Kopa silinder on spetsiaalselt konstrueeritud h\u00fcdrauliline silinder, mida kasutatakse peamiselt kopa liikumise juhtimiseks rasketes masinates, n\u00e4iteks ekskavaatorites, laadur-ekskavaatorites ja esilaadurites. Selle peamine \u00fclesanne on v\u00f5imaldada kopa t\u00f5stmist, langetamist ja kallutamist, et h\u00f5lbustada mitmesuguseid materjali k\u00e4itlemise \u00fclesandeid. H\u00fcdraulilises s\u00fcsteemis saavutab kopa silinder kopa liikumise t\u00e4pse juhtimise h\u00fcdraulika\u00f5li r\u00f5hu muutmise abil, v\u00f5imaldades operaatoritel raskeid koormaid t\u00f5husalt k\u00e4sitseda ning kohaneda keerukate t\u00f6\u00f6keskkondade ja mitmekesiste t\u00f6\u00f6vajadustega.<\/p>\n<p><img decoding=\"async\" src=\"https:\/\/www.hydraulic-cylinders.net\/wp-content\/uploads\/2025\/01\/songte-company-2.webp\" alt=\"\u00c4mbri silindri pilt\"><\/p>\n<h2>Omadused<\/h2>\n<ul>\n<li>\n<h3>Suur tugevus ja vastupidavus<\/h3>\n<p>Kopasilindrid on tavaliselt valmistatud \u00fclitugevast terasest v\u00f5i alumiiniumist, mis talub k\u00f5rget r\u00f5hku ja suuri koormusi, mist\u00f5ttu sobivad need karmidesse t\u00f6\u00f6keskkondadesse. Projekteerimisel on arvesse v\u00f5etud ka kulumiskindlust ja korrosioonikindlust, mis pikendab selle kasutusiga.<\/p>\n<\/li>\n<li>\n<h3>T\u00f5hus h\u00fcdrauliline t\u00f6\u00f6<\/h3>\n<p>Kopasilindrid kasutavad sujuva pikenemise ja tagasit\u00f5mbamise saavutamiseks h\u00fcdraulika\u00f5li r\u00f5hku, mis v\u00f5imaldab kiiret reageerimist juhtimisk\u00e4sklustele ning tugevat t\u00f5uke- ja t\u00f5mbej\u00f5udu, muutes need sobivaks raskete koormate ja keerukate t\u00f6\u00f6\u00fclesannete k\u00e4sitsemiseks.<\/p>\n<\/li>\n<li>\n<h3>Erinevad t\u00fc\u00fcbid<\/h3>\n<p>Kopasilindrid saab vastavalt vajadusele valida \u00fchetoimelisteks (h\u00fcdrauliliselt ainult \u00fches suunas) v\u00f5i kahetoimelisteks (h\u00fcdrauliliselt kahes suunas) silindriteks ning m\u00f5ned mudelid on teleskoopilised, v\u00f5imaldades suuremat pikendust ilma v\u00e4lism\u00f5\u00f5tmeid suurendamata, mist\u00f5ttu sobivad need piiratud ruumiga rakenduste jaoks.<\/p>\n<\/li>\n<li>\n<h3>Toote saadavus<\/h3>\n<p>Meie kopasilindrid suudavad neid h\u00fcdraulilisi silindreid ideaalselt asendada ning pakume klientidele erinevaid kopasilindrite mudeleid ja t\u00fc\u00fcpe.<\/p>\n<\/li>\n<\/ul>\n<p><img decoding=\"async\" src=\"https:\/\/www.hydraulic-cylinders.net\/wp-content\/uploads\/2025\/01\/songte-cylinder-head-with-all-kinds-excavator-models.webp\" alt=\"\u00c4mbri silindri asendamise pilt\"><\/p>\n<h2>Rakendused<\/h2>\n<p>Kopasilindrid m\u00e4ngivad olulist rolli erinevat t\u00fc\u00fcpi rasketehnikas, n\u00e4iteks:<\/p>\n<ul>\n<li>\n<h3>Ehitustehnika<\/h3>\n<p>Need on ekskavaatorite jaoks eluliselt t\u00e4htsad pinnase v\u00f5i prahi kaevamiseks, laadimiseks ja teisaldamiseks. Ekskavaator-laaduritel aitab kopa silinder nii kaevamisel kui ka t\u00f5stmisel. <\/p>\n<\/li>\n<li>\n<h3>P\u00f5llumajandustehnika<\/h3>\n<p>Neid kasutatakse esilaadurites pinnase, heina ja muude materjalide kaevamiseks, t\u00f5stmiseks ja transportimiseks. Ekskavaatorites v\u00f5imaldab kopa silinder kaevamist, lastes kopal pinnasesse tungida. Esilaadurites aitavad need kaupu t\u00f5husalt t\u00f5sta ja t\u00fchjendada.<\/p>\n<\/li>\n<\/ul>\n<h2>Projekteerimiskaalutlused ja valikustandardid<\/h2>\n<p>Kopasilindrite konstrueerimisel on silmas peetud mitmeid olulisi tegureid, n\u00e4iteks:<\/p>\n<ul>\n<li>\n<h3>Kandev\u00f5ime<\/h3>\n<p>Kopasilindrid on valmistatud \u00fclitugevatest materjalidest ja on loodud taluma suuri koormusi ja k\u00f5rget r\u00f5hku.<\/p>\n<\/li>\n<li>\n<h3>Tihendus<\/h3>\n<p>Erinevad tihenduskomponendid, n\u00e4iteks kolvitihendid ja varrastihendid, on valmistatud kulumiskindlatest materjalidest, et tagada pikk kasutusiga. Silindri korpused ja keermeotsad on peenelt t\u00f6\u00f6deldud, et suurendada kulumiskindlust.<\/p>\n<\/li>\n<li>\n<h3>Vastupidavus ja ohutus<\/h3>\n<p>Kopasilindrid l\u00e4bivad range kvaliteedikontrolli, et tagada nende vastavus t\u00f6\u00f6stusstandarditele ja ohutus kasutamisel. Need on konstrueeritud nii, et neid oleks lihtne hooldada ja parandada, et tagada pikk kasutusiga.<\/p>\n<\/li>\n<\/ul>\n<p><img decoding=\"async\" src=\"https:\/\/www.hydraulic-cylinders.net\/wp-content\/uploads\/2025\/01\/songte-oil-pipes-and-spare-parts.webp\" alt=\"Kopa silindri osade pilt\"><\/p>\n<h2>Tihend ja m\u00e4\u00e4rimine<\/h2>\n<p>Kopasilindrites kasutatakse erinevat t\u00fc\u00fcpi tihendeid, n\u00e4iteks kolvitihendeid ja vardatihendeid, mis on valmistatud kulumiskindlatest materjalidest, n\u00e4iteks pol\u00fcuretaanist ja nitriilkummist. Silindri korpused ja keermeotsad on peenelt t\u00f6\u00f6deldud, et suurendada kulumiskindlust. Silindri m\u00e4\u00e4rimiseks on oluline regulaarselt lisada sobivat h\u00fcdraulika\u00f5li.<\/p>\n<h2>Perioodiline hooldus ja ennetavad meetmed<\/h2>\n<p>Kopasilindrite pikaealisuse ja optimaalse j\u00f5udluse tagamiseks on n\u00f5uetekohane hooldus \u00fclioluline. Levinud hooldust\u00f6\u00f6d h\u00f5lmavad j\u00e4rgmist:<\/p>\n<ul>\n<li>\n<h3>Regulaarne kontroll<\/h3>\n<p>Regulaarne kontroll aitab tuvastada v\u00f5imalikke probleeme ja ennetada suuremaid kahjustusi.<\/p>\n<\/li>\n<li>\n<h3>M\u00e4\u00e4rimine<\/h3>\n<p>Silindri sujuva t\u00f6\u00f6 tagamiseks on vajalik regulaarne m\u00e4\u00e4rimine.<\/p>\n<\/li>\n<li>\n<h3>Tihendi vahetamine ja kalibreerimise kontroll<\/h3>\n<p>Kulunud tihendite regulaarne vahetamine ja kalibreerimiskontrollid aitavad s\u00e4ilitada optimaalset j\u00f5udlust.<\/p>\n<\/li>\n<\/ul>\n<p><img decoding=\"async\" src=\"https:\/\/www.hydraulic-cylinders.net\/wp-content\/uploads\/2025\/01\/songte-chushion-collar.webp\" alt=\"Kopa silindri hoolduspilt\"><\/p>\n<h2>Ohutuskaalutlused ja keskkonnategurid<\/h2>\n<p>Kopasilindrid on konstrueeritud ohutuks kasutamiseks ja raskete masinate k\u00e4sitsemisel tuleks v\u00f5tta n\u00f5uetekohaseid ohutusmeetmeid. Keskkonnategurid, nagu temperatuur ja niiskus, v\u00f5ivad m\u00f5jutada kopasilindrite j\u00f5udlust ning nende optimaalse j\u00f5udluse tagamiseks erinevates keskkonnatingimustes tuleks v\u00f5tta asjakohaseid meetmeid.<\/p>\n<h2>Vea diagnoosimine ja levinud probleemid<\/h2>\n<p>Kopasilindrite levinud probleemide hulka kuuluvad leke, tihendite kahjustused ja eba\u00f5ige t\u00f6\u00f6tamine. Regulaarne kontroll ja hooldus aitavad neid probleeme v\u00e4ltida. Probleemi ilmnemisel on oluline \u00f5ige diagnoosimine ning levinud lahenduste hulka kuulub kahjustatud komponentide parandamine v\u00f5i asendamine.<\/p>\n<p><img decoding=\"async\" src=\"https:\/\/www.hydraulic-cylinders.net\/wp-content\/uploads\/2025\/01\/songte-bushings-with-all-kinds-of-excavator-models.webp\" alt=\"\u00c4mbri silindri probleemi pilt\"><\/p>\n<h2>Meie ettev\u00f5ttest<\/h2>\n<p>Oleme juhtiv h\u00fcdrosilindrite tootja ja hulgim\u00fc\u00fcja, pakkudes t\u00e4ielikku tootevalikut nii sise- kui ka rahvusvahelistele turgudele. Meie ettev\u00f5te j\u00e4rgib industrialiseeritud tootmisjuhtimise strateegiat, mis p\u00f5hineb suurep\u00e4rasel kvaliteedil, tuginedes keerukale tootmist\u00f6\u00f6kojale, tehnilisele talendile, digitaalsetele tipptasemel tootmisseadmetele ja professionaalsetele testimiss\u00fcsteemidele, et pidevalt t\u00e4iustada oma tootmisplatvormi, t\u00e4iustada oma tootekvaliteedi tootmisprotsessi ja omada tugevat innovatsiooniv\u00f5imet. Oleme p\u00fchendunud oma klientide mitmekesiste vajaduste rahuldamisele suure t\u00f5hususega, t\u00e4psuse ja kvaliteediga.<\/p>\n<p><img decoding=\"async\" src=\"https:\/\/hzpt.com\/wp-content\/uploads\/2024\/11\/songte-company-1.webp\" alt=\"Ettev\u00f5tte kuvand\"><\/p>\n<h3>Professionaalsus<\/h3>\n<p>Oleme p\u00fchendunud pakkuma oma klientidele professionaalset n\u00f5u ja lahendusi, tagades, et nad saavad oma konkreetsetele vajadustele vastava toote.<\/p>\n<h3>Rahvusvaheline sertifitseerimine<\/h3>\n<p>Meie tooted on sertifitseeritud vastavalt rahvusvahelistele standarditele, tagades nende vastavuse \u00fclemaailmse turu vajadustele.<\/p>\n<h3>Kohandamise teenus<\/h3>\n<p>Pakume klientidele individuaalselt kohandatud teenuseid, et rahuldada nende endi vajadusi, tagades, et nad saavad toote, mis vastab nende ainulaadsetele n\u00f5uetele.<\/p>\n<h3>Tootmisseadmed<\/h3>\n<p>Meie tootmist\u00f6\u00f6kojad on varustatud tipptasemel masinatega, et tagada meie h\u00fcdrosilindrite k\u00f5rge kvaliteet.<\/p>\n<h3>M\u00fc\u00fcgij\u00e4rgne teenindus<\/h3>\n<p>Pakume igak\u00fclgset m\u00fc\u00fcgij\u00e4rgset teenindust, et tagada oma klientidele vajalik tugi kogu h\u00fcdrosilindri eluea jooksul.<\/p>\n<h4>Autor: lyl<\/h4>","protected":false},"excerpt":{"rendered":"<p>Bucket Cylinder For Caterpillar Small Excavator E302.4D Introduction A bucket cylinder is a specially designed hydraulic cylinder mainly used to control the movement of the bucket in heavy machinery such as excavators, backhoe loaders, and front loaders. Its main function is to enable the bucket to lift, lower and tilt to facilitate various material handling [&hellip;]<\/p>","protected":false},"featured_media":14773,"comment_status":"open","ping_status":"closed","template":"","meta":{"_et_pb_use_builder":"","_et_pb_old_content":"","_et_gb_content_width":""},"product_brand":[],"product_cat":[1494],"product_tag":[1495,1496],"class_list":{"0":"post-15201","1":"product","2":"type-product","3":"status-publish","4":"has-post-thumbnail","6":"product_cat-bucket-cylinders","7":"product_tag-bucket-cylinders","8":"product_tag-hydraulic-cylinders","10":"first","11":"instock","12":"shipping-taxable","13":"product-type-simple"},"amp_enabled":true,"_links":{"self":[{"href":"https:\/\/www.hydraulic-cylinders.net\/et\/wp-json\/wp\/v2\/product\/15201","targetHints":{"allow":["GET"]}}],"collection":[{"href":"https:\/\/www.hydraulic-cylinders.net\/et\/wp-json\/wp\/v2\/product"}],"about":[{"href":"https:\/\/www.hydraulic-cylinders.net\/et\/wp-json\/wp\/v2\/types\/product"}],"replies":[{"embeddable":true,"href":"https:\/\/www.hydraulic-cylinders.net\/et\/wp-json\/wp\/v2\/comments?post=15201"}],"wp:featuredmedia":[{"embeddable":true,"href":"https:\/\/www.hydraulic-cylinders.net\/et\/wp-json\/wp\/v2\/media\/14773"}],"wp:attachment":[{"href":"https:\/\/www.hydraulic-cylinders.net\/et\/wp-json\/wp\/v2\/media?parent=15201"}],"wp:term":[{"taxonomy":"product_brand","embeddable":true,"href":"https:\/\/www.hydraulic-cylinders.net\/et\/wp-json\/wp\/v2\/product_brand?post=15201"},{"taxonomy":"product_cat","embeddable":true,"href":"https:\/\/www.hydraulic-cylinders.net\/et\/wp-json\/wp\/v2\/product_cat?post=15201"},{"taxonomy":"product_tag","embeddable":true,"href":"https:\/\/www.hydraulic-cylinders.net\/et\/wp-json\/wp\/v2\/product_tag?post=15201"}],"curies":[{"name":"wp","href":"https:\/\/api.w.org\/{rel}","templated":true}]}}