{"id":15202,"date":"2025-01-19T14:14:00","date_gmt":"2025-01-19T14:14:00","guid":{"rendered":"https:\/\/www.hydraulic-cylinders.net\/product\/bucket-cylinder-for-caterpillar-small-excavator-e305ecr\/"},"modified":"2025-01-19T14:14:02","modified_gmt":"2025-01-19T14:14:02","slug":"bucket-cylinder-for-caterpillar-small-excavator-e305ecr","status":"publish","type":"product","link":"https:\/\/www.hydraulic-cylinders.net\/et\/toode\/bucket-cylinder-for-caterpillar-small-excavator-e305ecr\/","title":{"rendered":"Kopa silinder Caterpillar v\u00e4ikese ekskavaatori E305ECR jaoks"},"content":{"rendered":"<h1>Kopa silinder Caterpillar v\u00e4ikese ekskavaatori E305ECR jaoks<\/h1>\n<h2>Sissejuhatus<\/h2>\n<p>A bucket cylinder for Caterpillar small excavator E305ECR is a specially designed hydraulic cylinder used to control the movements of buckets in heavy machinery such as excavators, backhoe excavators, and front-end loaders. Its main function is to enable the bucket to lift, lower, and tilt, making it convenient for various material handling tasks. In hydraulic systems, bucket cylinders achieve precise control of the bucket&#8217;s movement through the pressure changes of hydraulic oil, enabling operators to handle heavy loads efficiently and adapt to complex working environments and diverse operational needs.<\/p>\n<p><img decoding=\"async\" src=\"https:\/\/www.hydraulic-cylinders.net\/wp-content\/uploads\/2025\/01\/songte-company-2.webp\" alt=\"Kopa silinder Caterpillar v\u00e4ikese ekskavaatori E305ECR jaoks\"><\/p>\n<h2>Toote omadused<\/h2>\n<ul>\n<li>Suur tugevus ja vastupidavus: Valmistatud \u00fclitugevast terasest v\u00f5i alumiiniumist, see talub k\u00f5rget r\u00f5hku ja suuri koormusi, kohaneb karmide t\u00f6\u00f6keskkondadega ning on loodud kulumiskindluse ja korrosioonikindluse tagamiseks, et pikendada selle kasutusiga.<\/li>\n<li>T\u00f5hus h\u00fcdrauliline t\u00f6\u00f6: Kasutab h\u00fcdraulika\u00f5li r\u00f5hku sujuva teleskoopliikumise saavutamiseks, reageerib kiiresti juhtimisk\u00e4sklustele, pakub v\u00f5imsat t\u00f5uke- ja t\u00f5mbej\u00f5udu ning sobib raskete koormate ja keerukate t\u00f6\u00f6\u00fclesannete k\u00e4sitsemiseks.<\/li>\n<li>Erinevad t\u00fc\u00fcbid: vastavalt t\u00f6\u00f6vajadustele saab valida \u00fchetoimelisi (h\u00fcdrauliliselt ainult \u00fches suunas) v\u00f5i kahetoimelisi (h\u00fcdrauliliselt kahes suunas) silindreid. M\u00f5ned mudelid on teleskoopilised, mis v\u00f5imaldavad suuremat pikendamist ilma v\u00e4lism\u00f5\u00f5tmeid suurendamata, sobides piiratud ruumides kasutamiseks.<\/li>\n<li>Vahetatav: Meie toode saab need h\u00fcdrosilindrid ideaalselt asendada.<\/li>\n<\/ul>\n<p><img decoding=\"async\" src=\"https:\/\/www.hydraulic-cylinders.net\/wp-content\/uploads\/2025\/01\/songte-cylinder-head-with-all-kinds-excavator-models.webp\" alt=\"Kopa silinder Caterpillar v\u00e4ikese ekskavaatori E305ECR jaoks\"><\/p>\n<h2>Rakendusstsenaariumid<\/h2>\n<h3>Ehitustehnika<\/h3>\n<p>Ekskavaatorites on need h\u00e4davajalikud pinnase v\u00f5i prahi kaevamiseks, laadimiseks ja teisaldamiseks. Ekskavaatoritel aitavad kopasilindrid nii kaevamisel kui ka t\u00f5stmisel. Kasutatakse esilaaduritel pinnase, heina ja muude materjalide kaevamiseks, t\u00f5stmiseks ja transportimiseks.<\/p>\n<h3>P\u00f5llumajandustehnika<\/h3>\n<p>Kasutatakse esilaaduritel mulla, heina ja muude materjalide kopeerimiseks, t\u00f5stmiseks ja transportimiseks.<\/p>\n<h3>Ekskavaatorid<\/h3>\n<p>Kopasilindrid saavutavad kaevamistoime, v\u00f5imaldades kopal pinnasesse tungida.<\/p>\n<h3>Laadurid<\/h3>\n<p>Esilaadurites aitavad need lasti t\u00f5husalt t\u00f5sta ja maha laadida.<\/p>\n<h2>Projekteerimiskaalutlused ja valikukriteeriumid<\/h2>\n<p>Kopasilindrid peavad olema konstrueeritud kandma suuri koormusi, olema lekete v\u00e4ltimiseks tihendatud ja vastupidavad, et taluda karme t\u00f6\u00f6tingimusi. Samuti peavad need olema ohutud ja kergesti hooldatavad.<\/p>\n<h3>Kandev\u00f5ime<\/h3>\n<p>Kopasilindrid on valmistatud \u00fclitugevatest materjalidest, et taluda k\u00f5rget r\u00f5hku ja suuri koormusi. Kolvivarras peab olema valmistatud \u00fclitugevast terasest.<\/p>\n<h3>Tihendus<\/h3>\n<p>H\u00fcdraulikavedeliku lekete v\u00e4ltimiseks kasutatakse mitmesuguseid tihendeid, n\u00e4iteks kolvitihendeid ja varrastihendeid. Tihenditena kasutatakse tavaliselt pol\u00fcuretaani ja nitriilkummi nende kulumiskindluse t\u00f5ttu. Silindri korpus ja keerme otspind on peenelt t\u00f6\u00f6deldud, et parandada kulumiskindlust. Kulumise v\u00e4ltimiseks ja sujuva t\u00f6\u00f6 tagamiseks on vajalik regulaarne m\u00e4\u00e4rimine.<\/p>\n<h3>Vastupidavus<\/h3>\n<p>Kopasilindrid peavad olema konstrueeritud vastu pidama karmidele t\u00f6\u00f6tingimustele ja korrosioonile. Pika kasutusea tagamiseks tuleb kasutada kvaliteetseid materjale ja katteid.<\/p>\n<h3>Ohutus<\/h3>\n<p>Kopasilindrid peavad olema konstrueeritud nii, et oleks tagatud operaatori ohutus. \u00dcler\u00f5hu ja \u00fclekoormuse v\u00e4ltimiseks tuleb paigaldada kaitseklapid.<\/p>\n<h3>Hooldus<\/h3>\n<p>Kopasilindrite ohutu ja t\u00f5husa t\u00f6\u00f6 tagamiseks on vaja regulaarset kontrolli ja hooldust. See h\u00f5lmab lekete kontrollimist, n\u00f5uetekohase m\u00e4\u00e4rimise tagamist, kulunud tihendite vahetamist ja kalibreerimise kontrollimist.<\/p>\n<p><img decoding=\"async\" src=\"https:\/\/www.hydraulic-cylinders.net\/wp-content\/uploads\/2025\/01\/songte-oil-pipes-and-spare-parts.webp\" alt=\"Kopa silinder Caterpillar v\u00e4ikese ekskavaatori E305ECR jaoks\"><\/p>\n<h2>Paigaldusjuhend<\/h2>\n<p>Kopasilindri paigaldamiseks on oluline see \u00f5igesti joondada. Silindri kinnitamiseks on soovitatav kasutada sobivaid kinnitusklambreid. Soovitatav on teha j\u00e4rgmisi hooldust\u00f6id:<\/p>\n<ul>\n<li>Regulaarne kontroll<\/li>\n<li>\u00d5ige m\u00e4\u00e4rimine<\/li>\n<li>Tihendi vahetamine<\/li>\n<li>Kalibreerimiskontrollid<\/li>\n<\/ul>\n<p><img decoding=\"async\" src=\"https:\/\/www.hydraulic-cylinders.net\/wp-content\/uploads\/2025\/01\/songte-chushion-collar.webp\" alt=\"Kopa silinder Caterpillar v\u00e4ikese ekskavaatori E305ECR jaoks\"><\/p>\n<h2>Ohutus- ja keskkonnakaalutlused<\/h2>\n<p>Kopasilindrite kasutamisel on oluline j\u00e4rgida ohutusn\u00f5udeid, et v\u00e4ltida \u00f5nnetusi ja vigastusi. Ballooni n\u00f5uetekohane kasutamine ja hooldamine aitab v\u00e4ltida keskkonnakahjustusi ja tagada ballooni pikaealisuse.<\/p>\n<h2>Veaotsing ja levinud probleemid<\/h2>\n<p>Kui kopasilindritega tekib probleeme, v\u00f5ib see p\u00f5hjustada viivitusi ja ohutusprobleeme. K\u00f5ige levinumad probleemid on lekked, silindri triiv ja halb j\u00f5udlus. Regulaarne kontroll ja hooldus aitavad neid probleeme v\u00e4ltida.<\/p>\n<h2>Meie ettev\u00f5ttest<\/h2>\n<p>We are a leading manufacturer and wholesale distributor of hydraulic cylinders in the domestic and international markets. We follow a strategy of manufacturing excellence, relying on finely-tuned industrial production management strategies, technological talent, digital high-end manufacturing equipment, and professional testing systems to continuously improve our manufacturing platform. We provide high-quality products that meet customers&#8217; diverse needs and enhance their operational efficiency. We offer professional services and customized solutions to meet their specific needs.<\/p>\n<ul>\n<li>Professionaalsus<\/li>\n<li>Rahvusvaheline sertifitseerimine<\/li>\n<li>Kohandatud teenused<\/li>\n<li>Tootmisseadmed<\/li>\n<li>M\u00fc\u00fcgij\u00e4rgne teenindus<\/li>\n<\/ul>\n<p><img decoding=\"async\" src=\"https:\/\/hzpt.com\/wp-content\/uploads\/2024\/11\/songte-company-1.webp\" alt=\"Kopa silinder Caterpillar v\u00e4ikese ekskavaatori E305ECR jaoks\"><\/p>\n<p>Autor: lyl.<\/p>","protected":false},"excerpt":{"rendered":"<p>Bucket Cylinder For Caterpillar Small Excavator E305ECR Introduction A bucket cylinder for Caterpillar small excavator E305ECR is a specially designed hydraulic cylinder used to control the movements of buckets in heavy machinery such as excavators, backhoe excavators, and front-end loaders. Its main function is to enable the bucket to lift, lower, and tilt, making it [&hellip;]<\/p>","protected":false},"featured_media":14771,"comment_status":"open","ping_status":"closed","template":"","meta":{"_et_pb_use_builder":"","_et_pb_old_content":"","_et_gb_content_width":""},"product_brand":[],"product_cat":[1494],"product_tag":[1495,1496],"class_list":{"0":"post-15202","1":"product","2":"type-product","3":"status-publish","4":"has-post-thumbnail","6":"product_cat-bucket-cylinders","7":"product_tag-bucket-cylinders","8":"product_tag-hydraulic-cylinders","10":"first","11":"instock","12":"shipping-taxable","13":"product-type-simple"},"amp_enabled":true,"_links":{"self":[{"href":"https:\/\/www.hydraulic-cylinders.net\/et\/wp-json\/wp\/v2\/product\/15202","targetHints":{"allow":["GET"]}}],"collection":[{"href":"https:\/\/www.hydraulic-cylinders.net\/et\/wp-json\/wp\/v2\/product"}],"about":[{"href":"https:\/\/www.hydraulic-cylinders.net\/et\/wp-json\/wp\/v2\/types\/product"}],"replies":[{"embeddable":true,"href":"https:\/\/www.hydraulic-cylinders.net\/et\/wp-json\/wp\/v2\/comments?post=15202"}],"wp:featuredmedia":[{"embeddable":true,"href":"https:\/\/www.hydraulic-cylinders.net\/et\/wp-json\/wp\/v2\/media\/14771"}],"wp:attachment":[{"href":"https:\/\/www.hydraulic-cylinders.net\/et\/wp-json\/wp\/v2\/media?parent=15202"}],"wp:term":[{"taxonomy":"product_brand","embeddable":true,"href":"https:\/\/www.hydraulic-cylinders.net\/et\/wp-json\/wp\/v2\/product_brand?post=15202"},{"taxonomy":"product_cat","embeddable":true,"href":"https:\/\/www.hydraulic-cylinders.net\/et\/wp-json\/wp\/v2\/product_cat?post=15202"},{"taxonomy":"product_tag","embeddable":true,"href":"https:\/\/www.hydraulic-cylinders.net\/et\/wp-json\/wp\/v2\/product_tag?post=15202"}],"curies":[{"name":"wp","href":"https:\/\/api.w.org\/{rel}","templated":true}]}}