{"id":15203,"date":"2025-01-19T14:14:05","date_gmt":"2025-01-19T14:14:05","guid":{"rendered":"https:\/\/www.hydraulic-cylinders.net\/product\/bucket-cylinder-for-caterpillar-small-excavator-e308b\/"},"modified":"2025-01-19T14:14:07","modified_gmt":"2025-01-19T14:14:07","slug":"bucket-cylinder-for-caterpillar-small-excavator-e308b","status":"publish","type":"product","link":"https:\/\/www.hydraulic-cylinders.net\/et\/toode\/bucket-cylinder-for-caterpillar-small-excavator-e308b\/","title":{"rendered":"Kopa silinder Caterpillar v\u00e4ikese ekskavaatori E308B jaoks"},"content":{"rendered":"<h1>Kopa silinder Caterpillar v\u00e4ikese ekskavaatori E308B jaoks<\/h1>\n<h2>Sissejuhatus<\/h2>\n<p>Kopa silinder on spetsiaalne h\u00fcdrauliline silinder, mis on m\u00f5eldud peamiselt kopa liikumise juhtimiseks rasketes masinates, n\u00e4iteks ekskavaatorites, laadurites ja esilaadurites. Selle peamine \u00fclesanne on v\u00f5imaldada kopa t\u00f5stmist, langetamist ja kallutamist, muutes mitmesuguste materjalik\u00e4itlust\u00f6\u00f6de tegemise lihtsaks. H\u00fcdraulilises s\u00fcsteemis saavutab kopa silinder kopa liikumise t\u00e4pse juhtimise h\u00fcdraulika\u00f5li r\u00f5hu muutuste abil, v\u00f5imaldades operaatoritel t\u00f5husalt k\u00e4sitseda raskeid koormaid ning kohaneda keerukate t\u00f6\u00f6keskkondade ja mitmekesiste t\u00f6\u00f6n\u00f5uetega.<\/p>\n<p><img decoding=\"async\" src=\"https:\/\/www.hydraulic-cylinders.net\/wp-content\/uploads\/2025\/01\/songte-company-2.webp\"><\/p>\n<h2>Omadused<\/h2>\n<ul>\n<li><strong>Suur tugevus ja vastupidavus:<\/strong> Tavaliselt valmistatud \u00fclitugevast terasest v\u00f5i alumiiniumist, see talub k\u00f5rget r\u00f5hku ja suuri koormusi, kohaneb karmide t\u00f6\u00f6keskkondadega ning on konstrueeritud kulumis- ja korrosioonikindlust silmas pidades, et pikendada kasutusiga.<\/li>\n<li><strong>T\u00f5hus h\u00fcdrauliline t\u00f6\u00f6:<\/strong> Kopa silinder saavutab h\u00fcdraulika\u00f5li r\u00f5hu abil sujuva pikenemise ja tagasit\u00f5mbumise, v\u00f5imaldades kiiret reageerimist juhtimisk\u00e4sklustele, pakkudes v\u00f5imsaid t\u00f5uke- ja t\u00f5mbej\u00f5ude ning sobides raskete koormate ja keerukate \u00fclesannete k\u00e4sitsemiseks.<\/li>\n<li><strong>Erinevad t\u00fc\u00fcbid:<\/strong> Kopasilindrit saab valida \u00fchetoimelise silindrina (h\u00fcdraulika kasutatakse ainult \u00fches suunas) v\u00f5i kahetoimelise silindrina (h\u00fcdraulika kasutatakse m\u00f5lemas suunas) vastavalt erinevate t\u00f6\u00f6tingimuste t\u00e4itmise vajadustele. M\u00f5ned mudelid on teleskoopilised, mis v\u00f5imaldab suuremat pikendamist ilma v\u00e4lism\u00f5\u00f5tmeid suurendamata, mist\u00f5ttu need sobivad piiratud ruumiga rakenduste jaoks.<\/li>\n<li><strong>Lihtne asendamine:<\/strong> Meie tooted suudavad neid h\u00fcdrosilindreid ideaalselt asendada. <\/li>\n<\/ul>\n<p><img decoding=\"async\" src=\"https:\/\/www.hydraulic-cylinders.net\/wp-content\/uploads\/2025\/01\/songte-cylinder-head-with-all-kinds-excavator-models.webp\"><\/p>\n<h2>Rakendused<\/h2>\n<p>Kopa silinder on oluline pinnase v\u00f5i prahi kaevamiseks, laadimiseks ja teisaldamiseks erinevates rasketes masinates, sealhulgas:<\/p>\n<ul>\n<li><strong>Ehitustehnika:<\/strong> Ekskavaatorites on need \u00fcliolulised kaevamisel, laadimisel ja pinnase v\u00f5i prahi teisaldamisel. Ekskavaatoritel abistab kopa silinder kaevamisel ja t\u00f5stmisel. <\/li>\n<li><strong>P\u00f5llumajandusmasinad:<\/strong> Kasutatakse esilaadurite jaoks mulla, heina ja muude materjalide \u00fclesv\u00f5tmiseks, t\u00f5stmiseks ja transportimiseks. <\/li>\n<li><strong>Ekskavaatorid:<\/strong> Kopa silinder saavutab kaevamistoimingu, v\u00f5imaldades kopal pinnasesse tungida. <\/li>\n<li><strong>Laadurid:<\/strong> Esilaadurites aitavad need kaupu t\u00f5husalt t\u00f5sta ja t\u00fchjendada.<\/li>\n<\/ul>\n<h2>Projekteerimiskaalutlused ja valikukriteeriumid<\/h2>\n<p>Silindri valimisel tuleks arvestada mitmete teguritega, sealhulgas:<\/p>\n<ul>\n<li><strong>Kandev\u00f5ime:<\/strong> Kopa silinder peaks suutma kanda k\u00e4ideldava materjali raskust.<\/li>\n<li><strong>Tihendus:<\/strong> Erinevad tihendid, n\u00e4iteks kolvitihendid, vardatihendid jne, peaksid olema valmistatud kulumiskindlatest materjalidest, nagu pol\u00fcuretaan ja nitriilkummi, ning silindri korpuse ja keermestatud otste pind tuleks kulumiskindluse parandamiseks peenelt t\u00f6\u00f6delda.<\/li>\n<li><strong>Vastupidavus:<\/strong> Kopa silinder peaks olema valmistatud \u00fclitugevatest materjalidest, et taluda k\u00f5rget r\u00f5hku ja suuri koormusi, ning konstrueeritud kulumis- ja korrosioonikindlaid materjale silmas pidades, et pikendada kasutusiga.<\/li>\n<li><strong>Ohutus ja hooldus:<\/strong> Kopasilindri konstruktsioon peaks tagama ohutu ja lihtsa hoolduse, sh h\u00f5lpsa juurdep\u00e4\u00e4su liitmikele kontrollimiseks, tihendite v\u00f5i muude osade h\u00f5lpsa vahetamise jne.<\/li>\n<\/ul>\n<p><img decoding=\"async\" src=\"https:\/\/www.hydraulic-cylinders.net\/wp-content\/uploads\/2025\/01\/songte-oil-pipes-and-spare-parts.webp\"><\/p>\n<h2>Tihendus ja m\u00e4\u00e4rimine<\/h2>\n<p>Kopasilindris kasutatakse mitmesuguseid tihenduskomponente, n\u00e4iteks kolvitihendeid, vardatihendeid jne, mis on valmistatud kulumiskindlatest materjalidest, n\u00e4iteks pol\u00fcuretaanist ja nitriilkummist. Silindri korpus ja keermestatud otsad on peenelt t\u00f6\u00f6deldud, et parandada kulumiskindlust, ja m\u00e4\u00e4rimiseks tuleks regulaarselt lisada sobiv kogus h\u00fcdraulika\u00f5li.<\/p>\n<h2>Ennetav hooldus ja kontroll<\/h2>\n<p>Regulaarne kontroll ja ennetav hooldus v\u00f5ivad v\u00e4hendada ootamatute seisakute t\u00f5en\u00e4osust ja pikendada kopasilindri kasutusiga. Levinud hooldust\u00f6\u00f6d h\u00f5lmavad j\u00e4rgmist:<\/p>\n<ul>\n<li>Regulaarne kontroll<\/li>\n<li>\u00d5ige m\u00e4\u00e4rimine<\/li>\n<li>Tihendi vahetamine<\/li>\n<li>Kalibreerimiskontroll<\/li>\n<\/ul>\n<p><img decoding=\"async\" src=\"https:\/\/www.hydraulic-cylinders.net\/wp-content\/uploads\/2025\/01\/songte-chushion-collar.webp\"><\/p>\n<h2>Ohutuskaalutlused ja keskkonnategurid<\/h2>\n<p>Kopasilindri kasutamisel on oluline j\u00e4rgida ohutusprotokolle, et v\u00e4ltida vigastusi v\u00f5i seadmete kahjustamist. Kopasilindri ohutu kasutamise tagamiseks t\u00f6\u00f6tamise ajal tuleks v\u00f5tta asjakohaseid ohutusmeetmeid. Samuti tuleks arvestada keskkonnateguritega, et tagada kopasilindri kasutamine vastavalt keskkonnakaitse eeskirjadele ja reeglitele.<\/p>\n<h2>Veaotsing ja levinud probleemid<\/h2>\n<p>M\u00f5ned levinud probleemid, mis v\u00f5ivad kopasilindri kasutamisel tekkida, on j\u00e4rgmised:<\/p>\n<ul>\n<li>H\u00fcdraulikavedeliku leke<\/li>\n<li>Ebatavalised helid t\u00f6\u00f6tamise ajal<\/li>\n<li>Raskused \u00e4mbri juhtimisel<\/li>\n<\/ul>\n<p>Nende probleemide lahendamiseks on soovitatav konsulteerida spetsialistiga. Regulaarne hooldus aitab neid v\u00e4ltida.<\/p>\n<p><img decoding=\"async\" src=\"https:\/\/www.hydraulic-cylinders.net\/wp-content\/uploads\/2025\/01\/songte-bushings-with-all-kinds-of-excavator-models.webp\"><\/p>\n<h2>Meie ettev\u00f5ttest<\/h2>\n<p>Oleme asendush\u00fcdrauliliste silindrite tootja, pakkudes t\u00e4ielikku tootevalikut, ning oleme saanud \u00fcheks juhtivaks h\u00fcdrosilindrite tootjaks ja hulgim\u00fc\u00fcjaks nii sise- kui ka rahvusvahelistel turgudel. J\u00e4rgime suurep\u00e4rase kvaliteedi p\u00f5him\u00f5tet ja tugineme industrialiseeritud tootmisjuhtimise strateegiatele t\u00e4iustatud tootmist\u00f6\u00f6kodades. Meie ettev\u00f5te t\u00e4iustab pidevalt tootmisplatvormi, t\u00e4iustab tootmiskvaliteedi teed ja omab tugevat loomingulist v\u00f5imekust. K\u00f5rge efektiivsuse, suure t\u00e4psuse ja k\u00f5rge kvaliteedi p\u00f5him\u00f5tetega rahuldame oma klientide mitmekesiseid vajadusi.<\/p>\n<p>Meie ettev\u00f5te on sertifitseeritud mitmete rahvusvaheliste sertifikaatidega ning pakume kohandatud teenuseid, tipptasemel digitaalseid tootmisseadmeid ja professionaalseid testimiss\u00fcsteeme. P\u00fc\u00fcame pakkuda teile parimaid tooteid ja teenuseid.<\/p>\n<h3>Erialad<\/h3>\n<ul>\n<li>Rahvusvaheline sertifitseerimine<\/li>\n<li>Kohandamise teenused<\/li>\n<li>Tipptasemel tootmisseadmed<\/li>\n<li>M\u00fc\u00fcgij\u00e4rgne teenindus<\/li>\n<\/ul>\n<p><img decoding=\"async\" src=\"https:\/\/hzpt.com\/wp-content\/uploads\/2024\/11\/songte-company-1.webp\"><\/p>\n<p>Autor: lyl.<\/p>","protected":false},"excerpt":{"rendered":"<p>Bucket Cylinder For Caterpillar Small Excavator E308B Introduction A bucket cylinder is a specialized hydraulic cylinder designed primarily for controlling the movement of the bucket in heavy machinery such as excavators, backhoes, and front-end loaders. Its main function is to enable the bucket to lift, lower, and tilt, making it easy to handle various material-handling [&hellip;]<\/p>","protected":false},"featured_media":14769,"comment_status":"open","ping_status":"closed","template":"","meta":{"_et_pb_use_builder":"","_et_pb_old_content":"","_et_gb_content_width":""},"product_brand":[],"product_cat":[1494],"product_tag":[1495,1496],"class_list":{"0":"post-15203","1":"product","2":"type-product","3":"status-publish","4":"has-post-thumbnail","6":"product_cat-bucket-cylinders","7":"product_tag-bucket-cylinders","8":"product_tag-hydraulic-cylinders","10":"first","11":"instock","12":"shipping-taxable","13":"product-type-simple"},"amp_enabled":true,"_links":{"self":[{"href":"https:\/\/www.hydraulic-cylinders.net\/et\/wp-json\/wp\/v2\/product\/15203","targetHints":{"allow":["GET"]}}],"collection":[{"href":"https:\/\/www.hydraulic-cylinders.net\/et\/wp-json\/wp\/v2\/product"}],"about":[{"href":"https:\/\/www.hydraulic-cylinders.net\/et\/wp-json\/wp\/v2\/types\/product"}],"replies":[{"embeddable":true,"href":"https:\/\/www.hydraulic-cylinders.net\/et\/wp-json\/wp\/v2\/comments?post=15203"}],"wp:featuredmedia":[{"embeddable":true,"href":"https:\/\/www.hydraulic-cylinders.net\/et\/wp-json\/wp\/v2\/media\/14769"}],"wp:attachment":[{"href":"https:\/\/www.hydraulic-cylinders.net\/et\/wp-json\/wp\/v2\/media?parent=15203"}],"wp:term":[{"taxonomy":"product_brand","embeddable":true,"href":"https:\/\/www.hydraulic-cylinders.net\/et\/wp-json\/wp\/v2\/product_brand?post=15203"},{"taxonomy":"product_cat","embeddable":true,"href":"https:\/\/www.hydraulic-cylinders.net\/et\/wp-json\/wp\/v2\/product_cat?post=15203"},{"taxonomy":"product_tag","embeddable":true,"href":"https:\/\/www.hydraulic-cylinders.net\/et\/wp-json\/wp\/v2\/product_tag?post=15203"}],"curies":[{"name":"wp","href":"https:\/\/api.w.org\/{rel}","templated":true}]}}