{"id":15205,"date":"2025-01-19T14:14:12","date_gmt":"2025-01-19T14:14:12","guid":{"rendered":"https:\/\/www.hydraulic-cylinders.net\/product\/bucket-cylinder-for-caterpillar-small-excavator-e314dcr\/"},"modified":"2025-01-19T14:14:14","modified_gmt":"2025-01-19T14:14:14","slug":"bucket-cylinder-for-caterpillar-small-excavator-e314dcr","status":"publish","type":"product","link":"https:\/\/www.hydraulic-cylinders.net\/et\/toode\/bucket-cylinder-for-caterpillar-small-excavator-e314dcr\/","title":{"rendered":"Kopa silinder Caterpillar v\u00e4ikese ekskavaatori E314DCR jaoks"},"content":{"rendered":"<h1>Kopa silinder Caterpillar v\u00e4ikese ekskavaatori E314DCR jaoks<\/h1>\n<h2>Sissejuhatus<\/h2>\n<p>Caterpillari v\u00e4ikeekskavaatori E314DCR kopa silinder on spetsiaalne h\u00fcdrauliline silinder, mis on loodud kopa liikumise juhtimiseks rasketes masinates, n\u00e4iteks ekskavaatorites, laadur-ekskavaatorites ja esilaadurites. Selle peamine \u00fclesanne on v\u00f5imaldada kopa t\u00f5stmist, langetamist ja kallutamist, muutes mitmesuguste materjalik\u00e4itlust\u00f6\u00f6de tegemise lihtsamaks. H\u00fcdraulikas\u00fcsteemis saavutab kopa silinder kopa liikumise t\u00e4pse juhtimise h\u00fcdraulika\u00f5li r\u00f5hu muutuste kaudu, v\u00f5imaldades operaatoritel t\u00f5husalt k\u00e4sitseda raskeid koormaid ning kohaneda keerukate t\u00f6\u00f6keskkondade ja mitmekesiste t\u00f6\u00f6n\u00f5uetega.<\/p>\n<p><img decoding=\"async\" src=\"https:\/\/www.hydraulic-cylinders.net\/wp-content\/uploads\/2025\/01\/songte-company-2.webp\"><\/p>\n<h2>Omadused<\/h2>\n<ul>\n<li>Suur tugevus ja vastupidavus: Tavaliselt valmistatud \u00fclitugevast terasest v\u00f5i alumiiniumist, see talub k\u00f5rget r\u00f5hku ja suuri koormusi, kohaneb karmide t\u00f6\u00f6keskkondadega ning on konstrueeritud kulumiskindlust ja korrosioonikindlust silmas pidades, et pikendada selle kasutusiga.<\/li>\n<li>T\u00f5hus h\u00fcdrauliline t\u00f6\u00f6: Kasutades h\u00fcdraulika\u00f5li r\u00f5hku sujuva paisumise ja kokkut\u00f5mbumise saavutamiseks, reageerib see kiiresti juhtimisk\u00e4sklustele, pakub v\u00f5imsat t\u00f5uke- ja t\u00f5mbej\u00f5udu ning sobib raskete koormate ja keerukate t\u00f6\u00f6\u00fclesannete k\u00e4sitsemiseks.<\/li>\n<li>Erinevad t\u00fc\u00fcbid: vastavalt vajadusele saab valida \u00fchetoimelisi (h\u00fcdraulilist s\u00fcsteemi kasutatakse ainult \u00fches suunas) v\u00f5i kahetoimelisi (h\u00fcdraulilist s\u00fcsteemi kasutatakse m\u00f5lemas suunas) silindreid, et rahuldada erinevaid t\u00f6\u00f6vajadusi. M\u00f5ned mudelid on teleskoopilised, mis v\u00f5imaldab suuremat pikendamist ilma v\u00e4lism\u00f5\u00f5tmeid suurendamata, mist\u00f5ttu need sobivad piiratud ruumiga rakenduste jaoks.<\/li>\n<li>Kohandatav: me saame seda toodet toota ja meie tooted saavad neid h\u00fcdraulilisi silindreid ideaalselt asendada.<\/li>\n<\/ul>\n<p><img decoding=\"async\" src=\"https:\/\/www.hydraulic-cylinders.net\/wp-content\/uploads\/2025\/01\/songte-cylinder-head-with-all-kinds-excavator-models.webp\"><\/p>\n<h2>Rakendused<\/h2>\n<p>Caterpillari v\u00e4ikese ekskavaatori E314DCR kopasilindrit kasutatakse laialdaselt erinevates t\u00f6\u00f6stusharudes, sealhulgas:<\/p>\n<ul>\n<li>Ehitustehnika: Ekskavaatorites on need h\u00e4davajalikud pinnase v\u00f5i prahi kaevamiseks, laadimiseks ja teisaldamiseks. Ekskavaatoritel aitavad kopasilindrid nii kaevamisel kui ka t\u00f5stmisel. Esilaadurites aitavad need t\u00f5husalt kaupu t\u00f5sta ja t\u00fchjendada.<\/li>\n<li>P\u00f5llumajandusmasinad: Kasutatakse esilaadurites mulla, heina ja muude materjalide kaevamiseks, t\u00f5stmiseks ja transportimiseks. Ekskavaatorites saavutavad kopasilindrid kaevamisfunktsiooni, v\u00f5imaldades kopal pinnasesse tungida.<\/li>\n<\/ul>\n<p>Need on vaid m\u00f5ned n\u00e4ited kopasilindrite paljudest rakendustest erinevates t\u00f6\u00f6stusharudes.<\/p>\n<h2>Projekteerimiskaalutlused ja valikukriteeriumid<\/h2>\n<p>Silindri valimisel tuleks arvestada mitmete teguritega:<\/p>\n<ul>\n<li>Kandev\u00f5ime: Silinder peaks suutma vastu pidada t\u00f5stetava koorma raskusele ilma purunemata.<\/li>\n<li>Tihendid: H\u00fcdraulika\u00f5li lekke v\u00e4ltimiseks ja t\u00f5husa t\u00f6\u00f6 tagamiseks tuleks kasutada erinevaid tihendeid, n\u00e4iteks kolvitihendeid ja varrastihendeid. Tihendid peaksid olema valmistatud kulumiskindlatest materjalidest, n\u00e4iteks pol\u00fcuretaanist ja nitriilkummist.<\/li>\n<li>Vastupidavus: Silindri projekteerimisel tuleks silmas pidada kulumiskindlust ja korrosioonikindlust, et pikendada selle kasutusiga.<\/li>\n<li>Ohutus: Balloon peaks olema konstrueeritud ohutusfunktsioonidega, n\u00e4iteks r\u00f5hualandusventiilide ja turvalukkudega, et v\u00e4ltida \u00f5nnetusi.<\/li>\n<li>Hooldatavus: Silinder peaks olema konstrueeritud h\u00f5lpsaks hooldamiseks, vahetatavate osade ja selgete taastamisprotseduuridega.<\/li>\n<\/ul>\n<p><img decoding=\"async\" src=\"https:\/\/www.hydraulic-cylinders.net\/wp-content\/uploads\/2025\/01\/songte-oil-pipes-and-spare-parts.webp\"><\/p>\n<h2>Tihendus ja m\u00e4\u00e4rimine<\/h2>\n<p>Kopasilindril peaksid olema erinevad tihendid, et v\u00e4ltida h\u00fcdraulika\u00f5li leket ja tagada t\u00f5hus t\u00f6\u00f6. Tihendid peaksid olema valmistatud kulumiskindlatest materjalidest, nagu pol\u00fcuretaan ja nitriilkummi. Silindri korpus ja keermestatud otsapind peaksid olema peenelt t\u00f6\u00f6deldud, et parandada kulumiskindlust. Lisaks on vaja regulaarselt lisada sobiv kogus h\u00fcdraulika\u00f5li m\u00e4\u00e4rimiseks.<\/p>\n<h2>Kontrolli ja ennetava hoolduse meetmed<\/h2>\n<p>Regulaarne kontroll ja ennetavad hooldusmeetmed v\u00f5ivad pikendada kopasilindri kasutusiga. J\u00e4rgnevalt on toodud levinumad hooldust\u00f6\u00f6d:<\/p>\n<ul>\n<li>Regulaarne kontroll: kontrollige \u00f5lilekete, kulumisj\u00e4lgede ja t\u00f6\u00f6 ajal esinevate ebatavaliste helide suhtes.<\/li>\n<li>N\u00f5uetekohane m\u00e4\u00e4rimine: Lisage regulaarselt sobivat kogust h\u00fcdraulika\u00f5li.<\/li>\n<li>Tihendi vahetamine ja kalibreerimise kontroll: Vahetage kulunud tihendid v\u00e4lja ja kontrollige regulaarselt silindri kalibreerimist.<\/li>\n<\/ul>\n<p>Paigaldamise ajal on oluline balloon \u00f5igesti joondada ja kinnitamiseks kasutada sobivaid kinnitusklambreid. Soovitatavad kontrolli-, remondi- ja vahetusprotseduurid v\u00f5ivad pikendada ballooni kasutusiga.<\/p>\n<p><img decoding=\"async\" src=\"https:\/\/www.hydraulic-cylinders.net\/wp-content\/uploads\/2025\/01\/songte-chushion-collar.webp\"><\/p>\n<h2>Ohutuskaalutlused ja keskkonnategurid<\/h2>\n<p>Kopasilindri kasutamisel on oluline j\u00e4rgida ohutusmeetmeid, n\u00e4iteks kanda isikukaitsevahendeid ja t\u00f6\u00f6tada h\u00e4sti ventileeritavas ruumis. Kasutatud h\u00fcdraulika\u00f5li n\u00f5uetekohane utiliseerimine on oluline ka keskkonna kaitsmiseks.<\/p>\n<h2>Veaotsing ja levinud probleemid<\/h2>\n<p>Kopasilindrite levinud probleemide hulka kuuluvad \u00f5lilekked, ebapiisav r\u00f5hk ja ebanormaalsed helid t\u00f6\u00f6tamise ajal. Probleemide diagnoosimiseks ja lahendamiseks on saadaval t\u00f5rkeotsingu n\u00e4pun\u00e4ited ja lahendused ning ennetavad meetmed aitavad potentsiaalseid probleeme v\u00e4hendada.<\/p>\n<p><img decoding=\"async\" src=\"https:\/\/www.hydraulic-cylinders.net\/wp-content\/uploads\/2025\/01\/songte-bushings-with-all-kinds-of-excavator-models.webp\"><\/p>\n<h2>Meie ettev\u00f5ttest<\/h2>\n<p>Oleme t\u00e4ieliku tootevalikuga asendush\u00fcdrauliliste silindrite tootja ning oleme saanud \u00fcheks juhtivaks h\u00fcdrosilindrite tootjaks ja hulgim\u00fc\u00fcjaks nii sise- kui ka rahvusvahelisel turul. L\u00e4htume \u00fclima kvaliteedi p\u00f5him\u00f5ttest ja tugineme peentootmist\u00f6\u00f6kodade industrialiseeritud tootmisjuhtimise strateegiale. T\u00e4iustame pidevalt t\u00f6\u00f6koja tootmisplatvormi ja parandame tootesarja tootmiskvaliteeti. Meil \u200b\u200bon tugev loominguline v\u00f5ime rahuldada klientide mitmekesiseid vajadusi suure efektiivsuse, suure t\u00e4psuse ja k\u00f5rgete kvaliteedip\u00f5him\u00f5tetega.<\/p>\n<p>Pakume klientide vajaduste ja ootuste rahuldamiseks professionaalseid teenuseid, rahvusvahelist sertifitseerimist, kohandatud teenuseid, tootmisseadmeid ja m\u00fc\u00fcgij\u00e4rgset teenindust.<\/p>\n<p><img decoding=\"async\" src=\"https:\/\/hzpt.com\/wp-content\/uploads\/2024\/11\/songte-company-1.webp\"><\/p>\n<h2>Autori kohta<\/h2>\n<p>Autor: lyl<\/p>","protected":false},"excerpt":{"rendered":"<p>Bucket Cylinder For Caterpillar Small Excavator E314DCR Introduction The bucket cylinder for Caterpillar small excavator E314DCR is a specialized hydraulic cylinder designed for controlling the movement of the bucket in heavy machinery, such as excavators, backhoe excavators, and front-end loaders. Its main function is to enable the bucket to lift, lower, and tilt, making it [&hellip;]<\/p>","protected":false},"featured_media":14762,"comment_status":"open","ping_status":"closed","template":"","meta":{"_et_pb_use_builder":"","_et_pb_old_content":"","_et_gb_content_width":""},"product_brand":[],"product_cat":[1494],"product_tag":[1495,1496],"class_list":{"0":"post-15205","1":"product","2":"type-product","3":"status-publish","4":"has-post-thumbnail","6":"product_cat-bucket-cylinders","7":"product_tag-bucket-cylinders","8":"product_tag-hydraulic-cylinders","10":"first","11":"instock","12":"shipping-taxable","13":"product-type-simple"},"amp_enabled":true,"_links":{"self":[{"href":"https:\/\/www.hydraulic-cylinders.net\/et\/wp-json\/wp\/v2\/product\/15205","targetHints":{"allow":["GET"]}}],"collection":[{"href":"https:\/\/www.hydraulic-cylinders.net\/et\/wp-json\/wp\/v2\/product"}],"about":[{"href":"https:\/\/www.hydraulic-cylinders.net\/et\/wp-json\/wp\/v2\/types\/product"}],"replies":[{"embeddable":true,"href":"https:\/\/www.hydraulic-cylinders.net\/et\/wp-json\/wp\/v2\/comments?post=15205"}],"wp:featuredmedia":[{"embeddable":true,"href":"https:\/\/www.hydraulic-cylinders.net\/et\/wp-json\/wp\/v2\/media\/14762"}],"wp:attachment":[{"href":"https:\/\/www.hydraulic-cylinders.net\/et\/wp-json\/wp\/v2\/media?parent=15205"}],"wp:term":[{"taxonomy":"product_brand","embeddable":true,"href":"https:\/\/www.hydraulic-cylinders.net\/et\/wp-json\/wp\/v2\/product_brand?post=15205"},{"taxonomy":"product_cat","embeddable":true,"href":"https:\/\/www.hydraulic-cylinders.net\/et\/wp-json\/wp\/v2\/product_cat?post=15205"},{"taxonomy":"product_tag","embeddable":true,"href":"https:\/\/www.hydraulic-cylinders.net\/et\/wp-json\/wp\/v2\/product_tag?post=15205"}],"curies":[{"name":"wp","href":"https:\/\/api.w.org\/{rel}","templated":true}]}}