{"id":15208,"date":"2025-01-19T14:14:25","date_gmt":"2025-01-19T14:14:25","guid":{"rendered":"https:\/\/www.hydraulic-cylinders.net\/product\/bucket-cylinder-for-caterpillar-small-excavator-e306ez\/"},"modified":"2025-01-19T14:14:27","modified_gmt":"2025-01-19T14:14:27","slug":"bucket-cylinder-for-caterpillar-small-excavator-e306ez","status":"publish","type":"product","link":"https:\/\/www.hydraulic-cylinders.net\/et\/toode\/bucket-cylinder-for-caterpillar-small-excavator-e306ez\/","title":{"rendered":"Kopa silinder Caterpillar v\u00e4ikese ekskavaatori E306EZ jaoks"},"content":{"rendered":"<p><!DOCTYPE html><br \/>\n<html><br \/>\n<head><br \/>\n<title>Kopa silinder Caterpillar v\u00e4ikese ekskavaatori E306EZ jaoks<\/title><br \/>\n<\/head><br \/>\n<body><\/p>\n<h1>Kopa silinder Caterpillar v\u00e4ikese ekskavaatori E306EZ jaoks<\/h1>\n<h2>Sissejuhatus<\/h2>\n<p>Caterpillari v\u00e4ikeekskavaatori E306EZ kopa silinder on spetsiaalselt loodud h\u00fcdrauliline silinder, mida kasutatakse kopa liikumise juhtimiseks rasketes masinates, n\u00e4iteks ekskavaatorites, laadur-ekskavaatorites ja esilaadurites. Selle peamine \u00fclesanne on v\u00f5imaldada kopa t\u00f5stmist, langetamist ja kallutamist, mist\u00f5ttu sobib see mitmesugusteks materjalik\u00e4itlust\u00f6\u00f6deks. H\u00fcdraulilises s\u00fcsteemis saavutab kopa silinder kopa t\u00e4pse juhtimise, kasutades \u00e4ra h\u00fcdraulika\u00f5li r\u00f5hu muutusi, v\u00f5imaldades operaatoritel t\u00f5husalt k\u00e4sitseda raskeid koormaid ning kohaneda keerukate t\u00f6\u00f6keskkondade ja mitmekesiste t\u00f6\u00f6n\u00f5uetega.<\/p>\n<p><img decoding=\"async\" src=\"https:\/\/www.hydraulic-cylinders.net\/wp-content\/uploads\/2025\/01\/songte-company-2.webp\" alt=\"\u00c4mbri silindri pilt\"><\/p>\n<h2>Omadused<\/h2>\n<ul>\n<li>Suur tugevus ja vastupidavus: Tavaliselt valmistatud \u00fclitugevast terasest v\u00f5i alumiiniumist, talub see k\u00f5rget r\u00f5hku ja suuri koormusi, kohandudes karmide t\u00f6\u00f6keskkondadega. Projekteerimisel on arvesse v\u00f5etud kulumiskindlust ja korrosioonikindlust, pikendades selle eluiga.<\/li>\n<li>T\u00f5hus h\u00fcdrauliline t\u00f6\u00f6: Kasutab h\u00fcdraulika\u00f5li r\u00f5hku sujuvate pikendus- ja tagasit\u00f5mbamisliigutuste saavutamiseks, v\u00f5imaldades kiiret reageerimist juhtimisk\u00e4sklustele ning pakkudes v\u00f5imsaid t\u00f5uke- ja t\u00f5mbej\u00f5ude, mis sobivad raskete koormate ja keerukate t\u00f6\u00f6\u00fclesannete k\u00e4sitlemiseks.<\/li>\n<li>Erinevad t\u00fc\u00fcbid: Saadaval \u00fchetoimeliste (h\u00fcdraulilist r\u00f5hku kasutatakse ainult \u00fches suunas) v\u00f5i kahetoimeliste (h\u00fcdraulilist r\u00f5hku kasutatakse m\u00f5lemas suunas) silindritega, mis v\u00f5imaldavad erinevaid t\u00f6\u00f6n\u00f5udeid. M\u00f5ned mudelid on teleskoopilised, mis v\u00f5imaldab suuremat pikendamist ilma v\u00e4lism\u00f5\u00f5tmeid suurendamata, mist\u00f5ttu need sobivad piiratud ruumiga rakenduste jaoks.<\/li>\n<li>T\u00e4iuslik asendus: Meie toode saab need h\u00fcdraulilised silindrid ideaalselt asendada.<\/li>\n<\/ul>\n<p><img decoding=\"async\" src=\"https:\/\/www.hydraulic-cylinders.net\/wp-content\/uploads\/2025\/01\/songte-cylinder-head-with-all-kinds-excavator-models.webp\" alt=\"Toote asenduspilt\"><\/p>\n<h2>Rakendused<\/h2>\n<p>Kopasilindrid leiavad rakendusi erinevates t\u00f6\u00f6stusharudes ja seadmetes:<\/p>\n<h3>Ehitustehnika:<\/h3>\n<ul>\n<li>Ekskavaatorid: Olulised kaevamiseks, laadimiseks ja pinnase v\u00f5i prahi teisaldamiseks. Kopa silinder v\u00f5imaldab kaevamistoiminguid, lastes kopal pinnasesse tungida.<\/li>\n<li>Ekskavaatorlaadurid: Kopa silinder aitab nii kaevamis- kui ka t\u00f5stmist\u00f6\u00f6del.<\/li>\n<\/ul>\n<h3>P\u00f5llumajandusmasinad:<\/h3>\n<ul>\n<li>Eesmised laadurid: Kasutatakse mulla, heina ja muude materjalide k\u00fchveldamiseks, t\u00f5stmiseks ja transportimiseks.<\/li>\n<\/ul>\n<h3>Ekskavaatorid:<\/h3>\n<ul>\n<li>Kopasilindrid v\u00f5imaldavad kaevamistoiminguid, lastes kopal pinnasesse tungida.<\/li>\n<\/ul>\n<h3>Eeslaadurid:<\/h3>\n<ul>\n<li>Kopa silinder aitab kaupu t\u00f5husalt t\u00f5sta ja t\u00fchjendada.<\/li>\n<\/ul>\n<h2>Projekteerimiskaalutlused ja valikukriteeriumid<\/h2>\n<ul>\n<li>Kandev\u00f5ime: Arutage v\u00f5imet kanda suuri koormusi.<\/li>\n<li>Tihendus: Arutage t\u00f5husa tihenduse olulisust lekete v\u00e4ltimiseks.<\/li>\n<li>Vastupidavus: Arutage pikaajalise j\u00f5udluse ja kulumiskindluse vajadust.<\/li>\n<li>Ohutus: Arutage \u00e4mbrisilindri projekteerimisel ohutuskaalutlusi.<\/li>\n<li>Hooldatavus: Arutage hoolduse ja remondi lihtsust.<\/li>\n<\/ul>\n<p><img decoding=\"async\" src=\"https:\/\/www.hydraulic-cylinders.net\/wp-content\/uploads\/2025\/01\/songte-oil-pipes-and-spare-parts.webp\" alt=\"Toote disaini pilt\"><\/p>\n<h2>Tihendus ja m\u00e4\u00e4rimine<\/h2>\n<p>Kopasilindris kasutatakse mitmesuguseid tihendeid, n\u00e4iteks kolvitihendeid ja vardatihendeid, mis on valmistatud kulumiskindlatest materjalidest nagu pol\u00fcuretaan ja nitriilkummi. Silindri korpus ja keermestatud otsapinnad on l\u00e4binud t\u00e4pse t\u00f6\u00f6tluse, et suurendada kulumiskindlust. Sujuva t\u00f6\u00f6 tagamiseks on vajalik regulaarne m\u00e4\u00e4rimine sobiva h\u00fcdraulika\u00f5liga.<\/p>\n<h2>Kontrolli ja ennetava hoolduse meetmed<\/h2>\n<ul>\n<li>Regulaarsed kontrollid<\/li>\n<li>\u00d5ige m\u00e4\u00e4rimine<\/li>\n<li>Tihendi vahetamine<\/li>\n<li>Kalibreerimiskontrollid<\/li>\n<\/ul>\n<h2>Toote paigaldusjuhend<\/h2>\n<p>Kopasilindri optimaalse j\u00f5udluse tagamiseks on \u00fclioluline \u00f5ige paigaldus. Silindri paigaldamisel veenduge \u00f5igete juhiste j\u00e4rgimises. Silindri kinnitamiseks on soovitatav kasutada sobivaid paigaldusklambreid.<\/p>\n<p><img decoding=\"async\" src=\"https:\/\/www.hydraulic-cylinders.net\/wp-content\/uploads\/2025\/01\/songte-chushion-collar.webp\" alt=\"Paigaldusjuhendi pilt\"><\/p>\n<h2>Hooldus\u00fclesanded<\/h2>\n<p>Kolm levinud hooldus\u00fclesannet h\u00f5lmavad regulaarset kontrolli, sobivat m\u00e4\u00e4rimist ja tihendite vahetamist. R\u00f5hutage \u00f5ige paigaldamise, m\u00e4\u00e4rimise ja reguleerimise olulisust. Andke juhiseid silindri joondamiseks paigaldamise ajal. Soovitage kontrolli-, remondi- ja vahetusprotseduure. Pakkuge varuosasid ja taastamisteenuseid, et pikendada kopasilindri eluiga.<\/p>\n<p><img decoding=\"async\" src=\"https:\/\/www.hydraulic-cylinders.net\/wp-content\/uploads\/2025\/01\/songte-bushings-with-all-kinds-of-excavator-models.webp\" alt=\"Hooldust\u00f6\u00f6de pilt\"><\/p>\n<h2>Ohutuskaalutlused ja keskkonnategurid<\/h2>\n<p>T\u00f5stke esile ohutusmeetmete olulisust kopasilindri kasutamisel ja selle m\u00f5ju keskkonnale.<\/p>\n<h2>Veaotsing ja levinud probleemid<\/h2>\n<p>Arutage v\u00f5imalikke rikkeid ning pakkuge t\u00f5rkeotsingu n\u00e4pun\u00e4iteid ja lahendusi, mis aitavad lugejatel probleeme t\u00f5husalt diagnoosida ja lahendada. Soovitage ennetavaid meetmeid v\u00f5imalike probleemide minimeerimiseks.<\/p>\n<p><img decoding=\"async\" src=\"https:\/\/www.hydraulic-cylinders.net\/wp-content\/uploads\/2025\/01\/songte-company-1.webp\" alt=\"Pildi t\u00f5rkeotsing\"><\/p>\n<h2>Meie ettev\u00f5ttest<\/h2>\n<p>Oleme asendush\u00fcdrauliliste silindrite tootja ning \u00fcks juhtivaid tootjaid ja hulgim\u00fc\u00fcjaid nii sise- kui ka rahvusvahelisel turul. Meie ettev\u00f5te j\u00e4rgib tootmisjuhtimise strateegiat, mis keskendub suurep\u00e4rasele kvaliteedile ja tugineb keerukate tootmist\u00f6\u00f6kodade industrialiseeritud tootmisjuhtimisele. Tehniliste oskuste, digitaliseeritud tipptasemel tootmisseadmete ja professionaalsete testimiss\u00fcsteemide rakendamise abil t\u00e4iustame pidevalt oma tootmisplatvormi, t\u00e4iustame tootekvaliteedi tootmisprotsessi ning omame tugevaid uuenduslikke v\u00f5imeid. Meie eesm\u00e4rk on rahuldada klientide mitmekesiseid vajadusi suure efektiivsuse, t\u00e4psuse ja kvaliteediga.<\/p>\n<p><img decoding=\"async\" src=\"https:\/\/www.hydraulic-cylinders.net\/wp-content\/uploads\/2025\/01\/songte-company-3.webp\" alt=\"Ettev\u00f5tte kuvand\"><\/p>\n<h3>Professionaalsus<\/h3>\n<p>Meie ettev\u00f5te r\u00f5hutab professionaalsust oma tegevuse igas aspektis.<\/p>\n<h3>Rahvusvahelised sertifikaadid<\/h3>\n<p>Oleme omandanud mitmesuguseid rahvusvahelisi sertifikaate, mis tagavad meie toodete kvaliteedi ja usaldusv\u00e4\u00e4rsuse.<\/p>\n<h3>Kohandamise teenused<\/h3>\n<p>Pakume kliendi erin\u00f5uetele vastavaid kohandamisteenuseid.<\/p>\n<h3>Tootmisseadmed<\/h3>\n<p>Meil on t\u00e4iustatud tootmisseadmed, mis toetavad t\u00f5husat ja t\u00e4pset tootmist.<\/p>\n<h3>M\u00fc\u00fcgij\u00e4rgne teenindus<\/h3>\n<p>Pakume klientide rahulolu tagamiseks igak\u00fclgset m\u00fc\u00fcgij\u00e4rgset teenindust.<\/p>\n<p><em>Autor: lyl<\/em><\/p>\n<p><\/body><br \/>\n<\/html><\/p>","protected":false},"excerpt":{"rendered":"<p>Bucket Cylinder For Caterpillar Small Excavator E306EZ Bucket Cylinder For Caterpillar Small Excavator E306EZ Introduction The bucket cylinder for Caterpillar small excavator E306EZ is a specifically designed hydraulic cylinder used to control the movement of the bucket in heavy machinery such as excavators, backhoe loaders, and front-end loaders. Its primary function is to enable the [&hellip;]<\/p>","protected":false},"featured_media":14788,"comment_status":"open","ping_status":"closed","template":"","meta":{"_et_pb_use_builder":"","_et_pb_old_content":"","_et_gb_content_width":""},"product_brand":[],"product_cat":[1494],"product_tag":[1495,1496],"class_list":{"0":"post-15208","1":"product","2":"type-product","3":"status-publish","4":"has-post-thumbnail","6":"product_cat-bucket-cylinders","7":"product_tag-bucket-cylinders","8":"product_tag-hydraulic-cylinders","10":"first","11":"instock","12":"shipping-taxable","13":"product-type-simple"},"amp_enabled":true,"_links":{"self":[{"href":"https:\/\/www.hydraulic-cylinders.net\/et\/wp-json\/wp\/v2\/product\/15208","targetHints":{"allow":["GET"]}}],"collection":[{"href":"https:\/\/www.hydraulic-cylinders.net\/et\/wp-json\/wp\/v2\/product"}],"about":[{"href":"https:\/\/www.hydraulic-cylinders.net\/et\/wp-json\/wp\/v2\/types\/product"}],"replies":[{"embeddable":true,"href":"https:\/\/www.hydraulic-cylinders.net\/et\/wp-json\/wp\/v2\/comments?post=15208"}],"wp:featuredmedia":[{"embeddable":true,"href":"https:\/\/www.hydraulic-cylinders.net\/et\/wp-json\/wp\/v2\/media\/14788"}],"wp:attachment":[{"href":"https:\/\/www.hydraulic-cylinders.net\/et\/wp-json\/wp\/v2\/media?parent=15208"}],"wp:term":[{"taxonomy":"product_brand","embeddable":true,"href":"https:\/\/www.hydraulic-cylinders.net\/et\/wp-json\/wp\/v2\/product_brand?post=15208"},{"taxonomy":"product_cat","embeddable":true,"href":"https:\/\/www.hydraulic-cylinders.net\/et\/wp-json\/wp\/v2\/product_cat?post=15208"},{"taxonomy":"product_tag","embeddable":true,"href":"https:\/\/www.hydraulic-cylinders.net\/et\/wp-json\/wp\/v2\/product_tag?post=15208"}],"curies":[{"name":"wp","href":"https:\/\/api.w.org\/{rel}","templated":true}]}}