{"id":15210,"date":"2025-01-19T14:14:32","date_gmt":"2025-01-19T14:14:32","guid":{"rendered":"https:\/\/www.hydraulic-cylinders.net\/product\/bucket-cylinder-for-caterpillar-small-excavator-e312d2gc\/"},"modified":"2025-01-19T14:14:34","modified_gmt":"2025-01-19T14:14:34","slug":"bucket-cylinder-for-caterpillar-small-excavator-e312d2gc","status":"publish","type":"product","link":"https:\/\/www.hydraulic-cylinders.net\/et\/toode\/bucket-cylinder-for-caterpillar-small-excavator-e312d2gc\/","title":{"rendered":"Kopa silinder Caterpillar v\u00e4ikese ekskavaatori E312D2GC jaoks"},"content":{"rendered":"<h1>Kopa silinder Caterpillar v\u00e4ikese ekskavaatori E312D2GC jaoks<\/h1>\n<h2>Sissejuhatus<\/h2>\n<p>Kopa silinder, tuntud ka kui h\u00fcdrosilinder, on spetsiaalne h\u00fcdrauliline ramm, mida kasutatakse kopa liikumise juhtimiseks rasketes masinates, n\u00e4iteks ekskavaatorites, laadurites ja tagalaadurites. Selle peamine \u00fclesanne on v\u00f5imaldada kopa t\u00f5stmist, langetamist ja kallutamist, muutes erinevate materjalide k\u00e4sitsemise lihtsamaks. H\u00fcdraulilises s\u00fcsteemis juhib kopa silinder t\u00e4pselt kopa liikumist, muutes h\u00fcdraulika\u00f5li r\u00f5hku, v\u00f5imaldades operaatoritel t\u00f5husalt k\u00e4sitseda raskeid esemeid ning kohaneda keerukate t\u00f6\u00f6keskkondade ja mitmekesiste t\u00f6\u00f6vajadustega.<\/p>\n<p><img decoding=\"async\" src=\"https:\/\/www.hydraulic-cylinders.net\/wp-content\/uploads\/2025\/01\/songte-company-2.webp\" alt=\"\u00c4mbri silindri pilt\"><\/p>\n<h2>Omadused<\/h2>\n<ul>\n<li>\n<h3>Suur tugevus ja vastupidavus<\/h3>\n<p>Kopasilindrid on tavaliselt valmistatud \u00fclitugevast terasest v\u00f5i alumiiniumist, mis talub k\u00f5rget r\u00f5hku ja suuri koormusi, mist\u00f5ttu sobivad need karmidesse t\u00f6\u00f6keskkondadesse. Projekteerimisel on arvestatud ka kulumiskindluse ja korrosioonikindlusega, pikendades nende kasutusiga.<\/p>\n<\/li>\n<li>\n<h3>T\u00f5hus h\u00fcdrauliline t\u00f6\u00f6<\/h3>\n<p>Kopa silinder kasutab h\u00fcdraulika\u00f5li r\u00f5hku sujuvate paisumis- ja kokkut\u00f5mbumisliikumiste saavutamiseks, reageerib kiiresti juhtimisk\u00e4sklustele ning pakub v\u00f5imsaid t\u00f5uke- ja t\u00f5mbej\u00f5ude, muutes selle sobivaks raskete esemete ja keerukate t\u00f6\u00f6\u00fclesannete k\u00e4sitsemiseks.<\/p>\n<\/li>\n<li>\n<h3>Erinevad t\u00fc\u00fcbid<\/h3>\n<p>Kopa silindreid saab valida vastavalt vajadustele, sealhulgas \u00fchetoimelised (h\u00fcdraulilist s\u00fcsteemi kasutatakse ainult \u00fches suunas) v\u00f5i kahetoimelised (h\u00fcdraulilist s\u00fcsteemi kasutatakse m\u00f5lemas suunas) silindrid, et rahuldada erinevaid t\u00f6\u00f6n\u00f5udeid. M\u00f5ned mudelid on teleskoopilised, mis v\u00f5imaldab suuremat pikendamist ilma v\u00e4lism\u00f5\u00f5tmeid suurendamata, mist\u00f5ttu need sobivad piiratud ruumiga rakenduste jaoks.<\/p>\n<\/li>\n<li>\n<h3>Toote asendamine<\/h3>\n<p>Meie tooted sobivad ideaalselt erinevate kaubam\u00e4rkide, mudelite ja suuruste h\u00fcdrosilindrite asendamiseks.<\/p>\n<\/li>\n<li>\n<h3>Rakendused<\/h3>\n<p>Kopasilindrid on laialdaselt kasutusel erinevates rasketehnika masinates, sealhulgas:<\/p>\n<ul>\n<li>Ehitustehnika: Ekskavaatorites on need h\u00e4davajalikud kaevamiseks, laadimiseks ja pinnase v\u00f5i prahi teisaldamiseks. Ekskavaatoritel abistab kopa silinder kaevamisel ja t\u00f5stmisel. <\/li>\n<li>P\u00f5llumajandusmasinad: Kasutatakse esilaadurites mulla, heina ja muude materjalide k\u00fchveldamiseks, t\u00f5stmiseks ja transportimiseks. <\/li>\n<li>Ekskavaatorid: Kopa silinder v\u00f5imaldab kopal pinnasesse tungida. <\/li>\n<li>Laadurid: Esilaadurites aitavad need koormaid t\u00f5husalt t\u00f5sta ja kallutada.<\/li>\n<\/ul>\n<\/li>\n<\/ul>\n<h2>Projekteerimiskaalutlused ja valikukriteeriumid<\/h2>\n<p>Kopasilindri konstruktsioon ja valik arvestavad mitmete teguritega, sealhulgas:<\/p>\n<ul>\n<li>\n<h3>Kandev\u00f5ime<\/h3>\n<p>Silindril peab olema piisav tugevus, et taluda suuri koormusi ja k\u00f5rget r\u00f5hku. <\/p>\n<\/li>\n<li>\n<h3>Tihendus ja vastupidavus<\/h3>\n<p>Silindril peavad olema kvaliteetsed tihendid ja materjalid, mis on kulumis- ja korrosioonikindlad, pikendades selle eluiga. <\/p>\n<\/li>\n<li>\n<h3>Ohutus ja hooldus<\/h3>\n<p>Silinder peab olema konstrueeritud ohutusfunktsioone ja h\u00f5lpsat hooldust silmas pidades, v\u00f5imaldades operaatoritel osi h\u00f5lpsalt ja ohutult kontrollida, parandada ja vahetada. <\/p>\n<\/li>\n<\/ul>\n<p><img decoding=\"async\" src=\"https:\/\/www.hydraulic-cylinders.net\/wp-content\/uploads\/2025\/01\/songte-oil-pipes-and-spare-parts.webp\" alt=\"H\u00fcdraulilise silindri osade pilt\"><\/p>\n<h2>Tihendus ja m\u00e4\u00e4rimine<\/h2>\n<p>Kopasilindris kasutatakse mitmesuguseid tihendeid, sealhulgas kolvitihendeid, vardatihendeid ja klaasipuhasti tihendeid, mis on valmistatud kulumiskindlatest materjalidest, nagu pol\u00fcuretaan ja nitriilkummi. Silindri korpus ja keermed l\u00e4bivad peent\u00f6\u00f6tluse, et parandada kulumiskindlust. M\u00e4\u00e4rimiseks on vaja regulaarselt lisada h\u00fcdraulika\u00f5li.<\/p>\n<p><img decoding=\"async\" src=\"https:\/\/www.hydraulic-cylinders.net\/wp-content\/uploads\/2025\/01\/songte-chushion-collar.webp\" alt=\"H\u00fcdraulilise silindri osade pilt\"><\/p>\n<h2>Hooldus ja remont<\/h2>\n<p>Regulaarne hooldus ja remont on kopasilindri eluea pikendamiseks ja ohutu t\u00f6\u00f6 tagamiseks h\u00e4davajalikud. Levinumad hooldust\u00f6\u00f6d h\u00f5lmavad j\u00e4rgmist:<\/p>\n<ul>\n<li>Regulaarne kontroll<\/li>\n<li>Sobiv m\u00e4\u00e4rimine<\/li>\n<li>Tihendi vahetamine<\/li>\n<li>Kalibreerimiskontroll<\/li>\n<\/ul>\n<p>\u00d5ige paigaldamine, m\u00e4\u00e4rimine ja reguleerimine on ohutu ja t\u00f5husa t\u00f6\u00f6 tagamiseks \u00fcliolulised. Soovitame silindri \u00f5igesti joondada, kasutada silindri kinnitamiseks sobivaid paigaldusklambreid ning j\u00e4rgida soovitatud kontrolli-, remondi- ja asendusprotseduure.<\/p>\n<p><img decoding=\"async\" src=\"https:\/\/www.hydraulic-cylinders.net\/wp-content\/uploads\/2025\/01\/songte-bushings-with-all-kinds-of-excavator-models.webp\" alt=\"H\u00fcdraulilise silindri osade pilt\"><\/p>\n<h2>Ohutuskaalutlused ja keskkonnategurid<\/h2>\n<p>Kopasilindri k\u00e4itamisel on ohutusabin\u00f5udel kriitiline roll. Operaatorid peaksid j\u00e4rgima ohutuid t\u00f6\u00f6protseduure, j\u00e4rgima asjakohaseid ohutusjuhiseid ja kandma sobivaid isikukaitsevahendeid. Arvestame ka keskkonnateguritega ning p\u00fc\u00fcame oma tootmisprotsesside ajal v\u00e4hendada j\u00e4\u00e4tmeid, reostust ja energiatarbimist.<\/p>\n<h2>Vea diagnoosimine ja levinud probleemid<\/h2>\n<p>Kopasilindril v\u00f5ib esineda mitmesuguseid rikkeid, sealhulgas tihendi leke, ebapiisav \u00f5lir\u00f5hk ja v\u00e4henenud kandev\u00f5ime. Levinud probleemide hulka kuuluvad kulumine, korrosioon ja sisemiste komponentide kahjustused. Edasiste kahjustuste v\u00e4ltimiseks ja ohutu t\u00f6\u00f6 tagamiseks on vaja korralikku diagnoosi ja kiiret remonti.<\/p>\n<p><img decoding=\"async\" src=\"https:\/\/hzpt.com\/wp-content\/uploads\/2024\/11\/songte-company-1.webp\" alt=\"H\u00fcdraulilise silindri osade pilt\"><\/p>\n<h2>Meist<\/h2>\n<p>Oleme juhtiv h\u00fcdrauliliste silindrite tootja ja hulgim\u00fc\u00fcja, pakkudes laia tootevalikut nii sise- kui ka rahvusvahelistele turgudele. P\u00fc\u00fcdleme suurep\u00e4rase kvaliteedi poole ja tugineme oma t\u00e4ppistootmist\u00f6\u00f6kodades industrialiseeritud tootmisjuhtimise strateegiatele. Meie tooted on valmistatud tipptehnoloogia, tipptasemel tootmisseadmete ja professionaalsete kontrolls\u00fcsteemide abil, mis v\u00f5imaldab meil t\u00f5husalt ja t\u00e4pselt rahuldada klientide mitmekesiseid vajadusi.<\/p>\n<p>Pakume kohandatud teenuseid, t\u00e4iustatud tootmisseadmeid ja usaldusv\u00e4\u00e4rset m\u00fc\u00fcgij\u00e4rgset teenindust. Meie ettev\u00f5te on omandanud rahvusvahelised sertifikaadid ja saavutanud tunnustuse h\u00fcdrosilindrite juhtiva tootjana kogu maailmas. <\/p>\n<p><img decoding=\"async\" src=\"https:\/\/www.hydraulic-cylinders.net\/wp-content\/uploads\/2025\/01\/songte-company-3.webp\" alt=\"Ettev\u00f5tte kuvand\"><\/p>\n<p>Autor: lyl<\/p>","protected":false},"excerpt":{"rendered":"<p>Bucket Cylinder For Caterpillar Small Excavator E312D2GC Introduction The bucket cylinder, also known as the hydraulic cylinder, is a specialized hydraulic ram used to control the movement of the bucket in heavy machinery such as excavators, backhoes, and loaders. Its primary function is to enable the bucket to lift, lower, and tilt, making it easier [&hellip;]<\/p>","protected":false},"featured_media":14785,"comment_status":"open","ping_status":"closed","template":"","meta":{"_et_pb_use_builder":"","_et_pb_old_content":"","_et_gb_content_width":""},"product_brand":[],"product_cat":[1494],"product_tag":[1495,1496],"class_list":{"0":"post-15210","1":"product","2":"type-product","3":"status-publish","4":"has-post-thumbnail","6":"product_cat-bucket-cylinders","7":"product_tag-bucket-cylinders","8":"product_tag-hydraulic-cylinders","10":"first","11":"instock","12":"shipping-taxable","13":"product-type-simple"},"amp_enabled":true,"_links":{"self":[{"href":"https:\/\/www.hydraulic-cylinders.net\/et\/wp-json\/wp\/v2\/product\/15210","targetHints":{"allow":["GET"]}}],"collection":[{"href":"https:\/\/www.hydraulic-cylinders.net\/et\/wp-json\/wp\/v2\/product"}],"about":[{"href":"https:\/\/www.hydraulic-cylinders.net\/et\/wp-json\/wp\/v2\/types\/product"}],"replies":[{"embeddable":true,"href":"https:\/\/www.hydraulic-cylinders.net\/et\/wp-json\/wp\/v2\/comments?post=15210"}],"wp:featuredmedia":[{"embeddable":true,"href":"https:\/\/www.hydraulic-cylinders.net\/et\/wp-json\/wp\/v2\/media\/14785"}],"wp:attachment":[{"href":"https:\/\/www.hydraulic-cylinders.net\/et\/wp-json\/wp\/v2\/media?parent=15210"}],"wp:term":[{"taxonomy":"product_brand","embeddable":true,"href":"https:\/\/www.hydraulic-cylinders.net\/et\/wp-json\/wp\/v2\/product_brand?post=15210"},{"taxonomy":"product_cat","embeddable":true,"href":"https:\/\/www.hydraulic-cylinders.net\/et\/wp-json\/wp\/v2\/product_cat?post=15210"},{"taxonomy":"product_tag","embeddable":true,"href":"https:\/\/www.hydraulic-cylinders.net\/et\/wp-json\/wp\/v2\/product_tag?post=15210"}],"curies":[{"name":"wp","href":"https:\/\/api.w.org\/{rel}","templated":true}]}}