{"id":15212,"date":"2025-01-19T14:14:40","date_gmt":"2025-01-19T14:14:40","guid":{"rendered":"https:\/\/www.hydraulic-cylinders.net\/product\/bucket-cylinder-for-caterpillar-small-excavator-e120-120b\/"},"modified":"2025-01-19T14:14:42","modified_gmt":"2025-01-19T14:14:42","slug":"bucket-cylinder-for-caterpillar-small-excavator-e120-120b","status":"publish","type":"product","link":"https:\/\/www.hydraulic-cylinders.net\/et\/toode\/bucket-cylinder-for-caterpillar-small-excavator-e120-120b\/","title":{"rendered":"Kopa silinder Caterpillar v\u00e4ikeekskavaatorile E120\/120B"},"content":{"rendered":"<h1>Kopa silinder Caterpillar v\u00e4ikeekskavaatorile E120\/120B<\/h1>\n<h2>Sissejuhatus<\/h2>\n<p>Caterpillari v\u00e4ikeekskavaatori E120\/120B kopa silinder on spetsiaalne h\u00fcdrauliline silinder, mis on loodud peamiselt raskete masinate, n\u00e4iteks ekskavaatorite, ekskavaatorilaadurite ja esilaadurite koppade liikumise juhtimiseks. Selle peamine \u00fclesanne on v\u00f5imaldada kopa t\u00f5stmist, langetamist ja kallutamist, muutes mitmesuguste materjalik\u00e4itlust\u00f6\u00f6de tegemise lihtsamaks. H\u00fcdraulikas\u00fcsteemis saavutab kopa silinder kopa t\u00e4pse juhtimise h\u00fcdraulika\u00f5li r\u00f5hu muutuste abil, v\u00f5imaldades operaatoritel t\u00f5husalt k\u00e4sitseda raskeid koormaid, kohaneda keerukate t\u00f6\u00f6keskkondade ja mitmekesiste t\u00f6\u00f6n\u00f5uetega.<\/p>\n<p><img decoding=\"async\" src=\"https:\/\/www.hydraulic-cylinders.net\/wp-content\/uploads\/2025\/01\/songte-company-2.webp\" alt=\"\u00c4mbri silinder\" \/><\/p>\n<h2>Omadused<\/h2>\n<ul>\n<li>\n<h3>Suur tugevus ja vastupidavus:<\/h3>\n<p> Kopa silinder on \u00fcldiselt valmistatud \u00fclitugevast terasest v\u00f5i alumiiniumist, mis talub k\u00f5rget r\u00f5hku ja suuri koormusi, kohaneb karmide t\u00f6\u00f6keskkondadega ning on loodud kulumiskindluse ja korrosioonikindluse arvestamiseks, et pikendada selle kasutusiga.<\/li>\n<li>\n<h3>T\u00f5hus h\u00fcdrauliline t\u00f6\u00f6:<\/h3>\n<p> Kopa silinder kasutab sujuva teleskoopliikumise saavutamiseks h\u00fcdraulika\u00f5li r\u00f5hku, reageerib kiiresti juhtimisk\u00e4sklustele, pakub v\u00f5imsaid t\u00f5uke- ja t\u00f5mbej\u00f5ude ning sobib raskete koormate ja keerukate t\u00f6\u00f6\u00fclesannete k\u00e4sitsemiseks.<\/li>\n<li>\n<h3>Erinevad t\u00fc\u00fcbid:<\/h3>\n<p> \u00dchetoimelisi (h\u00fcdraulilist s\u00fcsteemi kasutatakse ainult \u00fches suunas) v\u00f5i kahetoimelisi (h\u00fcdraulilist s\u00fcsteemi kasutatakse m\u00f5lemas suunas) silindreid saab valida vastavalt vajadusele, et rahuldada erinevaid t\u00f6\u00f6vajadusi. M\u00f5ned mudelid on teleskoopilised, mis v\u00f5imaldab suuremat pikendamist ilma v\u00e4lism\u00f5\u00f5tmeid suurendamata, mist\u00f5ttu need sobivad ideaalselt piiratud ruumiga rakenduste jaoks.<\/li>\n<li>\n<h3>Toote asendamine:<\/h3>\n<p> Me saame seda toodet toota ja meie toode saab neid h\u00fcdrosilindreid ideaalselt asendada.<\/li>\n<\/ul>\n<p><img decoding=\"async\" src=\"https:\/\/www.hydraulic-cylinders.net\/wp-content\/uploads\/2025\/01\/songte-cylinder-head-with-all-kinds-excavator-models.webp\" alt=\"Kopa silindri vahetamine\" \/><\/p>\n<h2>Rakendused<\/h2>\n<p>Kopasilindrit kasutatakse erinevates t\u00f6\u00f6stusharudes, millest m\u00f5ned on:<\/p>\n<ul>\n<li>\n<h3>Ehitustehnika:<\/h3>\n<p> Ekskavaatorites on need \u00fcliolulised pinnase v\u00f5i prahi kaevamisel, laadimisel ja teisaldamisel. Ekskavaator-laadurites aitab kopa silinder nii kaevamisel kui ka t\u00f5stmisel.<\/li>\n<li>\n<h3>P\u00f5llumajandusmasinad:<\/h3>\n<p> Esilaadurites mulla, heina ja muude materjalide kaevamiseks, t\u00f5stmiseks ja transportimiseks kasutatav kopa silinder saavutab kaevamisfunktsiooni, v\u00f5imaldades kopal pinnasesse tungida.<\/li>\n<li>\n<h3>Laadur:<\/h3>\n<p> Esilaadurites aitavad need kaupu t\u00f5husalt t\u00f5sta ja kallutada.<\/li>\n<\/ul>\n<p>Iga rakendust saab vastavalt vajadusele m\u00e4rks\u00f5nade ja kirjelduste abil veelgi laiendada.<\/p>\n<h2>Projekteerimiskaalutlused ja valikukriteeriumid<\/h2>\n<p>Projekteerimise seisukohast peab kopa silinder olema v\u00f5imeline kandma koormust, tagama piisava tihendi, vastupidavuse, ohutuse ja hooldatavuse. Arvesse tuleb v\u00f5tta j\u00e4rgmisi punkte:<\/p>\n<ul>\n<li>\n<h3>Kandev\u00f5ime:<\/h3>\n<p> Kopa silinder peab suutma taluda maksimaalset r\u00f5hku ja j\u00f5udu, millega see t\u00f6\u00f6tamise ajal kokku puutuda v\u00f5ib. See mahutavus m\u00e4\u00e4ratakse silindri suuruse ja selle valmistamiseks kasutatud materjali j\u00e4rgi.<\/li>\n<li>\n<h3>Tihendus:<\/h3>\n<p> Erinevate tihenduselementide, n\u00e4iteks kolvi- ja varrastihendite kasutamine kulumiskindlatest materjalidest, n\u00e4iteks pol\u00fcuretaanist ja nitriilkummist, v\u00e4hendab lekkeohtu ja suurendab silindri vastupidavust. Lisaks t\u00f6\u00f6deldakse silindri ava ja keerme otsapindu peenelt, et parandada kulumiskindlust.<\/li>\n<li>\n<h3>Vastupidavus:<\/h3>\n<p> Konstruktsioon peab tagama, et silinder talub suurimat koormust ja k\u00f5ige karmimaid t\u00f6\u00f6tingimusi. Samuti peab balloonidel olema suurep\u00e4rane korrosioonikindlus, et pikendada nende eluiga.<\/li>\n<li>\n<h3>Ohutus:<\/h3>\n<p> Silindrid peavad olema konstrueeritud nii, et oleks v\u00e4listatud juhuslik aktiveerimine v\u00f5i talitlush\u00e4ired t\u00f6\u00f6tamise ajal. Projekteerimisel tuleb arvestada ka operaatori ohutusega masina k\u00e4itamise ajal.<\/li>\n<li>\n<h3>Hooldatavus:<\/h3>\n<p> Silinder peab olema konstrueeritud nii, et hooldus oleks lihtsam ja seisakuid minimaalselt. Projekteerimisel tuleb arvestada ka sellega, kui lihtne on kulunud osi vahetada.<\/li>\n<\/ul>\n<p><img decoding=\"async\" src=\"https:\/\/www.hydraulic-cylinders.net\/wp-content\/uploads\/2025\/01\/songte-oil-pipes-and-spare-parts.webp\" alt=\"Kopa silinder koos varuosadega\" \/><\/p>\n<h2>Tihendus ja m\u00e4\u00e4rimine<\/h2>\n<p>Kopasilindril tuleb lekete v\u00e4ltimiseks kasutada erinevaid tihenduselemente. Kulumiskindlate materjalide, n\u00e4iteks pol\u00fcuretaani ja nitriilkummi kasutamine tagab silindri vastupidavuse. Silindri eluiga saab pikendada regulaarse sobiva koguse h\u00fcdraulika\u00f5li lisamisega. Silindri ava ja keermeotsad l\u00e4bivad peene t\u00f6\u00f6tlemise, et parandada nende kulumiskindlust.<\/p>\n<h2>Ennetav hooldus ja kontroll<\/h2>\n<p>Silindri oluliste kahjustuste v\u00e4ltimiseks on vaja regulaarset kontrolli ja ennetavat hooldust. M\u00f5ned hooldust\u00f6\u00f6d, mida saab teha, on j\u00e4rgmised:<\/p>\n<ul>\n<li>\n<h3>Regulaarne kontroll:<\/h3>\n<p> Ballooni regulaarne kontroll aitab tuvastada probleeme enne, kui need t\u00f5sisemaks muutuvad. Kontrollimine peaks h\u00f5lmama lekete, tihendite kahjustuste ja \u00f5ige joonduse kontrollimist.<\/li>\n<li>\n<h3>\u00d5ige m\u00e4\u00e4rimine:<\/h3>\n<p> Sobiva koguse h\u00fcdraulika\u00f5li lisamine aitab pikendada silindri eluiga ja tagada sujuva t\u00f6\u00f6.<\/li>\n<li>\n<h3>Tihendi vahetamine:<\/h3>\n<p> Tihendite regulaarne vahetamine aitab v\u00e4hendada lekkeid ja pikendada silindri eluiga.<\/li>\n<li>\n<h3>Kalibreerimiskontroll:<\/h3>\n<p> Regulaarne kalibreerimine tagab silindri t\u00f6\u00f6tamise n\u00f5utavate tolerantsipiiride piires.<\/li>\n<\/ul>\n<p>Kopasilindri pikaajaliseks kasutamiseks on \u00fclioluline \u00f5ige paigaldus, m\u00e4\u00e4rimine ja reguleerimine. Soovitatav on silinder \u00f5igesti joondada ja silindri kindlale kinnitamisele kasutada sobivaid kinnitusklambreid.<\/p>\n<p><img decoding=\"async\" src=\"https:\/\/www.hydraulic-cylinders.net\/wp-content\/uploads\/2025\/01\/songte-chushion-collar.webp\" alt=\"Kopa silindri paigaldamine\" \/><\/p>\n<h2>Ohutus- ja keskkonnakaalutlused<\/h2>\n<p>Kopasilindri kasutamisel tuleb j\u00e4rgida n\u00f5uetekohaseid ohutusmeetmeid, et tagada operaatori ja teda \u00fcmbritsevate inimeste ohutus. Lisaks tuleb kopasilindrid keskkonnareostuse v\u00e4ltimiseks n\u00f5uetekohaselt utiliseerida.<\/p>\n<h2>Rikete diagnoosimine ja t\u00f5rkeotsing<\/h2>\n<p>K\u00f5ige levinumad probleemid, mis kopasilindriga esineda v\u00f5ivad, on leke, tihendi kahjustus ja vale joondus. Nende probleemide lahendamiseks on vaja regulaarseid kontrolle ja ennetavat hooldust. Probleemide korral saab probleemi tuvastada ja lahendada.<\/p>\n<p><img decoding=\"async\" src=\"https:\/\/www.hydraulic-cylinders.net\/wp-content\/uploads\/2025\/01\/songte-bushings-with-all-kinds-of-excavator-models.webp\" alt=\"Kopa silindri puksid\" \/><\/p>\n<h2>Meie ettev\u00f5ttest<\/h2>\n<p>Oleme asendush\u00fcdrauliliste silindrite tootja ja pakume t\u00e4ielikku tootevalikut. Oleme juhtiv h\u00fcdrauliliste silindrite tootja ja hulgim\u00fc\u00fcja nii sise- kui ka v\u00e4listurul. J\u00e4rgime suurep\u00e4rase kvaliteedi poliitikat, toetume peentootmist\u00f6\u00f6kodade t\u00f6\u00f6stusliku tootmise juhtimise strateegiale, toetume tehnoloogilistele annetele, digitaalsetele tipptasemel tootmisseadmetele ja professionaalsetele tuvastuss\u00fcsteemidele, t\u00e4iustame pidevalt t\u00f6\u00f6koja tootmisplatvormi, t\u00e4iustame toote tootmiskvaliteedi teed ning omame tugevat loomingulist v\u00f5imekust. Vastame klientide mitmekesistele vajadustele suure efektiivsuse, t\u00e4psuse ja kvaliteediga.<\/p>\n<p><img decoding=\"async\" src=\"https:\/\/hzpt.com\/wp-content\/uploads\/2024\/11\/songte-company-1.webp\" alt=\"Ettev\u00f5tte kuvand\" \/><\/p>\n<h3>Professionaalsus:<\/h3>\n<p>Meie ekspertide meeskonnal on aastatepikkune kogemus tootmist\u00f6\u00f6stuses, mis v\u00f5imaldab meil toota kvaliteetseid tooteid. J\u00e4rgime rangeid kvaliteedikontrolli protseduure igal sammul, alates disainist kuni tootmiseni.<\/p>\n<h3>Rahvusvaheline sertifitseerimine:<\/h3>\n<p>Oleme sertifitseeritud mitmete rahvusvaheliste standardite, n\u00e4iteks ISO 9001 ja CE, j\u00e4rgi, mis on tunnistuseks meie p\u00fchendumusest kvaliteedile ja tipptasemele.<\/p>\n<h3>Kohandamise teenused:<\/h3>\n<p>Pakume kohandamisteenuseid, kus kliendid saavad valida oma vajadustele vastavate valikute hulgast. Samuti saame kujundada ja toota vastavalt kliendi spetsifikatsioonidele.<\/p>\n<h3>Tootmisseadmed:<\/h3>\n<p>Oma toodete tootmiseks kasutame tipptasemel tootmisseadmeid. Meil \u200b\u200bon CNC-masinad, treipingid ja muud spetsiaalsed seadmed, mis v\u00f5imaldavad meil toota kvaliteetseid h\u00fcdrosilindreid.<\/p>\n<h3>M\u00fc\u00fcgij\u00e4rgne teenindus:<\/h3>\n<p>Pakume oma klientidele m\u00fc\u00fcgij\u00e4rgset teenindust, pakkudes tuge ja abi k\u00f5igi nende probleemide korral. Meie ekspertide meeskond on alati valmis kliente aitama.<\/p>\n<h4>Autor: lyl<\/h4>","protected":false},"excerpt":{"rendered":"<p>Bucket Cylinder For Caterpillar Small Excavator E120\/120B Introduction A bucket cylinder for Caterpillar small excavator E120\/120B is a specialized hydraulic cylinder designed primarily to control the movement of buckets in heavy machinery such as excavators, backhoes, and front loaders. Its main function is to enable the bucket to be lifted, lowered, and tilted, making it [&hellip;]<\/p>","protected":false},"featured_media":14782,"comment_status":"open","ping_status":"closed","template":"","meta":{"_et_pb_use_builder":"","_et_pb_old_content":"","_et_gb_content_width":""},"product_brand":[],"product_cat":[1494],"product_tag":[1495,1496],"class_list":{"0":"post-15212","1":"product","2":"type-product","3":"status-publish","4":"has-post-thumbnail","6":"product_cat-bucket-cylinders","7":"product_tag-bucket-cylinders","8":"product_tag-hydraulic-cylinders","10":"first","11":"instock","12":"shipping-taxable","13":"product-type-simple"},"amp_enabled":true,"_links":{"self":[{"href":"https:\/\/www.hydraulic-cylinders.net\/et\/wp-json\/wp\/v2\/product\/15212","targetHints":{"allow":["GET"]}}],"collection":[{"href":"https:\/\/www.hydraulic-cylinders.net\/et\/wp-json\/wp\/v2\/product"}],"about":[{"href":"https:\/\/www.hydraulic-cylinders.net\/et\/wp-json\/wp\/v2\/types\/product"}],"replies":[{"embeddable":true,"href":"https:\/\/www.hydraulic-cylinders.net\/et\/wp-json\/wp\/v2\/comments?post=15212"}],"wp:featuredmedia":[{"embeddable":true,"href":"https:\/\/www.hydraulic-cylinders.net\/et\/wp-json\/wp\/v2\/media\/14782"}],"wp:attachment":[{"href":"https:\/\/www.hydraulic-cylinders.net\/et\/wp-json\/wp\/v2\/media?parent=15212"}],"wp:term":[{"taxonomy":"product_brand","embeddable":true,"href":"https:\/\/www.hydraulic-cylinders.net\/et\/wp-json\/wp\/v2\/product_brand?post=15212"},{"taxonomy":"product_cat","embeddable":true,"href":"https:\/\/www.hydraulic-cylinders.net\/et\/wp-json\/wp\/v2\/product_cat?post=15212"},{"taxonomy":"product_tag","embeddable":true,"href":"https:\/\/www.hydraulic-cylinders.net\/et\/wp-json\/wp\/v2\/product_tag?post=15212"}],"curies":[{"name":"wp","href":"https:\/\/api.w.org\/{rel}","templated":true}]}}