{"id":15223,"date":"2025-01-19T14:15:33","date_gmt":"2025-01-19T14:15:33","guid":{"rendered":"https:\/\/www.hydraulic-cylinders.net\/product\/bucket-cylinder-for-caterpillar-small-excavator-e313d\/"},"modified":"2025-01-19T14:15:35","modified_gmt":"2025-01-19T14:15:35","slug":"bucket-cylinder-for-caterpillar-small-excavator-e313d","status":"publish","type":"product","link":"https:\/\/www.hydraulic-cylinders.net\/et\/toode\/bucket-cylinder-for-caterpillar-small-excavator-e313d\/","title":{"rendered":"Kopa silinder Caterpillar v\u00e4ikese ekskavaatori E313D jaoks"},"content":{"rendered":"<h1>Kopa silinder Caterpillar v\u00e4ikese ekskavaatori E313D jaoks<\/h1>\n<p><img decoding=\"async\" src=\"https:\/\/www.hydraulic-cylinders.net\/wp-content\/uploads\/2025\/01\/songte-company-2.webp\"><\/p>\n<h2>Sissejuhatus<\/h2>\n<p>Caterpillari v\u00e4ikeekskavaatori E313D kopa silinder on spetsiaalselt loodud h\u00fcdrauliline silinder, mida kasutatakse kopa liikumise juhtimiseks rasketes masinates, n\u00e4iteks ekskavaatorites, laadur-ekskavaatorites ja esilaadurites. Selle peamine \u00fclesanne on v\u00f5imaldada kopa t\u00f5stmist, langetamist ja kallutamist, muutes selle mugavaks mitmesuguste materjalik\u00e4itlust\u00f6\u00f6de jaoks. H\u00fcdraulilises s\u00fcsteemis saavutab kopa silinder kopa t\u00e4pse juhtimise h\u00fcdraulika\u00f5li r\u00f5humuutuse abil, v\u00f5imaldades operaatoritel raskeid koormaid t\u00f5husalt k\u00e4sitseda ning kohaneda keerukate t\u00f6\u00f6keskkondade ja mitmekesiste t\u00f6\u00f6vajadustega.<\/p>\n<h2>Omadused<\/h2>\n<ul>\n<li>Suur tugevus ja vastupidavus: Tavaliselt valmistatud \u00fclitugevast terasest v\u00f5i alumiiniumist, talub see k\u00f5rget r\u00f5hku ja suuri koormusi, kohandudes karmi t\u00f6\u00f6keskkonnaga. See on konstrueeritud kulumiskindlust ja korrosioonikindlust silmas pidades, pikendades selle kasutusiga.<\/li>\n<li>T\u00f5hus h\u00fcdrauliline t\u00f6\u00f6: H\u00fcdraulika\u00f5li r\u00f5hu abil saavutab see sujuva pikendus- ja tagasit\u00f5mbamisliigutuse, reageerib kiiresti juhtimisk\u00e4sklustele, pakub v\u00f5imsaid t\u00f5uke- ja t\u00f5mbej\u00f5ude ning sobib raskete koormate ja keerukate t\u00f6\u00f6\u00fclesannete k\u00e4sitsemiseks.<\/li>\n<li>Erinevad t\u00fc\u00fcbid: Kopasilindrit saab vastavalt vajadusele valida \u00fchetoimelise (h\u00fcdrauliline ainult \u00fches suunas) v\u00f5i kahetoimelise (h\u00fcdrauliline m\u00f5lemas suunas) silindrina, mis vastab erinevatele t\u00f6\u00f6vajadustele. M\u00f5ned mudelid on teleskoopilised, mis v\u00f5imaldab suuremat pikendust ilma v\u00e4lism\u00f5\u00f5tmeid suurendamata, mist\u00f5ttu need sobivad piiratud ruumiga rakenduste jaoks.<\/li>\n<li>H\u00fcdrauliliste silindrite asendamine: Meie tooted saavad neid h\u00fcdraulilisi silindreid ideaalselt asendada. <img decoding=\"async\" src=\"https:\/\/www.hydraulic-cylinders.net\/wp-content\/uploads\/2025\/01\/songte-cylinder-head-with-all-kinds-excavator-models.webp\"><\/li>\n<\/ul>\n<h2>Rakendused<\/h2>\n<p>Caterpillari v\u00e4ikese ekskavaatori E313D kopa silinder leiab rakendust erinevates seadmetes:<\/p>\n<ul>\n<li>Ehitustehnika: Ekskavaatorites on need eluliselt t\u00e4htsad kaevamisel, laadimisel ja pinnase v\u00f5i prahi teisaldamisel. Ekskavaatorlaadurites aitab kopa silinder nii kaevamisel kui ka t\u00f5stmisel.<\/li>\n<li>P\u00f5llumajandusmasinad: Kasutatakse esilaadurites mulla, heina ja muude materjalide k\u00fchveldamiseks, t\u00f5stmiseks ja transportimiseks.<\/li>\n<li>Ekskavaatorid: Kopa silinder v\u00f5imaldab kaevamist, lastes kopal pinnasesse tungida.<\/li>\n<li>Laadurid: Esilaadurites aitavad need kaupu t\u00f5husalt t\u00f5sta ja maha visata.<\/li>\n<\/ul>\n<h2>Projekteerimiskaalutlused ja valikukriteeriumid<\/h2>\n<p>Kopasilindri projekteerimiskaalutlused ja valikukriteeriumid on j\u00e4rgmised:<\/p>\n<ul>\n<li>Kandev\u00f5ime: Silinder peaks olema konstrueeritud nii, et see taluks vajalikku koormust ilma rikketa.<\/li>\n<li>Tihendusv\u00f5ime: N\u00f5uetekohane tihendamine on lekete v\u00e4ltimiseks ja h\u00fcdraulikas\u00fcsteemi efektiivsuse tagamiseks h\u00e4davajalik.<\/li>\n<li>Vastupidavus: Silinder peaks vastu pidama eeldatavatele t\u00f6\u00f6tingimustele ja olema pika kasutuseaga.<\/li>\n<li>Ohutus: \u00d5nnetuste v\u00e4ltimiseks ja operaatori kaitse tagamiseks tuleks paigaldada ohutusfunktsioonid.<\/li>\n<li>Hooldatavus: Silindri konstruktsioon peaks v\u00f5imaldama h\u00f5lpsat hooldust, remonti ja vajadusel vahetamist. <img decoding=\"async\" src=\"https:\/\/www.hydraulic-cylinders.net\/wp-content\/uploads\/2025\/01\/songte-oil-pipes-and-spare-parts.webp\"><\/li>\n<\/ul>\n<h2>Tihendus ja m\u00e4\u00e4rimine<\/h2>\n<p>Kopasilindris kasutatakse mitmesuguseid tihenduselemente, n\u00e4iteks kolvitihendeid ja vardatihendeid, mis on valmistatud kulumiskindlatest materjalidest, n\u00e4iteks pol\u00fcuretaanist ja nitriilkummist. Silindri korpus ja keermestatud otsad on kulumiskindluse suurendamiseks peenelt t\u00f6\u00f6deldud. Sujuva t\u00f6\u00f6 s\u00e4ilitamiseks on vajalik regulaarne m\u00e4\u00e4rimine sobiva koguse h\u00fcdraulika\u00f5liga.<\/p>\n<h2>Regulaarne kontroll ja ennetav hooldus<\/h2>\n<p>Optimaalse j\u00f5udluse ja pikaealisuse tagamiseks on soovitatav regulaarne kontroll ja ennetav hooldus. M\u00f5ned olulised punktid on j\u00e4rgmised:<\/p>\n<ul>\n<li>Lekete v\u00f5i kahjustuste kontrollimine<\/li>\n<li>\u00d5ige m\u00e4\u00e4rimine<\/li>\n<li>Tihendi vahetamine ja kalibreerimise kontrollimine<\/li>\n<\/ul>\n<p>\u00d5ige paigaldus m\u00e4ngib kopasilindri pikaealisuse tagamisel \u00fcliolulist rolli. Soovitatav on \u00f5ige joondamine ja sobivate kinnitusklambrite kasutamine. Saadaval on soovituslikud kontrolli-, remondi- ja asendusprotseduurid ning komponentide asendus- ja taastamisteenused kopasilindri eluea pikendamiseks. <img decoding=\"async\" src=\"https:\/\/www.hydraulic-cylinders.net\/wp-content\/uploads\/2025\/01\/songte-chushion-collar.webp\"><\/p>\n<h2>Ohutuskaalutlused ja keskkonnategurid<\/h2>\n<p>Kopasilindri kasutamisel on oluline seada esikohale ohutusmeetmed, et v\u00e4ltida \u00f5nnetusi ja minimeerida keskkonnam\u00f5ju.<\/p>\n<h2>Veaotsing ja levinud probleemid<\/h2>\n<p>Kopasilindri levinud probleemid ja t\u00f5rkeotsingu n\u00e4pun\u00e4ited on j\u00e4rgmised:<\/p>\n<ul>\n<li>Probleemide tuvastamine ja lahendamine<\/li>\n<li>Ennetavate meetmete rakendamine v\u00f5imalike probleemide minimeerimiseks<\/li>\n<\/ul>\n<p>Lugejate abistamiseks probleemide lahendamisel ja nendega tegelemisel pakutakse t\u00f5husaid diagnoosimis- ja probleemide lahendamise tehnikaid. R\u00f5hutatakse regulaarset hooldust ning \u00f5ige paigalduse, m\u00e4\u00e4rimise ja reguleerimise j\u00e4rgimist, et tagada kopasilindri optimaalne j\u00f5udlus ja pikem eluiga. <img decoding=\"async\" src=\"https:\/\/www.hydraulic-cylinders.net\/wp-content\/uploads\/2025\/01\/songte-bushings-with-all-kinds-of-excavator-models.webp\"><\/p>\n<p>Pea meeles, et artikkel tuleks loogiliselt \u00fcles ehitada, kasutada navigeerimise h\u00f5lbustamiseks alapealkirju, lisada parema arusaamise huvides asjakohaseid pilte v\u00f5i diagramme ning veenduda, et sisu oleks selge, kokkuv\u00f5tlik ja sobiv erineva tehnilise teadmistasemega lugejatele.<\/p>\n<h2>Meie ettev\u00f5ttest<\/h2>\n<p>Oleme asendush\u00fcdrauliliste silindrite tootja, pakkudes laia tootevalikut. Oleme saanud \u00fcheks juhtivaks h\u00fcdrosilindrite tootjaks ja hulgim\u00fc\u00fcjaks nii sise- kui ka rahvusvahelistel turgudel. Meie ettev\u00f5te j\u00e4rgib industrialiseeritud tootmisjuhtimise strateegiat, mis tugineb suurep\u00e4rasele kvaliteedile, peentele tootmist\u00f6\u00f6kodadele ning t\u00e4iustatud tootmisseadmete ja professionaalsete testimiss\u00fcsteemide kasutamisele. T\u00e4iustame pidevalt oma tootmisplatvormi, optimeerime tootmiskvaliteedi teed ja meil on tugev innovatsiooniv\u00f5ime, rahuldades klientide mitmekesiseid vajadusi k\u00f5rge efektiivsuse, t\u00e4psuse ja kvaliteedip\u00f5him\u00f5tetega. <img decoding=\"async\" src=\"https:\/\/www.hydraulic-cylinders.net\/wp-content\/uploads\/2025\/01\/songte-company-3.webp\"><\/p>\n<p>Lisaks r\u00f5hutame oma professionaalsust, rahvusvahelisi sertifikaate, kohandatud teenuseid, tootmisseadmeid ja m\u00fc\u00fcgij\u00e4rgset teenindust.<\/p>\n<p>Autor: lyl<\/p>","protected":false},"excerpt":{"rendered":"<p>Bucket Cylinder For Caterpillar Small Excavator E313D Introduction Bucket cylinder for Caterpillar small excavator E313D is a specially designed hydraulic cylinder used to control the movement of the bucket in heavy machinery such as excavators, backhoe loaders, and front loaders. Its main function is to enable the bucket to lift, lower, and tilt, making it [&hellip;]<\/p>","protected":false},"featured_media":14788,"comment_status":"open","ping_status":"closed","template":"","meta":{"_et_pb_use_builder":"","_et_pb_old_content":"","_et_gb_content_width":""},"product_brand":[],"product_cat":[1494],"product_tag":[1495,1496],"class_list":{"0":"post-15223","1":"product","2":"type-product","3":"status-publish","4":"has-post-thumbnail","6":"product_cat-bucket-cylinders","7":"product_tag-bucket-cylinders","8":"product_tag-hydraulic-cylinders","10":"first","11":"instock","12":"shipping-taxable","13":"product-type-simple"},"amp_enabled":true,"_links":{"self":[{"href":"https:\/\/www.hydraulic-cylinders.net\/et\/wp-json\/wp\/v2\/product\/15223","targetHints":{"allow":["GET"]}}],"collection":[{"href":"https:\/\/www.hydraulic-cylinders.net\/et\/wp-json\/wp\/v2\/product"}],"about":[{"href":"https:\/\/www.hydraulic-cylinders.net\/et\/wp-json\/wp\/v2\/types\/product"}],"replies":[{"embeddable":true,"href":"https:\/\/www.hydraulic-cylinders.net\/et\/wp-json\/wp\/v2\/comments?post=15223"}],"wp:featuredmedia":[{"embeddable":true,"href":"https:\/\/www.hydraulic-cylinders.net\/et\/wp-json\/wp\/v2\/media\/14788"}],"wp:attachment":[{"href":"https:\/\/www.hydraulic-cylinders.net\/et\/wp-json\/wp\/v2\/media?parent=15223"}],"wp:term":[{"taxonomy":"product_brand","embeddable":true,"href":"https:\/\/www.hydraulic-cylinders.net\/et\/wp-json\/wp\/v2\/product_brand?post=15223"},{"taxonomy":"product_cat","embeddable":true,"href":"https:\/\/www.hydraulic-cylinders.net\/et\/wp-json\/wp\/v2\/product_cat?post=15223"},{"taxonomy":"product_tag","embeddable":true,"href":"https:\/\/www.hydraulic-cylinders.net\/et\/wp-json\/wp\/v2\/product_tag?post=15223"}],"curies":[{"name":"wp","href":"https:\/\/api.w.org\/{rel}","templated":true}]}}