{"id":15224,"date":"2025-01-19T14:15:37","date_gmt":"2025-01-19T14:15:37","guid":{"rendered":"https:\/\/www.hydraulic-cylinders.net\/product\/bucket-cylinder-for-caterpillar-small-excavator-e318dl\/"},"modified":"2025-01-19T14:15:39","modified_gmt":"2025-01-19T14:15:39","slug":"bucket-cylinder-for-caterpillar-small-excavator-e318dl","status":"publish","type":"product","link":"https:\/\/www.hydraulic-cylinders.net\/et\/toode\/bucket-cylinder-for-caterpillar-small-excavator-e318dl\/","title":{"rendered":"Kopa silinder Caterpillar v\u00e4ikese ekskavaatori E318DL jaoks"},"content":{"rendered":"<h1>Kopa silinder Caterpillar v\u00e4ikese ekskavaatori E318DL jaoks<\/h1>\n<h2>Sissejuhatus<\/h2>\n<p>Caterpillar v\u00e4ikeekskavaatori E318DL kopa silinder on spetsiaalselt loodud h\u00fcdrauliline silinder, mida kasutatakse kopa liikumise juhtimiseks rasketes masinates, n\u00e4iteks ekskavaatorites, laadur-ekskavaatorites ja esilaadurites. Selle peamine \u00fclesanne on v\u00f5imaldada kopa t\u00f5stmist, langetamist ja kallutamist, muutes erinevate materjalide k\u00e4sitsemise lihtsamaks. H\u00fcdraulikas\u00fcsteemis juhib kopa silinder t\u00e4pselt kopa liikumist, muutes h\u00fcdraulika\u00f5li r\u00f5hku, v\u00f5imaldades operaatoril t\u00f5husalt k\u00e4sitseda raskeid koormaid ning kohaneda keerukate t\u00f6\u00f6keskkondade ja mitmekesiste t\u00f6\u00f6vajadustega.<\/p>\n<p><img decoding=\"async\" src=\"https:\/\/www.hydraulic-cylinders.net\/wp-content\/uploads\/2025\/01\/songte-company-2.webp\" alt=\"\u00c4mbri silindri pilt\"><\/p>\n<h2>Toote omadused<\/h2>\n<ul>\n<li>Suur tugevus ja vastupidavus: Valmistatud \u00fclitugevast terasest v\u00f5i alumiiniumist, talub see k\u00f5rget r\u00f5hku ja suuri koormusi, kohandudes karmi t\u00f6\u00f6keskkonnaga. Projekteerimisel on arvestatud kulumiskindluse ja korrosioonikindlusega, pikendades selle kasutusiga.<\/li>\n<li>T\u00f5hus h\u00fcdrauliline t\u00f6\u00f6: Kasutab h\u00fcdraulika\u00f5li r\u00f5hku sujuvate, teleskoopiliste liikumiste ja kiire reageerimise saavutamiseks juhtimisk\u00e4sklustele ning pakub v\u00f5imsat t\u00f5uke- ja t\u00f5mbej\u00f5udu, mis sobib raskete koormate ja keerukate t\u00f6\u00f6\u00fclesannete k\u00e4sitsemiseks.<\/li>\n<li>Erinevad t\u00fc\u00fcbid: Silindrite t\u00fc\u00fcpe saab valida vastavalt t\u00f6\u00f6vajadustele, n\u00e4iteks \u00fchetoimelised (h\u00fcdrauliliselt ainult \u00fches suunas) v\u00f5i kahetoimelised (h\u00fcdrauliliselt m\u00f5lemas suunas) silindrid. M\u00f5ned mudelid on laiendatavad, mis v\u00f5imaldab suuremat pikendust ilma v\u00e4lism\u00f5\u00f5tmeid suurendamata, mis sobib piiratud ruumiga rakenduste jaoks.<\/li>\n<li>Meie ettev\u00f5te saab toota: Meie tooted saavad neid h\u00fcdrosilindreid ideaalselt asendada.<\/li>\n<\/ul>\n<p><img decoding=\"async\" src=\"https:\/\/www.hydraulic-cylinders.net\/wp-content\/uploads\/2025\/01\/songte-cylinder-head-with-all-kinds-excavator-models.webp\" alt=\"\u00c4mbri silindri asendamise pilt\"><\/p>\n<h2>Rakendused<\/h2>\n<p>Caterpillar v\u00e4ikeekskavaatori E318DL kopasilindrit kasutatakse laialdaselt erinevates rasketehnikas, n\u00e4iteks:<\/p>\n<ul>\n<li>Ehitustehnika: Ekskavaatorites on need h\u00e4davajalikud kaevamiseks, laadimiseks ja pinnase v\u00f5i prahi teisaldamiseks. Ekskavaatoritel aitavad kopasilindrid kaevamisel ja t\u00f5stmisel. <\/li>\n<li>P\u00f5llumajandusmasinad: Kasutatakse esilaadurite jaoks, pinnase, heina ja muude materjalide korjamiseks, t\u00f5stmiseks ja transportimiseks. <\/li>\n<li>Ekskavaatorid: Kopasilindrid v\u00f5imaldavad kaevamist, lastes kopal pinnasesse tungida. <\/li>\n<li>Laadurid: Esilaadurites aitavad need kaupu t\u00f5husalt t\u00f5sta ja maha visata. <\/li>\n<\/ul>\n<h2>Projekteerimiskaalutlused ja valikukriteeriumid<\/h2>\n<p>Caterpillar v\u00e4ikeekskavaatori E318DL kopasilindri konstruktsioonil on arvesse v\u00f5etud j\u00e4rgmisi tegureid:<\/p>\n<ul>\n<li>Kandev\u00f5ime: Silindril peab olema piisav kandev\u00f5ime, et toetada koorma raskust ilma paindumata v\u00f5i purunemata. <\/li>\n<li>Tihendus: Silinder tuleb tihendada, et v\u00e4ltida h\u00fcdraulika\u00f5li lekkeid, mis v\u00f5ivad silindrit ja teisi masina komponente kahjustada.<\/li>\n<li>Vastupidavus: Silinder peab olema vastupidav ja taluma pideva kasutamise, karmide t\u00f6\u00f6keskkondade ja ilmastikum\u00f5jude p\u00f5hjustatud kulumist. <\/li>\n<li>Ohutus: Ballooni konstruktsioon peab olema ohutust silmas pidades, h\u00f5lmates ohutusfunktsioone, nagu avariipeatusnupud, r\u00f5hualandusventiilid ja \u00fclekoormuskaitse. <\/li>\n<li>Hooldatavus: Silindrit peaks olema lihtne hooldada ja parandada, v\u00f5imaldades kulunud v\u00f5i kahjustatud osade kiiret ja lihtsat v\u00e4ljavahetamist. <\/li>\n<\/ul>\n<p><img decoding=\"async\" src=\"https:\/\/www.hydraulic-cylinders.net\/wp-content\/uploads\/2025\/01\/songte-oil-pipes-and-spare-parts.webp\" alt=\"Kopa silindri osade pilt\"><\/p>\n<h2>Tihendus ja m\u00e4\u00e4rimine<\/h2>\n<p>Caterpillar v\u00e4ikeekskavaatori E318DL kopasilindris kasutatakse mitmesuguseid tihenduskomponente, n\u00e4iteks kolvitihendeid, vardatihendeid jne, mis on valmistatud kulumiskindlatest materjalidest, nagu pol\u00fcuretaan ja nitriilkummi. Silindri korpus ja keermestatud otsad l\u00e4bivad t\u00e4pse t\u00f6\u00f6tluse, et parandada kulumiskindlust. Silindri n\u00f5uetekohase t\u00f6\u00f6 s\u00e4ilitamiseks ja selle kasutusea pikendamiseks on vajalik regulaarne m\u00e4\u00e4rimine sobiva h\u00fcdraulika\u00f5liga. <\/p>\n<h2>Hooldus- ja ennetavad meetmed<\/h2>\n<p>Soovitatav on j\u00e4rgmised ennetavad meetmed ja hooldust\u00f6\u00f6d:<\/p>\n<ul>\n<li>Regulaarne kontroll: Kontrollige silindrit regulaarselt kulumis-, lekete- ja muude kahjustuste suhtes. <\/li>\n<li>M\u00e4\u00e4rimine: M\u00e4\u00e4rige silindrit regulaarselt sobiva h\u00fcdraulika\u00f5liga. <\/li>\n<li>Tihendi vahetamine: Vajadusel vahetage silindri tihendid. <\/li>\n<li>Kalibreerimise kontroll: Kontrollige regulaarselt silindri kalibreerimist, et tagada selle n\u00f5uetekohane t\u00f6\u00f6. <\/li>\n<\/ul>\n<p><img decoding=\"async\" src=\"https:\/\/www.hydraulic-cylinders.net\/wp-content\/uploads\/2025\/01\/songte-chushion-collar.webp\" alt=\"\u00c4mbrisilindri paigalduspilt\"><\/p>\n<h2>Ohutuskaalutlused ja keskkonnategurid<\/h2>\n<p>Caterpillar Small Excavator E318DL kopasilindrit kasutavate raskete masinate k\u00e4sitsemisel tuleb j\u00e4rgida n\u00f5uetekohaseid ohutusmeetmeid. Keskkonnategurid, nagu temperatuur, niiskus ja \u00f5hukvaliteet, v\u00f5ivad samuti m\u00f5jutada silindri t\u00f6\u00f6d ja neid tuleb arvesse v\u00f5tta.<\/p>\n<h2>Levinumad probleemid ja t\u00f5rkeotsing<\/h2>\n<p>Caterpillar v\u00e4ikeekskavaatori E318DL kopasilindriga seotud levinud probleemide hulka kuuluvad lekked, kulunud tihendid ja kalibreerimisprobleemid. Veaotsingu n\u00e4pun\u00e4idete ja lahenduste hulka v\u00f5ivad kuuluda kahjustatud osade v\u00e4ljavahetamine, kalibreerimise reguleerimine jne. Ennetavad meetmed aitavad potentsiaalseid probleeme minimeerida.<\/p>\n<p><img decoding=\"async\" src=\"https:\/\/www.hydraulic-cylinders.net\/wp-content\/uploads\/2025\/01\/songte-bushings-with-all-kinds-of-excavator-models.webp\" alt=\"Kopa silindri pukside pilt\"><\/p>\n<h2>Meie ettev\u00f5ttest<\/h2>\n<p>Oleme asendush\u00fcdrauliliste silindrite tootja, pakkudes laia tootevalikut ning olles nii sise- kui ka rahvusvahelisel turul juhtiv h\u00fcdrauliliste silindrite tootja ja hulgim\u00fc\u00fcja. J\u00e4rgime suurep\u00e4rast kvaliteeti ja tugineme peentest tootmist\u00f6\u00f6kodadest p\u00e4rit t\u00f6\u00f6stusliku tootmise juhtimise strateegiatele ning kasutame tehnoloogilisi andeid, tipptasemel digitaalseid tootmisseadmeid ja professionaalset testimiss\u00fcsteemi, et pidevalt t\u00e4iustada tootmisplatvormi, t\u00e4iustada tootekvaliteediga tootmisliini ja omada tugevat loomingulist v\u00f5imekust. K\u00f5rge efektiivsuse, suure t\u00e4psuse ja k\u00f5rgete kvaliteedip\u00f5him\u00f5tetega rahuldame oma klientide mitmekesiseid vajadusi.<\/p>\n<ul>\n<li>Professionaalsus<\/li>\n<li>Rahvusvaheline sertifitseerimine<\/li>\n<li>Kohandamise teenused<\/li>\n<li>Tootmisseadmed<\/li>\n<li>M\u00fc\u00fcgij\u00e4rgne teenindus<\/li>\n<\/ul>\n<p><img decoding=\"async\" src=\"https:\/\/hzpt.com\/wp-content\/uploads\/2024\/11\/songte-company-1.webp\" alt=\"Ettev\u00f5tte kuvand\"><\/p>\n<p>Autor: lyl<\/p>","protected":false},"excerpt":{"rendered":"<p>Bucket Cylinder For Caterpillar Small Excavator E318DL Introduction The Bucket Cylinder for Caterpillar Small Excavator E318DL is a specially designed hydraulic cylinder used to control the movement of the bucket in heavy machinery such as excavators, backhoe excavators, and front loader machines. Its main function is to enable the bucket to lift, lower, and tilt, [&hellip;]<\/p>","protected":false},"featured_media":14787,"comment_status":"open","ping_status":"closed","template":"","meta":{"_et_pb_use_builder":"","_et_pb_old_content":"","_et_gb_content_width":""},"product_brand":[],"product_cat":[1494],"product_tag":[1495,1496],"class_list":{"0":"post-15224","1":"product","2":"type-product","3":"status-publish","4":"has-post-thumbnail","6":"product_cat-bucket-cylinders","7":"product_tag-bucket-cylinders","8":"product_tag-hydraulic-cylinders","10":"first","11":"instock","12":"shipping-taxable","13":"product-type-simple"},"amp_enabled":true,"_links":{"self":[{"href":"https:\/\/www.hydraulic-cylinders.net\/et\/wp-json\/wp\/v2\/product\/15224","targetHints":{"allow":["GET"]}}],"collection":[{"href":"https:\/\/www.hydraulic-cylinders.net\/et\/wp-json\/wp\/v2\/product"}],"about":[{"href":"https:\/\/www.hydraulic-cylinders.net\/et\/wp-json\/wp\/v2\/types\/product"}],"replies":[{"embeddable":true,"href":"https:\/\/www.hydraulic-cylinders.net\/et\/wp-json\/wp\/v2\/comments?post=15224"}],"wp:featuredmedia":[{"embeddable":true,"href":"https:\/\/www.hydraulic-cylinders.net\/et\/wp-json\/wp\/v2\/media\/14787"}],"wp:attachment":[{"href":"https:\/\/www.hydraulic-cylinders.net\/et\/wp-json\/wp\/v2\/media?parent=15224"}],"wp:term":[{"taxonomy":"product_brand","embeddable":true,"href":"https:\/\/www.hydraulic-cylinders.net\/et\/wp-json\/wp\/v2\/product_brand?post=15224"},{"taxonomy":"product_cat","embeddable":true,"href":"https:\/\/www.hydraulic-cylinders.net\/et\/wp-json\/wp\/v2\/product_cat?post=15224"},{"taxonomy":"product_tag","embeddable":true,"href":"https:\/\/www.hydraulic-cylinders.net\/et\/wp-json\/wp\/v2\/product_tag?post=15224"}],"curies":[{"name":"wp","href":"https:\/\/api.w.org\/{rel}","templated":true}]}}