{"id":15225,"date":"2025-01-19T14:15:41","date_gmt":"2025-01-19T14:15:41","guid":{"rendered":"https:\/\/www.hydraulic-cylinders.net\/product\/bucket-cylinder-for-caterpillar-middle-excavator-e200b\/"},"modified":"2025-01-19T14:15:43","modified_gmt":"2025-01-19T14:15:43","slug":"bucket-cylinder-for-caterpillar-middle-excavator-e200b","status":"publish","type":"product","link":"https:\/\/www.hydraulic-cylinders.net\/et\/toode\/bucket-cylinder-for-caterpillar-middle-excavator-e200b\/","title":{"rendered":"Kopa silinder Caterpillar keskmise ekskavaatori E200B jaoks"},"content":{"rendered":"<h1>Kopa silinder Caterpillar keskmise ekskavaatori E200B jaoks<\/h1>\n<h2>Sissejuhatus<\/h2>\n<p>Kopa silinder on h\u00fcdrosilindri t\u00fc\u00fcp, mis on spetsiaalselt loodud kopa liikumise juhtimiseks rasketes masinates, n\u00e4iteks ekskavaatorites, laadurites ja esilaadurites. Selle peamine \u00fclesanne on v\u00f5imaldada kopal teostada t\u00f5stmis-, langetamis- ja kallutustoiminguid, h\u00f5lbustades seel\u00e4bi mitmesuguseid materjali k\u00e4itlemise \u00fclesandeid. H\u00fcdraulilises s\u00fcsteemis saavutab kopa silinder kopa liikumise t\u00e4pse juhtimise h\u00fcdraulika\u00f5li r\u00f5hu muutuste abil, v\u00f5imaldades operaatoritel raskeid koormaid t\u00f5husalt k\u00e4sitseda ning kohaneda keerukate t\u00f6\u00f6keskkondade ja mitmekesiste t\u00f6\u00f6n\u00f5uetega.<\/p>\n<p><img decoding=\"async\" src=\"https:\/\/www.hydraulic-cylinders.net\/wp-content\/uploads\/2025\/01\/songte-company-2.webp\" alt=\"\u00c4mbri silinder\"><\/p>\n<h2>Omadused<\/h2>\n<ul>\n<li>Suur tugevus ja vastupidavus: Tavaliselt valmistatud \u00fclitugevast terasest v\u00f5i alumiiniumist, talub see k\u00f5rget r\u00f5hku ja suuri koormusi, kohandudes karmide t\u00f6\u00f6keskkondadega. Kulumiskindlust ja korrosioonikindlust silmas pidades on see loodud pikendama kasutusiga.<\/li>\n<li>T\u00f5hus h\u00fcdrauliline t\u00f6\u00f6: Kasutades h\u00fcdraulika\u00f5li r\u00f5hku sujuva pikenduse ja tagasit\u00f5mbamise saavutamiseks, reageerib see kiiresti juhtimisk\u00e4sklustele, pakkudes v\u00f5imsat t\u00f5uke- ja t\u00f5mbej\u00f5udu, mis sobib raskete koormate ja keerukate t\u00f6\u00f6\u00fclesannete k\u00e4sitlemiseks.<\/li>\n<li>Erinevad t\u00fc\u00fcbid: vastavalt vajadusele saab valida \u00fchetoimelisi (h\u00fcdrauliliselt ainult \u00fches suunas) v\u00f5i kahetoimelisi (h\u00fcdrauliliselt m\u00f5lemas suunas) silindreid, et need vastaksid erinevatele t\u00f6\u00f6n\u00f5uetele. M\u00f5ned mudelid on teleskoopilised, v\u00f5imaldades suuremat pikendamist ilma v\u00e4lism\u00f5\u00f5tmeid suurendamata, sobides piiratud ruumiga rakenduste jaoks.<\/li>\n<li>T\u00e4iuslik asendus: meie toode saab suurep\u00e4raselt asendada teisi h\u00fcdrosilindreid.<\/li>\n<\/ul>\n<p><img decoding=\"async\" src=\"https:\/\/www.hydraulic-cylinders.net\/wp-content\/uploads\/2025\/01\/songte-cylinder-head-with-all-kinds-excavator-models.webp\" alt=\"Kopa silindri vahetamine\"><\/p>\n<h2>Rakendused<\/h2>\n<p>Kopasilindrid on laialdaselt kasutusel erinevates rakendustes, n\u00e4iteks:<\/p>\n<ul>\n<li>Ehitustehnika: Ekskavaatorites on need kriitilise t\u00e4htsusega kaevamisel, laadimisel ja pinnase v\u00f5i prahi teisaldamisel. Ekskavaatorites aitavad kopasilindrid nii kaevamisel kui ka t\u00f5stmisel. <\/li>\n<li>P\u00f5llumajandusmasinad: Kasutatakse esilaadurites mulla, heina ja muude materjalide k\u00fchveldamiseks, t\u00f5stmiseks ja transportimiseks. <\/li>\n<li>Ekskavaatorid: Kopasilindrid saavutavad kaevamistoimingu, v\u00f5imaldades kopal pinnasesse tungida. <\/li>\n<li>Laadurid: Esilaadurites aitavad need kaupu t\u00f5husalt t\u00f5sta ja kallutada. <\/li>\n<\/ul>\n<h2>Projekteerimiskaalutlused ja valikukriteeriumid<\/h2>\n<p>Silindrite valimisel tuleb arvestada mitmete oluliste disainikriteeriumitega:<\/p>\n<ul>\n<li>Kandev\u00f5ime: Silinder peab suutma taluda k\u00f5rget r\u00f5hku ja suuri koormusi. <\/li>\n<li>Tihendus: Kolvi tihendusr\u00f5ngas, varda tihendusr\u00f5ngas ja muud tihenduskomponendid peavad olema valmistatud kulumiskindlast materjalist, n\u00e4iteks pol\u00fcuretaanist v\u00f5i nitriilkummist, ning silindri korpus ja keermeotsa pind tuleb kulumiskindluse parandamiseks peenelt t\u00f6\u00f6delda. <\/li>\n<li>Vastupidavus: Silinder peaks vastu pidama karmidele t\u00f6\u00f6tingimustele ja olema pika kasutuseaga. <\/li>\n<li>Ohutus: Silinder tuleb konstrueerida ohutust silmas pidades, tagades, et see t\u00f6\u00f6tamise ajal puruneda ei saa ega vigastusi tekitada. <\/li>\n<li>Hooldatavus: Silindrit peab olema lihtne hooldada ja parandada, v\u00f5imaldades kulunud osade kiiret v\u00e4ljavahetamist ja seisakuaja minimeerimist.<\/li>\n<\/ul>\n<p><img decoding=\"async\" src=\"https:\/\/www.hydraulic-cylinders.net\/wp-content\/uploads\/2025\/01\/songte-oil-pipes-and-spare-parts.webp\" alt=\"Kopa silindri osad\"><\/p>\n<h2>Tihendus ja m\u00e4\u00e4rimine<\/h2>\n<p>Kopasilindrites kasutatakse mitmesuguseid tihenduskomponente, n\u00e4iteks kolvi- ja vardatihendusr\u00f5ngaid, mis on valmistatud kulumiskindlatest materjalidest, n\u00e4iteks pol\u00fcuretaanist v\u00f5i nitriilkummist. Silindri korpus ja keermeotsa pind on peenelt t\u00f6\u00f6deldud, et parandada kulumiskindlust. Silinder vajab sujuva t\u00f6\u00f6 tagamiseks regulaarset m\u00e4\u00e4rimist h\u00fcdraulika\u00f5liga.<\/p>\n<h2>Hooldus ja remont<\/h2>\n<p>Kopasilindrite optimaalse j\u00f5udluse tagamiseks ja kasutusea pikendamiseks on vaja regulaarset hooldust. Levinud hooldust\u00f6\u00f6d h\u00f5lmavad j\u00e4rgmist:<\/p>\n<ul>\n<li>Regulaarsed kontrollid<\/li>\n<li>\u00d5ige m\u00e4\u00e4rimine<\/li>\n<li>Tihendi vahetamine<\/li>\n<li>Kalibreerimiskontrollid<\/li>\n<\/ul>\n<p>Samuti on \u00fclioluline \u00f5ige paigaldamine ning tuleks esitada joondamisjuhised. Silinder tuleks kinnitada sobivate kinnitusklambrite abil. Silindri kasutusea maksimeerimiseks tuleks j\u00e4rgida soovitatud kontrolli-, remondi- ja vahetusprotseduure.<\/p>\n<p><img decoding=\"async\" src=\"https:\/\/www.hydraulic-cylinders.net\/wp-content\/uploads\/2025\/01\/songte-chushion-collar.webp\" alt=\"Kopa silindri paigaldamine\"><\/p>\n<h2>Ohutuskaalutlused ja keskkonnategurid<\/h2>\n<p>Kopasilindrite k\u00e4itamisel tuleb j\u00e4rgida k\u00f5iki asjakohaseid ohutuseeskirju ja -juhiseid. Raskete masinatega t\u00f6\u00f6tamisel tuleb v\u00f5tta n\u00f5uetekohaseid ohutusmeetmeid. Kopasilindrite valimisel ja k\u00e4itamisel tuleks arvesse v\u00f5tta ka keskkonnategureid, nagu temperatuur ja niiskus.<\/p>\n<h2>Levinumad vead ja t\u00f5rkeotsing<\/h2>\n<p>Kopasilindrite puhul esineda v\u00f5ivad levinumad vead, sealhulgas:<\/p>\n<ul>\n<li>Lekkiv \u00f5li<\/li>\n<li>Aeglane t\u00f6\u00f6<\/li>\n<li>Ebakorrap\u00e4rane liikumine<\/li>\n<\/ul>\n<p>Nende probleemide t\u00f5husaks diagnoosimiseks ja lahendamiseks tuleks j\u00e4rgida \u00f5igeid t\u00f5rkeotsingu tehnikaid. Regulaarne hooldus ja kontroll aitavad potentsiaalseid probleeme ennetada.<\/p>\n<p><img decoding=\"async\" src=\"https:\/\/www.hydraulic-cylinders.net\/wp-content\/uploads\/2025\/01\/songte-bushings-with-all-kinds-of-excavator-models.webp\" alt=\"Kopa silindri puksid\"><\/p>\n<h2>Meist<\/h2>\n<p>Oleme juhtiv h\u00fcdrauliliste silindrite tootja ja hulgim\u00fc\u00fcja nii sise- kui ka rahvusvahelisel turul. Meie t\u00e4ielik tootevalik ja suurep\u00e4rane kvaliteet on teinud meist \u00fche usaldusv\u00e4\u00e4rsema ja lugupeetuma nime selles valdkonnas. Peame suurt r\u00f5hku oma toodete kvaliteedile, kasutades oma t\u00e4iustatud tootmis\u00fcksustes peent tootmisjuhtimiss\u00fcsteemi ning t\u00e4iustades pidevalt oma toodete kvaliteeti tehnoloogia, asjatundlike t\u00f6\u00f6tajate ja professionaalsete testimiss\u00fcsteemide abil. Meil \u200b\u200bon tugev teadus- ja arendusmeeskond ning oleme p\u00fchendunud pakkuma suure t\u00f5hususega, suure t\u00e4psusega ja kvaliteetseid tooteid, mis vastavad meie klientide mitmekesistele vajadustele.<\/p>\n<p><img decoding=\"async\" src=\"https:\/\/hzpt.com\/wp-content\/uploads\/2024\/11\/songte-company-1.webp\" alt=\"Ettev\u00f5te\"><\/p>\n<h3>Meie tugevused on j\u00e4rgmised:<\/h3>\n<ul>\n<li>Professionaalsus<\/li>\n<li>Rahvusvaheline sertifitseerimine<\/li>\n<li>Kohandamise teenused<\/li>\n<li>T\u00e4iustatud tootmisseadmed<\/li>\n<li>M\u00fc\u00fcgij\u00e4rgne teenindus<\/li>\n<\/ul>\n<p>Autor: lyl<\/p>","protected":false},"excerpt":{"rendered":"<p>Bucket Cylinder For Caterpillar Middle Excavator E200B Introduction A bucket cylinder is a type of hydraulic cylinder specially designed for controlling the movement of the bucket in heavy machinery such as excavators, backhoes, and front loaders. Its main function is to enable the bucket to perform lifting, lowering, and tilting operations, thus facilitating material handling [&hellip;]<\/p>","protected":false},"featured_media":14785,"comment_status":"open","ping_status":"closed","template":"","meta":{"_et_pb_use_builder":"","_et_pb_old_content":"","_et_gb_content_width":""},"product_brand":[],"product_cat":[1494],"product_tag":[1495,1496],"class_list":{"0":"post-15225","1":"product","2":"type-product","3":"status-publish","4":"has-post-thumbnail","6":"product_cat-bucket-cylinders","7":"product_tag-bucket-cylinders","8":"product_tag-hydraulic-cylinders","10":"first","11":"instock","12":"shipping-taxable","13":"product-type-simple"},"amp_enabled":true,"_links":{"self":[{"href":"https:\/\/www.hydraulic-cylinders.net\/et\/wp-json\/wp\/v2\/product\/15225","targetHints":{"allow":["GET"]}}],"collection":[{"href":"https:\/\/www.hydraulic-cylinders.net\/et\/wp-json\/wp\/v2\/product"}],"about":[{"href":"https:\/\/www.hydraulic-cylinders.net\/et\/wp-json\/wp\/v2\/types\/product"}],"replies":[{"embeddable":true,"href":"https:\/\/www.hydraulic-cylinders.net\/et\/wp-json\/wp\/v2\/comments?post=15225"}],"wp:featuredmedia":[{"embeddable":true,"href":"https:\/\/www.hydraulic-cylinders.net\/et\/wp-json\/wp\/v2\/media\/14785"}],"wp:attachment":[{"href":"https:\/\/www.hydraulic-cylinders.net\/et\/wp-json\/wp\/v2\/media?parent=15225"}],"wp:term":[{"taxonomy":"product_brand","embeddable":true,"href":"https:\/\/www.hydraulic-cylinders.net\/et\/wp-json\/wp\/v2\/product_brand?post=15225"},{"taxonomy":"product_cat","embeddable":true,"href":"https:\/\/www.hydraulic-cylinders.net\/et\/wp-json\/wp\/v2\/product_cat?post=15225"},{"taxonomy":"product_tag","embeddable":true,"href":"https:\/\/www.hydraulic-cylinders.net\/et\/wp-json\/wp\/v2\/product_tag?post=15225"}],"curies":[{"name":"wp","href":"https:\/\/api.w.org\/{rel}","templated":true}]}}