{"id":15226,"date":"2025-01-19T14:15:44","date_gmt":"2025-01-19T14:15:44","guid":{"rendered":"https:\/\/www.hydraulic-cylinders.net\/product\/bucket-cylinder-for-caterpillar-middle-excavator-e320-320b\/"},"modified":"2025-01-19T14:15:46","modified_gmt":"2025-01-19T14:15:46","slug":"bucket-cylinder-for-caterpillar-middle-excavator-e320-320b","status":"publish","type":"product","link":"https:\/\/www.hydraulic-cylinders.net\/et\/toode\/bucket-cylinder-for-caterpillar-middle-excavator-e320-320b\/","title":{"rendered":"Kopa silinder Caterpillar keskmise ekskavaatori E320\/320B jaoks"},"content":{"rendered":"<p><!--h1-->Kopa silinder Caterpillar keskmise ekskavaatori E320\/320B jaoks<!--\/h1--><\/p>\n<p><!--h2-->Sissejuhatus<!--\/h2--><\/p>\n<p>Kopa silinder on spetsiaalselt konstrueeritud h\u00fcdrauliline silinder, mida kasutatakse kopa liikumise juhtimiseks rasketes masinates, n\u00e4iteks ekskavaatorites, laadur-ekskavaatorites ja rataslaadurites. Selle peamine \u00fclesanne on v\u00f5imaldada kopa t\u00f5stmist, langetamist ja kallutamist, muutes mitmesuguste materjalik\u00e4itlust\u00f6\u00f6de tegemise lihtsamaks. H\u00fcdraulilises s\u00fcsteemis saavutab kopa silinder kopa t\u00e4pse juhtimise h\u00fcdraulika\u00f5li r\u00f5hu muutmise abil, v\u00f5imaldades operaatoritel t\u00f5husalt k\u00e4sitseda raskeid koormaid ning kohaneda keerukate t\u00f6\u00f6keskkondade ja mitmekesiste t\u00f6\u00f6n\u00f5uetega.<\/p>\n<p><!--img--><br \/>\n<img decoding=\"async\" src=\"https:\/\/www.hydraulic-cylinders.net\/wp-content\/uploads\/2025\/01\/songte-company-2.webp\"><\/p>\n<p><!--h2-->Omadused<!--\/h2--><\/p>\n<ul>\n<li><strong>Suur tugevus ja vastupidavus:<\/strong> Tavaliselt \u00fclitugevast terasest v\u00f5i alumiiniumist valmistatud kopasilindrid taluvad k\u00f5rget r\u00f5hku ja suuri koormusi, kohandudes karmide t\u00f6\u00f6keskkondadega. Nende konstruktsioonis on arvestatud ka kulumiskindluse ja korrosioonikindlusega, pikendades nende eluiga.<\/li>\n<li><strong>T\u00f5hus h\u00fcdrauliline t\u00f6\u00f6:<\/strong> H\u00fcdraulika\u00f5li r\u00f5hu abil saavutab kopa silinder sujuva pikenduse ja tagasit\u00f5mbamise, pakkudes kiiret reageerimist juhtimisk\u00e4sklustele ja v\u00f5imsat t\u00f5uke- ja t\u00f5mbej\u00f5udu. See sobib raskete koormate ja keerukate t\u00f6\u00f6\u00fclesannete k\u00e4sitsemiseks.<\/li>\n<li><strong>Erinevad t\u00fc\u00fcbid:<\/strong> Kopasilindrit saab vastavalt konkreetsetele t\u00f6\u00f6vajadustele valida \u00fchetoimelise (h\u00fcdrauliline ainult \u00fches suunas) v\u00f5i kahetoimelise (h\u00fcdrauliline m\u00f5lemas suunas) silindrina. Teatud mudelid on teleskoopilised, mis v\u00f5imaldab suuremat pikendust ilma v\u00e4lism\u00f5\u00f5tmeid suurendamata, mist\u00f5ttu sobivad need piiratud ruumiga rakenduste jaoks.<\/li>\n<li><strong>T\u00e4iuslik asendus:<\/strong> Meie toode saab neid h\u00fcdrosilindreid ideaalselt asendada.<\/li>\n<\/ul>\n<p><!--img--><br \/>\n<img decoding=\"async\" src=\"https:\/\/www.hydraulic-cylinders.net\/wp-content\/uploads\/2025\/01\/songte-cylinder-head-with-all-kinds-excavator-models.webp\"><\/p>\n<p><!--h2-->Rakendused<!--\/h2--><\/p>\n<p>Kopa silinder leiab oma rakendusi erinevates seadmetes:<\/p>\n<ul>\n<li><strong>Ehitustehnika:<\/strong> Ekskavaatorites leiduvad silindrid on olulised kaevamiseks, laadimiseks ja pinnase v\u00f5i prahi teisaldamiseks. Ekskavaator-laadurites aitab kopa silinder nii kaevamisel kui ka t\u00f5stmisel.<\/li>\n<li><strong>P\u00f5llumajandusmasinad:<\/strong> Esilaadurites kasutatavaid seadmeid kasutatakse mulla, heina ja muude materjalide k\u00fchveldamisel, t\u00f5stmisel ja transportimisel.<\/li>\n<li><strong>Ekskavaatorid:<\/strong> Kopa silinder v\u00f5imaldab kaevamist, lastes kopal pinnasesse tungida.<\/li>\n<li><strong>Rataslaadurid:<\/strong> Frontaallaadurites aitavad need kaupu t\u00f5husalt t\u00f5sta ja maha visata.<\/li>\n<\/ul>\n<p><!--img--><br \/>\n<img decoding=\"async\" src=\"https:\/\/www.hydraulic-cylinders.net\/wp-content\/uploads\/2025\/01\/songte-oil-pipes-and-spare-parts.webp\"><\/p>\n<p><!--h2-->Projekteerimiskaalutlused ja valikukriteeriumid<!--\/h2--><\/p>\n<p>Kopasilindrite projekteerimiskaalutluste ja valikukriteeriumide osas on olulised mitmed tegurid:<\/p>\n<ul>\n<li><strong>Kandev\u00f5ime:<\/strong> Silinder peaks olema konstrueeritud nii, et see taluks eeldatavaid koormusi ja j\u00f5ude.<\/li>\n<li><strong>Tihendus:<\/strong> Kasutatakse mitmesuguseid tihenduskomponente, n\u00e4iteks kolvitihendeid ja vardatihendeid, mis on tavaliselt valmistatud kulumiskindlatest materjalidest nagu pol\u00fcuretaan ja nitriilkummi. Silindri korpus ja keermestatud otsad on kulumiskindluse parandamiseks peenelt t\u00f6\u00f6deldud.<\/li>\n<li><strong>Vastupidavus:<\/strong> Kopa silinder peaks olema konstrueeritud vastupidavaks, arvestades t\u00f6\u00f6tingimusi ja materjale, millega see kokku puutub.<\/li>\n<li><strong>Ohutus:<\/strong> \u00d5nnetuste v\u00e4ltimiseks ja operaatori kaitse tagamiseks tuleks paigaldada ohutusfunktsioonid.<\/li>\n<li><strong>Hooldus:<\/strong> Seisakuaja minimeerimiseks on olulised kaalutlused, mis on lihtne hooldada ja parandada.<\/li>\n<\/ul>\n<p><!--img--><br \/>\n<img decoding=\"async\" src=\"https:\/\/www.hydraulic-cylinders.net\/wp-content\/uploads\/2025\/01\/songte-chushion-collar.webp\"><\/p>\n<p><!--h2-->Tihendus ja m\u00e4\u00e4rimine<!--\/h2--><\/p>\n<p>Kopasilindris kasutatakse mitmesuguseid tihenduskomponente, n\u00e4iteks kolvitihendeid ja vardatihendeid, mis on valmistatud kulumiskindlatest materjalidest, n\u00e4iteks pol\u00fcuretaanist ja nitriilkummist. Silindri korpus ja keermestatud otsad on kulumiskindluse parandamiseks peenelt t\u00f6\u00f6deldud. Sujuva t\u00f6\u00f6 tagamiseks ja liigse kulumise v\u00e4ltimiseks on vaja regulaarset m\u00e4\u00e4rimist sobiva h\u00fcdraulika\u00f5liga.<\/p>\n<p><!--h2-->Regulaarne kontroll ja ennetav hooldus<!--\/h2--><\/p>\n<p>Optimaalse j\u00f5udluse ja pikaealisuse tagamiseks on oluline regulaarne kontroll ja ennetav hooldus:<\/p>\n<ul>\n<li>Kontrollige kopa silindrit regulaarselt kulumise, kahjustuste v\u00f5i lekete suhtes.<\/li>\n<li>N\u00f5uetekohane m\u00e4\u00e4rimine kindlaksm\u00e4\u00e4ratud intervallidega.<\/li>\n<li>Vajadusel vahetage tihendid ja tihendid v\u00e4lja.<\/li>\n<li>Kontrollige ja kalibreerige silindrit regulaarselt \u00f5ige joonduse ja t\u00f6\u00f6 tagamiseks.<\/li>\n<\/ul>\n<p><!--img--><br \/>\n<img decoding=\"async\" src=\"https:\/\/www.hydraulic-cylinders.net\/wp-content\/uploads\/2025\/01\/songte-bushings-with-all-kinds-of-excavator-models.webp\"><\/p>\n<p><!--h2-->Ohutuskaalutlused ja keskkonnategurid<!--\/h2--><\/p>\n<p>Kopasilindri kasutamisel on ohutusmeetmete tagamine kriitilise t\u00e4htsusega \u00f5nnetuste ennetamiseks ja personali kaitsmiseks. Samuti tuleks arvestada keskkonnateguritega, et minimeerida negatiivset m\u00f5ju \u00fcmbrusele.<\/p>\n<p><!--h2-->Veaotsing ja levinud probleemid<!--\/h2--><\/p>\n<p>Kopasilindri probleemide ilmnemisel on oluline need viivitamatult diagnoosida ja lahendada. Siin on levinumad t\u00f5rkeotsingu n\u00e4pun\u00e4ited ja lahendused:<\/p>\n<ul>\n<li>Pakkuge t\u00f5rkeotsingu n\u00e4pun\u00e4iteid ja lahendusi.<\/li>\n<li>Soovitage ennetavaid meetmeid v\u00f5imalike probleemide minimeerimiseks.<\/li>\n<\/ul>\n<p><!--img--><br \/>\n<img decoding=\"async\" src=\"https:\/\/www.hydraulic-cylinders.net\/wp-content\/uploads\/2025\/01\/songte-company-1.webp\"><\/p>\n<p><!--h2-->Ettev\u00f5tte tutvustus<!--\/h2--><\/p>\n<p>Oleme asendush\u00fcdrauliliste silindrite tootja, pakkudes t\u00e4ielikku tootevalikut. Oleme saanud \u00fcheks juhtivaks h\u00fcdrosilindrite tootjaks ja hulgim\u00fc\u00fcjaks nii sise- kui ka rahvusvahelisel turul. Meie ettev\u00f5te j\u00e4rgib tipptaseme p\u00f5him\u00f5tteid ja tugineb industrialiseeritud tootmise juhtimisstrateegiatele peenelt varustatud tootmist\u00f6\u00f6kodades. Tehniliste oskuste, tipptasemel tootmisseadmete ja professionaalsete testimiss\u00fcsteemide abil t\u00e4iustame pidevalt oma tootmisplatvormi, t\u00e4iusliku tootekvaliteediga tootmisliine ja omame tugevat innovatsiooniv\u00f5imet. Meie prioriteediks on t\u00f5husus, t\u00e4psus ja k\u00f5rge kvaliteet, et rahuldada klientide mitmekesiseid vajadusi.<\/p>\n<p><!--img--><br \/>\n<img decoding=\"async\" src=\"https:\/\/www.hydraulic-cylinders.net\/wp-content\/uploads\/2025\/01\/songte-company-3.webp\"><\/p>\n<p><!--h2-->Ettev\u00f5tte olulisemad s\u00fcndmused<!--\/h2--><\/p>\n<ul>\n<li>Professionaalsus<\/li>\n<li>Rahvusvahelised sertifikaadid<\/li>\n<li>Kohandamise teenused<\/li>\n<li>T\u00e4iustatud tootmisseadmed<\/li>\n<li>M\u00fc\u00fcgij\u00e4rgne teenindus<\/li>\n<\/ul>\n<p><!--h2-->Autorsus<!--\/h2--><\/p>\n<p>Autor: lyl<\/p>","protected":false},"excerpt":{"rendered":"<p>Bucket Cylinder For Caterpillar Middle Excavator E320\/320B Introduction A bucket cylinder is a specially designed hydraulic cylinder used to control the movement of the bucket in heavy machinery such as excavators, backhoe loaders, and wheel loaders. Its main function is to enable the lifting, lowering, and tilting of the bucket, making it easier to handle [&hellip;]<\/p>","protected":false},"featured_media":14784,"comment_status":"open","ping_status":"closed","template":"","meta":{"_et_pb_use_builder":"","_et_pb_old_content":"","_et_gb_content_width":""},"product_brand":[],"product_cat":[1494],"product_tag":[1495,1496],"class_list":{"0":"post-15226","1":"product","2":"type-product","3":"status-publish","4":"has-post-thumbnail","6":"product_cat-bucket-cylinders","7":"product_tag-bucket-cylinders","8":"product_tag-hydraulic-cylinders","10":"first","11":"instock","12":"shipping-taxable","13":"product-type-simple"},"amp_enabled":true,"_links":{"self":[{"href":"https:\/\/www.hydraulic-cylinders.net\/et\/wp-json\/wp\/v2\/product\/15226","targetHints":{"allow":["GET"]}}],"collection":[{"href":"https:\/\/www.hydraulic-cylinders.net\/et\/wp-json\/wp\/v2\/product"}],"about":[{"href":"https:\/\/www.hydraulic-cylinders.net\/et\/wp-json\/wp\/v2\/types\/product"}],"replies":[{"embeddable":true,"href":"https:\/\/www.hydraulic-cylinders.net\/et\/wp-json\/wp\/v2\/comments?post=15226"}],"wp:featuredmedia":[{"embeddable":true,"href":"https:\/\/www.hydraulic-cylinders.net\/et\/wp-json\/wp\/v2\/media\/14784"}],"wp:attachment":[{"href":"https:\/\/www.hydraulic-cylinders.net\/et\/wp-json\/wp\/v2\/media?parent=15226"}],"wp:term":[{"taxonomy":"product_brand","embeddable":true,"href":"https:\/\/www.hydraulic-cylinders.net\/et\/wp-json\/wp\/v2\/product_brand?post=15226"},{"taxonomy":"product_cat","embeddable":true,"href":"https:\/\/www.hydraulic-cylinders.net\/et\/wp-json\/wp\/v2\/product_cat?post=15226"},{"taxonomy":"product_tag","embeddable":true,"href":"https:\/\/www.hydraulic-cylinders.net\/et\/wp-json\/wp\/v2\/product_tag?post=15226"}],"curies":[{"name":"wp","href":"https:\/\/api.w.org\/{rel}","templated":true}]}}