{"id":15229,"date":"2025-01-19T14:16:02","date_gmt":"2025-01-19T14:16:02","guid":{"rendered":"https:\/\/www.hydraulic-cylinders.net\/product\/bucket-cylinder-for-caterpillar-middle-excavator-e324d-324dz\/"},"modified":"2025-01-19T14:16:04","modified_gmt":"2025-01-19T14:16:04","slug":"bucket-cylinder-for-caterpillar-middle-excavator-e324d-324dz","status":"publish","type":"product","link":"https:\/\/www.hydraulic-cylinders.net\/et\/toode\/bucket-cylinder-for-caterpillar-middle-excavator-e324d-324dz\/","title":{"rendered":"Kopa silinder Caterpillar keskmise ekskavaatori E324D\/324DZ jaoks"},"content":{"rendered":"<p><!DOCTYPE html><br \/>\n<html><br \/>\n<head><br \/>\n<title>Kopa silinder Caterpillar keskmise ekskavaatori E324D\/324DZ jaoks<\/title><br \/>\n<\/head><br \/>\n<body><\/p>\n<h1>Kopa silinder Caterpillar keskmise ekskavaatori E324D\/324DZ jaoks<\/h1>\n<h2>Sissejuhatus<\/h2>\n<p>Kopa silinder on spetsiaalselt konstrueeritud h\u00fcdrauliline silinder, mida kasutatakse kopa liikumise juhtimiseks rasketes masinates, n\u00e4iteks ekskavaatorites, laadur-ekskavaatorites ja esilaadurites. Selle peamine \u00fclesanne on v\u00f5imaldada kopa t\u00f5stmist, langetamist ja kallutamist, muutes mitmesuguste materjalik\u00e4itlust\u00f6\u00f6de tegemise lihtsamaks. H\u00fcdraulilises s\u00fcsteemis saavutab kopa silinder kopa t\u00e4pse juhtimise, kasutades h\u00fcdraulika\u00f5li r\u00f5humuutusi, v\u00f5imaldades operaatoritel t\u00f5husalt k\u00e4sitseda raskeid koormaid ning kohaneda keerukate t\u00f6\u00f6keskkondade ja mitmekesiste t\u00f6\u00f6n\u00f5uetega.<\/p>\n<p><img decoding=\"async\" src=\"https:\/\/www.hydraulic-cylinders.net\/wp-content\/uploads\/2025\/01\/songte-company-2.webp\" alt=\"\u00c4mbri silindri pilt\"><\/p>\n<h2>Omadused<\/h2>\n<ul>\n<li><strong>Suur tugevus ja vastupidavus:<\/strong> Tavaliselt \u00fclitugevast terasest v\u00f5i alumiiniumist valmistatud kopasilindrid taluvad k\u00f5rget r\u00f5hku ja suuri koormusi, kohandudes karmide t\u00f6\u00f6keskkondadega. Nende konstrueerimisel on arvestatud kulumiskindluse ja korrosioonikindlusega, pikendades nende eluiga.<\/li>\n<li><strong>T\u00f5hus h\u00fcdrauliline t\u00f6\u00f6:<\/strong> H\u00fcdraulika\u00f5li r\u00f5hu abil saavutab kopa silinder sujuva pikenduse ja tagasit\u00f5mbamise, v\u00f5imaldades kiiret reageerimist juhtimisk\u00e4sklustele ning v\u00f5imsaid t\u00f5uke- ja t\u00f5mbej\u00f5ude. See sobib raskete koormate ja keerukate t\u00f6\u00f6\u00fclesannete k\u00e4sitsemiseks.<\/li>\n<li><strong>Erinevad t\u00fc\u00fcbid:<\/strong> Kopasilindrit saab vastavalt konkreetsetele t\u00f6\u00f6vajadustele valida \u00fchetoimelise (h\u00fcdraulika kasutatakse ainult \u00fches suunas) v\u00f5i kahetoimelise (h\u00fcdraulika kasutatakse m\u00f5lemas suunas) silindrina. M\u00f5ned mudelid on teleskoopilised, mis v\u00f5imaldab suuremat pikendamist ilma v\u00e4lism\u00f5\u00f5tmeid suurendamata, mist\u00f5ttu need sobivad piiratud ruumiga rakenduste jaoks.<\/li>\n<\/ul>\n<p><img decoding=\"async\" src=\"https:\/\/www.hydraulic-cylinders.net\/wp-content\/uploads\/2025\/01\/songte-cylinder-head-with-all-kinds-excavator-models.webp\" alt=\"Toote pilt\"><\/p>\n<h2>Rakendused<\/h2>\n<p>Kopasilindrit kasutatakse erinevates seadmetes:<\/p>\n<ul>\n<li><strong>Ehitustehnika:<\/strong> Ekskavaatorites leiduvad silindrid on olulised kaevamiseks, laadimiseks ja pinnase v\u00f5i prahi teisaldamiseks. Ekskavaator-laadurites aitab kopa silinder nii kaevamisel kui ka t\u00f5stmisel.<\/li>\n<li><strong>P\u00f5llumajandusmasinad:<\/strong> Kasutatakse esilaadurites mulla, heina ja muude materjalide kopeerimiseks, t\u00f5stmiseks ja transportimiseks.<\/li>\n<li><strong>Ekskavaatorid:<\/strong> Kopa silinder v\u00f5imaldab kaevamist, lastes kopal pinnasesse tungida.<\/li>\n<li><strong>Laadurid:<\/strong> Frontaallaadurites aitavad need kaupu t\u00f5husalt t\u00f5sta ja maha laadida.<\/li>\n<\/ul>\n<h2>Projekteerimiskaalutlused ja valikukriteeriumid<\/h2>\n<p>Projekteerimise seisukohast on kopasilindri kandev\u00f5ime, tihendus, vastupidavus, ohutus ja hooldatavus \u00e4\u00e4rmiselt olulised:<\/p>\n<p><img decoding=\"async\" src=\"https:\/\/www.hydraulic-cylinders.net\/wp-content\/uploads\/2025\/01\/songte-oil-pipes-and-spare-parts.webp\" alt=\"Toote pilt\"><\/p>\n<h2>Tihendus ja m\u00e4\u00e4rimine<\/h2>\n<p>Kopasilindris kasutatakse mitmesuguseid tihendeid, n\u00e4iteks kolvitihendeid ja vardatihendeid, mis on valmistatud kulumiskindlatest materjalidest, n\u00e4iteks pol\u00fcuretaanist ja nitriilkummist. Silindri korpus ja keermestatud otsapind on kulumiskindluse parandamiseks peenelt t\u00f6\u00f6deldud. Sujuva t\u00f6\u00f6 tagamiseks on vajalik regulaarne m\u00e4\u00e4rimine sobiva koguse h\u00fcdraulika\u00f5liga.<\/p>\n<h2>Regulaarne kontroll ja ennetav hooldus<\/h2>\n<p>Kopasilindri j\u00f5udluse ja pikaealisuse s\u00e4ilitamiseks on oluline regulaarne kontroll ja ennetavad hooldusmeetmed. M\u00f5ned olulised meetmed h\u00f5lmavad j\u00e4rgmist:<\/p>\n<h2>Toote paigaldusjuhend<\/h2>\n<p>Toote \u00f5ige paigaldamine on optimaalse j\u00f5udluse ja ohutuse tagamiseks \u00fclioluline. Siin on m\u00f5ned olulised punktid, mida kaaluda:<\/p>\n<p><img decoding=\"async\" src=\"https:\/\/www.hydraulic-cylinders.net\/wp-content\/uploads\/2025\/01\/songte-chushion-collar.webp\" alt=\"Toote pilt\"><\/p>\n<h2>Hooldus\u00fclesanded<\/h2>\n<p>Kopasilindri tavaliste hooldust\u00f6\u00f6de hulka kuuluvad regulaarne kontroll, n\u00f5uetekohane m\u00e4\u00e4rimine, tihendite vahetamine ja kalibreerimise kontrollimine. Oluline on anda silindri joondamiseks paigaldusprotsessi ajal \u00f5igeid juhiseid ja soovitada silindri kinnitamiseks sobivate kinnitusklambrite kasutamist. Kopasilindri pikaealisuse pikendamiseks on esitatud soovitatavad kontrolli-, remondi- ja vahetusprotseduurid.<\/p>\n<h2>Ohutuskaalutlused ja keskkonnategurid<\/h2>\n<p>Kopasilindri kasutamisel tuleks ohutusmeetmeid esikohale seada. Ballooniga t\u00f6\u00f6tamisel on oluline arvestada ohutusabin\u00f5udega, et v\u00e4ltida \u00f5nnetusi ning kaitsta personali ja seadmeid.<\/p>\n<p><img decoding=\"async\" src=\"https:\/\/www.hydraulic-cylinders.net\/wp-content\/uploads\/2025\/01\/songte-bushings-with-all-kinds-of-excavator-models.webp\" alt=\"Toote pilt\"><\/p>\n<h2>Veaotsing ja levinud probleemid<\/h2>\n<p>Siin on m\u00f5ned levinud t\u00f5rkeotsingu n\u00e4pun\u00e4ited ja lahendused, mis aitavad probleeme t\u00f5husalt diagnoosida ja lahendada. Samuti on oluline pakkuda ennetavaid meetmeid v\u00f5imalike probleemide minimeerimiseks.<\/p>\n<h2>Meie ettev\u00f5ttest<\/h2>\n<p>Oleme asendush\u00fcdrauliliste silindrite tootja ja pakume laia tootevalikut. Oleme \u00fcks juhtivaid h\u00fcdrauliliste silindrite tootjaid ja hulgim\u00fc\u00fcjaid nii sise- kui ka rahvusvahelisel turul. Meie t\u00e4iustatud tootmist\u00f6\u00f6kojas j\u00e4rgime tipptaseme p\u00f5him\u00f5tteid ja tugineme t\u00f6\u00f6stusliku tootmise juhtimise strateegiatele. Keskendudes tehnoloogilistele annetele, tipptasemel digitaalsetele tootmisseadmetele ja professionaalsetele testimiss\u00fcsteemidele, t\u00e4iustame pidevalt oma tootmisplatvormi ja tootekvaliteedi tootmisviise. Meil \u200b\u200bon tugev loominguline v\u00f5imekus ja p\u00fc\u00fcame rahuldada klientide mitmekesiseid vajadusi suure t\u00f5hususega, t\u00e4psuse ja kvaliteediga.<\/p>\n<p><img decoding=\"async\" src=\"https:\/\/www.hydraulic-cylinders.net\/wp-content\/uploads\/2025\/01\/songte-company-3.webp\" alt=\"Ettev\u00f5tte kuvand\"><\/p>\n<p>Meie ettev\u00f5tet saab l\u00e4hemalt tutvustada j\u00e4rgmistest aspektidest:<\/p>\n<ul>\n<li><strong>Professionaalsus:<\/strong> Meil on professionaalide meeskond, kes on p\u00fchendunud kvaliteetsete h\u00fcdrosilindrite pakkumisele.<\/li>\n<li><strong>Rahvusvahelised sertifikaadid:<\/strong> Meie tooted vastavad rahvusvahelistele kvaliteedistandarditele ja sertifikaatidele.<\/li>\n<li><strong>Kohandamise teenused:<\/strong> Pakume kohandatud lahendusi, et rahuldada klientide erivajadusi.<\/li>\n<li><strong>Tootmisseadmed:<\/strong> Meil on t\u00e4iustatud tootmisseadmed, et tagada meie toodete kvaliteet ja t\u00f5husus.<\/li>\n<li><strong>M\u00fc\u00fcgij\u00e4rgne teenindus:<\/strong> Pakume klientide rahulolu tagamiseks igak\u00fclgset m\u00fc\u00fcgij\u00e4rgset teenindust.<\/li>\n<\/ul>\n<p>Autor: lyl<\/p>\n<p><\/body><br \/>\n<\/html><\/p>","protected":false},"excerpt":{"rendered":"<p>Bucket Cylinder For Caterpillar Middle Excavator E324D\/324DZ Bucket Cylinder For Caterpillar Middle Excavator E324D\/324DZ Introduction The bucket cylinder is a specially designed hydraulic cylinder used to control the movement of the bucket in heavy machinery such as excavators, backhoe loaders, and front-end loaders. Its main function is to enable the lifting, lowering, and tilting of [&hellip;]<\/p>","protected":false},"featured_media":14778,"comment_status":"open","ping_status":"closed","template":"","meta":{"_et_pb_use_builder":"","_et_pb_old_content":"","_et_gb_content_width":""},"product_brand":[],"product_cat":[1494],"product_tag":[1495,1496],"class_list":{"0":"post-15229","1":"product","2":"type-product","3":"status-publish","4":"has-post-thumbnail","6":"product_cat-bucket-cylinders","7":"product_tag-bucket-cylinders","8":"product_tag-hydraulic-cylinders","10":"first","11":"instock","12":"shipping-taxable","13":"product-type-simple"},"amp_enabled":true,"_links":{"self":[{"href":"https:\/\/www.hydraulic-cylinders.net\/et\/wp-json\/wp\/v2\/product\/15229","targetHints":{"allow":["GET"]}}],"collection":[{"href":"https:\/\/www.hydraulic-cylinders.net\/et\/wp-json\/wp\/v2\/product"}],"about":[{"href":"https:\/\/www.hydraulic-cylinders.net\/et\/wp-json\/wp\/v2\/types\/product"}],"replies":[{"embeddable":true,"href":"https:\/\/www.hydraulic-cylinders.net\/et\/wp-json\/wp\/v2\/comments?post=15229"}],"wp:featuredmedia":[{"embeddable":true,"href":"https:\/\/www.hydraulic-cylinders.net\/et\/wp-json\/wp\/v2\/media\/14778"}],"wp:attachment":[{"href":"https:\/\/www.hydraulic-cylinders.net\/et\/wp-json\/wp\/v2\/media?parent=15229"}],"wp:term":[{"taxonomy":"product_brand","embeddable":true,"href":"https:\/\/www.hydraulic-cylinders.net\/et\/wp-json\/wp\/v2\/product_brand?post=15229"},{"taxonomy":"product_cat","embeddable":true,"href":"https:\/\/www.hydraulic-cylinders.net\/et\/wp-json\/wp\/v2\/product_cat?post=15229"},{"taxonomy":"product_tag","embeddable":true,"href":"https:\/\/www.hydraulic-cylinders.net\/et\/wp-json\/wp\/v2\/product_tag?post=15229"}],"curies":[{"name":"wp","href":"https:\/\/api.w.org\/{rel}","templated":true}]}}