{"id":15230,"date":"2025-01-19T14:16:10","date_gmt":"2025-01-19T14:16:10","guid":{"rendered":"https:\/\/www.hydraulic-cylinders.net\/product\/bucket-cylinder-for-caterpillar-middle-excavator-e240bl\/"},"modified":"2025-01-19T14:16:12","modified_gmt":"2025-01-19T14:16:12","slug":"bucket-cylinder-for-caterpillar-middle-excavator-e240bl","status":"publish","type":"product","link":"https:\/\/www.hydraulic-cylinders.net\/et\/toode\/bucket-cylinder-for-caterpillar-middle-excavator-e240bl\/","title":{"rendered":"Kopa silinder Caterpillar keskmise ekskavaatori E240BL jaoks"},"content":{"rendered":"<h1>Kopa silinder Caterpillar keskmise ekskavaatori E240BL jaoks<\/h1>\n<h2>Sissejuhatus<\/h2>\n<p>Kopa silinder on spetsiaalselt konstrueeritud h\u00fcdrauliline silinder, mida kasutatakse koppade liikumise juhtimiseks rasketes masinates, n\u00e4iteks ekskavaatorites, laadurites ja esilaadurites. Selle peamine \u00fclesanne on v\u00f5imaldada kopal sooritada t\u00f5stmis-, langetamis- ja kallutustoiminguid, muutes mitmesuguste materjalik\u00e4itlust\u00f6\u00f6de tegemise lihtsamaks. H\u00fcdraulilises s\u00fcsteemis saavutab kopa silinder kopa liikumise t\u00e4pse juhtimise h\u00fcdraulika\u00f5li r\u00f5hu muutuste kaudu, v\u00f5imaldades operaatoritel t\u00f5husalt k\u00e4sitseda raskeid koormaid ning kohaneda keerukate t\u00f6\u00f6keskkondade ja mitmekesiste t\u00f6\u00f6n\u00f5uetega.<\/p>\n<p><img decoding=\"async\" src=\"https:\/\/www.hydraulic-cylinders.net\/wp-content\/uploads\/2025\/01\/songte-company-2.webp\" alt=\"\u00c4mbri silindri pilt\"><\/p>\n<h2>Omadused<\/h2>\n<ul>\n<li>Suur tugevus ja vastupidavus: Tavaliselt valmistatud \u00fclitugevast terasest v\u00f5i alumiiniumist, see talub k\u00f5rget r\u00f5hku ja suuri koormusi, kohaneb karmide t\u00f6\u00f6keskkondadega ning on loodud kulumiskindlust ja korrosioonikindlust silmas pidades, pikendades selle kasutusiga.<\/li>\n<li>T\u00f5hus h\u00fcdrauliline t\u00f6\u00f6: H\u00fcdraulika\u00f5li r\u00f5hu abil saavutatakse sujuv pikendamine ja kokkut\u00f5mbamine ning see reageerib kiiresti juhtimisk\u00e4sklustele, pakkudes v\u00f5imsaid t\u00f5uke- ja t\u00f5mbej\u00f5ude, mist\u00f5ttu sobib see raskete koormate ja keerukate t\u00f6\u00f6de k\u00e4sitsemiseks.<\/li>\n<li>Erinevad t\u00fc\u00fcbid: vastavalt vajadusele saab valida \u00fchetoimelisi (h\u00fcdrauliliselt \u00fches suunas) v\u00f5i kahetoimelisi (h\u00fcdrauliliselt kahes suunas) silindreid, et rahuldada erinevaid t\u00f6\u00f6vajadusi. M\u00f5ned mudelid on teleskoopilised, mis v\u00f5imaldab suuremat pikendamist ilma v\u00e4lism\u00f5\u00f5tmeid suurendamata, mist\u00f5ttu need sobivad piiratud ruumiga rakenduste jaoks.<\/li>\n<li>Meie toode saab neid h\u00fcdrosilindreid ideaalselt asendada.<\/li>\n<\/ul>\n<p><img decoding=\"async\" src=\"https:\/\/www.hydraulic-cylinders.net\/wp-content\/uploads\/2025\/01\/songte-cylinder-head-with-all-kinds-excavator-models.webp\" alt=\"\u00c4mbri silindri pilt\"><\/p>\n<h2>Rakendused<\/h2>\n<p>Kopasilindrit kasutatakse erinevates rasketehnika masinates:<\/p>\n<ul>\n<li>Ehitusseadmed: need on ekskavaatorite jaoks h\u00e4davajalikud kaevamisel, laadimisel ja pinnase v\u00f5i prahi teisaldamisel. Ekskavaatoritel aitab kopa silinder nii kaevamisel kui ka t\u00f5stmisel. <\/li>\n<li>P\u00f5llumajandusmasinad: Kasutatakse esilaadurites mulla, heina ja muude materjalide k\u00fchveldamiseks, t\u00f5stmiseks ja transportimiseks. <\/li>\n<li>Ekskavaatorid: Kopasilindrid v\u00f5imaldavad kaevamist, lastes kopal pinnasesse tungida. <\/li>\n<li>Laadurid: Esilaadurites aitavad need kaupu t\u00f5husalt t\u00f5sta ja kallutada. <\/li>\n<\/ul>\n<h2>Projekteerimiskaalutlused ja valikukriteeriumid<\/h2>\n<p>Kopasilindri konstruktsioon on oluline, et tagada selle t\u00f6\u00f6kindlus karmides t\u00f6\u00f6tingimustes. J\u00e4rgnevalt on toodud m\u00f5ned olulised projekteerimiskaalutlused ja valikukriteeriumid:<\/p>\n<ul>\n<li>Kandev\u00f5ime: See peab suutma taluda k\u00f5rget r\u00f5hku ja suuri koormusi. <\/li>\n<li>Tihendus: Sellel peavad olema kvaliteetsed tihenduselemendid, n\u00e4iteks kolvitihendid ja varrastihendid, mis on valmistatud kulumiskindlatest materjalidest, n\u00e4iteks pol\u00fcuretaanist ja nitriilkummist. <\/li>\n<li>Vastupidavus: Silindri korpus ja keermestatud otsapinnad tuleb kulumiskindluse parandamiseks peenelt t\u00f6\u00f6delda. <\/li>\n<li>Ohutus: \u00dclekoormuse v\u00e4ltimiseks peavad sellel olema ohutusfunktsioonid, n\u00e4iteks m\u00f6\u00f6davooluklapid ja r\u00f5hualandusklapid. <\/li>\n<li>Hooldatavus: Sellel peavad olema kergesti vahetatavad kuluvad osad ja hoolduseks kergesti lahtiv\u00f5etav konstruktsioon. <\/li>\n<\/ul>\n<p><img decoding=\"async\" src=\"https:\/\/www.hydraulic-cylinders.net\/wp-content\/uploads\/2025\/01\/songte-oil-pipes-and-spare-parts.webp\" alt=\"\u00c4mbri silindri pilt\"><\/p>\n<h2>Tihendus ja m\u00e4\u00e4rimine<\/h2>\n<p>Kopa silinder vajab \u00f5lilekke v\u00e4ltimiseks ja n\u00f5uetekohase m\u00e4\u00e4rimise tagamiseks mitmesuguseid tihenduselemente. J\u00e4rgnevalt on toodud m\u00f5ned olulised punktid, mida arvestada:<\/p>\n<ul>\n<li>Kasutage erinevaid tihenduselemente, n\u00e4iteks kolvitihendeid ja vardatihendeid<\/li>\n<li>Valige kulumiskindlatest materjalidest, n\u00e4iteks pol\u00fcuretaanist ja nitriilkummist, valmistatud tihenduselemendid<\/li>\n<li>Veenduge, et silindri korpus ja keermestatud otsapinnad oleksid kulumiskindluse parandamiseks peenelt t\u00f6\u00f6deldud.<\/li>\n<li>Lisage regulaarselt sobivat h\u00fcdraulika\u00f5li m\u00e4\u00e4rimiseks<\/li>\n<\/ul>\n<h2>Hooldus ja remont<\/h2>\n<p>Kopasilindri optimaalse j\u00f5udluse ja vastupidavuse tagamiseks on vaja regulaarset kontrolli ja ennetavat hooldust. J\u00e4rgnevalt on toodud m\u00f5ned levinumad hooldust\u00f6\u00f6d:<\/p>\n<ul>\n<li>Regulaarne kontroll<\/li>\n<li>\u00d5ige m\u00e4\u00e4rimine<\/li>\n<li>Tihendi vahetamine<\/li>\n<li>Kalibreerimiskontroll<\/li>\n<\/ul>\n<p><img decoding=\"async\" src=\"https:\/\/www.hydraulic-cylinders.net\/wp-content\/uploads\/2025\/01\/songte-chushion-collar.webp\" alt=\"\u00c4mbri silindri pilt\"><\/p>\n<h2>Ohutus- ja keskkonnakaalutlused<\/h2>\n<p>Kopasilindri kasutamisel tuleks v\u00f5tta ohutusmeetmeid ohutu t\u00f6\u00f6 tagamiseks. Lisaks tuleks arvestada ka keskkonnakaalutlustega, n\u00e4iteks \u00f5lilekkega.<\/p>\n<h2>Diagnostilised ja levinud probleemid<\/h2>\n<p>J\u00e4rgnevalt on toodud m\u00f5ned levinud probleemid, mis v\u00f5ivad kopasilindri kasutamisel tekkida:<\/p>\n<ul>\n<li>\u00d5lileke<\/li>\n<li>Ebapiisav r\u00f5hk<\/li>\n<li>Aeglane liikumine<\/li>\n<li>Liigne vibratsioon<\/li>\n<\/ul>\n<h2>Ettev\u00f5tte tutvustus<\/h2>\n<p>Oleme h\u00fcdrauliliste silindrite tootja, mis suudavad asendada originaalsilindreid. Meie ettev\u00f5tte tooted on mitmekesised ja oleme saanud \u00fcheks juhtivaks h\u00fcdrauliliste silindrite tootjaks ja hulgim\u00fc\u00fcjaks nii sise- kui ka rahvusvahelisel turul. J\u00e4rgime suurep\u00e4rase kvaliteedi p\u00f5him\u00f5tet ja tugineme peenvalmistatud t\u00f6\u00f6kodades t\u00f6\u00f6stusliku tootmise juhtimise strateegiatele. T\u00e4iustame pidevalt oma tootmisplatvorme ja tootekvaliteediga tootmisliine ning meil on tugev loominguline v\u00f5imekus. Meie klientide mitmekesised vajadused rahuldatakse meie k\u00f5rge efektiivsuse, suure t\u00e4psuse ja k\u00f5rge kvaliteedi p\u00f5him\u00f5tete alusel.<\/p>\n<p>Meie ettev\u00f5te pakub ka kohandatud teenuseid ja rahvusvahelisi sertifikaate, sealhulgas ISO9001, ISO14001 ja CE-sertifikaate. Meil \u200b\u200bon professionaalsed tootmisseadmed ja m\u00fc\u00fcgij\u00e4rgne teenindus, sealhulgas varuosade vahetus ja taastamisteenused, et tagada meie toodete pikk kasutusiga.<\/p>\n<p><img decoding=\"async\" src=\"https:\/\/hzpt.com\/wp-content\/uploads\/2024\/11\/songte-company-1.webp\" alt=\"\u00c4mbri silindri pilt\"><\/p>\n<p>Autor: lyl<\/p>","protected":false},"excerpt":{"rendered":"<p>Bucket Cylinder For Caterpillar Middle Excavator E240BL Introduction A bucket cylinder is a specially designed hydraulic cylinder used to control the movement of buckets in heavy-duty machinery such as excavators, backhoes, and front loaders. Its main function is to enable the bucket to perform lifting, lowering, and tilting actions, making it easier to handle various [&hellip;]<\/p>","protected":false},"featured_media":14776,"comment_status":"open","ping_status":"closed","template":"","meta":{"_et_pb_use_builder":"","_et_pb_old_content":"","_et_gb_content_width":""},"product_brand":[],"product_cat":[1494],"product_tag":[1495,1496],"class_list":{"0":"post-15230","1":"product","2":"type-product","3":"status-publish","4":"has-post-thumbnail","6":"product_cat-bucket-cylinders","7":"product_tag-bucket-cylinders","8":"product_tag-hydraulic-cylinders","10":"first","11":"instock","12":"shipping-taxable","13":"product-type-simple"},"amp_enabled":true,"_links":{"self":[{"href":"https:\/\/www.hydraulic-cylinders.net\/et\/wp-json\/wp\/v2\/product\/15230","targetHints":{"allow":["GET"]}}],"collection":[{"href":"https:\/\/www.hydraulic-cylinders.net\/et\/wp-json\/wp\/v2\/product"}],"about":[{"href":"https:\/\/www.hydraulic-cylinders.net\/et\/wp-json\/wp\/v2\/types\/product"}],"replies":[{"embeddable":true,"href":"https:\/\/www.hydraulic-cylinders.net\/et\/wp-json\/wp\/v2\/comments?post=15230"}],"wp:featuredmedia":[{"embeddable":true,"href":"https:\/\/www.hydraulic-cylinders.net\/et\/wp-json\/wp\/v2\/media\/14776"}],"wp:attachment":[{"href":"https:\/\/www.hydraulic-cylinders.net\/et\/wp-json\/wp\/v2\/media?parent=15230"}],"wp:term":[{"taxonomy":"product_brand","embeddable":true,"href":"https:\/\/www.hydraulic-cylinders.net\/et\/wp-json\/wp\/v2\/product_brand?post=15230"},{"taxonomy":"product_cat","embeddable":true,"href":"https:\/\/www.hydraulic-cylinders.net\/et\/wp-json\/wp\/v2\/product_cat?post=15230"},{"taxonomy":"product_tag","embeddable":true,"href":"https:\/\/www.hydraulic-cylinders.net\/et\/wp-json\/wp\/v2\/product_tag?post=15230"}],"curies":[{"name":"wp","href":"https:\/\/api.w.org\/{rel}","templated":true}]}}