{"id":15233,"date":"2025-01-19T14:16:23","date_gmt":"2025-01-19T14:16:23","guid":{"rendered":"https:\/\/www.hydraulic-cylinders.net\/product\/bucket-cylinder-for-caterpillar-middle-excavator-e33202\/"},"modified":"2025-01-19T14:16:25","modified_gmt":"2025-01-19T14:16:25","slug":"bucket-cylinder-for-caterpillar-middle-excavator-e33202","status":"publish","type":"product","link":"https:\/\/www.hydraulic-cylinders.net\/et\/toode\/bucket-cylinder-for-caterpillar-middle-excavator-e33202\/","title":{"rendered":"Kopa silinder Caterpillar keskmise ekskavaatori E33202 jaoks"},"content":{"rendered":"<h1>Kopa silinder Caterpillar keskmise ekskavaatori E33202 jaoks<\/h1>\n<h2>Sissejuhatus<\/h2>\n<h3>Definitsioon ja selgitus<\/h3>\n<p>Caterpillari keskmise ekskavaatori E33202 kopa silinder on spetsiaalne h\u00fcdrauliline silinder, mida kasutatakse peamiselt raskete masinate, n\u00e4iteks ekskavaatorite, laadur-ekskavaatorite ja esilaadurite koppade liikumise juhtimiseks. Selle peamine \u00fclesanne on v\u00f5imaldada kopa t\u00f5stmist, langetamist ja kallutamist, mis h\u00f5lbustab mitmesuguseid materjali k\u00e4itlemise \u00fclesandeid. H\u00fcdraulikas\u00fcsteemis saavutab kopa silinder kopa t\u00e4pse juhtimise h\u00fcdraulika\u00f5li r\u00f5hu muutuste abil, v\u00f5imaldades operaatoritel raskeid koormaid t\u00f5husalt k\u00e4sitseda, kohaneda keerukate t\u00f6\u00f6keskkondade ja mitmekesiste t\u00f6\u00f6n\u00f5uetega.<\/p>\n<div>\n    <img decoding=\"async\" src=\"https:\/\/www.hydraulic-cylinders.net\/wp-content\/uploads\/2025\/01\/songte-company-2.webp\" alt=\"Kopa silinder Caterpillar keskmise ekskavaatori E33202 jaoks\">\n<\/div>\n<h2>Toote omadused<\/h2>\n<h3>Suur tugevus ja vastupidavus<\/h3>\n<p>Kopasilindrid on tavaliselt valmistatud \u00fclitugevast terasest v\u00f5i alumiiniumist, mis taluvad k\u00f5rget r\u00f5hku ja suuri koormusi, kohanevad karmide t\u00f6\u00f6keskkondadega ning on konstrueeritud kulumiskindlust ja korrosioonikindlust silmas pidades, pikendades nende kasutusiga.<\/p>\n<h3>T\u00f5husad h\u00fcdraulilised toimingud<\/h3>\n<p>Kopasilindrid kasutavad h\u00fcdraulika\u00f5li r\u00f5hku sujuvate pikendus- ja kokkut\u00f5mbumisliikumiste saavutamiseks, on v\u00f5imelised kiiresti reageerima juhtimisk\u00e4sklustele, pakkuma v\u00f5imsaid t\u00f5uke- ja t\u00f5mbej\u00f5ude ning sobivad raskete koormate ja keerukate t\u00f6\u00f6\u00fclesannete k\u00e4sitsemiseks.<\/p>\n<h3>Mitu t\u00fc\u00fcpi<\/h3>\n<p>Kopasilindrid v\u00f5ivad olenevalt t\u00f6\u00f6vajadustest olla \u00fchetoimelised (h\u00fcdrauliliselt ainult \u00fches suunas) v\u00f5i kahetoimelised (h\u00fcdrauliliselt m\u00f5lemas suunas). M\u00f5ned mudelid on teleskoopilised, mis v\u00f5imaldab suuremat pikendust ilma v\u00e4lism\u00f5\u00f5tmeid suurendamata, mist\u00f5ttu need sobivad kasutamiseks piiratud ruumides.<\/p>\n<h3>Toote tootmine<\/h3>\n<p>Me saame seda toodet toota ja meie toode saab neid h\u00fcdrosilindreid ideaalselt asendada.<\/p>\n<div>\n    <img decoding=\"async\" src=\"https:\/\/www.hydraulic-cylinders.net\/wp-content\/uploads\/2025\/01\/songte-cylinder-head-with-all-kinds-excavator-models.webp\" alt=\"Kopa silinder Caterpillar keskmise ekskavaatori E33202 tootmiseks\">\n<\/div>\n<h2>Rakendusstsenaariumid<\/h2>\n<h3>Ehitustehnika<\/h3>\n<p>Ekskavaatorites on need kriitilise t\u00e4htsusega kaevamisel, laadimisel ja pinnase v\u00f5i prahi teisaldamisel. Ekskavaatoritel aitavad kopasilindrid nii kaevamisel kui ka t\u00f5stmisel. Esilaadurites aitavad need kaupade t\u00f5husal t\u00fchjendamisel ja valamisel.<\/p>\n<h3>P\u00f5llumajandustehnika<\/h3>\n<p>Kasutatakse esilaaduritel mulla, heina ja muude materjalide t\u00f5stmiseks ja transportimiseks.<\/p>\n<h3>Ekskavaatorid<\/h3>\n<p>Kopasilindrid v\u00f5imaldavad kaevamistoiminguid, lastes kopal pinnasesse tungida.<\/p>\n<h3>Laadurid<\/h3>\n<p>Esilaadurites aitavad need kaupu t\u00f5husalt t\u00f5sta ja valada.<\/p>\n<div>\n    <img decoding=\"async\" src=\"https:\/\/www.hydraulic-cylinders.net\/wp-content\/uploads\/2025\/01\/songte-bushings-with-all-kinds-of-excavator-models.webp\" alt=\"Caterpillar keskmise ekskavaatori E33202 kopa silinder rakendusstsenaariumid\">\n<\/div>\n<h2>Projekteerimiskaalutlused ja valikukriteeriumid<\/h2>\n<h3>Kandev\u00f5ime<\/h3>\n<p>Kopa silinder peab olema konstrueeritud nii, et see taluks sellele t\u00f6\u00f6tamise ajal avaldatavat maksimaalset j\u00f5udu.<\/p>\n<h3>Tihendus<\/h3>\n<p>Erinevate tihenduskomponentide, n\u00e4iteks kolvi- ja varrastihendite kasutamine kulumiskindlatest materjalidest, n\u00e4iteks pol\u00fcuretaanist ja nitriilkummist, tagab pikema kasutusea. Silindri korpuse ja keermestatud otsa pind on kulumiskindluse suurendamiseks hoolikalt t\u00f6\u00f6deldud. Regulaarne sobiva koguse h\u00fcdraulika\u00f5liga t\u00e4itmine tagab sujuva t\u00f6\u00f6.<\/p>\n<h3>Vastupidavus<\/h3>\n<p>Kopa silinder peaks olema valmistatud \u00fclitugevatest materjalidest, mis on vastupidavad korrosioonile, kulumisele ja karmidele keskkondadele, et tagada pikaajaline vastupidavus ja t\u00f6\u00f6kindlus.<\/p>\n<h3>Ohutus<\/h3>\n<p>Kopasilindrid tuleks konstrueerida ja paigaldada nii, et oleks tagatud operaatori ohutus ning et nende mittekasutamine ei tohiks kahjustada personali ega masinaid.<\/p>\n<h3>Hooldus<\/h3>\n<p>Regulaarne hooldus ja kontroll, sh m\u00e4\u00e4rimine, tihendite vahetamine ja kalibreerimise kontrollid, tagavad kopasilindri pikaealisuse ja optimaalse j\u00f5udluse.<\/p>\n<div>\n    <img decoding=\"async\" src=\"https:\/\/www.hydraulic-cylinders.net\/wp-content\/uploads\/2025\/01\/songte-oil-pipes-and-spare-parts.webp\" alt=\"Caterpillar keskmise ekskavaatori E33202 kopa silinder projekteerimiskaalutlused ja valikukriteeriumid\">\n<\/div>\n<h2>Tihendus ja m\u00e4\u00e4rimine<\/h2>\n<p>Kopasilindrites kasutatakse t\u00f6\u00f6kindluse tagamiseks mitmesuguseid tihenduskomponente, kusjuures kolvi- ja vardatihendid on tavaliselt valmistatud kulumiskindlatest materjalidest, n\u00e4iteks pol\u00fcuretaanist ja nitriilkummist. Silindri korpus ja keermestatud ots on kulumiskindluse suurendamiseks hoolikalt t\u00f6\u00f6deldud. Regulaarne sobiva koguse h\u00fcdraulika\u00f5liga t\u00e4itmine tagab sujuva t\u00f6\u00f6.<\/p>\n<div>\n    <img decoding=\"async\" src=\"https:\/\/www.hydraulic-cylinders.net\/wp-content\/uploads\/2025\/01\/songte-chushion-collar.webp\" alt=\"Caterpillar keskmise ekskavaatori E33202 kopa silinder tihendamiseks ja m\u00e4\u00e4rimiseks\">\n<\/div>\n<h2>Ennetav hooldus ja remont<\/h2>\n<h3>Regulaarne kontroll<\/h3>\n<p>Kopasilindri regulaarne kontroll tagab probleemide \u00f5igeaegse avastamise ja lahendamise.<\/p>\n<h3>Sobiv m\u00e4\u00e4rimine<\/h3>\n<p>Kopasilindri \u00f5ige m\u00e4\u00e4rimine tagab sujuva t\u00f6\u00f6 ja pikendab silindri kasutusiga.<\/p>\n<h3>Tihendi vahetamine ja kalibreerimise kontroll<\/h3>\n<p>Kulunud tihenduskomponentide vahetamine ja silindri kalibreerimine tagab optimaalse j\u00f5udluse ja pikaealisuse.<\/p>\n<p>Paigaldamise ajal on oluline silinder \u00f5igesti joondada ja kinnitamiseks kasutada sobivaid kinnitusklambreid. Soovitatavad kontrolli-, remondi- ja asendusprotseduurid ning \u00fcmberehitusteenused annavad n\u00e4pun\u00e4iteid kopasilindri kasutusea pikendamiseks.<\/p>\n<div>\n    <img decoding=\"async\" src=\"https:\/\/hzpt.com\/wp-content\/uploads\/2024\/11\/songte-company-1.webp\" alt=\"Caterpillar Middle ekskavaatori E33202 kopa silinder Ennetavad hooldus- ja remondimeetmed\">\n<\/div>\n<h2>Ohutuskaalutlused ja keskkonnategurid<\/h2>\n<p>Kopasilindrite kasutamisel tuleb v\u00f5tta ohutusmeetmeid, et v\u00e4ltida t\u00f6\u00f6tajate v\u00f5i masinate kahjustamist. Toote kasutamisel tuleks r\u00f5hutada ohutusmeetmete rakendamise olulisust.<\/p>\n<h2>Rikete diagnoosimine ja levinud probleemid<\/h2>\n<p>Kopasilindritel v\u00f5ib t\u00f6\u00f6tamise ajal esineda mitmesuguseid probleeme, sealhulgas \u00f5lilekkeid, ebapiisavat r\u00f5hku ja mehaanilisi kahjustusi. Selliste probleemide tuvastamiseks ja lahendamiseks on vaja korralikku diagnoosimist ja t\u00f5rkeotsingut. Regulaarne hooldus ja kontroll minimeerivad v\u00f5imalike probleemide esinemist.<\/p>\n<div>\n    <img decoding=\"async\" src=\"https:\/\/www.hydraulic-cylinders.net\/wp-content\/uploads\/2025\/01\/songte-company-3.webp\" alt=\"Kopa silinder Caterpillar keskmise ekskavaatori E33202 ettev\u00f5tte tutvustus\">\n<\/div>\n<h2>Ettev\u00f5tte tutvustus<\/h2>\n<p>Oleme asendush\u00fcdrauliliste silindrite tootja ja meie toodete t\u00e4ielik valik teeb meist \u00fche juhtiva h\u00fcdrauliliste silindrite tootja ja hulgim\u00fc\u00fcja nii sise- kui ka rahvusvahelistel turgudel. J\u00e4rgime suurep\u00e4rase kvaliteedi p\u00f5him\u00f5tet, tugineme peenelt l\u00e4bim\u00f5eldud tootmist\u00f6\u00f6kodades industrialiseeritud tootmise juhtimise strateegiatele ning t\u00e4iustame pidevalt oma tootmisplatvormi, t\u00e4iustame oma tootekvaliteedi tootmisliini ja omame tugevat loomingulist v\u00f5imekust, et rahuldada oma klientide mitmekesiseid vajadusi suure efektiivsuse, suure t\u00e4psuse ja k\u00f5rgete kvaliteedip\u00f5him\u00f5tete abil.<\/p>\n<p>Pakume kohandatud teenuseid ja oleme omandanud rahvusvahelised sertifikaadid. Kasutame t\u00e4iustatud tootmisseadmeid ja meil on professionaalne m\u00fc\u00fcgij\u00e4rgse teeninduse meeskond, et pakkuda oma klientidele kvaliteetseid tooteid ja teenuseid.<\/p>\n<div>\n    <img decoding=\"async\" src=\"https:\/\/www.hydraulic-cylinders.net\/wp-content\/uploads\/2025\/01\/songte-company-3.webp\" alt=\"Kopa silinder Caterpillar keskmise ekskavaatori E33202 ettev\u00f5tte tutvustus\">\n<\/div>\n<p>Autor: lyl.<\/p>","protected":false},"excerpt":{"rendered":"<p>Bucket Cylinder For Caterpillar Middle Excavator E33202 Introduction Definition and Explanation A Bucket Cylinder for Caterpillar Middle Excavator E33202 is a specialized hydraulic cylinder primarily used to control the movement of buckets in heavy machinery, such as excavators, backhoe excavators, and front-end loaders. Its main function is to enable the bucket to lift, lower, and [&hellip;]<\/p>","protected":false},"featured_media":14769,"comment_status":"open","ping_status":"closed","template":"","meta":{"_et_pb_use_builder":"","_et_pb_old_content":"","_et_gb_content_width":""},"product_brand":[],"product_cat":[1494],"product_tag":[1495,1496],"class_list":{"0":"post-15233","1":"product","2":"type-product","3":"status-publish","4":"has-post-thumbnail","6":"product_cat-bucket-cylinders","7":"product_tag-bucket-cylinders","8":"product_tag-hydraulic-cylinders","10":"first","11":"instock","12":"shipping-taxable","13":"product-type-simple"},"amp_enabled":true,"_links":{"self":[{"href":"https:\/\/www.hydraulic-cylinders.net\/et\/wp-json\/wp\/v2\/product\/15233","targetHints":{"allow":["GET"]}}],"collection":[{"href":"https:\/\/www.hydraulic-cylinders.net\/et\/wp-json\/wp\/v2\/product"}],"about":[{"href":"https:\/\/www.hydraulic-cylinders.net\/et\/wp-json\/wp\/v2\/types\/product"}],"replies":[{"embeddable":true,"href":"https:\/\/www.hydraulic-cylinders.net\/et\/wp-json\/wp\/v2\/comments?post=15233"}],"wp:featuredmedia":[{"embeddable":true,"href":"https:\/\/www.hydraulic-cylinders.net\/et\/wp-json\/wp\/v2\/media\/14769"}],"wp:attachment":[{"href":"https:\/\/www.hydraulic-cylinders.net\/et\/wp-json\/wp\/v2\/media?parent=15233"}],"wp:term":[{"taxonomy":"product_brand","embeddable":true,"href":"https:\/\/www.hydraulic-cylinders.net\/et\/wp-json\/wp\/v2\/product_brand?post=15233"},{"taxonomy":"product_cat","embeddable":true,"href":"https:\/\/www.hydraulic-cylinders.net\/et\/wp-json\/wp\/v2\/product_cat?post=15233"},{"taxonomy":"product_tag","embeddable":true,"href":"https:\/\/www.hydraulic-cylinders.net\/et\/wp-json\/wp\/v2\/product_tag?post=15233"}],"curies":[{"name":"wp","href":"https:\/\/api.w.org\/{rel}","templated":true}]}}