{"id":15240,"date":"2025-01-19T14:16:50","date_gmt":"2025-01-19T14:16:50","guid":{"rendered":"https:\/\/www.hydraulic-cylinders.net\/product\/bucket-cylinder-for-caterpillar-large-excavator-e326dl\/"},"modified":"2025-01-19T14:16:58","modified_gmt":"2025-01-19T14:16:58","slug":"bucket-cylinder-for-caterpillar-large-excavator-e326dl","status":"publish","type":"product","link":"https:\/\/www.hydraulic-cylinders.net\/et\/toode\/bucket-cylinder-for-caterpillar-large-excavator-e326dl\/","title":{"rendered":"Kopa silinder Caterpillar suurele ekskavaatorile E326DL"},"content":{"rendered":"<h1>Kopa silinder Caterpillar suurele ekskavaatorile E326DL<\/h1>\n<h2>Sissejuhatus<\/h2>\n<p>Caterpillari suure ekskavaatori E326DL kopa silinder on spetsiaalselt loodud h\u00fcdrauliline silinder, mida kasutatakse peamiselt kopa liikumise juhtimiseks rasketes masinates, n\u00e4iteks ekskavaatorites, laadur-ekskavaatorites ja esilaadurites. Selle peamine \u00fclesanne on v\u00f5imaldada kopa t\u00f5stmist, langetamist ja kallutamist, muutes mitmesuguste materjalik\u00e4itlust\u00f6\u00f6de tegemise lihtsamaks. H\u00fcdraulilises s\u00fcsteemis saavutab kopa silinder kopa liikumise t\u00e4pse juhtimise h\u00fcdraulika\u00f5li r\u00f5hu muutmise abil, v\u00f5imaldades operaatoritel raskeid esemeid t\u00f5husalt k\u00e4sitseda, kohaneda keerukate t\u00f6\u00f6keskkondade ja mitmekesiste t\u00f6\u00f6n\u00f5uetega.<\/p>\n<p><img decoding=\"async\" src=\"https:\/\/www.hydraulic-cylinders.net\/wp-content\/uploads\/2025\/01\/songte-company-2.webp\" alt=\"\u00e4mbri silindri pilt\"><\/p>\n<h2>Toote omadused<\/h2>\n<ul>\n<li>\n<h3>Suur tugevus ja vastupidavus<\/h3>\n<p>Kopasilindrid on tavaliselt valmistatud \u00fclitugevast terasest v\u00f5i alumiiniumist, mis taluvad k\u00f5rget r\u00f5hku ja suuri koormusi, kohanduvad karmide t\u00f6\u00f6keskkondadega ning on konstrueeritud kulumiskindlaks ja korrosioonikindlaks, et pikendada nende kasutusiga.<\/p>\n<\/li>\n<li>\n<h3>T\u00f5hus h\u00fcdrauliline t\u00f6\u00f6<\/h3>\n<p>Kopasilindrid kasutavad h\u00fcdraulika\u00f5li r\u00f5hku sujuvate teleskoopliikumiste saavutamiseks, reageerivad kiiresti juhtimisk\u00e4sklustele, pakuvad v\u00f5imsaid t\u00f5uke- ja t\u00f5mbej\u00f5ude ning sobivad raskete esemete ja keerukate t\u00f6\u00f6\u00fclesannete k\u00e4sitsemiseks.<\/p>\n<\/li>\n<li>\n<h3>Erinevad t\u00fc\u00fcbid<\/h3>\n<p>Kopasilindrid on saadaval \u00fchetoimelistena (h\u00fcdrauliline t\u00f6\u00f6tab ainult \u00fches suunas) v\u00f5i kahetoimelistena (h\u00fcdrauliline t\u00f6\u00f6tab kahes suunas), et rahuldada erinevaid t\u00f6\u00f6vajadusi. M\u00f5ned mudelid on teleskoopilised, mis v\u00f5imaldab suuremat pikendamist ilma v\u00e4lism\u00f5\u00f5tmeid suurendamata, sobides piiratud ruumiga rakenduste jaoks.<\/p>\n<\/li>\n<li>\n<h3>Toote asendamine<\/h3>\n<p>Meie tooted suudavad neid h\u00fcdrosilindreid ideaalselt asendada. <\/p>\n<\/li>\n<\/ul>\n<p><img decoding=\"async\" src=\"https:\/\/www.hydraulic-cylinders.net\/wp-content\/uploads\/2025\/01\/songte-cylinder-head-with-all-kinds-excavator-models.webp\" alt=\"\u00e4mbrisilindri asenduspilt\"><\/p>\n<h2>Rakendused<\/h2>\n<p>Kopasilindrid on laialdaselt kasutusel erinevates rasketehnika masinates, sealhulgas:<\/p>\n<ul>\n<li>\n<h3>Ehitustehnika<\/h3>\n<p>Ekskavaatorites on need h\u00e4davajalikud kaevamiseks, laadimiseks ja pinnase v\u00f5i prahi teisaldamiseks. Ekskavaator-laadurites aitavad kopasilindrid nii kaevamisel kui ka t\u00f5stmisel. <\/p>\n<\/li>\n<li>\n<h3>P\u00f5llumajandustehnika<\/h3>\n<p>Kasutatakse esilaadurites mulla, heina ja muude materjalide kopeerimiseks, t\u00f5stmiseks ja transportimiseks.<\/p>\n<\/li>\n<li>\n<h3>Ekskavaatorid<\/h3>\n<p>Kopasilindrid v\u00f5imaldavad kaevamistoiminguid, lastes kopal pinnasesse tungida.<\/p>\n<\/li>\n<li>\n<h3>Laadurid<\/h3>\n<p>Esilaadurites aitavad need kaupu t\u00f5husalt t\u00f5sta ja t\u00fchjendada.<\/p>\n<\/li>\n<\/ul>\n<h2>Projekteerimiskaalutlused ja valikukriteeriumid<\/h2>\n<ul>\n<li>\n<h3>Kandev\u00f5ime<\/h3>\n<p>Kopa silindri projekteerimisel tuleks arvestada selle kandev\u00f5imega. See peaks suutma vastu pidada maksimaalsele eeldatavale koormusele ilma purunemata v\u00f5i deformeerumata.<\/p>\n<\/li>\n<li>\n<h3>Tihendus, vastupidavus ja ohutus<\/h3>\n<p>Kopasilindrid peavad olema konstrueeritud vastupidavate tihendite ja materjalidega, mis taluvad kulumist ja korrosiooni. Samuti peavad olema paigaldatud ohutuselemendid, sealhulgas avariil\u00fclitid, \u00fcler\u00f5huventiilid ja turvalukud.<\/p>\n<\/li>\n<li>\n<h3>Hooldus<\/h3>\n<p>Kopa silinder peaks olema konstrueeritud nii, et seda oleks lihtne hooldada ja parandada. Seda peaks olema lihtne lahti v\u00f5tta ja kokku panna ning varuosad peaksid olema kergesti k\u00e4ttesaadavad.<\/p>\n<\/li>\n<\/ul>\n<p><img decoding=\"async\" src=\"https:\/\/www.hydraulic-cylinders.net\/wp-content\/uploads\/2025\/01\/songte-oil-pipes-and-spare-parts.webp\" alt=\"kopasilindri varuosade pilt\"><\/p>\n<h2>Toote tihendamine ja m\u00e4\u00e4rimine<\/h2>\n<p>Kopasilindris tuleks kasutada mitmesuguseid tihendeid, sealhulgas kolvi- ja vardatihendeid, mis on valmistatud kulumiskindlatest materjalidest, n\u00e4iteks pol\u00fcuretaanist ja nitriilkummist. Silindri korpus ja keermestatud otsapind tuleks kulumiskindluse parandamiseks peenelt t\u00f6\u00f6delda. Optimaalse t\u00f6\u00f6 tagamiseks on vajalik ka korralik m\u00e4\u00e4rimine h\u00fcdraulika\u00f5liga.<\/p>\n<h2>Hooldus ja remont<\/h2>\n<p>Kopasilindri heas seisukorras hoidmiseks tuleks regulaarselt hooldust ja ennetavaid meetmeid v\u00f5tta. Nende meetmete hulka kuuluvad:<\/p>\n<ul>\n<li>\n<h3>Regulaarne kontroll<\/h3>\n<p>Ballooni kontrollimine kahjustuste, lekete v\u00f5i korrosiooni suhtes on oluline rikete v\u00e4ltimiseks ja selle kasutusea pikendamiseks.<\/p>\n<\/li>\n<li>\n<h3>M\u00e4\u00e4rimine<\/h3>\n<p>Silindrit tuleks sujuva t\u00f6\u00f6 tagamiseks regulaarselt m\u00e4\u00e4rida.<\/p>\n<\/li>\n<li>\n<h3>Tihendi vahetamine<\/h3>\n<p>Tihendite perioodiline vahetamine aitab s\u00e4ilitada silindri t\u00f5husat t\u00f6\u00f6d ja v\u00e4ltida lekkeid.<\/p>\n<\/li>\n<\/ul>\n<p><img decoding=\"async\" src=\"https:\/\/www.hydraulic-cylinders.net\/wp-content\/uploads\/2025\/01\/songte-chushion-collar.webp\" alt=\"\u00e4mbri silindri padja pilt\"><\/p>\n<h2>Ohutus- ja keskkonnakaalutlused<\/h2>\n<p>Kopaballoonide kasutamisel tuleks \u00f5nnetuste ja vigastuste v\u00e4ltimiseks v\u00f5tta ohutusmeetmeid. Kasutatud balloonide v\u00f5i nende komponentide utiliseerimisel v\u00f5i ringlussev\u00f5tul tuleks arvestada ka keskkonnakaalutlustega.<\/p>\n<h2>Vea diagnoosimine ja levinud probleemid<\/h2>\n<p>Kopasilindrite levinud probleemide hulka kuuluvad lekked, tihendite kahjustused ja v\u00f5imsuse kadu. Rikke diagnoosimiseks on vaja silindrit ja selle komponente p\u00f5hjalikult kontrollida. N\u00f5uetekohane hooldus ja remont aitavad neid probleeme lahendada.<\/p>\n<p><img decoding=\"async\" src=\"https:\/\/www.hydraulic-cylinders.net\/wp-content\/uploads\/2025\/01\/songte-bushings-with-all-kinds-of-excavator-models.webp\" alt=\"kopa silindri pukside pilt\"><\/p>\n<h2>Meie ettev\u00f5ttest<\/h2>\n<p>Oleme asendush\u00fcdrauliliste silindrite tootja, pakkudes t\u00e4ielikku tootevalikut. Oleme \u00fcks juhtivaid h\u00fcdrosilindrite tootjaid ja hulgim\u00fc\u00fcjaid nii sise- kui ka rahvusvahelisel turul. J\u00e4rgime suurep\u00e4rase kvaliteedi p\u00f5him\u00f5tet ja tugineme t\u00e4iustatud tootmist\u00f6\u00f6kodades t\u00f6\u00f6stusliku tootmise juhtimise strateegiatele. T\u00e4iustame pidevalt t\u00f6\u00f6koja tootmisplatvormi, parandame tootekvaliteedi tootmisliini ning oleme loovad. K\u00f5rge efektiivsuse, suure t\u00e4psuse ja k\u00f5rge kvaliteedi p\u00f5him\u00f5tetega rahuldame klientide mitmekesiseid vajadusi.<\/p>\n<p><img decoding=\"async\" src=\"https:\/\/hzpt.com\/wp-content\/uploads\/2024\/11\/songte-company-1.webp\" alt=\"\u00e4mbrisilindri ettev\u00f5tte pilt\"><\/p>\n<h2>Meie erialad<\/h2>\n<ul>\n<li>\n<h3>Professionaalsus<\/h3>\n<p>Meil on professionaalsete inseneride ja disainerite meeskond, kellel on ulatuslik kogemus h\u00fcdrauliliste silindrite valdkonnas.<\/p>\n<\/li>\n<li>\n<h3>Rahvusvaheline sertifitseerimine<\/h3>\n<p>Meie tooted on sertifitseeritud rahvusvaheliste standardite, n\u00e4iteks ISO ja CE, j\u00e4rgi.<\/p>\n<\/li>\n<li>\n<h3>Kohandamise teenused<\/h3>\n<p>Pakume kohandatud h\u00fcdrauliliste silindrite lahendusi, et rahuldada klientide konkreetseid n\u00f5udeid.<\/p>\n<\/li>\n<li>\n<h3>Tootmisseadmed<\/h3>\n<p>Toote kvaliteedi tagamiseks kasutame t\u00e4iustatud tootmisseadmeid ja testimiss\u00fcsteeme.<\/p>\n<\/li>\n<li>\n<h3>M\u00fc\u00fcgij\u00e4rgne teenindus<\/h3>\n<p>Pakume suurep\u00e4rast m\u00fc\u00fcgij\u00e4rgset teenindust, et tagada klientide rahulolu.<\/p>\n<\/li>\n<\/ul>\n<h3>Autor: lyl<\/h3>","protected":false},"excerpt":{"rendered":"<p>Bucket Cylinder For Caterpillar Large Excavator E326DL Introduction A bucket cylinder for a Caterpillar large excavator E326DL is a specially designed hydraulic cylinder mainly used to control the movement of the bucket in heavy machinery such as excavators, backhoe loaders, and front-end loaders. Its main function is to allow the bucket to lift, lower, and [&hellip;]<\/p>","protected":false},"featured_media":14785,"comment_status":"open","ping_status":"closed","template":"","meta":{"_et_pb_use_builder":"","_et_pb_old_content":"","_et_gb_content_width":""},"product_brand":[],"product_cat":[1494],"product_tag":[1495,1496],"class_list":{"0":"post-15240","1":"product","2":"type-product","3":"status-publish","4":"has-post-thumbnail","6":"product_cat-bucket-cylinders","7":"product_tag-bucket-cylinders","8":"product_tag-hydraulic-cylinders","10":"first","11":"instock","12":"shipping-taxable","13":"product-type-simple"},"amp_enabled":true,"_links":{"self":[{"href":"https:\/\/www.hydraulic-cylinders.net\/et\/wp-json\/wp\/v2\/product\/15240","targetHints":{"allow":["GET"]}}],"collection":[{"href":"https:\/\/www.hydraulic-cylinders.net\/et\/wp-json\/wp\/v2\/product"}],"about":[{"href":"https:\/\/www.hydraulic-cylinders.net\/et\/wp-json\/wp\/v2\/types\/product"}],"replies":[{"embeddable":true,"href":"https:\/\/www.hydraulic-cylinders.net\/et\/wp-json\/wp\/v2\/comments?post=15240"}],"wp:featuredmedia":[{"embeddable":true,"href":"https:\/\/www.hydraulic-cylinders.net\/et\/wp-json\/wp\/v2\/media\/14785"}],"wp:attachment":[{"href":"https:\/\/www.hydraulic-cylinders.net\/et\/wp-json\/wp\/v2\/media?parent=15240"}],"wp:term":[{"taxonomy":"product_brand","embeddable":true,"href":"https:\/\/www.hydraulic-cylinders.net\/et\/wp-json\/wp\/v2\/product_brand?post=15240"},{"taxonomy":"product_cat","embeddable":true,"href":"https:\/\/www.hydraulic-cylinders.net\/et\/wp-json\/wp\/v2\/product_cat?post=15240"},{"taxonomy":"product_tag","embeddable":true,"href":"https:\/\/www.hydraulic-cylinders.net\/et\/wp-json\/wp\/v2\/product_tag?post=15240"}],"curies":[{"name":"wp","href":"https:\/\/api.w.org\/{rel}","templated":true}]}}