{"id":15246,"date":"2025-01-19T14:17:21","date_gmt":"2025-01-19T14:17:21","guid":{"rendered":"https:\/\/www.hydraulic-cylinders.net\/product\/bucket-cylinder-for-caterpillar-large-excavator-e390dl\/"},"modified":"2025-01-19T14:17:23","modified_gmt":"2025-01-19T14:17:23","slug":"bucket-cylinder-for-caterpillar-large-excavator-e390dl","status":"publish","type":"product","link":"https:\/\/www.hydraulic-cylinders.net\/et\/toode\/bucket-cylinder-for-caterpillar-large-excavator-e390dl\/","title":{"rendered":"Kopa silinder Caterpillar suurele ekskavaatorile E390DL"},"content":{"rendered":"<h2>Kopa silinder Caterpillar suurele ekskavaatorile E390DL<\/h2>\n<h3>Sissejuhatus<\/h3>\n<p>Caterpillari suure ekskavaatori E390DL kopa silinder on spetsiaalne h\u00fcdrauliline silinder, mis on loodud peamiselt kopa liikumise juhtimiseks rasketes masinates, nagu ekskavaatorid, laadur-ekskavaatorid ja esilaadurid. Selle peamine \u00fclesanne on v\u00f5imaldada kopa t\u00f5stmist, langetamist ja kallutamist, muutes mitmesuguste materjalik\u00e4itlust\u00f6\u00f6de tegemise lihtsamaks. H\u00fcdraulikas\u00fcsteemis juhivad kopa silindrid kopa t\u00e4pseid liikumisi h\u00fcdraulika\u00f5li r\u00f5hu muutuste kaudu, v\u00f5imaldades operaatoritel t\u00f5husalt k\u00e4sitseda raskeid koormaid, kohaneda keerukate t\u00f6\u00f6keskkondade ja mitmekesiste t\u00f6\u00f6n\u00f5uetega.<\/p>\n<p><img decoding=\"async\" src=\"https:\/\/www.hydraulic-cylinders.net\/wp-content\/uploads\/2025\/01\/songte-company-2.webp\" alt=\"Kopa silinder Caterpillar suurele ekskavaatorile E390DL\" \/><\/p>\n<h3>Omadused<\/h3>\n<ul>\n<li>Suur tugevus ja vastupidavus: Tavaliselt valmistatud \u00fclitugevast terasest v\u00f5i alumiiniumist, see talub k\u00f5rget r\u00f5hku ja suuri koormusi, kohaneb karmide t\u00f6\u00f6keskkondadega ning on konstrueeritud kulumiskindlust ja korrosioonikindlust silmas pidades, et pikendada selle kasutusiga.<\/li>\n<li>T\u00f5hus h\u00fcdrauliline t\u00f6\u00f6: Kasutades h\u00fcdraulika\u00f5li r\u00f5hku sujuvate pikendus- ja kokkut\u00f5mbumisliigutuste saavutamiseks, reageerib see kiiresti juhtimisk\u00e4sklustele, pakub v\u00f5imsaid t\u00f5uke- ja t\u00f5mbej\u00f5ude ning sobib raskete koormate ja keerukate t\u00f6\u00f6de k\u00e4sitsemiseks.<\/li>\n<li>Erinevad t\u00fc\u00fcbid: vastavalt vajadusele saab valida \u00fchetoimelisi (h\u00fcdrauliliselt ainult \u00fches suunas) v\u00f5i kahetoimelisi (h\u00fcdrauliliselt kahes suunas) silindreid, et rahuldada erinevaid t\u00f6\u00f6vajadusi. M\u00f5ned mudelid on teleskoopilised, mis v\u00f5imaldab suuremat pikendamist ilma v\u00e4lism\u00f5\u00f5tmeid suurendamata, mist\u00f5ttu need sobivad piiratud ruumiga rakenduste jaoks.<\/li>\n<li>V\u00e4ga \u00fchilduv: Meie toode saab neid h\u00fcdrosilindreid ideaalselt asendada<\/li>\n<li>Kohandatav: Saame seda toodet toota vastavalt teie spetsifikatsioonidele, et see vastaks teie konkreetsetele vajadustele.<\/li>\n<\/ul>\n<p><img decoding=\"async\" src=\"https:\/\/www.hydraulic-cylinders.net\/wp-content\/uploads\/2025\/01\/songte-cylinder-head-with-all-kinds-excavator-models.webp\" alt=\"Kopa silinder Caterpillar suurele ekskavaatorile E390DL\" \/><\/p>\n<h3>Rakendused<\/h3>\n<p>Kopasilindrid on laialdaselt kasutusel erinevates raskeveokite masinates, n\u00e4iteks:<\/p>\n<ul>\n<li>Ehitustehnika: ekskavaatorites on need \u00fcliolulised kaevamiseks, laadimiseks ja pinnase v\u00f5i prahi teisaldamiseks. Ekskavaator-laadurites aitavad kopasilindrid kaevamisel ja t\u00f5stmisel.<\/li>\n<li>P\u00f5llumajandusmasinad: Kasutatakse esilaadurites mulla, heina ja muude materjalide \u00fcleskorjamiseks, t\u00f5stmiseks ja transportimiseks.<\/li>\n<li>Ekskavaatorid: Kopasilindrid v\u00f5imaldavad kaevamist, lastes kopal l\u00e4bi pinnase tungida.<\/li>\n<li>Laadurid: Esilaadurites aitavad need kaupu t\u00f5husalt t\u00f5sta ja maha laadida.<\/li>\n<\/ul>\n<h3>Projekteerimis- ja valikukriteeriumid<\/h3>\n<p>Silindrite projekteerimisel ja valimisel tuleb arvestada mitmete teguritega:<\/p>\n<ul>\n<li>Kandev\u00f5ime: Kopasilindrid peaksid suutma kanda nende masinate koormust, milles neid kasutatakse, ja k\u00e4ideldava materjali kaalu.<\/li>\n<li>Tihendus: T\u00f5husa tihenduse tagamiseks ja lekke v\u00e4ltimiseks tuleb kasutada mitmesuguseid tihenduskomponente, n\u00e4iteks kolvitihendeid, varrastihendeid ja klaasipuhasti tihendeid.<\/li>\n<li>Vastupidavus: Kopasilindrid tuleb konstrueerida vastupidavust silmas pidades, tagades, et need taluvad karme t\u00f6\u00f6tingimusi, pikaajalist kasutamist ja suuri koormusi.<\/li>\n<li>Ohutus: Kopasilindrid peaksid olema projekteeritud ja toodetud vastavalt rangetele ohutusstandarditele, tagades ohutu t\u00f6\u00f6 ja ennetades \u00f5nnetusi.<\/li>\n<li>Hooldus: Kopasilindrid peaksid olema konstrueeritud hoolduse lihtsust silmas pidades, et neid oleks vajadusel lihtne lahti v\u00f5tta, parandada ja osi vahetada.<\/li>\n<\/ul>\n<p><img decoding=\"async\" src=\"https:\/\/www.hydraulic-cylinders.net\/wp-content\/uploads\/2025\/01\/songte-oil-pipes-and-spare-parts.webp\" alt=\"Kopa silinder Caterpillar suurele ekskavaatorile E390DL\" \/><\/p>\n<h3>Tihendus ja m\u00e4\u00e4rimine<\/h3>\n<p>Kopasilindrite n\u00f5uetekohaseks toimimiseks on vaja korralikku tihendust ja m\u00e4\u00e4rimist. See h\u00f5lmab mitmesuguste tihenduskomponentide, n\u00e4iteks kolvitihendite, vardatihendite ja klaasipuhasti tihendite kasutamist, mis on valmistatud vastupidavatest materjalidest, nagu pol\u00fcuretaan ja nitriilkummi, samuti silindri korpuse ja keermepindade t\u00e4pset t\u00f6\u00f6tlemist kulumiskindluse suurendamiseks. N\u00f5uetekohase m\u00e4\u00e4rimise tagamiseks on vaja regulaarselt lisada sobivat kogust h\u00fcdraulika\u00f5li.<\/p>\n<h3>Hooldus ja remont<\/h3>\n<p>Regulaarne kontroll ja ennetav hooldus on kopasilindrite pikaealisuse tagamiseks kriitilise t\u00e4htsusega. Levinud hooldust\u00f6\u00f6d h\u00f5lmavad j\u00e4rgmist:<\/p>\n<ul>\n<li>Regulaarne kontroll: kontrollige silindrit kahjustuste v\u00f5i kulumise tunnuste, n\u00e4iteks \u00f5lilekete, pragude, m\u00f5lkide v\u00f5i rooste suhtes.<\/li>\n<li>M\u00e4\u00e4rimine: Kandke kriitilistele pindadele regulaarselt sobivat m\u00e4\u00e4rdeainet.<\/li>\n<li>Tihendi vahetamine: \u00d5li lekke v\u00e4ltimiseks vahetage v\u00e4lja k\u00f5ik kulunud v\u00f5i kahjustatud tihendid.<\/li>\n<li>Kalibreerimise kontroll: Kontrollige silindri toimivust regulaarselt, et veenduda selle korrektses toimimises.<\/li>\n<\/ul>\n<p><img decoding=\"async\" src=\"https:\/\/www.hydraulic-cylinders.net\/wp-content\/uploads\/2025\/01\/songte-chushion-collar.webp\" alt=\"Kopa silinder Caterpillar suurele ekskavaatorile E390DL\" \/><\/p>\n<h3>Ohutuskaalutlused ja keskkonnategurid<\/h3>\n<p>Kopasilindrite kasutamisel tuleb olla ettevaatlik ja kanda sobivaid kaitsevahendeid, n\u00e4iteks kindaid ja t\u00f6\u00f6saapaid. H\u00fcdraulika\u00f5li ja muude j\u00e4\u00e4tmete n\u00f5uetekohane k\u00f5rvaldamine on keskkonnaohutuse seisukohast kriitilise t\u00e4htsusega ning seda tuleb teha vastavalt kohalikele eeskirjadele.<\/p>\n<h3>Rikete diagnoosimine ja levinud probleemid<\/h3>\n<p>Kopasilindrite j\u00f5udlust m\u00f5jutavad levinud probleemid on \u00f5lilekked, kolvikahjustused ja tihendite kulumine. Nende probleemide diagnoosimiseks ja lahendamiseks v\u00f5ivad abiks olla j\u00e4rgmised n\u00e4pun\u00e4ited:<\/p>\n<ul>\n<li>Kontrollige silindrit regulaarselt kahjustuste v\u00f5i kulumise suhtes.<\/li>\n<li>Vahetage v\u00e4lja k\u00f5ik kulunud v\u00f5i kahjustatud tihendid v\u00f5i komponendid.<\/li>\n<li>Kontrollige ja vajadusel kohandage kalibreerimist.<\/li>\n<\/ul>\n<p><img decoding=\"async\" src=\"https:\/\/www.hydraulic-cylinders.net\/wp-content\/uploads\/2025\/01\/songte-bushings-with-all-kinds-of-excavator-models.webp\" alt=\"Kopa silinder Caterpillar suurele ekskavaatorile E390DL\" \/><\/p>\n<h3>Meie ettev\u00f5ttest<\/h3>\n<p>Oleme nii sise- kui ka rahvusvahelistel turgudel juhtiv h\u00fcdrosilindrite tootja ja hulgim\u00fc\u00fcja. J\u00e4rgime suurep\u00e4raseid kvaliteedistandardeid, tugineme peenelt l\u00e4bim\u00f5eldud tootmist\u00f6\u00f6kodades t\u00f6\u00f6stusliku tootmise juhtimise strateegiatele ning t\u00e4iustame pidevalt oma tootmisplatvormi ja tootekvaliteedi tagamise viise, kasutades tehnilist talenti, digitaalseid tipptasemel tootmisseadmeid ja professionaalseid testimiss\u00fcsteeme. Meil \u200b\u200bon tugev innovatsiooniv\u00f5imekus ning pakume suure t\u00f5hususega, suure t\u00e4psusega ja kvaliteetseid tooteid ja teenuseid, et rahuldada klientide mitmekesiseid vajadusi.<\/p>\n<p><img decoding=\"async\" src=\"https:\/\/hzpt.com\/wp-content\/uploads\/2024\/11\/songte-company-1.webp\" alt=\"Kopa silinder Caterpillar suurele ekskavaatorile E390DL\" \/><\/p>\n<h3>Miks valida meid?<\/h3>\n<ul>\n<li>Professionaalsus: Meil \u200b\u200bon meeskond kogenud spetsialiste, kes on h\u00fcdrauliliste silindrite valdkonna eksperdid.<\/li>\n<li>Rahvusvaheline sertifitseerimine: Oleme omandanud ISO9001 ja muud rahvusvahelised sertifikaadid, mis tagavad meie toodete kvaliteedi.<\/li>\n<li>Kohandamise teenused: Pakume teie spetsifikatsioonidele vastavaid kohandatud tooteid, et need vastaksid teie konkreetsetele vajadustele.<\/li>\n<li>T\u00e4iustatud tootmisseadmed: Meie toodete t\u00e4psuse ja kvaliteedi tagamiseks kasutame t\u00e4iustatud tootmisseadmeid.<\/li>\n<li>M\u00fc\u00fcgij\u00e4rgne teenindus: Pakume oma klientidele suurep\u00e4raseid m\u00fc\u00fcgij\u00e4rgseid teenuseid, sealhulgas hooldus-, remondi- ja \u00fcmberehitusteenuseid.<\/li>\n<\/ul>\n<p>Autor: lyl<\/p>","protected":false},"excerpt":{"rendered":"<p>Bucket Cylinder for Caterpillar Large Excavator E390DL Introduction A bucket cylinder for a Caterpillar large excavator E390DL is a specialized hydraulic cylinder designed primarily for controlling the movement of the bucket in heavy machinery such as excavators, backhoe loaders, and front-end loaders. Its main function is to enable the bucket to lift, lower, and tilt, [&hellip;]<\/p>","protected":false},"featured_media":14773,"comment_status":"open","ping_status":"closed","template":"","meta":{"_et_pb_use_builder":"","_et_pb_old_content":"","_et_gb_content_width":""},"product_brand":[],"product_cat":[1494],"product_tag":[1495,1496],"class_list":{"0":"post-15246","1":"product","2":"type-product","3":"status-publish","4":"has-post-thumbnail","6":"product_cat-bucket-cylinders","7":"product_tag-bucket-cylinders","8":"product_tag-hydraulic-cylinders","10":"first","11":"instock","12":"shipping-taxable","13":"product-type-simple"},"amp_enabled":true,"_links":{"self":[{"href":"https:\/\/www.hydraulic-cylinders.net\/et\/wp-json\/wp\/v2\/product\/15246","targetHints":{"allow":["GET"]}}],"collection":[{"href":"https:\/\/www.hydraulic-cylinders.net\/et\/wp-json\/wp\/v2\/product"}],"about":[{"href":"https:\/\/www.hydraulic-cylinders.net\/et\/wp-json\/wp\/v2\/types\/product"}],"replies":[{"embeddable":true,"href":"https:\/\/www.hydraulic-cylinders.net\/et\/wp-json\/wp\/v2\/comments?post=15246"}],"wp:featuredmedia":[{"embeddable":true,"href":"https:\/\/www.hydraulic-cylinders.net\/et\/wp-json\/wp\/v2\/media\/14773"}],"wp:attachment":[{"href":"https:\/\/www.hydraulic-cylinders.net\/et\/wp-json\/wp\/v2\/media?parent=15246"}],"wp:term":[{"taxonomy":"product_brand","embeddable":true,"href":"https:\/\/www.hydraulic-cylinders.net\/et\/wp-json\/wp\/v2\/product_brand?post=15246"},{"taxonomy":"product_cat","embeddable":true,"href":"https:\/\/www.hydraulic-cylinders.net\/et\/wp-json\/wp\/v2\/product_cat?post=15246"},{"taxonomy":"product_tag","embeddable":true,"href":"https:\/\/www.hydraulic-cylinders.net\/et\/wp-json\/wp\/v2\/product_tag?post=15246"}],"curies":[{"name":"wp","href":"https:\/\/api.w.org\/{rel}","templated":true}]}}