{"id":15249,"date":"2025-01-19T14:17:33","date_gmt":"2025-01-19T14:17:33","guid":{"rendered":"https:\/\/www.hydraulic-cylinders.net\/product\/bucket-cylinder-for-caterpillar-large-excavator-e336dl\/"},"modified":"2025-01-19T14:17:35","modified_gmt":"2025-01-19T14:17:35","slug":"bucket-cylinder-for-caterpillar-large-excavator-e336dl","status":"publish","type":"product","link":"https:\/\/www.hydraulic-cylinders.net\/et\/toode\/bucket-cylinder-for-caterpillar-large-excavator-e336dl\/","title":{"rendered":"Kopa silinder Caterpillar suurele ekskavaatorile E336DL"},"content":{"rendered":"<h1>Kopa silinder Caterpillar suurele ekskavaatorile E336DL<\/h1>\n<h2>Sissejuhatus<\/h2>\n<p>Caterpillar suure ekskavaatori E336DL kopa silinder on spetsiaalne h\u00fcdrauliline silinder, mida kasutatakse peamiselt raskete masinate, n\u00e4iteks ekskavaatorite, laadur-ekskavaatorite ja esilaadurite koppade liikumise juhtimiseks. Selle peamine \u00fclesanne on v\u00f5imaldada kopa t\u00f5stmist, langetamist ja kallutamist, muutes mitmesuguste materjalik\u00e4itlust\u00f6\u00f6de tegemise lihtsamaks. H\u00fcdraulikas\u00fcsteemis kasutab kopa silinder h\u00fcdraulika\u00f5li r\u00f5humuutust kopa t\u00e4pse juhtimise saavutamiseks, v\u00f5imaldades operaatoritel t\u00f5husalt k\u00e4sitseda raskeid koormaid ning kohaneda keerukate t\u00f6\u00f6keskkondade ja mitmekesiste t\u00f6\u00f6vajadustega.<\/p>\n<p><img decoding=\"async\" src=\"https:\/\/www.hydraulic-cylinders.net\/wp-content\/uploads\/2025\/01\/songte-company-2.webp\" \/><\/p>\n<h2>Omadused<\/h2>\n<ul>\n<li>Suur tugevus ja vastupidavus: tavaliselt valmistatud \u00fclitugevast terasest v\u00f5i alumiiniumist, talub k\u00f5rget r\u00f5hku ja suuri koormusi, sobib karmidesse t\u00f6\u00f6keskkondadesse, on konstrueeritud kulumiskindlust ja korrosioonikindlust silmas pidades, pikendades selle kasutusiga.<\/li>\n<li>T\u00f5hus h\u00fcdrauliline t\u00f6\u00f6: kasutab h\u00fcdraulika\u00f5li r\u00f5hku sujuva pikenemise ja kokkut\u00f5mbumise saavutamiseks, reageerib kiiresti juhtimisk\u00e4sklustele, pakub v\u00f5imsat t\u00f5uke- ja t\u00f5mbej\u00f5udu, sobib raskete koormate ja keerukate t\u00f6\u00f6\u00fclesannete k\u00e4sitsemiseks.<\/li>\n<li>Erinevad t\u00fc\u00fcbid: vastavalt vajadusele saab valida \u00fchetoimelisi (h\u00fcdrauliline ainult \u00fches suunas) v\u00f5i kahetoimelisi (h\u00fcdrauliline m\u00f5lemas suunas) silindreid. M\u00f5ned mudelid on teleskoopilised, v\u00f5imaldades suuremat pikendamist ilma v\u00e4lism\u00f5\u00f5tmeid suurendamata, sobides piiratud ruumiga rakenduste jaoks.<\/li>\n<li>Lihtne paigaldada: lihtsate kinnituspunktidega konstrueeritud, mis muudab paigaldamise ja vahetamise lihtsaks.<\/li>\n<li>V\u00e4hene hooldus: vajab minimaalset hooldust, v\u00e4hendades seisakuid ja hoolduskulusid.<\/li>\n<\/ul>\n<p><img decoding=\"async\" src=\"https:\/\/www.hydraulic-cylinders.net\/wp-content\/uploads\/2025\/01\/songte-cylinder-head-with-all-kinds-excavator-models.webp\" \/><\/p>\n<h2>Rakendused<\/h2>\n<p>Caterpillar suure ekskavaatori E336DL kopasilindrit kasutatakse laialdaselt erinevates t\u00f6\u00f6stusharudes, sealhulgas:<\/p>\n<h3>Ehitustehnika<\/h3>\n<p>Ekskavaatorites on need h\u00e4davajalikud kaevamiseks, laadimiseks ja pinnase v\u00f5i prahi teisaldamiseks. Ekskavaatoritel aitavad kopasilindrid nii kaevamisel kui ka t\u00f5stmisel. <\/p>\n<h3>P\u00f5llumajandustehnika<\/h3>\n<p>Kasutatakse esilaadurites pinnase, heina ja muude materjalide kaevamiseks, t\u00f5stmiseks ja transportimiseks. Ekskavaatorites v\u00f5imaldavad kopasilindrid kaevamist, lastes kopal pinnasesse tungida. Esilaadurites aitavad need kaupa t\u00f5husalt t\u00fchjendada ja kallutada.<\/p>\n<p><img decoding=\"async\" src=\"https:\/\/www.hydraulic-cylinders.net\/wp-content\/uploads\/2025\/01\/songte-bushings-with-all-kinds-of-excavator-models.webp\" \/><\/p>\n<h2>Projekteerimiskaalutlused ja valikukriteeriumid<\/h2>\n<p>Caterpillar suure ekskavaatori E336DL kopa silinder on konstrueeritud mitmeid olulisi kaalutlusi silmas pidades:<\/p>\n<h3>Kandev\u00f5ime<\/h3>\n<p>Silinder peab vastu pidama suurele koormusele ja r\u00f5hule ning ka karmidele t\u00f6\u00f6tingimustele.<\/p>\n<h3>Tihendus ja vastupidavus<\/h3>\n<p>Silindris kasutatakse vastupidavuse parandamiseks mitmesuguseid tihendeid, n\u00e4iteks kolvitihendeid, vardatihendeid jne, mis on valmistatud kulumiskindlatest materjalidest, n\u00e4iteks pol\u00fcuretaanist ja nitriilkummist. Silindri korpus ja keermeotsa pind on peenelt t\u00f6\u00f6deldud, et parandada kulumiskindlust. N\u00f5uetekohase m\u00e4\u00e4rimise tagamiseks on vaja regulaarset \u00f5litamist.<\/p>\n<h3>Ohutus ja hooldus<\/h3>\n<p>Silinder on konstrueeritud nii, et seda oleks lihtne paigaldada, vahetada ja hooldada, v\u00e4hendades seisakuid ja hoolduskulusid. N\u00f5uetekohase t\u00f6\u00f6 ja ohutu kasutamise tagamiseks on soovitatav regulaarne kontroll ja ennetav hooldus.<\/p>\n<p><img decoding=\"async\" src=\"https:\/\/www.hydraulic-cylinders.net\/wp-content\/uploads\/2025\/01\/songte-oil-pipes-and-spare-parts.webp\" \/><\/p>\n<h2>Paigaldusjuhend<\/h2>\n<p>Caterpillar suure ekskavaatori E336DL kopasilindri optimaalse j\u00f5udluse ja pikaealisuse tagamiseks on \u00f5ige paigaldamine \u00fclioluline. \u00d5ige paigaldamise tagamiseks j\u00e4rgige neid samme:<\/p>\n<ol>\n<li>Veenduge, et silinder on \u00f5igesti joondatud ja kasutage silindri kinnitamiseks sobivaid kinnitusklambreid.<\/li>\n<li>Paigaldamise ajal kasutage sobivat m\u00e4\u00e4rdeainet ja kandke regulaarselt hooldus\u00f5li vastavalt vajadusele.<\/li>\n<li>Kontrollige ja vahetage regulaarselt tihendeid ning tehke vajadusel kalibreerimiskontrolle.<\/li>\n<\/ol>\n<h2>Ohutus- ja keskkonnakaalutlused<\/h2>\n<p>Caterpillar suure ekskavaatori E336DL kopasilindri kasutamisel tuleb \u00f5nnetuste v\u00e4ltimiseks v\u00f5tta ohutusmeetmeid. Operaatoritele on kohustuslik n\u00f5uetekohane v\u00e4lja\u00f5pe ja kaitsevarustus.<\/p>\n<h2>Veaotsing ja levinud probleemid<\/h2>\n<p>Caterpillar suure ekskavaatori E336DL kopasilindri levinud probleemide hulka kuuluvad vedeliku lekked, v\u00e4henenud j\u00f5udlus ja mehaanilised probleemid. Probleemide diagnoosimiseks ja lahendamiseks on soovitatav regulaarne hooldus ning sobivate varuosade kasutamine.<\/p>\n<h2>Meist<\/h2>\n<p>Oleme juhtiv h\u00fcdrosilindrite tootja ja hulgim\u00fc\u00fcja, mis on spetsialiseerunud h\u00fcdrosilindrite asendamisele. Meie tootevalik on t\u00e4ielik ja oleme saanud \u00fcheks juhtivaks h\u00fcdrosilindrite tootjaks ja hulgim\u00fc\u00fcjaks nii sise- kui ka rahvusvahelisel turul. J\u00e4rgime suurep\u00e4rase kvaliteedi p\u00f5him\u00f5tet ja tugineme peentootmist\u00f6\u00f6kodade t\u00f6\u00f6stusliku tootmise juhtimise strateegiale, kasutades tehnilisi oskusi, digitaalseid tipptasemel tootmisseadmeid ja professionaalseid testimiss\u00fcsteeme. J\u00e4tkame t\u00f6\u00f6koja tootmisplatvormi t\u00e4iustamist, tootekvaliteedi tootmisprotsessi parandamist ning omame tugevat loomingulist v\u00f5imekust, et rahuldada klientide mitmekesiseid vajadusi suure efektiivsuse, suure t\u00e4psuse ja k\u00f5rge kvaliteediga.<\/p>\n<p><img decoding=\"async\" src=\"https:\/\/hzpt.com\/wp-content\/uploads\/2024\/11\/songte-company-1.webp\" \/><\/p>\n<h3>Professionaalsus<\/h3>\n<p>Meie kogenud spetsialistide meeskond tagab iga meie toodetud toote kvaliteedi ja pakub erakordset klienditeenindust.<\/p>\n<h3>Rahvusvaheline sertifitseerimine<\/h3>\n<p>Meie tooted on l\u00e4binud ISO9001, CE ja muud rahvusvahelised sertifikaadid, mis tagab, et meie tooted vastavad t\u00f6\u00f6stusstandarditele v\u00f5i \u00fcletavad neid.<\/p>\n<h3>Kohandamise teenused<\/h3>\n<p>Pakume kohandatud h\u00fcdrauliliste silindrite lahendusi, et rahuldada klientide konkreetseid vajadusi.<\/p>\n<h3>Tootmisseadmed<\/h3>\n<p>Kvaliteetsete h\u00fcdrosilindrite tootmiseks kasutame digitaalseid tipptasemel tootmisseadmeid.<\/p>\n<h3>M\u00fc\u00fcgij\u00e4rgne teenindus<\/h3>\n<p>Pakume suurep\u00e4rast m\u00fc\u00fcgij\u00e4rgset teenindust, mis h\u00f5lmab hooldust, remonti ja vahetust.<\/p>\n<p><img decoding=\"async\" src=\"https:\/\/www.hydraulic-cylinders.net\/wp-content\/uploads\/2025\/01\/songte-chushion-collar.webp\" \/><\/p>\n<p>Autor: lyl.<\/p>","protected":false},"excerpt":{"rendered":"<p>Bucket Cylinder For Caterpillar Large Excavator E336DL Introduction The Bucket Cylinder for Caterpillar Large Excavator E336DL is a specialized hydraulic cylinder primarily used to control the movement of buckets in heavy machinery such as excavators, backhoe excavators, and front-end loaders. Its main function is to enable the bucket to lift, lower, and tilt, making it [&hellip;]<\/p>","protected":false},"featured_media":14765,"comment_status":"open","ping_status":"closed","template":"","meta":{"_et_pb_use_builder":"","_et_pb_old_content":"","_et_gb_content_width":""},"product_brand":[],"product_cat":[1494],"product_tag":[1495,1496],"class_list":{"0":"post-15249","1":"product","2":"type-product","3":"status-publish","4":"has-post-thumbnail","6":"product_cat-bucket-cylinders","7":"product_tag-bucket-cylinders","8":"product_tag-hydraulic-cylinders","10":"first","11":"instock","12":"shipping-taxable","13":"product-type-simple"},"amp_enabled":true,"_links":{"self":[{"href":"https:\/\/www.hydraulic-cylinders.net\/et\/wp-json\/wp\/v2\/product\/15249","targetHints":{"allow":["GET"]}}],"collection":[{"href":"https:\/\/www.hydraulic-cylinders.net\/et\/wp-json\/wp\/v2\/product"}],"about":[{"href":"https:\/\/www.hydraulic-cylinders.net\/et\/wp-json\/wp\/v2\/types\/product"}],"replies":[{"embeddable":true,"href":"https:\/\/www.hydraulic-cylinders.net\/et\/wp-json\/wp\/v2\/comments?post=15249"}],"wp:featuredmedia":[{"embeddable":true,"href":"https:\/\/www.hydraulic-cylinders.net\/et\/wp-json\/wp\/v2\/media\/14765"}],"wp:attachment":[{"href":"https:\/\/www.hydraulic-cylinders.net\/et\/wp-json\/wp\/v2\/media?parent=15249"}],"wp:term":[{"taxonomy":"product_brand","embeddable":true,"href":"https:\/\/www.hydraulic-cylinders.net\/et\/wp-json\/wp\/v2\/product_brand?post=15249"},{"taxonomy":"product_cat","embeddable":true,"href":"https:\/\/www.hydraulic-cylinders.net\/et\/wp-json\/wp\/v2\/product_cat?post=15249"},{"taxonomy":"product_tag","embeddable":true,"href":"https:\/\/www.hydraulic-cylinders.net\/et\/wp-json\/wp\/v2\/product_tag?post=15249"}],"curies":[{"name":"wp","href":"https:\/\/api.w.org\/{rel}","templated":true}]}}