{"id":15252,"date":"2025-01-19T14:17:45","date_gmt":"2025-01-19T14:17:45","guid":{"rendered":"https:\/\/www.hydraulic-cylinders.net\/product\/bucket-cylinder-for-caterpillar-large-excavator-e336dz-d2l\/"},"modified":"2025-01-19T14:17:46","modified_gmt":"2025-01-19T14:17:46","slug":"bucket-cylinder-for-caterpillar-large-excavator-e336dz-d2l","status":"publish","type":"product","link":"https:\/\/www.hydraulic-cylinders.net\/et\/toode\/bucket-cylinder-for-caterpillar-large-excavator-e336dz-d2l\/","title":{"rendered":"Kopa silinder Caterpillar suurele ekskavaatorile E336DZ\/D2L"},"content":{"rendered":"<p><!DOCTYPE html><br \/>\n<html><br \/>\n<head><br \/>\n<title>Kopa silinder Caterpillar suurele ekskavaatorile E336DZ\/D2L<\/title><br \/>\n<\/head><br \/>\n<body><\/p>\n<h1>Kopa silinder Caterpillar suurele ekskavaatorile E336DZ\/D2L<\/h1>\n<h2>Sissejuhatus<\/h2>\n<p>Caterpillari suure ekskavaatori E336DZ\/D2L kopa silinder on spetsiaalselt loodud h\u00fcdrauliline silinder, mida kasutatakse kopa liikumise juhtimiseks rasketes masinates, n\u00e4iteks ekskavaatorites, laadur-ekskavaatorites ja rataslaadurites. Selle peamine \u00fclesanne on v\u00f5imaldada kopa t\u00f5stmist, langetamist ja kallutamist erinevate materjalik\u00e4itlust\u00f6\u00f6de jaoks. H\u00fcdraulikas\u00fcsteemis saavutab kopa silinder kopa t\u00e4pse juhtimise, kasutades \u00e4ra h\u00fcdraulika\u00f5li r\u00f5humuutusi, v\u00f5imaldades operaatoritel t\u00f5husalt k\u00e4sitseda raskeid koormaid ning kohaneda keerukate t\u00f6\u00f6keskkondade ja mitmekesiste t\u00f6\u00f6n\u00f5uetega.<\/p>\n<p><img decoding=\"async\" src=\"https:\/\/www.hydraulic-cylinders.net\/wp-content\/uploads\/2025\/01\/songte-company-2.webp\" alt=\"\u00c4mbri silindri pilt\"><\/p>\n<h2>Omadused<\/h2>\n<ul>\n<li><strong>Suur tugevus ja vastupidavus:<\/strong> K\u00f5rgtugevast terasest v\u00f5i alumiiniumist valmistatud kopa silinder talub k\u00f5rget r\u00f5hku ja suuri koormusi, kohandudes karmide t\u00f6\u00f6keskkondadega. Selle disain arvestab kulumiskindluse ja korrosioonikindlusega, pikendades selle eluiga.<\/li>\n<li><strong>T\u00f5hus h\u00fcdrauliline t\u00f6\u00f6:<\/strong> H\u00fcdraulika\u00f5li r\u00f5hku kasutades saavutab kopa silinder sujuva pikendus- ja tagasit\u00f5mbamisliigutuse, reageerides juhtimisk\u00e4sklustele kiiresti ning pakkudes v\u00f5imsaid t\u00f5uke- ja t\u00f5mbej\u00f5ude, muutes selle sobivaks raskete koormate ja keerukate \u00fclesannete k\u00e4sitsemiseks.<\/li>\n<li><strong>Erinevad t\u00fc\u00fcbid:<\/strong> Kopasilindrit saab vastavalt konkreetsetele t\u00f6\u00f6vajadustele valida \u00fchetoimelise (h\u00fcdraulilist s\u00fcsteemi kasutatakse ainult \u00fches suunas) v\u00f5i kahetoimelise (h\u00fcdraulilist s\u00fcsteemi kasutatakse m\u00f5lemas suunas) silindrina. M\u00f5ned mudelid on teleskoopilised, mis v\u00f5imaldab suuremat pikendust ilma v\u00e4lism\u00f5\u00f5tmeid suurendamata, mist\u00f5ttu need sobivad piiratud ruumiga rakenduste jaoks.<\/li>\n<li><strong>T\u00e4iuslik asendus:<\/strong> Meie tooted suudavad neid h\u00fcdrosilindreid ideaalselt asendada, pakkudes suurep\u00e4rast j\u00f5udlust ja \u00fchilduvust.<\/li>\n<\/ul>\n<p><img decoding=\"async\" src=\"https:\/\/www.hydraulic-cylinders.net\/wp-content\/uploads\/2025\/01\/songte-cylinder-head-with-all-kinds-excavator-models.webp\" alt=\"Toote asendamine\"><\/p>\n<h2>Rakendused<\/h2>\n<ul>\n<li><strong>Ehitustehnika:<\/strong> Ekskavaatorites leiduvad silindrid on olulised kaevamiseks, laadimiseks ja pinnase v\u00f5i prahi teisaldamiseks. Ekskavaator-laadurites abistab kopa silinder nii kaevamisel kui ka t\u00f5stmisel.<\/li>\n<li><strong>P\u00f5llumajandusmasinad:<\/strong> Esilaadurites kasutatakse neid mulla, heina ja muude materjalide k\u00fchveldamiseks, t\u00f5stmiseks ja transportimiseks.<\/li>\n<li><strong>Ekskavaatorid:<\/strong> Kopa silinder v\u00f5imaldab kaevamist, lastes kopal pinnasesse tungida.<\/li>\n<li><strong>Rataslaadurid:<\/strong> Frontaallaadurites aitavad need kaupu t\u00f5husalt t\u00f5sta ja maha laadida.<\/li>\n<\/ul>\n<h2>Projekteerimiskaalutlused ja valikukriteeriumid<\/h2>\n<ul>\n<li><strong>Kandev\u00f5ime:<\/strong> Arutage silindri kandev\u00f5imet ja seda, kuidas see m\u00f5jutab valikuprotsessi.<\/li>\n<li><strong>Tihendus:<\/strong> R\u00f5hutage erinevate tihenduselementide, n\u00e4iteks kulumiskindlatest materjalidest (nt pol\u00fcuretaanist ja nitriilkummist) valmistatud kolvitihendite ja varrastihendite kasutamise olulisust.<\/li>\n<li><strong>Vastupidavus:<\/strong> Arutage silindri vastupidavust ja seda, kuidas silindri korpust ja keermestatud otsi on kulumiskindluse suurendamiseks peenelt t\u00f6\u00f6deldud.<\/li>\n<li><strong>Ohutus:<\/strong> Arutage konstruktsiooni ohutuskaalutlusi, n\u00e4iteks ballooni rikke v\u00e4ltimist ja operaatoritele ohutusfunktsioonide pakkumist.<\/li>\n<li><strong>Hooldatavus:<\/strong> Arutage hoolduse lihtsust, sh rutiinseid kontrolle, m\u00e4\u00e4rimist ja tihendite vahetamist.<\/li>\n<\/ul>\n<p><img decoding=\"async\" src=\"https:\/\/www.hydraulic-cylinders.net\/wp-content\/uploads\/2025\/01\/songte-oil-pipes-and-spare-parts.webp\" alt=\"Tihendus ja m\u00e4\u00e4rimine\"><\/p>\n<h2>Hooldus ja t\u00f5rkeotsing<\/h2>\n<ul>\n<li><strong>Regulaarsed kontrollid:<\/strong> R\u00f5hutage regulaarsete kontrollide olulisust probleemide v\u00f5i v\u00f5imalike probleemide tuvastamiseks.<\/li>\n<li><strong>\u00d5ige m\u00e4\u00e4rimine:<\/strong> Selgitage piisava m\u00e4\u00e4rimise olulisust sujuva t\u00f6\u00f6 tagamiseks ja enneaegse kulumise v\u00e4ltimiseks.<\/li>\n<li><strong>Tihendi vahetamine:<\/strong> Kirjeldage kulunud tihendite vahetamise protsessi, et s\u00e4ilitada silindri efektiivsus ja v\u00e4ltida lekkeid.<\/li>\n<li><strong>Kalibreerimiskontrollid:<\/strong> T\u00f5stke esile regulaarsete kalibreerimiskontrollide vajadust t\u00e4pse j\u00f5udluse tagamiseks.<\/li>\n<\/ul>\n<p><img decoding=\"async\" src=\"https:\/\/www.hydraulic-cylinders.net\/wp-content\/uploads\/2025\/01\/songte-chushion-collar.webp\" alt=\"Hooldus\u00fclesanded\"><\/p>\n<h2>Ohutuskaalutlused ja keskkonnategurid<\/h2>\n<p>Arutage ohutusmeetmete olulisust kopasilindri kasutamisel ja seda, kuidas see aitab kaasa ohutule t\u00f6\u00f6keskkonnale. K\u00e4sitlege k\u00f5iki keskkonnategureid, mis v\u00f5ivad m\u00f5jutada silindri j\u00f5udlust v\u00f5i hooldust.<\/p>\n<p><img decoding=\"async\" src=\"https:\/\/www.hydraulic-cylinders.net\/wp-content\/uploads\/2025\/01\/songte-bushings-with-all-kinds-of-excavator-models.webp\" alt=\"Ohutusmeetmed\"><\/p>\n<h2>Rikete diagnoosimine ja t\u00f5rkeotsing<\/h2>\n<p>Esitage p\u00f5hjalik loetelu tavalistest vigadest ja probleemidest, mis v\u00f5ivad kopasilindri kasutamisel tekkida. Pakkuge n\u00e4pun\u00e4iteid ja lahendusi nende probleemide diagnoosimiseks ja lahendamiseks, samuti ennetavaid meetmeid v\u00f5imalike probleemide minimeerimiseks.<\/p>\n<h2>Meie ettev\u00f5ttest<\/h2>\n<p>Oleme asendush\u00fcdrauliliste silindrite tootja, pakkudes laia tootevalikut. Oleme saanud \u00fcheks juhtivaks h\u00fcdrosilindrite tootjaks ja hulgim\u00fc\u00fcjaks nii sise- kui ka rahvusvahelistel turgudel. Keskendudes suurep\u00e4rasele kvaliteedile, tugineme oma t\u00e4iustatud tootmist\u00f6\u00f6kodades industrialiseeritud tootmisjuhtimise strateegiatele. T\u00e4iustame pidevalt oma tootmisplatvormi, tootekvaliteedi tootmismarsruute ning meil on tugev loominguline v\u00f5imekus. Meie p\u00f5him\u00f5tted, nagu k\u00f5rge efektiivsus, k\u00f5rge t\u00e4psus ja k\u00f5rge kvaliteet, v\u00f5imaldavad meil rahuldada klientide mitmekesiseid vajadusi.<\/p>\n<p><img decoding=\"async\" src=\"https:\/\/www.hydraulic-cylinders.net\/wp-content\/uploads\/2025\/01\/songte-company-3.webp\" alt=\"Ettev\u00f5tte kuvand\"><\/p>\n<h3>Professionaalsus:<\/h3>\n<p>Arutage meie ettev\u00f5tte professionaalsust, asjatundlikkust ja kogemusi selles valdkonnas.<\/p>\n<h3>Rahvusvahelised sertifikaadid:<\/h3>\n<p>T\u00f5stke esile meie ettev\u00f5tte poolt omandatud rahvusvahelisi sertifikaate, mis tagavad toote kvaliteedi ja vastavuse t\u00f6\u00f6stusstandarditele.<\/p>\n<h3>Kohandamise teenused:<\/h3>\n<p>Selgitage meie ettev\u00f5tte v\u00f5imet pakkuda kliendi individuaalsete vajaduste rahuldamiseks kohandamisteenuseid.<\/p>\n<h3>Tootmisseadmed:<\/h3>\n<p>Arutage meie k\u00e4sutuses olevaid t\u00e4iustatud tootmisseadmeid, mis v\u00f5imaldavad meil toota kvaliteetseid h\u00fcdrosilindreid.<\/p>\n<h3>M\u00fc\u00fcgij\u00e4rgne teenindus:<\/h3>\n<p>R\u00f5hutame meie p\u00fchendumust suurep\u00e4rase m\u00fc\u00fcgij\u00e4rgse teeninduse, sh remondi- ja asendusteenuste pakkumisele, et tagada klientide rahulolu.<\/p>\n<h4>Autor: lyl<\/h4>\n<p><\/body><br \/>\n<\/html><\/p>","protected":false},"excerpt":{"rendered":"<p>Bucket Cylinder For Caterpillar Large Excavator E336DZ\/D2L Bucket Cylinder For Caterpillar Large Excavator E336DZ\/D2L Introduction The bucket cylinder for Caterpillar large excavator E336DZ\/D2L is a specially designed hydraulic cylinder used to control the movement of the bucket in heavy machinery such as excavators, backhoe loaders, and wheel loaders. Its main function is to enable the [&hellip;]<\/p>","protected":false},"featured_media":14789,"comment_status":"open","ping_status":"closed","template":"","meta":{"_et_pb_use_builder":"","_et_pb_old_content":"","_et_gb_content_width":""},"product_brand":[],"product_cat":[1494],"product_tag":[1495,1496],"class_list":{"0":"post-15252","1":"product","2":"type-product","3":"status-publish","4":"has-post-thumbnail","6":"product_cat-bucket-cylinders","7":"product_tag-bucket-cylinders","8":"product_tag-hydraulic-cylinders","10":"first","11":"instock","12":"shipping-taxable","13":"product-type-simple"},"amp_enabled":true,"_links":{"self":[{"href":"https:\/\/www.hydraulic-cylinders.net\/et\/wp-json\/wp\/v2\/product\/15252","targetHints":{"allow":["GET"]}}],"collection":[{"href":"https:\/\/www.hydraulic-cylinders.net\/et\/wp-json\/wp\/v2\/product"}],"about":[{"href":"https:\/\/www.hydraulic-cylinders.net\/et\/wp-json\/wp\/v2\/types\/product"}],"replies":[{"embeddable":true,"href":"https:\/\/www.hydraulic-cylinders.net\/et\/wp-json\/wp\/v2\/comments?post=15252"}],"wp:featuredmedia":[{"embeddable":true,"href":"https:\/\/www.hydraulic-cylinders.net\/et\/wp-json\/wp\/v2\/media\/14789"}],"wp:attachment":[{"href":"https:\/\/www.hydraulic-cylinders.net\/et\/wp-json\/wp\/v2\/media?parent=15252"}],"wp:term":[{"taxonomy":"product_brand","embeddable":true,"href":"https:\/\/www.hydraulic-cylinders.net\/et\/wp-json\/wp\/v2\/product_brand?post=15252"},{"taxonomy":"product_cat","embeddable":true,"href":"https:\/\/www.hydraulic-cylinders.net\/et\/wp-json\/wp\/v2\/product_cat?post=15252"},{"taxonomy":"product_tag","embeddable":true,"href":"https:\/\/www.hydraulic-cylinders.net\/et\/wp-json\/wp\/v2\/product_tag?post=15252"}],"curies":[{"name":"wp","href":"https:\/\/api.w.org\/{rel}","templated":true}]}}