{"id":15253,"date":"2025-01-19T14:17:48","date_gmt":"2025-01-19T14:17:48","guid":{"rendered":"https:\/\/www.hydraulic-cylinders.net\/product\/bucket-cylinder-for-caterpillar-large-excavator-e450\/"},"modified":"2025-01-19T14:17:50","modified_gmt":"2025-01-19T14:17:50","slug":"bucket-cylinder-for-caterpillar-large-excavator-e450","status":"publish","type":"product","link":"https:\/\/www.hydraulic-cylinders.net\/et\/toode\/bucket-cylinder-for-caterpillar-large-excavator-e450\/","title":{"rendered":"Kopa silinder Caterpillar suurele ekskavaatorile E450"},"content":{"rendered":"<p><!DOCTYPE html><br \/>\n<html><br \/>\n<head><br \/>\n<title>Kopa silinder Caterpillar suurele ekskavaatorile E450<\/title><br \/>\n<\/head><br \/>\n<body><\/p>\n<h1>Kopa silinder Caterpillar suurele ekskavaatorile E450<\/h1>\n<h2>Sissejuhatus<\/h2>\n<p>Caterpillari suure ekskavaatori E450 kopa silinder on spetsiaalselt loodud h\u00fcdrauliline silinder, mida kasutatakse kopa liikumise juhtimiseks rasketes masinates, n\u00e4iteks ekskavaatorites, laadur-ekskavaatorites ja esilaadurites. Selle peamine \u00fclesanne on v\u00f5imaldada kopa t\u00f5stmist, langetamist ja kallutamist, muutes selle lihtsamaks mitmesuguste materjalik\u00e4itlust\u00f6\u00f6de puhul. H\u00fcdraulikas\u00fcsteemis saavutab kopa silinder kopa t\u00e4pse juhtimise, kasutades \u00e4ra h\u00fcdraulika\u00f5li r\u00f5humuutusi, v\u00f5imaldades operaatoritel t\u00f5husalt k\u00e4sitseda raskeid koormaid ning kohaneda keerukate t\u00f6\u00f6keskkondade ja mitmekesiste t\u00f6\u00f6n\u00f5uetega.<\/p>\n<p><img decoding=\"async\" src=\"https:\/\/www.hydraulic-cylinders.net\/wp-content\/uploads\/2025\/01\/songte-company-2.webp\"><\/p>\n<h2>Omadused<\/h2>\n<ul>\n<li>Suur tugevus ja vastupidavus: Tavaliselt \u00fclitugevast terasest v\u00f5i alumiiniumist valmistatud kopasilindrid taluvad k\u00f5rget r\u00f5hku ja suuri koormusi, kohandudes karmide t\u00f6\u00f6keskkondadega. Nende konstruktsioonikaalutluste hulka kuuluvad kulumiskindlus ja korrosioonikindlus, mis pikendavad nende eluiga.<\/li>\n<li>T\u00f5hus h\u00fcdrauliline t\u00f6\u00f6: H\u00fcdraulika\u00f5li r\u00f5hu abil saavutab kopa silinder sujuva pikendus- ja tagasit\u00f5mbamisliigutuse, v\u00f5imaldades kiiret reageerimist juhtimisk\u00e4sklustele ning v\u00f5imsaid t\u00f5uke- ja t\u00f5mbej\u00f5ude. See muudab selle sobivaks raskete koormate ja keerukate t\u00f6\u00f6de k\u00e4sitsemiseks.<\/li>\n<li>Erinevad t\u00fc\u00fcbid: Kopasilindrit saab valida \u00fchetoimelisena (h\u00fcdraulilist r\u00f5hku kasutatakse ainult \u00fches suunas) v\u00f5i kahetoimelisena (h\u00fcdraulilist r\u00f5hku kasutatakse m\u00f5lemas suunas), et see vastaks erinevatele t\u00f6\u00f6vajadustele. M\u00f5ned mudelid on teleskoopilised, mis v\u00f5imaldab suuremat pikendust ilma v\u00e4lism\u00f5\u00f5tmeid suurendamata, mist\u00f5ttu need sobivad ideaalselt piiratud ruumiga rakenduste jaoks.<\/li>\n<\/ul>\n<p><img decoding=\"async\" src=\"https:\/\/www.hydraulic-cylinders.net\/wp-content\/uploads\/2025\/01\/songte-cylinder-head-with-all-kinds-excavator-models.webp\"><\/p>\n<h2>Rakendused<\/h2>\n<h3>Ehitustehnika<\/h3>\n<p>Ekskavaatorites on kopa silinder \u00fclioluline kaevamisel, laadimisel ja pinnase v\u00f5i prahi teisaldamisel. Ekskavaatoritel aitab kopa silinder kaasa nii kaevamisele kui ka t\u00f5stmisele.<\/p>\n<h3>P\u00f5llumajandustehnika<\/h3>\n<p>Kasutatakse esilaadurites mulla, heina ja muude materjalide kopeerimiseks, t\u00f5stmiseks ja transportimiseks.<\/p>\n<h3>Ekskavaatorid<\/h3>\n<p>Kopa silinder v\u00f5imaldab kaevamist, lastes kopal pinnasesse tungida.<\/p>\n<h3>Laadurid<\/h3>\n<p>Frontaallaadurites aitavad need lasti t\u00f5husalt t\u00f5sta ja maha laadida.<\/p>\n<h2>Projekteerimiskaalutlused ja valikukriteeriumid<\/h2>\n<ul>\n<li>Kandev\u00f5ime: Kopa silinder on konstrueeritud taluma suuri koormusi ja tagama ohutu t\u00f6\u00f6.<\/li>\n<li>Tihendus: N\u00f5uetekohase tihenduse tagamiseks kasutatakse mitmesuguseid tihenduselemente, n\u00e4iteks kolvitihendeid ja varrastihendeid, mis on valmistatud kulumiskindlatest materjalidest, n\u00e4iteks pol\u00fcuretaanist ja nitriilkummist. Silindri korpus ja keermestatud otsad l\u00e4bivad peent\u00f6\u00f6tluse kulumiskindluse suurendamiseks.<\/li>\n<\/ul>\n<p><img decoding=\"async\" src=\"https:\/\/www.hydraulic-cylinders.net\/wp-content\/uploads\/2025\/01\/songte-oil-pipes-and-spare-parts.webp\"><\/p>\n<h2>Tihendus ja m\u00e4\u00e4rimine<\/h2>\n<p>Kopasilindris kasutatakse mitmesuguseid tihenduskomponente, n\u00e4iteks kolvitihendeid ja vardatihendeid, mis on valmistatud kulumiskindlatest materjalidest, n\u00e4iteks pol\u00fcuretaanist ja nitriilkummist. Silindri korpus ja keermestatud otsapinnad on peenelt t\u00f6\u00f6deldud, et parandada kulumiskindlust. Vajalik on regulaarne m\u00e4\u00e4rimine ja korraliku m\u00e4\u00e4rimise tagamiseks tuleks lisada sobiv kogus h\u00fcdraulika\u00f5li.<\/p>\n<h2>Kontroll ja ennetav hooldus<\/h2>\n<ul>\n<li>Kopasilindri optimaalse j\u00f5udluse ja pikaealisuse tagamiseks on oluline regulaarne kontroll ja hooldus.<\/li>\n<li>\u00d5ige paigaldus, m\u00e4\u00e4rimine ja reguleerimine m\u00e4ngivad kopasilindri pikaealisuse tagamisel olulist rolli. Paigaldamise ajal tuleks tagada n\u00f5uetekohane joondamine ja silindri kinnitamiseks on soovitatav kasutada sobivaid paigaldusklambreid.<\/li>\n<li>J\u00e4rgida tuleks soovitatud kontrolli-, remondi- ja asendusprotseduure. Kopasilindri eluea pikendamiseks on saadaval varuosad ja taastamisteenused.<\/li>\n<\/ul>\n<p><img decoding=\"async\" src=\"https:\/\/www.hydraulic-cylinders.net\/wp-content\/uploads\/2025\/01\/songte-chushion-collar.webp\"><\/p>\n<h2>Ohutuskaalutlused ja keskkonnategurid<\/h2>\n<p>Kopasilindri kasutamisel on oluline j\u00e4rgida ohutusmeetmeid, et v\u00e4ltida \u00f5nnetusi ja tagada ohutu t\u00f6\u00f6keskkond.<\/p>\n<h2>Vea diagnoosimine ja levinud probleemid<\/h2>\n<p>Probleemide t\u00f5husaks diagnoosimiseks ja lahendamiseks on \u00fclioluline pakkuda t\u00f5rkeotsingu n\u00e4pun\u00e4iteid ja lahendusi. V\u00f5imalike probleemide minimeerimiseks tuleks soovitada ennetavaid meetmeid.<\/p>\n<p><img decoding=\"async\" src=\"https:\/\/www.hydraulic-cylinders.net\/wp-content\/uploads\/2025\/01\/songte-bushings-with-all-kinds-of-excavator-models.webp\"><\/p>\n<h2>Kokkuv\u00f5te<\/h2>\n<p>Kokkuv\u00f5tteks v\u00f5ib \u00f6elda, et Caterpillari suure ekskavaatori E450 kopa silinder on rasketehnika oluline komponent mitmesuguste materjalik\u00e4itlust\u00f6\u00f6de jaoks. Meie ettev\u00f5te on juhtiv h\u00fcdrauliliste silindrite tootja ja hulgim\u00fc\u00fcja, pakkudes laia tootevalikut nii sise- kui ka rahvusvahelise turu n\u00f5udmiste rahuldamiseks. P\u00fchendudes tipptasemele ja t\u00e4iustatud tootmisv\u00f5imalustele, p\u00fc\u00fcame pakkuda kvaliteetseid tooteid ja erakordset klienditeenindust. <\/p>\n<p><img decoding=\"async\" src=\"https:\/\/www.hydraulic-cylinders.net\/wp-content\/uploads\/2025\/01\/songte-company-3.webp\"><\/p>\n<p>Autor: lyl<\/p>\n<p><\/body><br \/>\n<\/html><\/p>","protected":false},"excerpt":{"rendered":"<p>Bucket Cylinder For Caterpillar Large Excavator E450 Bucket Cylinder For Caterpillar Large Excavator E450 Introduction The bucket cylinder for Caterpillar large excavator E450 is a specially designed hydraulic cylinder that is used to control the movement of the bucket in heavy machinery such as excavators, backhoe loaders, and front loaders. Its main function is to [&hellip;]<\/p>","protected":false},"featured_media":14788,"comment_status":"open","ping_status":"closed","template":"","meta":{"_et_pb_use_builder":"","_et_pb_old_content":"","_et_gb_content_width":""},"product_brand":[],"product_cat":[1494],"product_tag":[1495,1496],"class_list":{"0":"post-15253","1":"product","2":"type-product","3":"status-publish","4":"has-post-thumbnail","6":"product_cat-bucket-cylinders","7":"product_tag-bucket-cylinders","8":"product_tag-hydraulic-cylinders","10":"first","11":"instock","12":"shipping-taxable","13":"product-type-simple"},"amp_enabled":true,"_links":{"self":[{"href":"https:\/\/www.hydraulic-cylinders.net\/et\/wp-json\/wp\/v2\/product\/15253","targetHints":{"allow":["GET"]}}],"collection":[{"href":"https:\/\/www.hydraulic-cylinders.net\/et\/wp-json\/wp\/v2\/product"}],"about":[{"href":"https:\/\/www.hydraulic-cylinders.net\/et\/wp-json\/wp\/v2\/types\/product"}],"replies":[{"embeddable":true,"href":"https:\/\/www.hydraulic-cylinders.net\/et\/wp-json\/wp\/v2\/comments?post=15253"}],"wp:featuredmedia":[{"embeddable":true,"href":"https:\/\/www.hydraulic-cylinders.net\/et\/wp-json\/wp\/v2\/media\/14788"}],"wp:attachment":[{"href":"https:\/\/www.hydraulic-cylinders.net\/et\/wp-json\/wp\/v2\/media?parent=15253"}],"wp:term":[{"taxonomy":"product_brand","embeddable":true,"href":"https:\/\/www.hydraulic-cylinders.net\/et\/wp-json\/wp\/v2\/product_brand?post=15253"},{"taxonomy":"product_cat","embeddable":true,"href":"https:\/\/www.hydraulic-cylinders.net\/et\/wp-json\/wp\/v2\/product_cat?post=15253"},{"taxonomy":"product_tag","embeddable":true,"href":"https:\/\/www.hydraulic-cylinders.net\/et\/wp-json\/wp\/v2\/product_tag?post=15253"}],"curies":[{"name":"wp","href":"https:\/\/api.w.org\/{rel}","templated":true}]}}