{"id":15254,"date":"2025-01-19T14:17:52","date_gmt":"2025-01-19T14:17:52","guid":{"rendered":"https:\/\/www.hydraulic-cylinders.net\/product\/bucket-cylinder-for-caterpillar-large-excavator-e329d-329dl\/"},"modified":"2025-01-19T14:18:00","modified_gmt":"2025-01-19T14:18:00","slug":"bucket-cylinder-for-caterpillar-large-excavator-e329d-329dl","status":"publish","type":"product","link":"https:\/\/www.hydraulic-cylinders.net\/et\/toode\/bucket-cylinder-for-caterpillar-large-excavator-e329d-329dl\/","title":{"rendered":"Kopa silinder Caterpillar suurele ekskavaatorile E329D\/329DL"},"content":{"rendered":"<h1>Kopa silinder Caterpillar suurele ekskavaatorile E329D\/329DL<\/h1>\n<h2>Sissejuhatus<\/h2>\n<p>Caterpillari suure ekskavaatori E329D\/329DL kopa silinder on spetsiaalselt loodud h\u00fcdrauliline silinder, mida kasutatakse kopa liikumise juhtimiseks rasketes masinates, n\u00e4iteks ekskavaatorites, laadur-ekskavaatorites ja esilaadurites. Selle peamine \u00fclesanne on v\u00f5imaldada kopa t\u00f5stmist, langetamist ja kallutamist, muutes selle mugavaks mitmesuguste materjalik\u00e4itlust\u00f6\u00f6de jaoks. H\u00fcdraulikas\u00fcsteemis saavutab kopa silinder kopa liikumise t\u00e4pse juhtimise h\u00fcdraulika\u00f5li r\u00f5hu muutuste kaudu, v\u00f5imaldades operaatoritel t\u00f5husalt k\u00e4sitseda raskeid koormaid ning kohaneda keerukate t\u00f6\u00f6keskkondade ja mitmekesiste t\u00f6\u00f6vajadustega.<\/p>\n<p><img decoding=\"async\" src=\"https:\/\/www.hydraulic-cylinders.net\/wp-content\/uploads\/2025\/01\/songte-company-2.webp\"><\/p>\n<h2>Omadused<\/h2>\n<ul>\n<li>Suur tugevus ja vastupidavus: Tavaliselt \u00fclitugevast terasest v\u00f5i alumiiniumist valmistatud kopa silinder talub k\u00f5rget r\u00f5hku ja suuri koormusi, mist\u00f5ttu sobib see karmideks t\u00f6\u00f6tingimusteks. Selle disain arvestab kulumiskindluse ja korrosioonikindlusega, pikendades selle eluiga.<\/li>\n<li>T\u00f5hus h\u00fcdrauliline t\u00f6\u00f6: H\u00fcdraulilise \u00f5li r\u00f5hu abil v\u00f5imaldab kopa silinder sujuvat pikendamist ja tagasit\u00f5mbamist, reageerib kiiresti juhtimisk\u00e4sklustele, pakub v\u00f5imsaid t\u00f5uke- ja t\u00f5mbej\u00f5ude ning sobib raskete koormate ja keerukate t\u00f6\u00f6\u00fclesannete k\u00e4sitsemiseks.<\/li>\n<li>Erinevad t\u00fc\u00fcbid: Kopasilindrit saab vastavalt vajadusele valida \u00fchetoimelise h\u00fcdrosilindrina (h\u00fcdraulilist j\u00f5udu kasutatakse ainult \u00fches suunas) v\u00f5i kahetoimelise h\u00fcdrosilindrina (h\u00fcdraulilist j\u00f5udu kasutatakse m\u00f5lemas suunas). M\u00f5ned mudelid on teleskoopilised, mis v\u00f5imaldab suuremat pikendust ilma v\u00e4lism\u00f5\u00f5tmeid suurendamata, mist\u00f5ttu need sobivad piiratud ruumiga rakenduste jaoks.<\/li>\n<li>T\u00e4iuslik asendus: Meie tooted suudavad neid h\u00fcdrosilindreid ideaalselt asendada. <\/li>\n<\/ul>\n<p><img decoding=\"async\" src=\"https:\/\/www.hydraulic-cylinders.net\/wp-content\/uploads\/2025\/01\/songte-cylinder-head-with-all-kinds-excavator-models.webp\"><\/p>\n<h2>Rakendused<\/h2>\n<p>Caterpillari suure ekskavaatori E329D\/329DL kopa silinder leiab rakendust erinevat t\u00fc\u00fcpi seadmetes:<\/p>\n<ul>\n<li>Ehitustehnika: Neid leidub ekskavaatorites ning need on olulised kaevamiseks, laadimiseks ja pinnase v\u00f5i prahi teisaldamiseks. Ekskavaatorlaadurites aitab kopa silinder nii kaevamisel kui ka t\u00f5stmisel.<\/li>\n<li>P\u00f5llumajandusmasinad: Kasutatakse esilaadurites mulla, heina ja muude materjalide k\u00fchveldamiseks, t\u00f5stmiseks ja transportimiseks.<\/li>\n<li>Ekskavaatorid: Kopa silinder v\u00f5imaldab kaevamist, lastes kopal pinnasesse tungida.<\/li>\n<li>Laadurid: Esilaadurites aitavad need kaupu t\u00f5husalt t\u00f5sta ja kallutada.<\/li>\n<\/ul>\n<h2>Projekteerimiskaalutlused ja valikukriteeriumid<\/h2>\n<p>Kopasilindrite projekteerimiskaalutluste ja valikukriteeriumide osas on olulised j\u00e4rgmised tegurid:<\/p>\n<ul>\n<li>Kandev\u00f5ime<\/li>\n<li>Tihendus<\/li>\n<li>Vastupidavus<\/li>\n<li>Ohutus<\/li>\n<li>Hooldatavus<\/li>\n<\/ul>\n<p><img decoding=\"async\" src=\"https:\/\/www.hydraulic-cylinders.net\/wp-content\/uploads\/2025\/01\/songte-oil-pipes-and-spare-parts.webp\"><\/p>\n<h2>Tihendus ja m\u00e4\u00e4rimine<\/h2>\n<p>Kopasilindris kasutatakse mitmesuguseid tihenduskomponente, n\u00e4iteks kolvitihendeid ja vardatihendeid, mis on valmistatud kulumiskindlatest materjalidest nagu pol\u00fcuretaan ja nitriilkummi. Silindri korpus ja keermestatud otsad l\u00e4bivad t\u00e4pse t\u00f6\u00f6tluse, et suurendada kulumiskindlust. Sujuva t\u00f6\u00f6 tagamiseks on vajalik regulaarne m\u00e4\u00e4rimine sobiva h\u00fcdraulika\u00f5liga.<\/p>\n<h2>Regulaarne kontroll ja ennetav hooldus<\/h2>\n<p>Optimaalse j\u00f5udluse tagamiseks on oluline regulaarne kontroll ja ennetav hooldus. Rakendada tuleks j\u00e4rgmisi meetmeid:<\/p>\n<ul>\n<li>Paigaldamise ajal \u00f5ige joonduse kontrollimine ja s\u00e4ilitamine<\/li>\n<li>Regulaarne m\u00e4\u00e4rimine<\/li>\n<li>Tihendi vahetamine<\/li>\n<li>Kalibreerimiskontrollid<\/li>\n<\/ul>\n<p><img decoding=\"async\" src=\"https:\/\/www.hydraulic-cylinders.net\/wp-content\/uploads\/2025\/01\/songte-chushion-collar.webp\"><\/p>\n<h2>Ohutuskaalutlused ja keskkonnategurid<\/h2>\n<p>Kopasilindrite kasutamisel on \u00e4\u00e4rmiselt oluline tagada ohutusmeetmete rakendamine. Arvesse tuleks v\u00f5tta selliseid tegureid nagu n\u00f5uetekohane paigaldamine, regulaarne hooldus ja h\u00fcdrauliliste seadmete kasutamisega seotud ohutusjuhiste j\u00e4rgimine.<\/p>\n<h2>Veaotsing ja levinud probleemid<\/h2>\n<p>Kopasilindri probleemide ilmnemisel on oluline need viivitamatult diagnoosida ja lahendada. M\u00f5ned levinud t\u00f5rkeotsingu n\u00e4pun\u00e4ited ja lahendused on j\u00e4rgmised:<\/p>\n<ul>\n<li>H\u00fcdrauliliste \u00fchenduste lekete kontrollimine<\/li>\n<li>Ebanormaalsete helide kontrollimine t\u00f6\u00f6tamise ajal<\/li>\n<li>H\u00fcdraulikavedeliku \u00f5ige taseme kontrollimine<\/li>\n<\/ul>\n<p><img decoding=\"async\" src=\"https:\/\/www.hydraulic-cylinders.net\/wp-content\/uploads\/2025\/01\/songte-bushings-with-all-kinds-of-excavator-models.webp\"><\/p>\n<h2>Kokkuv\u00f5te<\/h2>\n<p>Kokkuv\u00f5tteks v\u00f5ib \u00f6elda, et oleme juhtiv h\u00fcdrauliliste silindrite tootja ja hulgim\u00fc\u00fcja nii sise- kui ka rahvusvahelisel turul. Meie lai tootevalik, p\u00fchendumus tipptasemele ning t\u00e4iustatud tootmistehnoloogiate ja professionaalsete testimiss\u00fcsteemide kasutamine v\u00f5imaldavad meil rahuldada klientide mitmekesiseid n\u00f5udmisi. Klientide rahulolu tagamiseks seame esikohale efektiivsuse, t\u00e4psuse ja k\u00f5rged kvaliteedistandardid. Keskendudes professionaalsusele, rahvusvahelistele sertifikaatidele, kohandatud teenustele, tootmisseadmetele ja m\u00fc\u00fcgij\u00e4rgsele toele, p\u00fc\u00fcame pakkuda parimaid lahendusi h\u00fcdrauliliste silindrite valdkonnas.<\/p>\n<p><img decoding=\"async\" src=\"https:\/\/www.hydraulic-cylinders.net\/wp-content\/uploads\/2025\/01\/songte-company-3.webp\"><\/p>\n<p>Autor: lyl<\/p>","protected":false},"excerpt":{"rendered":"<p>Bucket Cylinder For Caterpillar Large Excavator E329D\/329DL Introduction The bucket cylinder for Caterpillar large excavator E329D\/329DL is a specially designed hydraulic cylinder used to control the movement of the bucket in heavy machinery such as excavators, backhoe loaders, and front-end loaders. Its main function is to enable the bucket to lift, lower, and tilt, making [&hellip;]<\/p>","protected":false},"featured_media":14787,"comment_status":"open","ping_status":"closed","template":"","meta":{"_et_pb_use_builder":"","_et_pb_old_content":"","_et_gb_content_width":""},"product_brand":[],"product_cat":[1494],"product_tag":[1495,1496],"class_list":{"0":"post-15254","1":"product","2":"type-product","3":"status-publish","4":"has-post-thumbnail","6":"product_cat-bucket-cylinders","7":"product_tag-bucket-cylinders","8":"product_tag-hydraulic-cylinders","10":"first","11":"instock","12":"shipping-taxable","13":"product-type-simple"},"amp_enabled":true,"_links":{"self":[{"href":"https:\/\/www.hydraulic-cylinders.net\/et\/wp-json\/wp\/v2\/product\/15254","targetHints":{"allow":["GET"]}}],"collection":[{"href":"https:\/\/www.hydraulic-cylinders.net\/et\/wp-json\/wp\/v2\/product"}],"about":[{"href":"https:\/\/www.hydraulic-cylinders.net\/et\/wp-json\/wp\/v2\/types\/product"}],"replies":[{"embeddable":true,"href":"https:\/\/www.hydraulic-cylinders.net\/et\/wp-json\/wp\/v2\/comments?post=15254"}],"wp:featuredmedia":[{"embeddable":true,"href":"https:\/\/www.hydraulic-cylinders.net\/et\/wp-json\/wp\/v2\/media\/14787"}],"wp:attachment":[{"href":"https:\/\/www.hydraulic-cylinders.net\/et\/wp-json\/wp\/v2\/media?parent=15254"}],"wp:term":[{"taxonomy":"product_brand","embeddable":true,"href":"https:\/\/www.hydraulic-cylinders.net\/et\/wp-json\/wp\/v2\/product_brand?post=15254"},{"taxonomy":"product_cat","embeddable":true,"href":"https:\/\/www.hydraulic-cylinders.net\/et\/wp-json\/wp\/v2\/product_cat?post=15254"},{"taxonomy":"product_tag","embeddable":true,"href":"https:\/\/www.hydraulic-cylinders.net\/et\/wp-json\/wp\/v2\/product_tag?post=15254"}],"curies":[{"name":"wp","href":"https:\/\/api.w.org\/{rel}","templated":true}]}}