{"id":15259,"date":"2025-01-19T14:18:18","date_gmt":"2025-01-19T14:18:18","guid":{"rendered":"https:\/\/www.hydraulic-cylinders.net\/product\/bucket-cylinder-for-caterpillar-large-excavator-e390d\/"},"modified":"2025-01-19T14:18:20","modified_gmt":"2025-01-19T14:18:20","slug":"bucket-cylinder-for-caterpillar-large-excavator-e390d","status":"publish","type":"product","link":"https:\/\/www.hydraulic-cylinders.net\/et\/toode\/bucket-cylinder-for-caterpillar-large-excavator-e390d\/","title":{"rendered":"Kopa silinder Caterpillar suurele ekskavaatorile E390D"},"content":{"rendered":"<h1>Kopa silinder Caterpillar suurele ekskavaatorile E390D<\/h1>\n<h2>Sissejuhatus<\/h2>\n<p>Kopa silinder on spetsiaalselt konstrueeritud h\u00fcdrauliline silinder, mida kasutatakse kopa liikumise juhtimiseks rasketes masinates, n\u00e4iteks ekskavaatorites, laadur-ekskavaatorites ja esilaadurites. Selle peamine \u00fclesanne on v\u00f5imaldada kopa t\u00f5stmist, langetamist ja kallutamist, mist\u00f5ttu sobib see mitmesugusteks materjalik\u00e4itlust\u00f6\u00f6deks. H\u00fcdraulilises s\u00fcsteemis juhib kopa silinder t\u00e4pselt kopa liikumist h\u00fcdraulika\u00f5li r\u00f5hu muutuste kaudu, v\u00f5imaldades operaatoritel t\u00f5husalt k\u00e4sitseda raskeid koormaid ning kohaneda keerukate t\u00f6\u00f6keskkondade ja mitmekesiste t\u00f6\u00f6n\u00f5uetega. <\/p>\n<p><img decoding=\"async\" src=\"https:\/\/www.hydraulic-cylinders.net\/wp-content\/uploads\/2025\/01\/songte-company-2.webp\"><\/p>\n<h2>Omadused<\/h2>\n<ul>\n<li>\n<h3>Suur tugevus ja vastupidavus<\/h3>\n<p>Kopasilindrid on tavaliselt valmistatud \u00fclitugevast terasest v\u00f5i alumiiniumist ning taluvad k\u00f5rget r\u00f5hku ja suuri koormusi, mist\u00f5ttu sobivad need karmidesse t\u00f6\u00f6keskkondadesse. Need on konstrueeritud kulumiskindlust ja korrosioonikindlust silmas pidades, pikendades nende kasutusiga.<\/p>\n<\/li>\n<li>\n<h3>T\u00f5hus h\u00fcdrauliline t\u00f6\u00f6<\/h3>\n<p>Kopasilindrid kasutavad sujuvate pikendus- ja tagasit\u00f5mbamisliigutuste saavutamiseks h\u00fcdraulilist \u00f5lir\u00f5hku. Need reageerivad juhtimisk\u00e4sklustele kiiresti, pakkudes v\u00f5imsaid t\u00f5uke- ja t\u00f5mbej\u00f5ude, mis sobivad raskete koormate ja keerukate t\u00f6\u00f6\u00fclesannete k\u00e4sitsemiseks.<\/p>\n<\/li>\n<li>\n<h3>Erinevad t\u00fc\u00fcbid<\/h3>\n<p>Kopasilindrid v\u00f5ivad olla \u00fchetoimelised (kasutavad h\u00fcdraulilist r\u00f5hku ainult \u00fches suunas) v\u00f5i kahetoimelised (kasutavad h\u00fcdraulilist r\u00f5hku m\u00f5lemas suunas), olenevalt t\u00f6\u00f6vajadustest. M\u00f5ned mudelid on teleskoopilised, mis v\u00f5imaldab suuremat pikendust ilma v\u00e4lism\u00f5\u00f5tmeid suurendamata, mist\u00f5ttu need sobivad piiratud ruumiga rakenduste jaoks.<\/p>\n<\/li>\n<li>\n<h3>\u00dchildub erinevate ekskavaatorimudelitega<\/h3>\n<p>Meie toode saab neid h\u00fcdrosilindreid ideaalselt asendada. <\/p>\n<\/li>\n<\/ul>\n<p><img decoding=\"async\" src=\"https:\/\/www.hydraulic-cylinders.net\/wp-content\/uploads\/2025\/01\/songte-cylinder-head-with-all-kinds-excavator-models.webp\"><\/p>\n<h2>Rakendused<\/h2>\n<p>Kopasilindrid on mitmesuguste raskete masinate olulised komponendid, sealhulgas, kuid mitte ainult:<\/p>\n<ul>\n<li>\n<h3>Ehitustehnika<\/h3>\n<p>Ekskavaatorites on need olulised kaevamisel, laadimisel ja pinnase v\u00f5i prahi teisaldamisel. Ekskavaator-laadurites abistab kopa silinder nii kaevamisel kui ka t\u00f5stmisel. <\/p>\n<\/li>\n<li>\n<h3>P\u00f5llumajandustehnika<\/h3>\n<p>Kasutatakse esilaadurites mulla, heina ja muude materjalide kopeerimiseks, t\u00f5stmiseks ja transportimiseks. <\/p>\n<\/li>\n<li>\n<h3>Ekskavaatorid<\/h3>\n<p>Kopa silinder v\u00f5imaldab kopal pinnasesse tungida ja kaevamisliigutusi teha. <\/p>\n<\/li>\n<li>\n<h3>Esilaadurid<\/h3>\n<p>Esilaadurites aitavad need kaupu t\u00f5husalt t\u00f5sta ja maha laadida. <\/p>\n<\/li>\n<\/ul>\n<h2>Projekteerimiskaalutlused ja valikukriteeriumid<\/h2>\n<p>Kopasilindrite konstrueerimisel on arvestatud mitmete kaalutlustega:<\/p>\n<ul>\n<li>\n<h3>Kandev\u00f5ime<\/h3>\n<p>Kopa silinder peab olema piisavalt tugev, et taluda raskeid koormusi ja k\u00f5rget r\u00f5hku.<\/p>\n<\/li>\n<li>\n<h3>Tihendus<\/h3>\n<p>Silinder peab olema piisavalt tihendatud, et v\u00e4ltida \u00f5lilekkeid ja s\u00e4ilitada \u00f5ige r\u00f5hk. See peaks olema varustatud kvaliteetsete tihendusmaterjalidega, n\u00e4iteks kolvitihendite ja varraste tihenditega, mis on valmistatud kulumiskindlatest materjalidest, n\u00e4iteks pol\u00fcuretaanist ja nitriilkummist.<\/p>\n<\/li>\n<li>\n<h3>Vastupidavus<\/h3>\n<p>Silinder peaks olema piisavalt vastupidav, et taluda kulumist karmides keskkondades, ning silindri korpus ja keermestatud otsad peaksid olema peenelt t\u00f6\u00f6deldud, et suurendada kulumiskindlust.<\/p>\n<\/li>\n<li>\n<h3>Ohutus<\/h3>\n<p>\u00d5nnetuste v\u00e4ltimiseks peaks balloon olema konstrueeritud ohutusfunktsioonidega, nagu \u00fclekoormuskaitse ja r\u00f5hualandusventiilid.<\/p>\n<\/li>\n<li>\n<h3>Hooldatavus<\/h3>\n<p>Silindrit peaks olema lihtne hooldada ja parandada ning pikema kasutusea tagamiseks on soovitatav kasutada sobivaid varuosi ja remonditeenuseid.<\/p>\n<\/li>\n<\/ul>\n<p><img decoding=\"async\" src=\"https:\/\/www.hydraulic-cylinders.net\/wp-content\/uploads\/2025\/01\/songte-oil-pipes-and-spare-parts.webp\"><\/p>\n<h2>Tihendus ja m\u00e4\u00e4rimine<\/h2>\n<p>Kopasilindrid vajavad optimaalse j\u00f5udluse tagamiseks korralikku tihendamist ja m\u00e4\u00e4rimist. See h\u00f5lmab mitmesuguste tihenduskomponentide, n\u00e4iteks kulumiskindlatest materjalidest kolvitihendite, vardatihendite ja klaasipuhasti tihendite kasutamist. Silindri korpust ja keermestatud otsi tuleks t\u00f6\u00f6delda kulumiskindluse suurendamiseks. Sujuva t\u00f6\u00f6 tagamiseks on soovitatav m\u00e4\u00e4rimist h\u00fcdraulika\u00f5liga reguleerida.<\/p>\n<h2>Hooldus ja remont<\/h2>\n<p>Kopasilindri optimaalse j\u00f5udluse s\u00e4ilitamiseks on oluline regulaarne hooldus ja remont. Levinud hooldust\u00f6\u00f6de hulka kuuluvad regulaarne kontroll, n\u00f5uetekohane m\u00e4\u00e4rimine, tihendite vahetamine ja kalibreerimise kontrollimine. Samuti on oluline tagada silindri eluea pikendamiseks n\u00f5uetekohane paigaldamine, m\u00e4\u00e4rimine ja reguleerimine. <\/p>\n<p><img decoding=\"async\" src=\"https:\/\/www.hydraulic-cylinders.net\/wp-content\/uploads\/2025\/01\/songte-chushion-collar.webp\"><\/p>\n<h2>Ohutuskaalutlused<\/h2>\n<p>\u00c4mbriballoone tuleks k\u00e4sitseda n\u00f5uetekohaste ohutusmeetmete kohaselt ja j\u00e4rgida soovitatud ohutusjuhiseid. \u00d5nnetuste v\u00e4ltimiseks peaksid ballooni paigaldama ja kasutama kvalifitseeritud t\u00f6\u00f6tajad.<\/p>\n<h2>Rikete diagnoosimine ja t\u00f5rkeotsing<\/h2>\n<p>Kopasilindrite levinud rikete hulka kuuluvad \u00f5lileke, ebapiisav v\u00f5imsus ja aeglane t\u00f6\u00f6. T\u00f5husate t\u00f5rkeotsingu meetodite hulka kuuluvad h\u00fcdraulika\u00f5li taseme kontrollimine, silindri kahjustuste v\u00f5i kulumise kontrollimine ning kulunud v\u00f5i kahjustatud tihendite vahetamine. Nende rikete v\u00e4ltimiseks on oluline j\u00e4rgida soovitatud hooldusprotseduure.<\/p>\n<p><img decoding=\"async\" src=\"https:\/\/www.hydraulic-cylinders.net\/wp-content\/uploads\/2025\/01\/songte-bushings-with-all-kinds-of-excavator-models.webp\"><\/p>\n<h2>Meist<\/h2>\n<p>Oleme asendush\u00fcdrauliliste silindrite tootja, pakkudes t\u00e4ielikku tootevalikut. Oleme saanud \u00fcheks juhtivaks h\u00fcdrosilindrite tootjaks ja hulgim\u00fc\u00fcjaks nii sise- kui ka rahvusvahelisel turul. J\u00e4rgime suurep\u00e4rast kvaliteeti, tugineme peenelt l\u00e4bim\u00f5eldud tootmist\u00f6\u00f6kodade t\u00f6\u00f6stusliku tootmise juhtimise strateegiatele ning t\u00e4iustame pidevalt tootmisplatvormi, parandame tootekvaliteedi tootmisliine ja meil on tugev loominguline v\u00f5ime rahuldada klientide mitmekesiseid vajadusi suure efektiivsuse, suure t\u00e4psuse ja k\u00f5rgete kvaliteedip\u00f5him\u00f5tetega. <\/p>\n<p><img decoding=\"async\" src=\"https:\/\/hzpt.com\/wp-content\/uploads\/2024\/11\/songte-company-1.webp\"><\/p>\n<h3>Professionaalsus<\/h3>\n<p>Meil on k\u00f5rgelt kvalifitseeritud inseneride ja tehnikute meeskond, kes projekteerib ja toodab h\u00fcdraulilisi silindreid vastavalt k\u00f5rgeimatele kvaliteedistandarditele. <\/p>\n<h3>Rahvusvahelised sertifikaadid<\/h3>\n<p>Meie tooted on sertifitseeritud erinevate rahvusvaheliste standardite, sealhulgas ISO, CE ja SGS, j\u00e4rgi. <\/p>\n<h3>Kohandamise teenused<\/h3>\n<p>Pakume kohandatud h\u00fcdraulilisi silindreid vastavalt klientide konkreetsetele n\u00f5uetele, sealhulgas projekteerimise, tootmise ja testimise. <\/p>\n<h3>Tootmisseadmed<\/h3>\n<p>Kasutame t\u00e4iustatud seadmeid, sealhulgas CNC-t\u00f6\u00f6tluskeskusi, t\u00e4ppislihvimismasinaid ja testimisseadmeid. <\/p>\n<h3>M\u00fc\u00fcgij\u00e4rgne teenindus<\/h3>\n<p>Pakume igak\u00fclgset m\u00fc\u00fcgij\u00e4rgset teenindust, sealhulgas hooldust, remonti ja taastamisteenuseid, et tagada optimaalne j\u00f5udlus ja vastupidavus. <\/p>\n<p>Autor: lyl.<\/p>","protected":false},"excerpt":{"rendered":"<p>Bucket Cylinder For Caterpillar Large Excavator E390D Introduction A bucket cylinder is a specially designed hydraulic cylinder used to control the movement of the bucket in heavy machinery, such as excavators, backhoe loaders, and front-end loaders. Its primary function is to allow the bucket to lift, lower and tilt, making it suitable for various material [&hellip;]<\/p>","protected":false},"featured_media":14778,"comment_status":"open","ping_status":"closed","template":"","meta":{"_et_pb_use_builder":"","_et_pb_old_content":"","_et_gb_content_width":""},"product_brand":[],"product_cat":[1494],"product_tag":[1495,1496],"class_list":{"0":"post-15259","1":"product","2":"type-product","3":"status-publish","4":"has-post-thumbnail","6":"product_cat-bucket-cylinders","7":"product_tag-bucket-cylinders","8":"product_tag-hydraulic-cylinders","10":"first","11":"instock","12":"shipping-taxable","13":"product-type-simple"},"amp_enabled":true,"_links":{"self":[{"href":"https:\/\/www.hydraulic-cylinders.net\/et\/wp-json\/wp\/v2\/product\/15259","targetHints":{"allow":["GET"]}}],"collection":[{"href":"https:\/\/www.hydraulic-cylinders.net\/et\/wp-json\/wp\/v2\/product"}],"about":[{"href":"https:\/\/www.hydraulic-cylinders.net\/et\/wp-json\/wp\/v2\/types\/product"}],"replies":[{"embeddable":true,"href":"https:\/\/www.hydraulic-cylinders.net\/et\/wp-json\/wp\/v2\/comments?post=15259"}],"wp:featuredmedia":[{"embeddable":true,"href":"https:\/\/www.hydraulic-cylinders.net\/et\/wp-json\/wp\/v2\/media\/14778"}],"wp:attachment":[{"href":"https:\/\/www.hydraulic-cylinders.net\/et\/wp-json\/wp\/v2\/media?parent=15259"}],"wp:term":[{"taxonomy":"product_brand","embeddable":true,"href":"https:\/\/www.hydraulic-cylinders.net\/et\/wp-json\/wp\/v2\/product_brand?post=15259"},{"taxonomy":"product_cat","embeddable":true,"href":"https:\/\/www.hydraulic-cylinders.net\/et\/wp-json\/wp\/v2\/product_cat?post=15259"},{"taxonomy":"product_tag","embeddable":true,"href":"https:\/\/www.hydraulic-cylinders.net\/et\/wp-json\/wp\/v2\/product_tag?post=15259"}],"curies":[{"name":"wp","href":"https:\/\/api.w.org\/{rel}","templated":true}]}}