{"id":15261,"date":"2025-01-19T14:18:27","date_gmt":"2025-01-19T14:18:27","guid":{"rendered":"https:\/\/www.hydraulic-cylinders.net\/product\/bucket-cylinder-for-caterpillar-wheel-excavator-m326d\/"},"modified":"2025-01-19T14:18:29","modified_gmt":"2025-01-19T14:18:29","slug":"bucket-cylinder-for-caterpillar-wheel-excavator-m326d","status":"publish","type":"product","link":"https:\/\/www.hydraulic-cylinders.net\/et\/toode\/bucket-cylinder-for-caterpillar-wheel-excavator-m326d\/","title":{"rendered":"Kopa silinder Caterpillar ratasekskavaatorile M326D"},"content":{"rendered":"<h1>Kopa silinder Caterpillar ratasekskavaatorile M326D<\/h1>\n<h2>Sissejuhatus<\/h2>\n<p>Caterpillari ratasekskavaatori M326D kopa silinder on spetsiaalne h\u00fcdrauliline silinder, mis on loodud kopa liikumise juhtimiseks rasketes masinates, n\u00e4iteks ekskavaatorites, ekskavaatorites ja esilaadurites. Selle peamine \u00fclesanne on v\u00f5imaldada kopa t\u00f5stmist, langetamist ja kallutamist, h\u00f5lbustades seel\u00e4bi mitmesuguseid materjali k\u00e4itlemise \u00fclesandeid. H\u00fcdraulikas\u00fcsteemis saavutab kopa silinder kopa t\u00e4pse juhtimise h\u00fcdraulika\u00f5li r\u00f5hu muutmise abil, v\u00f5imaldades operaatoril raskeid koormaid t\u00f5husalt k\u00e4sitseda ning kohaneda keerukate t\u00f6\u00f6keskkondade ja mitmekesiste t\u00f6\u00f6n\u00f5uetega.<\/p>\n<p><img decoding=\"async\" src=\"https:\/\/www.hydraulic-cylinders.net\/wp-content\/uploads\/2025\/01\/songte-company-2.webp\"><\/p>\n<h2>Omadused<\/h2>\n<ul>\n<li>Suur tugevus ja vastupidavus: Tavaliselt valmistatud \u00fclitugevast terasest v\u00f5i alumiiniumist, see talub k\u00f5rget r\u00f5hku ja suuri koormusi, kohaneb karmide t\u00f6\u00f6keskkondadega ning on konstrueeritud kulumiskindlust ja korrosioonikindlust silmas pidades, pikendades selle kasutusiga.<\/li>\n<li>T\u00f5hus h\u00fcdrauliline t\u00f6\u00f6: H\u00fcdraulilise \u00f5lir\u00f5hu abil saavutatakse sujuvad pikendus- ja tagasit\u00f5mbamisliigutused ning see reageerib juhtimisk\u00e4sklustele kiiresti, pakkudes v\u00f5imsaid t\u00f5uke- ja t\u00f5mbej\u00f5ude, mis sobivad raskete koormate ja keerukate t\u00f6\u00f6\u00fclesannete k\u00e4sitlemiseks.<\/li>\n<li>Erinevad t\u00fc\u00fcbid: Vajadusel saab erinevate t\u00f6\u00f6tingimuste t\u00e4itmiseks valida \u00fchetoimelisi (h\u00fcdrauliliselt ainult \u00fches suunas) v\u00f5i kahetoimelisi (h\u00fcdrauliliselt m\u00f5lemas suunas) silindreid. M\u00f5ned mudelid on teleskoopilised, mis v\u00f5imaldab suuremat pikendamist ilma v\u00e4lism\u00f5\u00f5tmeid suurendamata, mist\u00f5ttu sobivad need piiratud ruumiga rakenduste jaoks.<\/li>\n<li>Vahetatav: Meie toode saab need h\u00fcdrosilindrid ideaalselt asendada.<\/li>\n<\/ul>\n<p><img decoding=\"async\" src=\"https:\/\/www.hydraulic-cylinders.net\/wp-content\/uploads\/2025\/01\/songte-cylinder-head-with-all-kinds-excavator-models.webp\"><\/p>\n<h2>Rakendused<\/h2>\n<p>Caterpillari ratasekskavaatori M326D kopasilindrit kasutatakse laialdaselt erinevates t\u00f6\u00f6stusharudes, n\u00e4iteks:<\/p>\n<ul>\n<li>Ehitustehnika: Ekskavaatorites on need kriitilise t\u00e4htsusega kaevamisel, laadimisel ja pinnase v\u00f5i prahi teisaldamisel. Ekskavaatorites aitavad kopasilindrid nii kaevamisel kui ka t\u00f5stmisel. <\/li>\n<li>P\u00f5llumajandusmasinad: Kasutatakse esilaadurites pinnase, heina ja muude materjalide kaevamiseks, t\u00f5stmiseks ja transportimiseks; ekskavaatorites v\u00f5imaldavad kopasilindrid kaevamist, lastes kopal pinnasesse tungida. <\/li>\n<li>Laadurid: Esilaadurites aitavad need esemeid t\u00f5husalt t\u00f5sta ja t\u00fchjendada. <\/li>\n<\/ul>\n<h2>Projekteerimiskaalutlused ja valikukriteeriumid<\/h2>\n<p>Kopasilindri projekteerimiskaalutlused ja valikukriteeriumid on j\u00e4rgmised:<\/p>\n<ul>\n<li>Kandev\u00f5ime: Silindri kandev\u00f5ime on \u00fclioluline kaalutlus ning see peaks suutma taluda maksimaalset r\u00f5hku ja koormust.<\/li>\n<li>Tihendus: Kasutada tuleks mitmesuguseid tihenduskomponente, n\u00e4iteks kolvitihendeid ja varrastihendeid. Eelistatakse kulumiskindlatest materjalidest, n\u00e4iteks pol\u00fcuretaanist ja nitriilkummist, valmistatud tihendeid.<\/li>\n<li>Vastupidavus: Silinder tuleb konstrueerida vastupidavust silmas pidades ning see peaks olema kulumis- ja korrosioonikindel.<\/li>\n<li>Ohutus: Ballooni konstruktsioon peab tagama ohutuse nii t\u00f6\u00f6tamise kui ka hoolduse ajal.<\/li>\n<li>Hooldus: Silinder peaks olema konstrueeritud hooldust silmas pidades ning seda peaks olema lihtne hooldada ja parandada.<\/li>\n<\/ul>\n<p><img decoding=\"async\" src=\"https:\/\/www.hydraulic-cylinders.net\/wp-content\/uploads\/2025\/01\/songte-oil-pipes-and-spare-parts.webp\"><\/p>\n<h2>Tihendus ja m\u00e4\u00e4rimine<\/h2>\n<p>Kopasilindris tuleks kasutada mitmesuguseid tihenduskomponente, n\u00e4iteks kolvitihendeid ja vardatihendeid, mis on valmistatud kulumiskindlatest materjalidest, n\u00e4iteks pol\u00fcuretaanist ja nitriilkummist. Silindri korpus ja keermestatud otsapinnad peaksid olema peenelt t\u00f6\u00f6deldud, et parandada kulumiskindlust. Samuti on vaja regulaarselt lisada sobivat kogust h\u00fcdraulika\u00f5li m\u00e4\u00e4rimiseks.<\/p>\n<h2>Kontrolli ja ennetava hoolduse meetmed<\/h2>\n<p>Kopasilindri kasutusea pikendamiseks on \u00fclioluline regulaarne kontroll ja ennetavad hooldusmeetmed. Nende meetmete hulka kuuluvad:<\/p>\n<ul>\n<li>Regulaarne m\u00e4\u00e4rimine<\/li>\n<li>Regulaarne tihendi vahetamine<\/li>\n<li>Kalibreerimiskontroll<\/li>\n<\/ul>\n<p>Paigaldamise ajal on oluline pakkuda ballooni joondamiseks n\u00f5uetekohast juhendamist ja kasutada ballooni kinnitamiseks sobivaid paigaldusklambreid. Samuti on soovitatav j\u00e4rgida soovitatud kontrolli-, remondi- ja asendusprotseduure ning pakkuda taastamisteenuseid ballooni kasutusea pikendamiseks.<\/p>\n<p><img decoding=\"async\" src=\"https:\/\/www.hydraulic-cylinders.net\/wp-content\/uploads\/2025\/01\/songte-chushion-collar.webp\"><\/p>\n<h2>Ohutuskaalutlused ja keskkonnategurid<\/h2>\n<p>Kopasilindri kasutamisel on ohutusmeetmed h\u00e4davajalikud. T\u00f6\u00f6tajad peaksid olema koolitatud silindri ohutuks kasutamiseks ning silindrit tuleks regulaarselt kontrollida kahjustuste v\u00f5i kulumise tunnuste suhtes. Samuti on vajalik h\u00fcdraulika\u00f5li n\u00f5uetekohane utiliseerimine.<\/p>\n<h2>Veaotsing ja levinud probleemid<\/h2>\n<p>M\u00f5ned levinud probleemid, mis v\u00f5ivad kopasilindriga esineda, on j\u00e4rgmised:<\/p>\n<ul>\n<li>Lekkiv \u00f5li<\/li>\n<li>Aeglased liigutused<\/li>\n<li>M\u00fcra t\u00f6\u00f6tamise ajal<\/li>\n<\/ul>\n<p>Nende probleemide diagnoosimiseks ja lahendamiseks tuleks kasutada sobivaid t\u00f5rkeotsingu ja probleemide lahendamise meetodeid. N\u00f5uetekohane hooldus ja remont aitavad samuti potentsiaalseid probleeme ennetada.<\/p>\n<p><img decoding=\"async\" src=\"https:\/\/www.hydraulic-cylinders.net\/wp-content\/uploads\/2025\/01\/songte-bushings-with-all-kinds-of-excavator-models.webp\"><\/p>\n<h2>Meie ettev\u00f5ttest<\/h2>\n<p>Oleme t\u00e4ieliku tootevalikuga asendush\u00fcdrauliliste silindrite tootja ning oleme saanud \u00fcheks juhtivaks h\u00fcdrosilindrite tootjaks ja hulgim\u00fc\u00fcjaks nii sise- kui ka v\u00e4listurul. J\u00e4rgime \u00fclima kvaliteedi p\u00f5him\u00f5tet ja tugineme t\u00e4ppistootmist\u00f6\u00f6kodade industrialiseeritud tootmisjuhtimise strateegiale. Ettev\u00f5te t\u00e4iustab pidevalt t\u00f6\u00f6koja tootmisplatvormi, parandab toodete kvaliteetset tootmisliini ja omab tugevat loomingulisust. Vastame oma klientide mitmekesistele vajadustele, j\u00e4rgides k\u00f5rge efektiivsuse, suure t\u00e4psuse ja k\u00f5rge kvaliteedi p\u00f5him\u00f5tteid.<\/p>\n<ul>\n<li>Professionaalsus<\/li>\n<li>Rahvusvaheline sertifitseerimine<\/li>\n<li>Kohandatud teenused<\/li>\n<li>Tootmisseadmed<\/li>\n<li>M\u00fc\u00fcgij\u00e4rgne teenindus<\/li>\n<\/ul>\n<p><img decoding=\"async\" src=\"https:\/\/hzpt.com\/wp-content\/uploads\/2024\/11\/songte-company-1.webp\"><\/p>\n<h3>Autor: lyl<\/h3>","protected":false},"excerpt":{"rendered":"<p>Bucket Cylinder For Caterpillar Wheel Excavator M326D Introduction The bucket cylinder for Caterpillar wheel excavator M326D is a specialized hydraulic cylinder designed to control the movement of the bucket in heavy machinery such as excavators, backhoes, and front-end loaders. Its main function is to enable the bucket to lift, lower, and tilt, thus facilitating various [&hellip;]<\/p>","protected":false},"featured_media":14773,"comment_status":"open","ping_status":"closed","template":"","meta":{"_et_pb_use_builder":"","_et_pb_old_content":"","_et_gb_content_width":""},"product_brand":[],"product_cat":[1494],"product_tag":[1495,1496],"class_list":{"0":"post-15261","1":"product","2":"type-product","3":"status-publish","4":"has-post-thumbnail","6":"product_cat-bucket-cylinders","7":"product_tag-bucket-cylinders","8":"product_tag-hydraulic-cylinders","10":"first","11":"instock","12":"shipping-taxable","13":"product-type-simple"},"amp_enabled":true,"_links":{"self":[{"href":"https:\/\/www.hydraulic-cylinders.net\/et\/wp-json\/wp\/v2\/product\/15261","targetHints":{"allow":["GET"]}}],"collection":[{"href":"https:\/\/www.hydraulic-cylinders.net\/et\/wp-json\/wp\/v2\/product"}],"about":[{"href":"https:\/\/www.hydraulic-cylinders.net\/et\/wp-json\/wp\/v2\/types\/product"}],"replies":[{"embeddable":true,"href":"https:\/\/www.hydraulic-cylinders.net\/et\/wp-json\/wp\/v2\/comments?post=15261"}],"wp:featuredmedia":[{"embeddable":true,"href":"https:\/\/www.hydraulic-cylinders.net\/et\/wp-json\/wp\/v2\/media\/14773"}],"wp:attachment":[{"href":"https:\/\/www.hydraulic-cylinders.net\/et\/wp-json\/wp\/v2\/media?parent=15261"}],"wp:term":[{"taxonomy":"product_brand","embeddable":true,"href":"https:\/\/www.hydraulic-cylinders.net\/et\/wp-json\/wp\/v2\/product_brand?post=15261"},{"taxonomy":"product_cat","embeddable":true,"href":"https:\/\/www.hydraulic-cylinders.net\/et\/wp-json\/wp\/v2\/product_cat?post=15261"},{"taxonomy":"product_tag","embeddable":true,"href":"https:\/\/www.hydraulic-cylinders.net\/et\/wp-json\/wp\/v2\/product_tag?post=15261"}],"curies":[{"name":"wp","href":"https:\/\/api.w.org\/{rel}","templated":true}]}}