{"id":15272,"date":"2025-01-19T14:19:18","date_gmt":"2025-01-19T14:19:18","guid":{"rendered":"https:\/\/www.hydraulic-cylinders.net\/product\/bucket-cylinder-for-doosan-small-excavator-dh80g\/"},"modified":"2025-01-19T14:19:20","modified_gmt":"2025-01-19T14:19:20","slug":"bucket-cylinder-for-doosan-small-excavator-dh80g","status":"publish","type":"product","link":"https:\/\/www.hydraulic-cylinders.net\/et\/toode\/bucket-cylinder-for-doosan-small-excavator-dh80g\/","title":{"rendered":"Kopa silinder Doosan v\u00e4ikeekskavaatorile DH80G"},"content":{"rendered":"<h1>Kopa silinder Doosan v\u00e4ikeekskavaatorile DH80G<\/h1>\n<h2>Sissejuhatus<\/h2>\n<p>Kopa silinder on spetsiaalselt konstrueeritud h\u00fcdrauliline silinder, mida kasutatakse kopa liikumise juhtimiseks rasketes masinates, n\u00e4iteks ekskavaatorites, laadur-ekskavaatorites ja esilaadurites. Selle peamine \u00fclesanne on v\u00f5imaldada kopa t\u00f5stmist, langetamist ja kallutamist, muutes selle mugavaks mitmesuguste materjalik\u00e4itlust\u00f6\u00f6de jaoks. H\u00fcdraulilises s\u00fcsteemis saavutab kopa silinder kopa t\u00e4pse juhtimise h\u00fcdraulika\u00f5li r\u00f5humuutuste abil, v\u00f5imaldades operaatoritel t\u00f5husalt k\u00e4sitseda raskeid koormaid ning kohaneda keerukate t\u00f6\u00f6keskkondade ja mitmekesiste t\u00f6\u00f6vajadustega.<\/p>\n<p><img decoding=\"async\" src=\"https:\/\/www.hydraulic-cylinders.net\/wp-content\/uploads\/2025\/01\/songte-company-2.webp\"><\/p>\n<h2>Omadused<\/h2>\n<ul>\n<li>Suur tugevus ja vastupidavus: Tavaliselt valmistatud \u00fclitugevast terasest v\u00f5i alumiiniumist, mis talub k\u00f5rget r\u00f5hku ja suuri koormusi, kohandub karmide t\u00f6\u00f6tingimustega ning on konstrueeritud kulumiskindlust ja korrosioonikindlust silmas pidades, et pikendada kasutusiga.<\/li>\n<li>T\u00f5hus h\u00fcdrauliline t\u00f6\u00f6: Kasutab h\u00fcdraulika\u00f5li r\u00f5hku sujuvate pikendus- ja tagasit\u00f5mbamisliigutuste saavutamiseks, reageerib kiiresti juhtimisk\u00e4sklustele ning pakub v\u00f5imsaid t\u00f5uke- ja t\u00f5mbej\u00f5ude, mis sobivad raskete koormate ja keerukate t\u00f6\u00f6\u00fclesannete k\u00e4sitsemiseks.<\/li>\n<li>Erinevad t\u00fc\u00fcbid: Vajadusel saab valida \u00fchetoimeliste (h\u00fcdrauliline ainult \u00fches suunas) v\u00f5i kahetoimeliste (h\u00fcdrauliline m\u00f5lemas suunas) silindritena, m\u00f5ned mudelid on teleskoopilised, v\u00f5imaldades suuremat pikendust ilma v\u00e4lism\u00f5\u00f5tmeid suurendamata, sobides piiratud ruumiga rakenduste jaoks.<\/li>\n<li>T\u00e4iuslik asendus: Meie tooted suudavad neid h\u00fcdrosilindreid ideaalselt asendada.<\/li>\n<\/ul>\n<p><img decoding=\"async\" src=\"https:\/\/www.hydraulic-cylinders.net\/wp-content\/uploads\/2025\/01\/songte-cylinder-head-with-all-kinds-excavator-models.webp\"><\/p>\n<h2>Rakendused<\/h2>\n<ul>\n<li>Ehitusseadmed: Neid leidub ekskavaatorites, kus need on olulised kaevamiseks, laadimiseks ja pinnase v\u00f5i prahi teisaldamiseks. Ekskavaatorlaadurites aitab kopa silinder nii kaevamisel kui ka t\u00f5stmisel.<\/li>\n<li>P\u00f5llumajandusmasinad: Kasutatakse esilaadurites mulla, heina ja muude materjalide k\u00fchveldamiseks, t\u00f5stmiseks ja transportimiseks.<\/li>\n<li>Ekskavaatorid: Kopa silinder v\u00f5imaldab kaevamist, lastes kopal pinnasesse tungida.<\/li>\n<li>Laadurid: Esilaadurites aitavad need kaupu t\u00f5husalt t\u00f5sta ja maha laadida.<\/li>\n<\/ul>\n<h2>Projekteerimiskaalutlused ja valikukriteeriumid<\/h2>\n<ul>\n<li>Kandev\u00f5ime: Arutage ballooni v\u00f5imet taluda kindlaksm\u00e4\u00e4ratud koormusi ja tagada piisav ohutusvaru.<\/li>\n<li>Tihendus: Erinevate tihendite, n\u00e4iteks kolvi- ja varrastihendite kasutamine, mis on valmistatud kulumiskindlatest materjalidest, n\u00e4iteks pol\u00fcuretaanist ja nitriilkummist. Silindripea ja keermestatud otsapinnad on peenelt t\u00f6\u00f6deldud, et parandada kulumiskindlust.<\/li>\n<\/ul>\n<p><img decoding=\"async\" src=\"https:\/\/www.hydraulic-cylinders.net\/wp-content\/uploads\/2025\/01\/songte-oil-pipes-and-spare-parts.webp\"><\/p>\n<h2>Tihendus ja m\u00e4\u00e4rimine<\/h2>\n<p>Kopasilindris kasutatakse mitmesuguseid tihendeid, n\u00e4iteks kolvitihendeid ja vardatihendeid, mis on valmistatud kulumiskindlatest materjalidest. Silindri korpus ja keermestatud otsapinnad on peenelt t\u00f6\u00f6deldud, et parandada kulumiskindlust. Sujuva t\u00f6\u00f6 tagamiseks on vajalik regulaarne m\u00e4\u00e4rimine sobiva koguse h\u00fcdraulika\u00f5liga.<\/p>\n<h2>Regulaarne kontroll ja ennetav hooldus<\/h2>\n<ul>\n<li>Kontrollige regulaarselt silindri lekete, kahjustuste ja ebanormaalse kulumise suhtes.<\/li>\n<li>Tagage k\u00f5igi liikuvate osade n\u00f5uetekohane m\u00e4\u00e4rimine.<\/li>\n<\/ul>\n<h2>Toote paigaldusjuhend<\/h2>\n<p>Kopasilindri optimaalse j\u00f5udluse tagamiseks on \u00fclioluline \u00f5ige paigaldamine. J\u00e4rgige neid samme:<\/p>\n<ol>\n<li>Paigaldamise ajal joondage silinder \u00f5igesti.<\/li>\n<li>Kasutage silindri kinnitamiseks sobivaid kinnitusklambreid.<\/li>\n<\/ol>\n<h2>Hooldus\u00fclesanded<\/h2>\n<p>Levinumad hooldust\u00f6\u00f6d h\u00f5lmavad j\u00e4rgmist:<\/p>\n<ul>\n<li>Regulaarsed kontrollid<\/li>\n<li>\u00d5ige m\u00e4\u00e4rimine<\/li>\n<li>Tihendi vahetamine<\/li>\n<li>Kalibreerimiskontrollid<\/li>\n<\/ul>\n<p><img decoding=\"async\" src=\"https:\/\/www.hydraulic-cylinders.net\/wp-content\/uploads\/2025\/01\/songte-chushion-collar.webp\"><\/p>\n<h2>Ohutuskaalutlused ja keskkonnategurid<\/h2>\n<p>Kopasilindri kasutamisel on oluline j\u00e4rgida ohutusmeetmeid, et v\u00e4ltida \u00f5nnetusi ja tagada ohutu t\u00f6\u00f6keskkond.<\/p>\n<h2>Veaotsing ja levinud probleemid<\/h2>\n<p>Kopasilindriga seotud levinud probleemid v\u00f5ivad olla j\u00e4rgmised:<\/p>\n<ul>\n<li>Leke<\/li>\n<li>Aeglane t\u00f6\u00f6<\/li>\n<li>Ebatavalised helid<\/li>\n<\/ul>\n<h2>Veaotsingu n\u00e4pun\u00e4ited ja lahendused<\/h2>\n<p>Probleemide t\u00f5husaks diagnoosimiseks ja lahendamiseks kaaluge j\u00e4rgmisi n\u00e4pun\u00e4iteid:<\/p>\n<ul>\n<li>Kontrollige ja hooldage silindrit regulaarselt.<\/li>\n<li>Rakendage ennetavaid meetmeid v\u00f5imalike probleemide minimeerimiseks.<\/li>\n<\/ul>\n<p><img decoding=\"async\" src=\"https:\/\/www.hydraulic-cylinders.net\/wp-content\/uploads\/2025\/01\/songte-bushings-with-all-kinds-of-excavator-models.webp\"><\/p>\n<h2>Meie ettev\u00f5ttest<\/h2>\n<p>Oleme nii sise- kui ka rahvusvahelistel turgudel juhtiv h\u00fcdrosilindrite tootja ja hulgim\u00fc\u00fcja. Meie lai tootevalik, p\u00fchendumus tipptasemele ja industrialiseeritud tootmisjuhtimise strateegiad meie keerukates tootmist\u00f6\u00f6kodades on positsioneerinud meid usaldusv\u00e4\u00e4rse tarnijana. T\u00e4iustame pidevalt oma tootmisplatvormi oskuslike spetsialistide, t\u00e4iustatud digitaalsete tootmisseadmete ja professionaalsete testimiss\u00fcsteemidega. K\u00f5rge efektiivsuse, t\u00e4psuse ja kvaliteediga rahuldame oma klientide mitmekesiseid vajadusi.<\/p>\n<p><img decoding=\"async\" src=\"https:\/\/www.hydraulic-cylinders.net\/wp-content\/uploads\/2025\/01\/songte-company-3.webp\"><\/p>\n<p>Oleme uhked oma professionaalsuse, rahvusvaheliste sertifikaatide, kohandatud teenuste, tootmisseadmete ja m\u00fc\u00fcgij\u00e4rgse teeninduse \u00fcle.<\/p>\n<p>Autor: lyl<\/p>","protected":false},"excerpt":{"rendered":"<p>Bucket Cylinder For Doosan Small Excavator DH80G Introduction The bucket cylinder is a specially designed hydraulic cylinder used to control the movement of the bucket in heavy machinery such as excavators, backhoe loaders, and front-end loaders. Its main function is to enable the lifting, lowering, and tilting of the bucket, making it convenient for various [&hellip;]<\/p>","protected":false},"featured_media":14782,"comment_status":"open","ping_status":"closed","template":"","meta":{"_et_pb_use_builder":"","_et_pb_old_content":"","_et_gb_content_width":""},"product_brand":[],"product_cat":[1494],"product_tag":[1495,1496],"class_list":{"0":"post-15272","1":"product","2":"type-product","3":"status-publish","4":"has-post-thumbnail","6":"product_cat-bucket-cylinders","7":"product_tag-bucket-cylinders","8":"product_tag-hydraulic-cylinders","10":"first","11":"instock","12":"shipping-taxable","13":"product-type-simple"},"amp_enabled":true,"_links":{"self":[{"href":"https:\/\/www.hydraulic-cylinders.net\/et\/wp-json\/wp\/v2\/product\/15272","targetHints":{"allow":["GET"]}}],"collection":[{"href":"https:\/\/www.hydraulic-cylinders.net\/et\/wp-json\/wp\/v2\/product"}],"about":[{"href":"https:\/\/www.hydraulic-cylinders.net\/et\/wp-json\/wp\/v2\/types\/product"}],"replies":[{"embeddable":true,"href":"https:\/\/www.hydraulic-cylinders.net\/et\/wp-json\/wp\/v2\/comments?post=15272"}],"wp:featuredmedia":[{"embeddable":true,"href":"https:\/\/www.hydraulic-cylinders.net\/et\/wp-json\/wp\/v2\/media\/14782"}],"wp:attachment":[{"href":"https:\/\/www.hydraulic-cylinders.net\/et\/wp-json\/wp\/v2\/media?parent=15272"}],"wp:term":[{"taxonomy":"product_brand","embeddable":true,"href":"https:\/\/www.hydraulic-cylinders.net\/et\/wp-json\/wp\/v2\/product_brand?post=15272"},{"taxonomy":"product_cat","embeddable":true,"href":"https:\/\/www.hydraulic-cylinders.net\/et\/wp-json\/wp\/v2\/product_cat?post=15272"},{"taxonomy":"product_tag","embeddable":true,"href":"https:\/\/www.hydraulic-cylinders.net\/et\/wp-json\/wp\/v2\/product_tag?post=15272"}],"curies":[{"name":"wp","href":"https:\/\/api.w.org\/{rel}","templated":true}]}}