{"id":15285,"date":"2025-01-19T14:20:20","date_gmt":"2025-01-19T14:20:20","guid":{"rendered":"https:\/\/www.hydraulic-cylinders.net\/product\/bucket-cylinder-for-doosan-large-excavator-dh290\/"},"modified":"2025-01-19T14:20:22","modified_gmt":"2025-01-19T14:20:22","slug":"bucket-cylinder-for-doosan-large-excavator-dh290","status":"publish","type":"product","link":"https:\/\/www.hydraulic-cylinders.net\/et\/toode\/bucket-cylinder-for-doosan-large-excavator-dh290\/","title":{"rendered":"Kopa silinder Doosan suurele ekskavaatorile DH290"},"content":{"rendered":"<h1>Kopa silinder Doosan suurele ekskavaatorile DH290<\/h1>\n<h2>Sissejuhatus<\/h2>\n<p>Doosani suure ekskavaatori DH290 kopa silinder on spetsiaalselt loodud h\u00fcdrauliline silinder, mida kasutatakse kopa liikumise juhtimiseks rasketes masinates, n\u00e4iteks ekskavaatorites, laadur-ekskavaatorites ja esilaadurites. Selle peamine \u00fclesanne on v\u00f5imaldada kopa t\u00f5stmist, langetamist ja kallutamist, muutes mitmesuguste materjalik\u00e4itlust\u00f6\u00f6de tegemise lihtsamaks. H\u00fcdraulikas\u00fcsteemis juhib kopa silinder kopa t\u00e4pset liikumist h\u00fcdraulika\u00f5li r\u00f5hu muutuste kaudu, v\u00f5imaldades operaatoritel t\u00f5husalt k\u00e4sitseda raskeid koormaid ning kohaneda keerukate t\u00f6\u00f6keskkondade ja mitmekesiste t\u00f6\u00f6n\u00f5uetega.<\/p>\n<p><img decoding=\"async\" src=\"https:\/\/www.hydraulic-cylinders.net\/wp-content\/uploads\/2025\/01\/songte-company-2.webp\" alt=\"\u00c4mbri silindri pilt\" \/><\/p>\n<h2>Omadused<\/h2>\n<ul>\n<li>\n<h3>Suur tugevus ja vastupidavus<\/h3>\n<p>Kopa silinder on tavaliselt valmistatud \u00fclitugevast terasest v\u00f5i alumiiniumist, mis talub k\u00f5rget r\u00f5hku ja suuri koormusi, kohaneb karmide t\u00f6\u00f6keskkondadega ning on konstrueeritud kulumiskindlust ja korrosioonikindlust silmas pidades, et pikendada selle kasutusiga.<\/p>\n<\/li>\n<li>\n<h3>T\u00f5hus h\u00fcdrauliline t\u00f6\u00f6<\/h3>\n<p>Kopa silinder kasutab sujuva pikenemise ja kokkut\u00f5mbumise saavutamiseks h\u00fcdraulilist \u00f5lir\u00f5hku, reageerib juhtimisk\u00e4sklustele kiiresti, pakub v\u00f5imsat t\u00f5uke- ja t\u00f5mbej\u00f5udu ning sobib raskete koormate ja keerukate t\u00f6\u00f6\u00fclesannete k\u00e4sitsemiseks.<\/p>\n<\/li>\n<li>\n<h3>Erinevad t\u00fc\u00fcbid<\/h3>\n<p>Kopasilindrit saab vastavalt vajadusele valida \u00fchetoimelise (h\u00fcdraulilist s\u00fcsteemi kasutatakse ainult \u00fches suunas) v\u00f5i kahetoimelise (h\u00fcdraulilist s\u00fcsteemi kasutatakse m\u00f5lemas suunas) silindrina ning m\u00f5ned mudelid on teleskoopilised, v\u00f5imaldades suuremat pikendamist ilma v\u00e4lism\u00f5\u00f5tmeid suurendamata, sobides piiratud ruumiga rakenduste jaoks.<\/p>\n<\/li>\n<li>\n<h3>T\u00e4iuslik asendus<\/h3>\n<p>Meie toode saab neid h\u00fcdrosilindreid ideaalselt asendada.<\/p>\n<\/li>\n<\/ul>\n<p><img decoding=\"async\" src=\"https:\/\/www.hydraulic-cylinders.net\/wp-content\/uploads\/2025\/01\/songte-cylinder-head-with-all-kinds-excavator-models.webp\" alt=\"\u00c4mbri silindri asendamise pilt\" \/><\/p>\n<h2>Rakendused<\/h2>\n<p>Kopasilindrit kasutatakse laialdaselt erinevates rasketehnika masinates, sealhulgas:<\/p>\n<ul>\n<li>\n<h3>Ehitustehnika<\/h3>\n<p>Ekskavaatorites on need \u00fcliolulised kaevamiseks, laadimiseks ja pinnase v\u00f5i prahi teisaldamiseks. Ekskavaatoritel aitab kopa silinder kaevamisel ja t\u00f5stmisel. Esilaadurites h\u00f5lbustavad need kaupade t\u00f5husat t\u00f5stmist ja kallutamist.<\/p>\n<\/li>\n<li>\n<h3>P\u00f5llumajandustehnika<\/h3>\n<p>Kasutatakse esilaadurite jaoks mulla, heina ja muude materjalide \u00fclesv\u00f5tmiseks, t\u00f5stmiseks ja transportimiseks.<\/p>\n<\/li>\n<li>\n<h3>Ekskavaatorid<\/h3>\n<p>Kopa silinder v\u00f5imaldab kopal tungida pinnasesse, et saavutada kaevamisfunktsioon.<\/p>\n<\/li>\n<\/ul>\n<h2>Projekteerimiskaalutlused ja valikukriteeriumid<\/h2>\n<p>Kopasilindri konstruktsioonil on arvesse v\u00f5etud selle kandev\u00f5imet, tihendust, vastupidavust, ohutust ja hooldatavust. J\u00e4rgnevalt on toodud peamised konstruktsioonikaalutlused:<\/p>\n<ul>\n<li>\n<h3>Kandev\u00f5ime<\/h3>\n<p>Kopa silinder on konstrueeritud ja valmistatud taluma etten\u00e4htud rakenduse jaoks vajalikku maksimaalset j\u00f5udu ja raskust.<\/p>\n<\/li>\n<li>\n<h3>Tihendus<\/h3>\n<p>Kopasilindris kasutatakse erinevaid tihenduskomponente, nagu kolvitihendid, vardatihendid jne, kulumiskindlate materjalidega nagu pol\u00fcuretaan ja nitriilkummi, et tagada hea tihend ja v\u00e4ltida vedeliku leket.<\/p>\n<\/li>\n<li>\n<h3>Vastupidavus<\/h3>\n<p>Silindri korpus ja keermestatud otsapind on peenelt t\u00f6\u00f6deldud, et suurendada kulumiskindlust. Kopaga silinder on valmistatud ka korrosioonikindlatest materjalidest ja katetest, et pikendada selle kasutusiga.<\/p>\n<\/li>\n<li>\n<h3>Ohutus<\/h3>\n<p>Kopasilindril on ohutusseadmed, n\u00e4iteks \u00fcler\u00f5huventiilid ja \u00fclekoormuskaitse, et v\u00e4ltida silindri v\u00f5i masina vigastusi v\u00f5i kahjustumist.<\/p>\n<\/li>\n<li>\n<h3>Hooldatavus<\/h3>\n<p>Kopa silinder vajab optimaalse j\u00f5udluse tagamiseks regulaarset kontrolli ja ennetavat hooldust. H\u00fcdraulika\u00f5li tuleb regulaarselt vahetada ja t\u00e4iendada ning tihendit tuleb kontrollida ja vajadusel v\u00e4lja vahetada.<\/p>\n<\/li>\n<\/ul>\n<p><img decoding=\"async\" src=\"https:\/\/www.hydraulic-cylinders.net\/wp-content\/uploads\/2025\/01\/songte-oil-pipes-and-spare-parts.webp\" alt=\"Kopasilindri varuosade pilt\" \/><\/p>\n<h2>Tihendus ja m\u00e4\u00e4rimine<\/h2>\n<p>Kopasilindris kasutatakse mitmesuguseid tihenduskomponente, n\u00e4iteks kolvitihendeid, vardatihendeid jne, mis on valmistatud kulumiskindlatest materjalidest, n\u00e4iteks pol\u00fcuretaanist ja nitriilkummist, et tagada hea tihendus ja v\u00e4ltida vedeliku lekkimist. Silindri korpus ja keermestatud otsapind on peenelt t\u00f6\u00f6deldud, et suurendada kulumiskindlust. Optimaalse j\u00f5udluse s\u00e4ilitamiseks tuleb seda regulaarselt m\u00e4\u00e4rida sobiva koguse h\u00fcdraulika\u00f5liga.<\/p>\n<h2>Hooldus ja remont<\/h2>\n<p>J\u00e4rgnevalt on toodud m\u00f5ned kopasilindri levinumad hooldust\u00f6\u00f6d:<\/p>\n<ul>\n<li>\n<h3>Regulaarne kontroll<\/h3>\n<p>Kopasilindrit tuleb regulaarselt kontrollida, et tagada selle n\u00f5uetekohane t\u00f6\u00f6 ja avastada v\u00f5imalikke probleeme varakult.<\/p>\n<\/li>\n<li>\n<h3>M\u00e4\u00e4rimine<\/h3>\n<p>Optimaalse j\u00f5udluse s\u00e4ilitamiseks tuleb kopa silindrit m\u00e4\u00e4rida sobiva koguse h\u00fcdraulika\u00f5liga.<\/p>\n<\/li>\n<li>\n<h3>Tihendi vahetamine<\/h3>\n<p>Hea tihendi s\u00e4ilitamiseks ja vedeliku lekke v\u00e4ltimiseks tuleb tihendit kontrollida ja vajadusel v\u00e4lja vahetada.<\/p>\n<\/li>\n<li>\n<h3>Joonduse kontroll<\/h3>\n<p>Paigaldamise ajal tuleb kopa silinder \u00f5igesti joondada, et see t\u00f6\u00f6taks korralikult.<\/p>\n<\/li>\n<\/ul>\n<p>Kopasilindri pikaealisuse tagamiseks on oluline \u00f5ige paigaldamine, m\u00e4\u00e4rimine ja reguleerimine. Silindri kinnitamiseks on soovitatav kasutada sobivaid paigaldusklambreid. Pakume soovituslikku kontrolli-, remondi- ja vahetusprotseduuri kopasilindri eluea pikendamiseks.<\/p>\n<p><img decoding=\"async\" src=\"https:\/\/www.hydraulic-cylinders.net\/wp-content\/uploads\/2025\/01\/songte-chushion-collar.webp\" alt=\"\u00c4mbri silindri krae pilt\" \/><\/p>\n<h2>Ohutuskaalutlused ja keskkonnategurid<\/h2>\n<p>Kopasilindri kasutamisel on oluline j\u00e4rgida asjakohaseid ohutusprotseduure, et v\u00e4ltida silindri v\u00f5i masina vigastusi v\u00f5i kahjustumist. Regulaarne kontroll, hooldus ja remont aitavad v\u00e4hendada v\u00f5imalikke keskkonnaohte.<\/p>\n<h2>Veaotsing ja levinud probleemid<\/h2>\n<p>J\u00e4rgnevalt on toodud m\u00f5ned levinumad probleemid, mis v\u00f5ivad kopasilindriga esineda:<\/p>\n<ul>\n<li>\n<h3>Leke<\/h3>\n<p>Silinder v\u00f5ib lekkida kahjustatud tihendite, saastunud h\u00fcdraulika\u00f5li v\u00f5i lahtiste \u00fchenduste t\u00f5ttu.<\/p>\n<\/li>\n<li>\n<h3>Aeglane t\u00f6\u00f6<\/h3>\n<p>Silinder v\u00f5ib aeglaselt t\u00f6\u00f6tada ebapiisava h\u00fcdraulika\u00f5li, kulunud tihendite v\u00f5i kahjustatud varraste t\u00f5ttu.<\/p>\n<\/li>\n<li>\n<h3>\u00dclekuumenemine<\/h3>\n<p>Silinder v\u00f5ib \u00fcle kuumeneda madala \u00f5litaseme, ummistunud \u00f5likanalite v\u00f5i kahjustatud \u00fcler\u00f5huventiilide t\u00f5ttu.<\/p>\n<\/li>\n<\/ul>\n<p>Nende probleemide lahendamiseks on vaja v\u00e4lja selgitada p\u00f5hjus ja v\u00f5tta asjakohased parandusmeetmed, n\u00e4iteks kahjustatud tihendite vahetamine, h\u00fcdraulika\u00f5li puhastamine v\u00f5i kahjustatud osade parandamine v\u00f5i asendamine.<\/p>\n<p><img decoding=\"async\" src=\"https:\/\/www.hydraulic-cylinders.net\/wp-content\/uploads\/2025\/01\/songte-bushings-with-all-kinds-of-excavator-models.webp\" alt=\"Kopa silindri pukside pilt\" \/><\/p>\n<h2>Meist<\/h2>\n<p>Meie ettev\u00f5te on asendush\u00fcdrauliliste silindrite tootja, pakkudes t\u00e4ielikku tootevalikut, ning on saanud \u00fcheks juhtivaks h\u00fcdrosilindrite tootjaks ja hulgim\u00fc\u00fcjaks nii sise- kui ka rahvusvahelisel turul. J\u00e4rgime suurep\u00e4rase kvaliteedi p\u00f5him\u00f5tteid, tugineme peentootmist\u00f6\u00f6kodades industrialiseeritud tootmise juhtimise strateegiatele ning t\u00e4iustame pidevalt oma tootmisplatvormi, parandame tootekvaliteediga tootmisliine ja meil on tugev v\u00f5ime luua suure t\u00f5hususega, suure t\u00e4psusega ja kvaliteetseid tooteid, et rahuldada meie klientide mitmekesiseid vajadusi.<\/p>\n<p><img decoding=\"async\" src=\"https:\/\/hzpt.com\/wp-content\/uploads\/2024\/11\/songte-company-1.webp\" alt=\"Ettev\u00f5tte kuvand\" \/><\/p>\n<h3>Professionaalsus<\/h3>\n<p>Meie ettev\u00f5ttel on professionaalsete tehnikute ja inseneride meeskond, kellel on pikaajaline kogemus h\u00fcdrauliliste silindrite ja nendega seotud seadmete projekteerimisel ja tootmisel.<\/p>\n<h3>Rahvusvaheline sertifitseerimine<\/h3>\n<p>Meie tooted on l\u00e4binud rahvusvahelised sertifikaadid nagu ISO9001, CE ja SGS, mis tagab meie toodete vastavuse rahvusvahelistele kvaliteedistandarditele.<\/p>\n<h3>Kohandamise teenused<\/h3>\n<p>Pakume h\u00fcdrauliliste silindrite kohandamisteenuseid, et rahuldada meie klientide erivajadusi.<\/p>\n<h3>Tootmisseadmed<\/h3>\n<p>Meie ettev\u00f5ttel on t\u00e4iustatud tootmisseadmed, nagu CNC-t\u00f6\u00f6pingid, t\u00f6\u00f6tlemiskeskused ja testimisseadmed, et tagada kvaliteetne ja t\u00f5hus tootmine.<\/p>\n<h3>M\u00fc\u00fcgij\u00e4rgne teenindus<\/h3>\n<p>Pakume oma klientidele suurep\u00e4rast m\u00fc\u00fcgij\u00e4rgset teenindust, sealhulgas tehnilist tuge, hooldust ja remonti.<\/p>\n<p>Autor: lyl<\/p>","protected":false},"excerpt":{"rendered":"<p>Bucket Cylinder For Doosan Large Excavator DH290 Introduction The bucket cylinder for Doosan large excavator DH290 is a specially designed hydraulic cylinder used to control the movement of the bucket in heavy machinery such as excavators, backhoe excavators, and front-end loaders. Its main function is to enable the bucket to lift, lower, and tilt, making [&hellip;]<\/p>","protected":false},"featured_media":14785,"comment_status":"open","ping_status":"closed","template":"","meta":{"_et_pb_use_builder":"","_et_pb_old_content":"","_et_gb_content_width":""},"product_brand":[],"product_cat":[1494],"product_tag":[1495,1496],"class_list":{"0":"post-15285","1":"product","2":"type-product","3":"status-publish","4":"has-post-thumbnail","6":"product_cat-bucket-cylinders","7":"product_tag-bucket-cylinders","8":"product_tag-hydraulic-cylinders","10":"first","11":"instock","12":"shipping-taxable","13":"product-type-simple"},"amp_enabled":true,"_links":{"self":[{"href":"https:\/\/www.hydraulic-cylinders.net\/et\/wp-json\/wp\/v2\/product\/15285","targetHints":{"allow":["GET"]}}],"collection":[{"href":"https:\/\/www.hydraulic-cylinders.net\/et\/wp-json\/wp\/v2\/product"}],"about":[{"href":"https:\/\/www.hydraulic-cylinders.net\/et\/wp-json\/wp\/v2\/types\/product"}],"replies":[{"embeddable":true,"href":"https:\/\/www.hydraulic-cylinders.net\/et\/wp-json\/wp\/v2\/comments?post=15285"}],"wp:featuredmedia":[{"embeddable":true,"href":"https:\/\/www.hydraulic-cylinders.net\/et\/wp-json\/wp\/v2\/media\/14785"}],"wp:attachment":[{"href":"https:\/\/www.hydraulic-cylinders.net\/et\/wp-json\/wp\/v2\/media?parent=15285"}],"wp:term":[{"taxonomy":"product_brand","embeddable":true,"href":"https:\/\/www.hydraulic-cylinders.net\/et\/wp-json\/wp\/v2\/product_brand?post=15285"},{"taxonomy":"product_cat","embeddable":true,"href":"https:\/\/www.hydraulic-cylinders.net\/et\/wp-json\/wp\/v2\/product_cat?post=15285"},{"taxonomy":"product_tag","embeddable":true,"href":"https:\/\/www.hydraulic-cylinders.net\/et\/wp-json\/wp\/v2\/product_tag?post=15285"}],"curies":[{"name":"wp","href":"https:\/\/api.w.org\/{rel}","templated":true}]}}