{"id":15287,"date":"2025-01-19T14:20:29","date_gmt":"2025-01-19T14:20:29","guid":{"rendered":"https:\/\/www.hydraulic-cylinders.net\/product\/bucket-cylinder-for-doosan-large-excavator-dh370\/"},"modified":"2025-01-19T14:20:31","modified_gmt":"2025-01-19T14:20:31","slug":"bucket-cylinder-for-doosan-large-excavator-dh370","status":"publish","type":"product","link":"https:\/\/www.hydraulic-cylinders.net\/et\/toode\/bucket-cylinder-for-doosan-large-excavator-dh370\/","title":{"rendered":"Kopa silinder Doosan suurele ekskavaatorile DH370"},"content":{"rendered":"<h1>Kopa silinder Doosan suurele ekskavaatorile DH370<\/h1>\n<h2>Sissejuhatus<\/h2>\n<p>Doosani suure ekskavaatori DH370 kopa silinder on spetsiaalselt loodud h\u00fcdrauliline silinder, mida kasutatakse kopa liikumise juhtimiseks rasketes masinates, n\u00e4iteks ekskavaatorites, laadur-ekskavaatorites ja esilaadurites. Selle peamine \u00fclesanne on v\u00f5imaldada kopa t\u00f5stmist, langetamist ja kallutamist, muutes mitmesuguste materjalik\u00e4itlust\u00f6\u00f6de tegemise lihtsamaks. H\u00fcdraulikas\u00fcsteemis saavutab kopa silinder kopa t\u00e4pse juhtimise, kasutades \u00e4ra h\u00fcdraulika\u00f5li r\u00f5humuutusi, v\u00f5imaldades operaatoritel t\u00f5husalt k\u00e4sitseda raskeid koormaid ning kohaneda keerukate t\u00f6\u00f6keskkondade ja mitmekesiste t\u00f6\u00f6n\u00f5uetega.<\/p>\n<p><img decoding=\"async\" src=\"https:\/\/www.hydraulic-cylinders.net\/wp-content\/uploads\/2025\/01\/songte-company-2.webp\" alt=\"\u00c4mbri silindri pilt\"><\/p>\n<h2>Omadused<\/h2>\n<ul>\n<li>Suur tugevus ja vastupidavus: Tavaliselt \u00fclitugevast terasest v\u00f5i alumiiniumist valmistatud kopasilindrid taluvad k\u00f5rget r\u00f5hku ja suuri koormusi ning kohanduvad karmide t\u00f6\u00f6keskkondadega. Nende disain arvestab kulumiskindluse ja korrosioonikindlusega, pikendades nende eluiga.<\/li>\n<li>T\u00f5hus h\u00fcdrauliline t\u00f6\u00f6: H\u00fcdraulika\u00f5li r\u00f5hu abil saavutab kopa silinder sujuva pikendus- ja tagasit\u00f5mbamisliigutuse, v\u00f5imaldades kiiret reageerimist juhtimisk\u00e4sklustele ning v\u00f5imsaid t\u00f5uke- ja t\u00f5mbej\u00f5ude, mis sobivad raskete koormate ja keerukate t\u00f6\u00f6\u00fclesannete k\u00e4sitsemiseks.<\/li>\n<li>Erinevad t\u00fc\u00fcbid: Kopasilindrit saab vastavalt t\u00f6\u00f6vajadustele valida \u00fchetoimelise (h\u00fcdrauliline ainult \u00fches suunas) v\u00f5i kahetoimelise (h\u00fcdrauliline m\u00f5lemas suunas) silindrina. M\u00f5ned mudelid on teleskoopilised, mis v\u00f5imaldab suuremat pikendust ilma v\u00e4lism\u00f5\u00f5tmeid suurendamata, mis sobib ideaalselt piiratud ruumiga rakenduste jaoks.<\/li>\n<li>T\u00e4iuslik asendus: Meie toode saab need h\u00fcdraulilised silindrid ideaalselt asendada.<\/li>\n<\/ul>\n<p><img decoding=\"async\" src=\"https:\/\/www.hydraulic-cylinders.net\/wp-content\/uploads\/2025\/01\/songte-cylinder-head-with-all-kinds-excavator-models.webp\" alt=\"\u00c4mbri silindri asendamise pilt\"><\/p>\n<h2>Rakendused<\/h2>\n<p>Kopasilindrit kasutatakse erinevat t\u00fc\u00fcpi seadmetes:<\/p>\n<ul>\n<li>Ehitustehnika: Neid leidub ekskavaatorites ning need on olulised kaevamiseks, laadimiseks ja materjalide teisaldamiseks.<\/li>\n<li>P\u00f5llumajandusmasinad: Kasutatakse esilaadurites mulla, heina ja muude materjalide k\u00fchveldamiseks, t\u00f5stmiseks ja transportimiseks.<\/li>\n<li>Ekskavaatorid: Kopa silinder v\u00f5imaldab kaevamist, lastes kopal pinnasesse tungida.<\/li>\n<li>Laadurid: Esilaadurites aitavad need kaupu t\u00f5husalt t\u00f5sta ja maha laadida.<\/li>\n<\/ul>\n<h2>Projekteerimiskaalutlused ja valikukriteeriumid<\/h2>\n<p>Kopasilindri projekteerimiskaalutluste ja valikukriteeriumide osas on olulised mitmed tegurid:<\/p>\n<ul>\n<li>Kandev\u00f5ime: Kopa silinder peab olema konstrueeritud nii, et see taluks eeldatavaid koormusi ja r\u00f5hku, millega see kokku puutub.<\/li>\n<li>Tihendusv\u00f5ime: Erinevate tihenduskomponentide, n\u00e4iteks kolvitihendite ja varrastihendite kasutamine kulumiskindlatest materjalidest, n\u00e4iteks pol\u00fcuretaanist ja nitriilkummist, tagab t\u00f5husa tihenduse.<\/li>\n<li>Vastupidavus: Silindri korpus ja keermestatud otsad on l\u00e4binud t\u00e4pse t\u00f6\u00f6tluse kulumiskindluse suurendamiseks.<\/li>\n<li>Ohutus: Kopasilindril peaksid olema ohutusfunktsioonid, et v\u00e4ltida \u00f5nnetusi t\u00f6\u00f6tamise ajal.<\/li>\n<li>Hooldatavus: Projekteerimisel tuleks arvestada hoolduse lihtsusega, v\u00f5imaldades komponentide kontrollimist, m\u00e4\u00e4rimist ja vahetamist.<\/li>\n<\/ul>\n<p><img decoding=\"async\" src=\"https:\/\/www.hydraulic-cylinders.net\/wp-content\/uploads\/2025\/01\/songte-oil-pipes-and-spare-parts.webp\" alt=\"H\u00fcdraulilise silindri osade pilt\"><\/p>\n<h2>Tihendus ja m\u00e4\u00e4rimine<\/h2>\n<p>Kopasilindris kasutatakse mitmesuguseid tihenduskomponente, n\u00e4iteks kolvitihendeid ja vardatihendeid, mis on valmistatud kulumiskindlatest materjalidest, n\u00e4iteks pol\u00fcuretaanist ja nitriilkummist. Silindri korpus ja keermestatud otsad on l\u00e4binud t\u00e4pse t\u00f6\u00f6tluse, et parandada kulumiskindlust. Sujuva t\u00f6\u00f6 tagamiseks on vajalik regulaarne m\u00e4\u00e4rimine sobiva h\u00fcdraulika\u00f5liga.<\/p>\n<h2>Hooldus ja ettevaatusabin\u00f5ud<\/h2>\n<p>Optimaalse j\u00f5udluse ja pikaealisuse tagamiseks on regulaarsed kontrollid ja ennetav hooldus h\u00e4davajalikud. Siin on m\u00f5ned soovitatavad meetmed:<\/p>\n<ul>\n<li>Tehke regulaarselt kontrolle ja \u00fclevaatusi, et tuvastada probleeme v\u00f5i v\u00f5imalikke probleeme.<\/li>\n<li>Kopasilindri sujuva t\u00f6\u00f6 tagamiseks on \u00fclioluline \u00f5ige m\u00e4\u00e4rimine.<\/li>\n<li>Optimaalse j\u00f5udluse s\u00e4ilitamiseks vahetage regulaarselt tihendeid ja tehke kalibreerimiskontrolle.<\/li>\n<\/ul>\n<p><img decoding=\"async\" src=\"https:\/\/www.hydraulic-cylinders.net\/wp-content\/uploads\/2025\/01\/songte-chushion-collar.webp\" alt=\"\u00c4mbrisilindri paigalduspilt\"><\/p>\n<h2>Ohutuskaalutlused ja keskkonnategurid<\/h2>\n<p>Kopasilindri kasutamisel on oluline seada esikohale ohutusmeetmed, et v\u00e4ltida \u00f5nnetusi ja tagada ohutu t\u00f6\u00f6keskkond. See h\u00f5lmab n\u00f5uetekohaste t\u00f6\u00f6protseduuride j\u00e4rgimist, sobivate kaitsevahendite kasutamist ja ohutusjuhiste j\u00e4rgimist.<\/p>\n<h2>Veaotsing ja levinud probleemid<\/h2>\n<p>Kopasilindri probleemide korral on kiire t\u00f5rkeotsing ja probleemide lahendamine \u00fclioluline. Siin on m\u00f5ned levinud probleemid ja nende soovituslikud lahendused:<\/p>\n<p><img decoding=\"async\" src=\"https:\/\/www.hydraulic-cylinders.net\/wp-content\/uploads\/2025\/01\/songte-bushings-with-all-kinds-of-excavator-models.webp\" alt=\"\u00c4mbrisilindri t\u00f5rkeotsingu pilt\"><\/p>\n<h2>Ettev\u00f5tte tutvustus<\/h2>\n<p>Oleme silmapaistev asendush\u00fcdrauliliste silindrite tootja ja hulgim\u00fc\u00fcja. Laia tootevalikuga oleme saanud \u00fcheks juhtivaks h\u00fcdrauliliste silindrite tootjaks ja turustajaks nii sise- kui ka rahvusvahelistel turgudel. Meie tipptasemel tootmist\u00f6\u00f6kojas j\u00e4rgime suurep\u00e4rase kvaliteedi p\u00f5him\u00f5tteid ja tugineme t\u00f6\u00f6stusliku tootmise juhtimise strateegiatele. Oma tehnilise ande, t\u00e4iustatud tootmisseadmete ja professionaalsete testimiss\u00fcsteemide abil t\u00e4iustame pidevalt oma tootmisplatvormi ja tootekvaliteeti, n\u00e4idates \u00fcles tugevat innovatsiooniv\u00f5imet. Meie prioriteediks on t\u00f5husus, t\u00e4psus ja k\u00f5rge kvaliteet, et rahuldada klientide mitmekesiseid n\u00f5udmisi.<\/p>\n<p><img decoding=\"async\" src=\"https:\/\/www.hydraulic-cylinders.net\/wp-content\/uploads\/2025\/01\/songte-company-3.webp\" alt=\"Ettev\u00f5tte kuvand\"><\/p>\n<p>Meie ettev\u00f5te paistab silma j\u00e4rgmiste omaduste poolest:<\/p>\n<ul>\n<li>Ekspertiis ja rahvusvahelised sertifikaadid<\/li>\n<li>Kohandamise teenused<\/li>\n<li>Kvaliteetsed tootmisseadmed<\/li>\n<li>M\u00fc\u00fcgij\u00e4rgne teenindus<\/li>\n<\/ul>\n<p>Autor: lyl<\/p>","protected":false},"excerpt":{"rendered":"<p>Bucket Cylinder For Doosan Large Excavator DH370 Introduction The bucket cylinder for Doosan large excavator DH370 is a specially designed hydraulic cylinder used to control the movement of the bucket in heavy machinery such as excavators, backhoe loaders, and front-end loaders. Its main function is to enable the lifting, lowering, and tilting of the bucket, [&hellip;]<\/p>","protected":false},"featured_media":14782,"comment_status":"open","ping_status":"closed","template":"","meta":{"_et_pb_use_builder":"","_et_pb_old_content":"","_et_gb_content_width":""},"product_brand":[],"product_cat":[1494],"product_tag":[1495,1496],"class_list":{"0":"post-15287","1":"product","2":"type-product","3":"status-publish","4":"has-post-thumbnail","6":"product_cat-bucket-cylinders","7":"product_tag-bucket-cylinders","8":"product_tag-hydraulic-cylinders","10":"first","11":"instock","12":"shipping-taxable","13":"product-type-simple"},"amp_enabled":true,"_links":{"self":[{"href":"https:\/\/www.hydraulic-cylinders.net\/et\/wp-json\/wp\/v2\/product\/15287","targetHints":{"allow":["GET"]}}],"collection":[{"href":"https:\/\/www.hydraulic-cylinders.net\/et\/wp-json\/wp\/v2\/product"}],"about":[{"href":"https:\/\/www.hydraulic-cylinders.net\/et\/wp-json\/wp\/v2\/types\/product"}],"replies":[{"embeddable":true,"href":"https:\/\/www.hydraulic-cylinders.net\/et\/wp-json\/wp\/v2\/comments?post=15287"}],"wp:featuredmedia":[{"embeddable":true,"href":"https:\/\/www.hydraulic-cylinders.net\/et\/wp-json\/wp\/v2\/media\/14782"}],"wp:attachment":[{"href":"https:\/\/www.hydraulic-cylinders.net\/et\/wp-json\/wp\/v2\/media?parent=15287"}],"wp:term":[{"taxonomy":"product_brand","embeddable":true,"href":"https:\/\/www.hydraulic-cylinders.net\/et\/wp-json\/wp\/v2\/product_brand?post=15287"},{"taxonomy":"product_cat","embeddable":true,"href":"https:\/\/www.hydraulic-cylinders.net\/et\/wp-json\/wp\/v2\/product_cat?post=15287"},{"taxonomy":"product_tag","embeddable":true,"href":"https:\/\/www.hydraulic-cylinders.net\/et\/wp-json\/wp\/v2\/product_tag?post=15287"}],"curies":[{"name":"wp","href":"https:\/\/api.w.org\/{rel}","templated":true}]}}