{"id":15288,"date":"2025-01-19T14:20:32","date_gmt":"2025-01-19T14:20:32","guid":{"rendered":"https:\/\/www.hydraulic-cylinders.net\/product\/bucket-cylinder-for-doosan-large-excavator-dx300lc\/"},"modified":"2025-01-19T14:20:34","modified_gmt":"2025-01-19T14:20:34","slug":"bucket-cylinder-for-doosan-large-excavator-dx300lc","status":"publish","type":"product","link":"https:\/\/www.hydraulic-cylinders.net\/et\/toode\/bucket-cylinder-for-doosan-large-excavator-dx300lc\/","title":{"rendered":"Kopa silinder Doosan suurele ekskavaatorile DX300LC"},"content":{"rendered":"<h1>Kopa silinder Doosan suurele ekskavaatorile DX300LC<\/h1>\n<h2>Sissejuhatus<\/h2>\n<h3>Definitsioon<\/h3>\n<p>A bucket cylinder, specifically designed hydraulic cylinder, used to control the movement of the bucket in heavy machinery such as excavators, backhoes, and front-end loaders. Its main function is to enable the bucket to lift, lower, and tilt for easy material-handling tasks. In the hydraulic system, the bucket cylinder precisely controls the bucket&#8217;s movement through changes in hydraulic oil pressure, allowing operators to efficiently handle heavy loads and adapt to complex working environments and diverse job requirements.<\/p>\n<p><img decoding=\"async\" src=\"https:\/\/www.hydraulic-cylinders.net\/wp-content\/uploads\/2025\/01\/songte-company-2.webp\" alt=\"\u00c4mbri silindri pilt\"><\/p>\n<h3>Omadused<\/h3>\n<ul>\n<li>Suur tugevus ja vastupidavus: Tavaliselt valmistatud \u00fclitugevast terasest v\u00f5i alumiiniumist, talub k\u00f5rget r\u00f5hku ja suuri koormusi, kohaneb karmide t\u00f6\u00f6keskkondadega ning on konstrueeritud kulumiskindlust ja korrosioonikindlust silmas pidades, et pikendada kasutusiga.<\/li>\n<li>T\u00f5hus h\u00fcdrauliline t\u00f6\u00f6: Kasutab sujuva teleskoopliikumise saavutamiseks h\u00fcdraulika\u00f5li r\u00f5hku, reageerib kiiresti juhtimisk\u00e4sklustele, pakub v\u00f5imsat t\u00f5uke- ja t\u00f5mbej\u00f5udu, sobib raskete koormate ja keerukate t\u00f6\u00f6\u00fclesannete k\u00e4sitsemiseks.<\/li>\n<li>Erinevad t\u00fc\u00fcbid: Valige vastavalt vajadusele \u00fchetoimelised (h\u00fcdrauliline ainult \u00fches suunas) v\u00f5i kahetoimelised (h\u00fcdrauliline m\u00f5lemas suunas) silindrid, et rahuldada erinevaid t\u00f6\u00f6vajadusi. M\u00f5ned mudelid on teleskoopilised, v\u00f5imaldades suuremat pikendamist ilma v\u00e4lism\u00f5\u00f5tmeid suurendamata, sobides piiratud ruumiga rakenduste jaoks.<\/li>\n<li>Otsene asendamine: Meie toode suudab need h\u00fcdrosilindrid ideaalselt asendada.<\/li>\n<\/ul>\n<p><img decoding=\"async\" src=\"https:\/\/www.hydraulic-cylinders.net\/wp-content\/uploads\/2025\/01\/songte-cylinder-head-with-all-kinds-excavator-models.webp\" alt=\"Toote pilt\"><\/p>\n<h2>Rakendused<\/h2>\n<h3>Ehitustehnika<\/h3>\n<p>Ekskavaatorites on need olulised kaevamiseks, laadimiseks ja pinnase v\u00f5i prahi teisaldamiseks. Ekskavaatoritel aitab kopa silinder nii kaevamisel kui ka t\u00f5stmisel. Esilaadurite puhul aitavad need kaupu t\u00f5husalt t\u00f5sta ja t\u00fchjendada.<\/p>\n<h3>P\u00f5llumajandustehnika<\/h3>\n<p>Kasutatakse esilaadurites pinnase, heina ja muude materjalide kaevamiseks, t\u00f5stmiseks ja transportimiseks. Ekskavaatorites v\u00f5imaldab kopa silinder kaevamist, lastes kopal pinnasesse tungida. Need on kasulikud ka muude p\u00f5llumajandusmasinate t\u00f5stmiseks ja kallutamiseks.<\/p>\n<h2>Projekteerimiskaalutlused ja valikukriteeriumid<\/h2>\n<h3>Kandev\u00f5ime<\/h3>\n<p>The cylinder&#8217;s load-carrying capacity is one of the most important design considerations. It needs to be strong and durable enough to support the weight of the load and withstand high pressure.<\/p>\n<h3>Tihendus ja vastupidavus<\/h3>\n<p>A cylinder must be well-sealed to prevent leaks, which can lead to premature wear and damage. Choosing the right sealing materials is essential, and in some cases, the cylinder&#8217;s rod and barrel may require surface treatments or coatings to improve wear resistance and prevent corrosion.<\/p>\n<h3>Ohutus ja hooldus<\/h3>\n<p>Safety is a critical consideration when designing hydraulic cylinders, and appropriate safety features must be included to prevent accidents. In addition, proper maintenance is essential to ensure the cylinder&#8217;s long service life and prevent malfunctions.<\/p>\n<p><img decoding=\"async\" src=\"https:\/\/www.hydraulic-cylinders.net\/wp-content\/uploads\/2025\/01\/songte-oil-pipes-and-spare-parts.webp\" alt=\"Toote pilt\"><\/p>\n<h2>Tihendus ja m\u00e4\u00e4rimine<\/h2>\n<p>Various sealing components such as piston seals, rod seals, etc. are used to ensure proper sealing of the cylinder. Polyurethane and nitrile rubber are commonly used materials for sealing components. The cylinder&#8217;s barrel and threaded end surface undergo fine processing to improve wear resistance. Regular lubrication with hydraulic oil is required to ensure smooth operation and prevent wear and tear.<\/p>\n<h2>Hooldus ja remont<\/h2>\n<p>Regular inspections, proper lubrication, and replacement of worn sealing components are common maintenance tasks. Proper installation, lubrication, and adjustment are crucial to ensuring reliable and long-lasting operation. It is recommended to use appropriate installation brackets to mount the cylinder securely. The recommended inspection, repair, and replacement procedures are essential to extend the cylinder&#8217;s service life.<\/p>\n<p><img decoding=\"async\" src=\"https:\/\/www.hydraulic-cylinders.net\/wp-content\/uploads\/2025\/01\/songte-chushion-collar.webp\" alt=\"Toote pilt\"><\/p>\n<h2>Ohutuskaalutlused ja keskkonnategurid<\/h2>\n<p>H\u00fcdrauliliste silindrite kasutamisel tuleb \u00f5nnetuste v\u00e4ltimiseks v\u00f5tta ohutusmeetmeid, nagu n\u00f5uetekohane paigaldamine, regulaarne hooldus ja kontroll. Silindris kasutatav h\u00fcdraulika\u00f5li v\u00f5ib keskkonnale ohtlik olla, kui seda ei k\u00f5rvaldata n\u00f5uetekohaselt. Seet\u00f5ttu tuleb keskkonnareostuse v\u00e4ltimiseks v\u00f5tta asjakohaseid meetmeid.<\/p>\n<h2>Diagnoos ja t\u00f5rkeotsing<\/h2>\n<p>Levinud probleemid, nagu lekked, v\u00e4henenud v\u00f5imsus ja eba\u00fchtlane liikumine, vajavad kiiret diagnoosimist ja t\u00f5rkeotsingut. Probleemi algp\u00f5hjuse v\u00e4ljaselgitamiseks on oluline kasutada sobivaid diagnostikaseadmeid ja -t\u00f6\u00f6riistu, n\u00e4iteks manomeetrid ja voolum\u00f5\u00f5turid. Regulaarne hooldus ja kontroll aitavad nende probleemide tekkimist v\u00e4ltida.<\/p>\n<p><img decoding=\"async\" src=\"https:\/\/www.hydraulic-cylinders.net\/wp-content\/uploads\/2025\/01\/songte-bushings-with-all-kinds-of-excavator-models.webp\" alt=\"Toote pilt\"><\/p>\n<h2>Meie ettev\u00f5ttest<\/h2>\n<p>We are a manufacturer of replacement hydraulic cylinders with a complete range of products. We have become one of the leading manufacturers and wholesalers of hydraulic cylinders in domestic and foreign markets by adhering to excellent quality, relying on industrial production management strategies in sophisticated manufacturing workshops, continuously improving the manufacturing platform in the workshop from the use of technical talents, digital high-end manufacturing equipment, and professional testing systems, and have strong creative ability to meet customers&#8217; diverse needs with high efficiency, high precision, and high quality principles. <\/p>\n<h3>Professionaalsus<\/h3>\n<p>Meie professionaalide meeskond on p\u00fchendunud parimate toodete ja teenuste pakkumisele oma klientidele.<\/p>\n<h3>Rahvusvaheline sertifitseerimine<\/h3>\n<p>Meie tooted on sertifitseeritud rahvusvaheliste kvaliteedi- ja ohutusstandardite, n\u00e4iteks ISO ja CE, j\u00e4rgi.<\/p>\n<h3>Kohandamise teenused<\/h3>\n<p>Pakume kohandatud teenuseid, et rahuldada oma klientide erinevaid vajadusi.<\/p>\n<h3>Tootmisseadmed<\/h3>\n<p>Meie tootmisseadmed on tipptasemel ja tagavad k\u00f5rge kvaliteediga tooted.<\/p>\n<h3>M\u00fc\u00fcgij\u00e4rgne teenindus<\/h3>\n<p>Pakume suurep\u00e4rast m\u00fc\u00fcgij\u00e4rgset teenindust, et tagada klientide rahulolu.<\/p>\n<p><img decoding=\"async\" src=\"https:\/\/www.hydraulic-cylinders.net\/wp-content\/uploads\/2025\/01\/songte-company-3.webp\" alt=\"Ettev\u00f5tte kuvand\"><\/p>\n<p>Autor: lyl<\/p>","protected":false},"excerpt":{"rendered":"<p>Bucket Cylinder For Doosan Large Excavator DX300LC Introduction Definition A bucket cylinder, specifically designed hydraulic cylinder, used to control the movement of the bucket in heavy machinery such as excavators, backhoes, and front-end loaders. Its main function is to enable the bucket to lift, lower, and tilt for easy material-handling tasks. In the hydraulic system, [&hellip;]<\/p>","protected":false},"featured_media":14780,"comment_status":"open","ping_status":"closed","template":"","meta":{"_et_pb_use_builder":"","_et_pb_old_content":"","_et_gb_content_width":""},"product_brand":[],"product_cat":[1494],"product_tag":[1495,1496],"class_list":{"0":"post-15288","1":"product","2":"type-product","3":"status-publish","4":"has-post-thumbnail","6":"product_cat-bucket-cylinders","7":"product_tag-bucket-cylinders","8":"product_tag-hydraulic-cylinders","10":"first","11":"instock","12":"shipping-taxable","13":"product-type-simple"},"amp_enabled":true,"_links":{"self":[{"href":"https:\/\/www.hydraulic-cylinders.net\/et\/wp-json\/wp\/v2\/product\/15288","targetHints":{"allow":["GET"]}}],"collection":[{"href":"https:\/\/www.hydraulic-cylinders.net\/et\/wp-json\/wp\/v2\/product"}],"about":[{"href":"https:\/\/www.hydraulic-cylinders.net\/et\/wp-json\/wp\/v2\/types\/product"}],"replies":[{"embeddable":true,"href":"https:\/\/www.hydraulic-cylinders.net\/et\/wp-json\/wp\/v2\/comments?post=15288"}],"wp:featuredmedia":[{"embeddable":true,"href":"https:\/\/www.hydraulic-cylinders.net\/et\/wp-json\/wp\/v2\/media\/14780"}],"wp:attachment":[{"href":"https:\/\/www.hydraulic-cylinders.net\/et\/wp-json\/wp\/v2\/media?parent=15288"}],"wp:term":[{"taxonomy":"product_brand","embeddable":true,"href":"https:\/\/www.hydraulic-cylinders.net\/et\/wp-json\/wp\/v2\/product_brand?post=15288"},{"taxonomy":"product_cat","embeddable":true,"href":"https:\/\/www.hydraulic-cylinders.net\/et\/wp-json\/wp\/v2\/product_cat?post=15288"},{"taxonomy":"product_tag","embeddable":true,"href":"https:\/\/www.hydraulic-cylinders.net\/et\/wp-json\/wp\/v2\/product_tag?post=15288"}],"curies":[{"name":"wp","href":"https:\/\/api.w.org\/{rel}","templated":true}]}}