{"id":15292,"date":"2025-01-19T14:20:47","date_gmt":"2025-01-19T14:20:47","guid":{"rendered":"https:\/\/www.hydraulic-cylinders.net\/product\/bucket-cylinder-for-doosan-large-excavator-d370l-9\/"},"modified":"2025-01-19T14:20:49","modified_gmt":"2025-01-19T14:20:49","slug":"bucket-cylinder-for-doosan-large-excavator-d370l-9","status":"publish","type":"product","link":"https:\/\/www.hydraulic-cylinders.net\/et\/toode\/bucket-cylinder-for-doosan-large-excavator-d370l-9\/","title":{"rendered":"Kopa silinder Doosan suurele ekskavaatorile D370L-9"},"content":{"rendered":"<h1>Kopa silinder Doosan suurele ekskavaatorile D370L-9<\/h1>\n<h2>Sissejuhatus<\/h2>\n<p>Kopa silinder on spetsiaalselt konstrueeritud h\u00fcdrauliline silinder, mida kasutatakse raskete masinate, n\u00e4iteks ekskavaatorite, laadurite ja esilaadurite koppade liikumise juhtimiseks. Selle peamine \u00fclesanne on v\u00f5imaldada kopa t\u00f5stmist, langetamist ja kallutamist, muutes mitmesuguste materjalik\u00e4itlust\u00f6\u00f6de tegemise lihtsamaks. H\u00fcdraulilises s\u00fcsteemis juhib kopa silinder kopa t\u00e4pseid liikumisi h\u00fcdraulika\u00f5li r\u00f5hu muutuste kaudu, v\u00f5imaldades operaatoritel t\u00f5husalt k\u00e4sitseda raskeid koormaid ning kohaneda keerukate t\u00f6\u00f6keskkondade ja mitmekesiste t\u00f6\u00f6n\u00f5uetega.<\/p>\n<p><img decoding=\"async\" src=\"https:\/\/www.hydraulic-cylinders.net\/wp-content\/uploads\/2025\/01\/songte-company-2.webp\" alt=\"Kopa silinder Doosan suurele ekskavaatorile D370L-9\"><\/p>\n<h2>Omadused<\/h2>\n<ul>\n<li>Suur tugevus ja vastupidavus: Tavaliselt valmistatud \u00fclitugevast terasest v\u00f5i alumiiniumist, mis talub k\u00f5rget r\u00f5hku ja suuri koormusi ning on konstrueeritud kulumiskindlust ja korrosioonikindlust silmas pidades, et pikendada kasutusiga.<\/li>\n<li>T\u00f5hus h\u00fcdrauliline t\u00f6\u00f6: Kasutab h\u00fcdraulika\u00f5li r\u00f5hku sujuvate pikendus- ja kokkut\u00f5mbumisliigutuste saavutamiseks, reageerib kiiresti juhtimisk\u00e4sklustele ning pakub v\u00f5imsaid t\u00f5uke- ja t\u00f5mbej\u00f5ude, mis sobivad raskete koormate ja keerukate t\u00f6\u00f6\u00fclesannete k\u00e4sitsemiseks.<\/li>\n<li>Erinevad t\u00fc\u00fcbid: Vajadusel saab valida \u00fchetoimeliste (h\u00fcdrauliline ainult \u00fches suunas) v\u00f5i kahetoimeliste (h\u00fcdrauliline m\u00f5lemas suunas) silindrite vahel, et rahuldada erinevaid t\u00f6\u00f6n\u00f5udeid. M\u00f5ned mudelid on teleskoopilised, v\u00f5imaldades suuremat pikendamist ilma v\u00e4lism\u00f5\u00f5tmeid suurendamata, sobides piiratud ruumiga rakenduste jaoks.<\/li>\n<li>Asendusv\u00f5imalus: Meie toode suudab need h\u00fcdraulilised silindrid ideaalselt asendada.<\/li>\n<\/ul>\n<p><img decoding=\"async\" src=\"https:\/\/www.hydraulic-cylinders.net\/wp-content\/uploads\/2025\/01\/songte-cylinder-head-with-all-kinds-excavator-models.webp\" alt=\"Kopa silinder Doosan suurele ekskavaatorile D370L-9\"><\/p>\n<h2>Rakendused<\/h2>\n<p>Kopasilindrit kasutatakse laialdaselt erinevates seadmetes, sealhulgas:<\/p>\n<h3>Ehitustehnika<\/h3>\n<p>Ehitusmasinad s\u00f5ltuvad kaevamiseks, laadimiseks ja pinnase v\u00f5i prahi teisaldamiseks suuresti ekskavaatoritest. Ekskavaatoritel aitavad kopasilindrid nii kaevamisel kui ka t\u00f5stmisel. Esilaadurid kasutavad kopasilindriid koormate t\u00f5husaks t\u00f5stmiseks ja kallutamiseks.<\/p>\n<h3>P\u00f5llumajandustehnika<\/h3>\n<p>Kasutatakse esilaaduritel pinnase, heina ja muude materjalide \u00fclesv\u00f5tmiseks, t\u00f5stmiseks ja transportimiseks. Ekskavaatorites saavutavad kopasilindrid kaevamistoimingud, v\u00f5imaldades kopal pinnasesse tungida. Esilaadurites aitavad need kaupu t\u00f5husalt t\u00f5sta ja t\u00fchjendada.<\/p>\n<p><img decoding=\"async\" src=\"https:\/\/www.hydraulic-cylinders.net\/wp-content\/uploads\/2025\/01\/songte-bushings-with-all-kinds-of-excavator-models.webp\" alt=\"Kopa silinder Doosan suurele ekskavaatorile D370L-9\"><\/p>\n<h2>Projekteerimiskaalutlused ja valikukriteeriumid<\/h2>\n<p>Projekteerimise seisukohast peavad kopasilindrid arvestama kandev\u00f5ime, tihendatuse, vastupidavuse, ohutuse ja hooldusega. J\u00e4rgnevalt selgitatakse neid tegureid \u00fcksikasjalikumalt:<\/p>\n<h3>Kandev\u00f5ime<\/h3>\n<p>Silindril peab olema piisav tugevus, et kanda maksimaalset koormust ilma deformeerumata. \u00d5ige silindri suuruse valimine on oluline maksimaalse j\u00f5udluse ja pikaealisuse tagamiseks.<\/p>\n<h3>Tihendus<\/h3>\n<p>Balloonil peavad olema kvaliteetsed tihendid, et v\u00e4ltida lekkeid ja saastumist. Tihendite jaoks tuleks valida sobivad materjalid, n\u00e4iteks pol\u00fcuretaan ja nitriilkummi, et tagada kulumiskindlus ja pikk eluiga.<\/p>\n<h3>Vastupidavus<\/h3>\n<p>Silindri komponendid, n\u00e4iteks silindri korpus ja kolvivarras, peaksid olema valmistatud kvaliteetsetest materjalidest, et need taluksid karme t\u00f6\u00f6tingimusi ja tagaksid pikaajalise j\u00f5udluse. Silindri korpuse ja keermestatud otste pind tuleks peenelt t\u00f6\u00f6delda, et parandada kulumiskindlust.<\/p>\n<h3>Ohutus<\/h3>\n<p>Ohutus on raskete seadmetega t\u00f6\u00f6tamisel \u00e4\u00e4rmiselt oluline. Kopa silinder peaks olema konstrueeritud ohutusfunktsioonidega, n\u00e4iteks r\u00f5hualandusventiilidega \u00fclekoormuse v\u00e4ltimiseks ja turvalukustusega, et v\u00e4ltida \u00f5nnetusi h\u00fcdraulilise r\u00f5hu j\u00e4rsu kadumise korral.<\/p>\n<h3>Hooldus<\/h3>\n<p>Kopasilindri optimaalse j\u00f5udluse ja pikaealisuse tagamiseks on vaja regulaarset hooldust. Silindri sisemiste komponentide kahjustamise v\u00e4ltimiseks on oluline asjakohane m\u00e4\u00e4rimine ja tihendite vahetamine. Tootja soovitatud hooldusgraafiku j\u00e4rgimine v\u00f5ib kopasilindri kasutusiga oluliselt pikendada.<\/p>\n<p><img decoding=\"async\" src=\"https:\/\/www.hydraulic-cylinders.net\/wp-content\/uploads\/2025\/01\/songte-oil-pipes-and-spare-parts.webp\" alt=\"Kopa silinder Doosan suurele ekskavaatorile D370L-9\"><\/p>\n<h2>Tihendus ja m\u00e4\u00e4rimine<\/h2>\n<p>Kopasilindris kasutatakse h\u00fcdraulilise vedeliku lekke v\u00e4ltimiseks mitmesuguseid tihenduskomponente, sealhulgas kolvitihendeid ja vardatihendeid. Pikaajalise j\u00f5udluse tagamiseks tuleb kasutada kvaliteetseid tihendeid, mis on valmistatud kulumiskindlatest materjalidest, n\u00e4iteks pol\u00fcuretaanist v\u00f5i nitriilkummist. Silindri optimaalse j\u00f5udluse s\u00e4ilitamiseks ja sisemiste osade h\u00f5\u00f5rdumisest tingitud kulumise v\u00e4ltimiseks on vaja regulaarset m\u00e4\u00e4rimist. H\u00fcdrauliline silinder vajab perioodilisi \u00f5livahetusi, olenevalt kasutusest ja t\u00f6\u00f6tingimustest, et tagada n\u00f5uetekohane m\u00e4\u00e4rimine ja kaitsta sisemisi komponente kahjustuste eest.<\/p>\n<h2>Hooldus<\/h2>\n<p>Regulaarne hooldus ja ennetavad meetmed pikendavad kopasilindri eluiga. Levinud hooldust\u00f6\u00f6de hulka kuuluvad regulaarne kontroll, asjakohane m\u00e4\u00e4rimine, tihendite vahetamine ja kalibreerimise kontrollimine. Optimaalse j\u00f5udluse tagamiseks on oluline \u00f5ige paigaldamine. Paigaldamise ajal tuleb silinder korralikult joondada ja sobivate kinnitusklambritega kindlalt oma kohale kinnitada. Kopasilindri optimaalse j\u00f5udluse ja pikaealisuse tagamiseks tuleks j\u00e4rgida soovitatud kontrolli-, remondi- ja vahetusprotseduure.<\/p>\n<p><img decoding=\"async\" src=\"https:\/\/www.hydraulic-cylinders.net\/wp-content\/uploads\/2025\/01\/songte-chushion-collar.webp\" alt=\"Kopa silinder Doosan suurele ekskavaatorile D370L-9\"><\/p>\n<h2>Ohutuskaalutlused ja keskkonnategurid<\/h2>\n<p>Kopa silinder on rasketehnika oluline osa ning see tuleb projekteerida ja paigaldada ohutust silmas pidades. Operaatorid peavad olema koolitatud masinaid ohutult k\u00e4sitsema ja j\u00e4rgima k\u00f5iki ohutusjuhiseid. Samuti on oluline arvestada keskkonnateguritega, nagu m\u00fcrasaaste, \u00f5husaaste ja pinnase saastumine, mis tulenevad rasketehnika kasutamisest.<\/p>\n<h2>Veaotsing ja levinud probleemid<\/h2>\n<p>Kopasilindrite tavaliste probleemide hulka kuuluvad leke, halb j\u00f5udlus ja ebanormaalsed helid. Regulaarne kontroll ja hooldus aitavad enamikku probleeme \u00e4ra hoida. Probleemide korral tuleks silindri h\u00fcdros\u00fcsteemi hoolikalt diagnoosida, et tuvastada algp\u00f5hjus. Probleemi lahendamiseks tuleks rakendada sobivaid lahendusi ja v\u00f5tta ennetavaid meetmeid sarnaste probleemide v\u00e4ltimiseks tulevikus.<\/p>\n<h2>Meist<\/h2>\n<p>Oleme tootja, mis on spetsialiseerunud asendush\u00fcdrauliliste silindrite tootmisele. Meie tooted h\u00f5lmavad laia valikut t\u00fc\u00fcpe ja oleme saanud \u00fcheks juhtivaks h\u00fcdrosilindrite tootjaks ja hulgim\u00fc\u00fcjaks nii sise- kui ka rahvusvahelistel turgudel. J\u00e4rgime suurep\u00e4rase kvaliteedi p\u00f5him\u00f5tet, tugineme peentes tootmist\u00f6\u00f6kodades industrialiseeritud tootmise juhtimisstrateegiatele, t\u00e4iustame pidevalt oma tootmisplatvormi ja t\u00e4iustame oma tootekvaliteedi tootmisprotsessi. Meil \u200b\u200bon tugev loovus, et rahuldada klientide mitmekesiseid vajadusi t\u00f5husate, t\u00e4psete ja k\u00f5rgekvaliteediliste p\u00f5him\u00f5tete abil.<\/p>\n<p>Meie ettev\u00f5tte tugevuste hulka kuuluvad:<\/p>\n<ul>\n<li>Professionaalsus<\/li>\n<li>Rahvusvaheline sertifitseerimine<\/li>\n<li>Kohandamise teenused<\/li>\n<li>T\u00e4iustatud tootmisseadmed<\/li>\n<li>M\u00fc\u00fcgij\u00e4rgne teenindus<\/li>\n<\/ul>\n<p><img decoding=\"async\" src=\"https:\/\/hzpt.com\/wp-content\/uploads\/2024\/11\/songte-company-1.webp\" alt=\"Kopa silinder Doosan suurele ekskavaatorile D370L-9\"><\/p>\n<p>P\u00fc\u00fcame pakkuda oma klientidele kvaliteetseid tooteid ja teenuseid ning tagada nende rahulolu. Oleme p\u00fchendunud tipptasemele ning t\u00e4iustame pidevalt oma tooteid ja teenuseid, et rahuldada klientide vajadusi.<\/p>\n<p>Autor: lyl.<\/p>","protected":false},"excerpt":{"rendered":"<p>Bucket Cylinder For Doosan Large Excavator D370L-9 Introduction A bucket cylinder is a specially designed hydraulic cylinder used to control the movement of buckets in heavy machinery such as excavators, backhoes, and front-end loaders. Its primary function is to allow the bucket to lift, lower, and tilt, making it easier to handle various material handling [&hellip;]<\/p>","protected":false},"featured_media":14771,"comment_status":"open","ping_status":"closed","template":"","meta":{"_et_pb_use_builder":"","_et_pb_old_content":"","_et_gb_content_width":""},"product_brand":[],"product_cat":[1494],"product_tag":[1495,1496],"class_list":{"0":"post-15292","1":"product","2":"type-product","3":"status-publish","4":"has-post-thumbnail","6":"product_cat-bucket-cylinders","7":"product_tag-bucket-cylinders","8":"product_tag-hydraulic-cylinders","10":"first","11":"instock","12":"shipping-taxable","13":"product-type-simple"},"amp_enabled":true,"_links":{"self":[{"href":"https:\/\/www.hydraulic-cylinders.net\/et\/wp-json\/wp\/v2\/product\/15292","targetHints":{"allow":["GET"]}}],"collection":[{"href":"https:\/\/www.hydraulic-cylinders.net\/et\/wp-json\/wp\/v2\/product"}],"about":[{"href":"https:\/\/www.hydraulic-cylinders.net\/et\/wp-json\/wp\/v2\/types\/product"}],"replies":[{"embeddable":true,"href":"https:\/\/www.hydraulic-cylinders.net\/et\/wp-json\/wp\/v2\/comments?post=15292"}],"wp:featuredmedia":[{"embeddable":true,"href":"https:\/\/www.hydraulic-cylinders.net\/et\/wp-json\/wp\/v2\/media\/14771"}],"wp:attachment":[{"href":"https:\/\/www.hydraulic-cylinders.net\/et\/wp-json\/wp\/v2\/media?parent=15292"}],"wp:term":[{"taxonomy":"product_brand","embeddable":true,"href":"https:\/\/www.hydraulic-cylinders.net\/et\/wp-json\/wp\/v2\/product_brand?post=15292"},{"taxonomy":"product_cat","embeddable":true,"href":"https:\/\/www.hydraulic-cylinders.net\/et\/wp-json\/wp\/v2\/product_cat?post=15292"},{"taxonomy":"product_tag","embeddable":true,"href":"https:\/\/www.hydraulic-cylinders.net\/et\/wp-json\/wp\/v2\/product_tag?post=15292"}],"curies":[{"name":"wp","href":"https:\/\/api.w.org\/{rel}","templated":true}]}}