{"id":15293,"date":"2025-01-19T14:20:51","date_gmt":"2025-01-19T14:20:51","guid":{"rendered":"https:\/\/www.hydraulic-cylinders.net\/product\/bucket-cylinder-for-doosan-large-excavator-dx350xl\/"},"modified":"2025-01-19T14:20:53","modified_gmt":"2025-01-19T14:20:53","slug":"bucket-cylinder-for-doosan-large-excavator-dx350xl","status":"publish","type":"product","link":"https:\/\/www.hydraulic-cylinders.net\/et\/toode\/bucket-cylinder-for-doosan-large-excavator-dx350xl\/","title":{"rendered":"Kopa silinder Doosan suurele ekskavaatorile DX350XL"},"content":{"rendered":"<h1>Kopa silinder Doosan suurele ekskavaatorile DX350XL<\/h1>\n<h2>Sissejuhatus<\/h2>\n<p>Doosani suure ekskavaatori DX350XL kopa silinder on spetsiaalne h\u00fcdrauliline silinder, mis on loodud kopa liikumise juhtimiseks rasketes masinates, n\u00e4iteks ekskavaatorites, laadur-ekskavaatorites ja esilaadurites. Selle peamine \u00fclesanne on kopa t\u00f5stmine, langetamine ja kallutamine erinevate materjalik\u00e4itlust\u00f6\u00f6de jaoks. H\u00fcdraulilises s\u00fcsteemis juhib kopa silinder t\u00e4pselt kopa liikumist h\u00fcdraulika\u00f5li r\u00f5hu muutuste kaudu, v\u00f5imaldades operaatoritel raskeid koormaid t\u00f5husalt k\u00e4sitseda ning kohaneda keerukate t\u00f6\u00f6keskkondade ja mitmekesiste t\u00f6\u00f6n\u00f5uetega.<\/p>\n<p><img decoding=\"async\" src=\"https:\/\/www.hydraulic-cylinders.net\/wp-content\/uploads\/2025\/01\/songte-company-2.webp\" alt=\"Kopa silinder Doosan suurele ekskavaatorile DX350XL\"><\/p>\n<h2>Omadused<\/h2>\n<ul>\n<li>Suur tugevus ja vastupidavus: Tavaliselt valmistatud \u00fclitugevast terasest v\u00f5i alumiiniumist, see talub k\u00f5rget r\u00f5hku ja suuri koormusi ning on konstrueeritud kulumiskindlust ja korrosioonikindlust silmas pidades, pikendades selle kasutusiga.<\/li>\n<li>T\u00f5hus h\u00fcdrauliline t\u00f6\u00f6: Kasutab h\u00fcdraulika\u00f5li r\u00f5hku sujuva pikenemise ja kokkut\u00f5mbumise saavutamiseks, reageerib kiiresti juhtimisk\u00e4sklustele, pakub v\u00f5imsat t\u00f5uke- ja t\u00f5mbej\u00f5udu ning sobib raskete koormate ja keerukate t\u00f6\u00f6de k\u00e4sitsemiseks.<\/li>\n<li>Erinevad t\u00fc\u00fcbid: Vajadusel saab erinevate t\u00f6\u00f6tingimuste t\u00e4itmiseks valida \u00fchetoimelisi (h\u00fcdraulika t\u00f6\u00f6tab ainult \u00fches suunas) v\u00f5i kahetoimelisi (h\u00fcdraulika t\u00f6\u00f6tab kahes suunas) silindreid. M\u00f5ned mudelid on teleskoopilised, mis v\u00f5imaldavad suuremat pikendamist ilma v\u00e4lism\u00f5\u00f5tmeid suurendamata, sobides piiratud ruumiga rakenduste jaoks.<\/li>\n<li>Lihtne paigaldada: meie toode saab neid h\u00fcdrosilindreid ideaalselt asendada.<\/li>\n<\/ul>\n<p><img decoding=\"async\" src=\"https:\/\/www.hydraulic-cylinders.net\/wp-content\/uploads\/2025\/01\/songte-cylinder-head-with-all-kinds-excavator-models.webp\" alt=\"Kopa silinder Doosan suurele ekskavaatorile DX350XL\"><\/p>\n<h2>Rakendused<\/h2>\n<p>Doosani suure ekskavaatori DX350XL kopasilindrit kasutatakse laialdaselt erinevates rasketehnikas, sealhulgas:<\/p>\n<ul>\n<li>Ehitusseadmed: Ekskavaatorites on need h\u00e4davajalikud kaevamiseks, laadimiseks ja pinnase v\u00f5i prahi teisaldamiseks. Ekskavaatorites aitab kopa silinder nii kaevamisel kui ka t\u00f5stmisel. <\/li>\n<li>P\u00f5llumajandusmasinad: Kasutatakse esilaadurites mulla, heina ja muude materjalide k\u00fchveldamiseks, t\u00f5stmiseks ja transportimiseks. <\/li>\n<li>Laadur: Esilaaduris aitavad need lasti t\u00f5husalt t\u00f5sta ja kallutada.<\/li>\n<\/ul>\n<h2>Projekteerimiskaalutlused ja valikukriteeriumid<\/h2>\n<p>Doosani suure ekskavaatori DX350XL kopa silinder on konstrueeritud kandev\u00f5ime, tihenduse, vastupidavuse, ohutuse ja hooldatavuse olulisi aspekte silmas pidades. <\/p>\n<ul>\n<li>Kandev\u00f5ime: Silinder peab vastu pidama k\u00f5rgele r\u00f5hule ja rasketele koormustele, s\u00e4ilitades samal ajal stabiilsuse ja t\u00e4psuse. <\/li>\n<li>Tihendus: Silindris kasutatakse mitmesuguseid tihendeid, n\u00e4iteks kolvitihendeid, vardatihendeid jne, ning tihendusmaterjal valitakse kulumiskindlate materjalide, n\u00e4iteks pol\u00fcuretaani ja nitriilkummi hulgast. <\/li>\n<li>Vastupidavus: Silindri korpus ja keermestatud otsapinnad on kulumiskindluse parandamiseks peenelt t\u00f6\u00f6deldud. <\/li>\n<li>Ohutus: Silinder peab ohutu t\u00f6\u00f6 tagamiseks vastama erinevatele ohutusstandarditele ja -m\u00e4\u00e4rustele. <\/li>\n<li>Hooldatavus: Regulaarne hooldus ja remont rikete v\u00e4ltimiseks ja kasutusea pikendamiseks. <\/li>\n<\/ul>\n<p><img decoding=\"async\" src=\"https:\/\/www.hydraulic-cylinders.net\/wp-content\/uploads\/2025\/01\/songte-oil-pipes-and-spare-parts.webp\" alt=\"Kopa silinder Doosan suurele ekskavaatorile DX350XL\"><\/p>\n<h2>Tihendus ja m\u00e4\u00e4rimine<\/h2>\n<p>Doosani suure ekskavaatori DX350XL kopasilindris kasutatakse mitmesuguseid tihenduselemente, n\u00e4iteks kolvitihendeid ja vardatihendeid, mis on valmistatud kulumiskindlatest materjalidest, nagu pol\u00fcuretaan ja nitriilkummi. Silindri korpus ja keermestatud otsapinnad on peenelt t\u00f6\u00f6deldud, et parandada kulumiskindlust. Sujuva t\u00f6\u00f6 tagamiseks ja kulumise v\u00e4ltimiseks on vaja regulaarset m\u00e4\u00e4rimist sobiva h\u00fcdraulika\u00f5liga.<\/p>\n<h2>Hooldus ja remont<\/h2>\n<p>Doosani suure ekskavaatori DX350XL kopasilindri rikete v\u00e4ltimiseks ja kasutusea pikendamiseks on vaja regulaarset kontrolli ja ennetavaid hooldusmeetmeid. M\u00f5ned levinumad hooldust\u00f6\u00f6d on j\u00e4rgmised:<\/p>\n<ul>\n<li>Regulaarne kontroll: Kontrollige ballooni regulaarselt kulumise, kahjustuste ja lekete suhtes. <\/li>\n<li>\u00d5ige m\u00e4\u00e4rimine: M\u00e4\u00e4rige silindrit soovitatud h\u00fcdraulika\u00f5liga, et tagada sujuv t\u00f6\u00f6. <\/li>\n<li>Tihendi vahetamine: Vahetage tihendeid vastavalt vajadusele, et v\u00e4ltida lekkeid ja s\u00e4ilitada tihenduse t\u00f5husus. <\/li>\n<li>Kalibreerimise kontroll: Kontrollige silindri kalibreerimist, et tagada t\u00e4pne ja sujuv t\u00f6\u00f6. <\/li>\n<\/ul>\n<p><img decoding=\"async\" src=\"https:\/\/www.hydraulic-cylinders.net\/wp-content\/uploads\/2025\/01\/songte-chushion-collar.webp\" alt=\"Kopa silinder Doosan suurele ekskavaatorile DX350XL\"><\/p>\n<h2>Ohutuskaalutlused ja keskkonnategurid<\/h2>\n<p>Doosani suure ekskavaatori DX350XL kopasilindri kasutamisel tuleb \u00f5nnetuste v\u00e4ltimiseks ja ohutu t\u00f6\u00f6 tagamiseks v\u00f5tta n\u00f5uetekohaseid ohutusmeetmeid. Keskkonna kaitsmiseks on oluline arvestada ka keskkonnateguritega, nagu \u00f5lilekked ja reostuse ennetamine.<\/p>\n<h2>Veaotsing ja levinud probleemid<\/h2>\n<p>M\u00f5ned levinud probleemid, mis v\u00f5ivad Doosani suure ekskavaatori DX350XL kopasilindri kasutamisel tekkida, on leke, halb tihendus ja kalibreerimisvead. Nende probleemide t\u00f5husaks diagnoosimiseks ja lahendamiseks on vaja regulaarset kontrolli ja ennetavaid hooldusmeetmeid.<\/p>\n<p><img decoding=\"async\" src=\"https:\/\/www.hydraulic-cylinders.net\/wp-content\/uploads\/2025\/01\/songte-bushings-with-all-kinds-of-excavator-models.webp\" alt=\"Kopa silinder Doosan suurele ekskavaatorile DX350XL\"><\/p>\n<h2>Meie ettev\u00f5ttest<\/h2>\n<p>Oleme asendush\u00fcdrauliliste silindrite tootja, pakkudes laia tootevalikut ning olles \u00fcks juhtivaid h\u00fcdrauliliste silindrite tootjaid ja hulgim\u00fc\u00fcjaid nii sise- kui ka v\u00e4listurgudel. J\u00e4rgime suurep\u00e4rase kvaliteedi p\u00f5him\u00f5tteid ja tugineme peentootmist\u00f6\u00f6kodades t\u00f6\u00f6stusliku tootmise juhtimise strateegiatele, t\u00e4iustades pidevalt t\u00f6\u00f6koja tootmisplatvormi, toote kvaliteediliini ning omades tugevaid loomingulisi v\u00f5imeid, et rahuldada klientide mitmekesiseid vajadusi suure t\u00f5hususega, suure t\u00e4psusega ja k\u00f5rge kvaliteediga.<\/p>\n<p>Pakume professionaalseid, rahvusvaheliselt sertifitseeritud ja kohandatud teenuseid ning meil on t\u00e4iustatud tootmisseadmed ja professionaalsed testimiss\u00fcsteemid. Samuti pakume varuosade vahetuse ja remondi teenuseid, et pikendada h\u00fcdrauliliste silindrite kasutusiga.<\/p>\n<p><img decoding=\"async\" src=\"https:\/\/hzpt.com\/wp-content\/uploads\/2024\/11\/songte-company-1.webp\" alt=\"Kopa silinder Doosan suurele ekskavaatorile DX350XL\"><\/p>\n<p>Autor: lyl<\/p>","protected":false},"excerpt":{"rendered":"<p>Bucket Cylinder for Doosan Large Excavator DX350XL Introduction The bucket cylinder for Doosan large excavator DX350XL is a specialized hydraulic cylinder designed to control the movement of the bucket in heavy machinery, such as excavators, backhoe excavators, and front loaders. Its main function is to lift, lower, and tilt the bucket for various material handling [&hellip;]<\/p>","protected":false},"featured_media":14769,"comment_status":"open","ping_status":"closed","template":"","meta":{"_et_pb_use_builder":"","_et_pb_old_content":"","_et_gb_content_width":""},"product_brand":[],"product_cat":[1494],"product_tag":[1495,1496],"class_list":{"0":"post-15293","1":"product","2":"type-product","3":"status-publish","4":"has-post-thumbnail","6":"product_cat-bucket-cylinders","7":"product_tag-bucket-cylinders","8":"product_tag-hydraulic-cylinders","10":"first","11":"instock","12":"shipping-taxable","13":"product-type-simple"},"amp_enabled":true,"_links":{"self":[{"href":"https:\/\/www.hydraulic-cylinders.net\/et\/wp-json\/wp\/v2\/product\/15293","targetHints":{"allow":["GET"]}}],"collection":[{"href":"https:\/\/www.hydraulic-cylinders.net\/et\/wp-json\/wp\/v2\/product"}],"about":[{"href":"https:\/\/www.hydraulic-cylinders.net\/et\/wp-json\/wp\/v2\/types\/product"}],"replies":[{"embeddable":true,"href":"https:\/\/www.hydraulic-cylinders.net\/et\/wp-json\/wp\/v2\/comments?post=15293"}],"wp:featuredmedia":[{"embeddable":true,"href":"https:\/\/www.hydraulic-cylinders.net\/et\/wp-json\/wp\/v2\/media\/14769"}],"wp:attachment":[{"href":"https:\/\/www.hydraulic-cylinders.net\/et\/wp-json\/wp\/v2\/media?parent=15293"}],"wp:term":[{"taxonomy":"product_brand","embeddable":true,"href":"https:\/\/www.hydraulic-cylinders.net\/et\/wp-json\/wp\/v2\/product_brand?post=15293"},{"taxonomy":"product_cat","embeddable":true,"href":"https:\/\/www.hydraulic-cylinders.net\/et\/wp-json\/wp\/v2\/product_cat?post=15293"},{"taxonomy":"product_tag","embeddable":true,"href":"https:\/\/www.hydraulic-cylinders.net\/et\/wp-json\/wp\/v2\/product_tag?post=15293"}],"curies":[{"name":"wp","href":"https:\/\/api.w.org\/{rel}","templated":true}]}}