{"id":15299,"date":"2025-01-19T14:21:21","date_gmt":"2025-01-19T14:21:21","guid":{"rendered":"https:\/\/www.hydraulic-cylinders.net\/product\/bucket-cylinder-for-doosan-large-excavator-dh300lc\/"},"modified":"2025-01-19T14:21:23","modified_gmt":"2025-01-19T14:21:23","slug":"bucket-cylinder-for-doosan-large-excavator-dh300lc","status":"publish","type":"product","link":"https:\/\/www.hydraulic-cylinders.net\/et\/toode\/bucket-cylinder-for-doosan-large-excavator-dh300lc\/","title":{"rendered":"Kopa silinder Doosan suurele ekskavaatorile DH300LC"},"content":{"rendered":"<h1>Kopa silinder Doosan suurele ekskavaatorile DH300LC<\/h1>\n<h2>Sissejuhatus<\/h2>\n<p>The Bucket Cylinder for Doosan Large Excavator DH300LC is a specially designed hydraulic cylinder used to control the movement of the bucket in heavy machinery such as excavators, backhoe excavators, and front-end loaders. Its main function is to enable the bucket to lift, lower, and tilt, making it easier to handle various material handling tasks. In the hydraulic system, the bucket cylinder achieves precise control of the bucket&#8217;s movement through changes in hydraulic oil pressure, enabling operators to efficiently handle heavy loads and adapt to complex work environments and diverse operational requirements.<\/p>\n<p><img decoding=\"async\" src=\"https:\/\/www.hydraulic-cylinders.net\/wp-content\/uploads\/2025\/01\/songte-company-2.webp\" alt=\"Kopa silinder Doosan suurele ekskavaatorile DH300LC\"><\/p>\n<h2>Omadused<\/h2>\n<ul>\n<li>Suur tugevus ja vastupidavus: Tavaliselt on see valmistatud \u00fclitugevast terasest v\u00f5i alumiiniumist, talub see k\u00f5rget r\u00f5hku ja suuri koormusi, kohandudes karmide t\u00f6\u00f6keskkondadega. Selle disain arvestab kulumiskindluse ja korrosioonikindlusega, pikendades selle kasutusiga.<\/li>\n<li>T\u00f5hus h\u00fcdrauliline t\u00f6\u00f6: H\u00fcdraulilise \u00f5lir\u00f5hu abil saavutatakse sujuv pikendamine ja kokkut\u00f5mbamine. See reageerib kiiresti juhtimisk\u00e4sklustele, pakub v\u00f5imsaid t\u00f5uke- ja t\u00f5mbej\u00f5ude ning sobib raskete koormate ja keerukate toimingute k\u00e4sitsemiseks.<\/li>\n<li>Erinevad t\u00fc\u00fcbid: Vajadusel saab valida \u00fchetoimelisi (h\u00fcdrauliliselt ainult \u00fches suunas kasutatavaid) v\u00f5i kahetoimelisi (h\u00fcdrauliliselt m\u00f5lemas suunas kasutatavaid) silindreid, et need vastaksid erinevatele t\u00f6\u00f6tingimustele. M\u00f5ned mudelid on teleskoopilised, v\u00f5imaldades suuremat pikendamist ilma v\u00e4lism\u00f5\u00f5tmeid suurendamata, mis sobib piiratud ruumiga rakenduste jaoks.<\/li>\n<li>Meie ettev\u00f5te saab toota: Meie tooted saavad neid h\u00fcdraulilisi silindreid ideaalselt asendada.<\/li>\n<\/ul>\n<p><img decoding=\"async\" src=\"https:\/\/www.hydraulic-cylinders.net\/wp-content\/uploads\/2025\/01\/songte-cylinder-head-with-all-kinds-excavator-models.webp\" alt=\"Kopa silinder Doosan suurele ekskavaatorile DH300LC\"><\/p>\n<h2>Rakendused<\/h2>\n<p>Doosani suure ekskavaatori DH300LC kopasilindrit kasutatakse laialdaselt erinevates t\u00f6\u00f6stusharudes, sealhulgas:<\/p>\n<ul>\n<li>Ehitustehnika: Ekskavaatorites on need h\u00e4davajalikud pinnase v\u00f5i prahi kaevamiseks, laadimiseks ja teisaldamiseks. Ekskavaatorites aitab kopa silinder nii kaevamisel kui ka t\u00f5stmisel. <\/li>\n<li>P\u00f5llumajandusmasinad: Kasutatakse esilaaduritel mulla, heina ja muude materjalide kaevamiseks, t\u00f5stmiseks ja transportimiseks. <\/li>\n<li>Ekskavaatorid: Kopa silinder v\u00f5imaldab kaevamist, lastes kopal pinnasesse tungida. <\/li>\n<li>Laadurid: Esilaadurites aitavad need kaupu t\u00f5husalt t\u00f5sta ja kallutada. <\/li>\n<\/ul>\n<h2>Projekteerimiskaalutlused ja valikukriteeriumid<\/h2>\n<p>Doosani suure ekskavaatori DH300LC kopasilindril on j\u00e4rgmised projekteerimiskaalutlused ja valikukriteeriumid:<\/p>\n<ul>\n<li>Kandev\u00f5ime: Silinder peab suutma koormust kanda ka karmides t\u00f6\u00f6keskkondades. <\/li>\n<li>Tihendus: H\u00fcdraulikavedeliku lekke v\u00e4ltimiseks kasutatakse mitmesuguseid tihenduselemente, n\u00e4iteks kolvitihendeid ja varrastihendeid. <\/li>\n<li>Durability: Materials such as high-strength steel or aluminum and coatings are used to extend the product&#8217;s life cycle. <\/li>\n<li>Ohutus: Ohutu ja usaldusv\u00e4\u00e4rse t\u00f6\u00f6 tagamiseks kasutatakse ohutusfunktsioone, n\u00e4iteks r\u00f5hualandusventiile. <\/li>\n<li>Hooldus: Seisakuaja v\u00e4hendamiseks on ette n\u00e4htud h\u00f5lpsasti vahetatavad komponendid ja lihtsad hooldusprotseduurid. <\/li>\n<\/ul>\n<p><img decoding=\"async\" src=\"https:\/\/www.hydraulic-cylinders.net\/wp-content\/uploads\/2025\/01\/songte-oil-pipes-and-spare-parts.webp\" alt=\"Kopa silinder Doosan suurele ekskavaatorile DH300LC\"><\/p>\n<h2>Tihendus ja m\u00e4\u00e4rimine<\/h2>\n<p>Doosani suure ekskavaatori DH300LC kopa silinder vajab h\u00fcdraulika\u00f5li lekke v\u00e4ltimiseks mitmesuguseid tihenduselemente, n\u00e4iteks kolvitihendeid ja vardatihendeid. Tihendite jaoks on kasutatud vastupidavaid materjale, nagu pol\u00fcuretaan ja nitriilkummi, et tagada kulumiskindlus. Silindri korpus ja keermeotsa pind on peenelt t\u00f6\u00f6deldud, et parandada kulumiskindlust. Sujuva t\u00f6\u00f6 tagamiseks on vajalik regulaarne m\u00e4\u00e4rimine h\u00fcdraulika\u00f5liga. <\/p>\n<h2>Hooldus ja remont<\/h2>\n<p>Soovitatav on teha j\u00e4rgmisi hooldus- ja remondit\u00f6id:<\/p>\n<ul>\n<li>Regulaarne kontroll<\/li>\n<li>Perioodiline m\u00e4\u00e4rimine<\/li>\n<li>Tihendi vahetamine<\/li>\n<li>Kalibreerimiskontroll<\/li>\n<\/ul>\n<p>\u00d5ige paigaldamine on n\u00f5uetekohase t\u00f6\u00f6 tagamiseks h\u00e4davajalik. Silindri kinnitamiseks ja joondamiseks on soovitatav kasutada sobivaid paigaldusklambreid. Silindri eluea pikendamiseks on oluline komponentide regulaarne kontroll, remont ja vahetamine. <\/p>\n<p><img decoding=\"async\" src=\"https:\/\/www.hydraulic-cylinders.net\/wp-content\/uploads\/2025\/01\/songte-chushion-collar.webp\" alt=\"Kopa silinder Doosan suurele ekskavaatorile DH300LC\"><\/p>\n<h2>Ohutus- ja keskkonnakaalutlused<\/h2>\n<p>Doosani suure ekskavaatori DH300LC kopasilindri kasutamisel on \u00f5nnetuste ja vigastuste v\u00e4ltimiseks vaja ohutusmeetmeid, n\u00e4iteks kaitsevarustuse kandmist ja \u00f5igete t\u00f6\u00f6protseduuride j\u00e4rgimist. Keskkonnakaalutlused, n\u00e4iteks kasutatud h\u00fcdraulika\u00f5li n\u00f5uetekohane utiliseerimine, on keskkonnareostuse v\u00e4ltimiseks olulised.<\/p>\n<h2>Levinumad vead ja t\u00f5rkeotsing<\/h2>\n<p>Doosani suure ekskavaatori DH300LC kopasilindri levinud rikked on leke, madal r\u00f5hk ja aeglane t\u00f6\u00f6. J\u00e4rgnevalt on toodud n\u00e4pun\u00e4ited probleemide diagnoosimiseks ja lahendamiseks:<\/p>\n<ul>\n<li>Leke: Kontrollige tihendeid ja vajadusel vahetage need v\u00e4lja. <\/li>\n<li>Madal r\u00f5hk: kontrollige h\u00fcdraulikas\u00fcsteemi ja silindrit lekete v\u00f5i ummistuste suhtes. <\/li>\n<li>Aeglane t\u00f6\u00f6: kontrollige h\u00fcdraulikaventiili ja h\u00fcdraulika\u00f5li voolukiirust. <\/li>\n<\/ul>\n<p>Ennetavad meetmed, nagu regulaarne hooldus ja \u00fclevaatus, aitavad potentsiaalseid probleeme minimeerida.<\/p>\n<p><img decoding=\"async\" src=\"https:\/\/www.hydraulic-cylinders.net\/wp-content\/uploads\/2025\/01\/songte-bushings-with-all-kinds-of-excavator-models.webp\" alt=\"Kopa silinder Doosan suurele ekskavaatorile DH300LC\"><\/p>\n<h2>Meie ettev\u00f5ttest<\/h2>\n<p>Oleme h\u00fcdrosilindrite tootja, mis on spetsialiseerunud h\u00fcdrosilindrite asendamisele. Meie ettev\u00f5te pakub t\u00e4ielikku tootevalikut ja on saanud \u00fcheks juhtivaks h\u00fcdrosilindrite tootjaks ja hulgim\u00fc\u00fcjaks nii sise- kui ka rahvusvahelistel turgudel. J\u00e4rgime suurep\u00e4rase kvaliteedi p\u00f5him\u00f5tet, tugineme peentootmist\u00f6\u00f6koja industrialiseeritud tootmisjuhtimise strateegiale ning t\u00e4iustame pidevalt t\u00f6\u00f6koja tootmisplatvormi tehnoloogilise talendi, digitaalsete tipptasemel tootmisseadmete ja professionaalsete testimiss\u00fcsteemide rakendamise kaudu. Meil \u200b\u200bon tugev loominguline v\u00f5imekus ja suudame pakkuda klientidele t\u00f5husaid, \u00fclit\u00e4pseid ja kvaliteetseid tooteid, mis vastavad mitmekesistele vajadustele.<\/p>\n<h3>Professionaalsus<\/h3>\n<p>Meil on professionaalide meeskond, kes on p\u00fchendunud klientidele kvaliteetsete toodete ja teenuste pakkumisele.<\/p>\n<h3>Rahvusvaheline sertifitseerimine<\/h3>\n<p>Meie ettev\u00f5te on saanud rahvusvahelise sertifikaadi, mis tagab toote kvaliteedi.<\/p>\n<h3>Kohandamise teenused<\/h3>\n<p>We offer customization services to meet customers&#8217; unique needs.<\/p>\n<h3>Tootmisseadmed<\/h3>\n<p>Meil on t\u00e4iustatud tootmisseadmed, et tagada toote kvaliteet ja t\u00f5husus.<\/p>\n<h3>M\u00fc\u00fcgij\u00e4rgne teenindus<\/h3>\n<p>Pakume klientide rahulolu tagamiseks igak\u00fclgset m\u00fc\u00fcgij\u00e4rgset teenindust.<\/p>\n<p><img decoding=\"async\" src=\"https:\/\/hzpt.com\/wp-content\/uploads\/2024\/11\/songte-company-1.webp\" alt=\"Kopa silinder Doosan suurele ekskavaatorile DH300LC\"><\/p>\n<p>Autor: lyl<\/p>","protected":false},"excerpt":{"rendered":"<p>Bucket Cylinder For Doosan Large Excavator DH300LC Introduction The Bucket Cylinder for Doosan Large Excavator DH300LC is a specially designed hydraulic cylinder used to control the movement of the bucket in heavy machinery such as excavators, backhoe excavators, and front-end loaders. Its main function is to enable the bucket to lift, lower, and tilt, making [&hellip;]<\/p>","protected":false},"featured_media":14787,"comment_status":"open","ping_status":"closed","template":"","meta":{"_et_pb_use_builder":"","_et_pb_old_content":"","_et_gb_content_width":""},"product_brand":[],"product_cat":[1494],"product_tag":[1495,1496],"class_list":{"0":"post-15299","1":"product","2":"type-product","3":"status-publish","4":"has-post-thumbnail","6":"product_cat-bucket-cylinders","7":"product_tag-bucket-cylinders","8":"product_tag-hydraulic-cylinders","10":"first","11":"instock","12":"shipping-taxable","13":"product-type-simple"},"amp_enabled":true,"_links":{"self":[{"href":"https:\/\/www.hydraulic-cylinders.net\/et\/wp-json\/wp\/v2\/product\/15299","targetHints":{"allow":["GET"]}}],"collection":[{"href":"https:\/\/www.hydraulic-cylinders.net\/et\/wp-json\/wp\/v2\/product"}],"about":[{"href":"https:\/\/www.hydraulic-cylinders.net\/et\/wp-json\/wp\/v2\/types\/product"}],"replies":[{"embeddable":true,"href":"https:\/\/www.hydraulic-cylinders.net\/et\/wp-json\/wp\/v2\/comments?post=15299"}],"wp:featuredmedia":[{"embeddable":true,"href":"https:\/\/www.hydraulic-cylinders.net\/et\/wp-json\/wp\/v2\/media\/14787"}],"wp:attachment":[{"href":"https:\/\/www.hydraulic-cylinders.net\/et\/wp-json\/wp\/v2\/media?parent=15299"}],"wp:term":[{"taxonomy":"product_brand","embeddable":true,"href":"https:\/\/www.hydraulic-cylinders.net\/et\/wp-json\/wp\/v2\/product_brand?post=15299"},{"taxonomy":"product_cat","embeddable":true,"href":"https:\/\/www.hydraulic-cylinders.net\/et\/wp-json\/wp\/v2\/product_cat?post=15299"},{"taxonomy":"product_tag","embeddable":true,"href":"https:\/\/www.hydraulic-cylinders.net\/et\/wp-json\/wp\/v2\/product_tag?post=15299"}],"curies":[{"name":"wp","href":"https:\/\/api.w.org\/{rel}","templated":true}]}}