{"id":15301,"date":"2025-01-19T14:21:30","date_gmt":"2025-01-19T14:21:30","guid":{"rendered":"https:\/\/www.hydraulic-cylinders.net\/product\/bucket-cylinder-for-doosan-large-excavator-dh500lc-7\/"},"modified":"2025-01-19T14:21:32","modified_gmt":"2025-01-19T14:21:32","slug":"bucket-cylinder-for-doosan-large-excavator-dh500lc-7","status":"publish","type":"product","link":"https:\/\/www.hydraulic-cylinders.net\/et\/toode\/bucket-cylinder-for-doosan-large-excavator-dh500lc-7\/","title":{"rendered":"Kopa silinder Doosan suurele ekskavaatorile DH500LC-7"},"content":{"rendered":"<h1>Kopa silinder Doosan suurele ekskavaatorile DH500LC-7<\/h1>\n<h2>Sissejuhatus<\/h2>\n<p>Kopa silinder on spetsiaalselt konstrueeritud h\u00fcdrauliline silinder, mida kasutatakse kopa liikumise juhtimiseks rasketes masinates, n\u00e4iteks ekskavaatorites, laadur-ekskavaatorites ja esilaadurites. Selle peamine \u00fclesanne on v\u00f5imaldada kopa t\u00f5stmist, langetamist ja kallutamist, muutes mitmesuguste materjalik\u00e4itlust\u00f6\u00f6de tegemise lihtsamaks. H\u00fcdraulilises s\u00fcsteemis saavutab kopa silinder kopa t\u00e4pse juhtimise, kasutades \u00e4ra h\u00fcdraulika\u00f5li r\u00f5humuutusi, v\u00f5imaldades operaatoritel t\u00f5husalt k\u00e4sitseda raskeid koormaid ning kohaneda keerukate t\u00f6\u00f6keskkondade ja mitmekesiste t\u00f6\u00f6n\u00f5uetega.<\/p>\n<p><img decoding=\"async\" src=\"https:\/\/www.hydraulic-cylinders.net\/wp-content\/uploads\/2025\/01\/songte-company-2.webp\" alt=\"\u00c4mbri silindri pilt\"><\/p>\n<h2>Omadused<\/h2>\n<ul>\n<li>Suur tugevus ja vastupidavus: Tavaliselt valmistatud \u00fclitugevast terasest v\u00f5i alumiiniumist, talub k\u00f5rget r\u00f5hku ja suuri koormusi, sobib karmidesse t\u00f6\u00f6keskkondadesse, on konstrueeritud kulumiskindlust ja korrosioonikindlust silmas pidades, et pikendada kasutusiga.<\/li>\n<li>T\u00f5hus h\u00fcdrauliline t\u00f6\u00f6: Kasutab h\u00fcdraulika\u00f5li r\u00f5hku sujuvate pikendus- ja tagasit\u00f5mbamisliigutuste saavutamiseks, reageerib kiiresti juhtimisk\u00e4sklustele, pakub tugevaid t\u00f5uke- ja t\u00f5mbej\u00f5ude, sobib raskete koormate ja keerukate t\u00f6\u00f6\u00fclesannete k\u00e4sitsemiseks.<\/li>\n<li>Mitmek\u00fclgsed t\u00fc\u00fcbid: Saadaval \u00fchetoimeliste (h\u00fcdrauliline ainult \u00fches suunas) v\u00f5i kahetoimeliste (h\u00fcdrauliline m\u00f5lemas suunas) silindritega, et rahuldada erinevaid t\u00f6\u00f6vajadusi. Teatud mudelid on teleskoopilised, v\u00f5imaldades suuremat ulatust ilma v\u00e4lism\u00f5\u00f5tmeid suurendamata, sobides ruumikitsastes rakendustes.<\/li>\n<li>T\u00e4iuslik asendus: Meie tooted suudavad neid h\u00fcdrosilindreid ideaalselt asendada.<\/li>\n<\/ul>\n<p><img decoding=\"async\" src=\"https:\/\/www.hydraulic-cylinders.net\/wp-content\/uploads\/2025\/01\/songte-cylinder-head-with-all-kinds-excavator-models.webp\" alt=\"Asendussilindri pilt\"><\/p>\n<h2>Rakendused<\/h2>\n<p>Kopasilindrit kasutatakse erinevates seadmetes:<\/p>\n<ul>\n<li>Ehitusmasinad: Ekskavaatorites on need olulised kaevamiseks, laadimiseks ja pinnase v\u00f5i prahi teisaldamiseks. Ekskavaator-laadurites aitab kopa silinder nii kaevamisel kui ka t\u00f5stmisel.<\/li>\n<li>P\u00f5llumajandusmasinad: Kasutatakse esilaadurites mulla, heina ja muude materjalide k\u00fchveldamiseks, t\u00f5stmiseks ja transportimiseks.<\/li>\n<li>Ekskavaatorid: Kopa silinder v\u00f5imaldab kaevamist, lastes kopal pinnasesse tungida.<\/li>\n<li>Laadurid: Esilaadurites aitavad need kaupu t\u00f5husalt t\u00f5sta ja maha visata.<\/li>\n<\/ul>\n<h2>Projekteerimiskaalutlused ja valikukriteeriumid<\/h2>\n<p>Kopasilindri projekteerimisel v\u00f5etakse arvesse mitmesuguseid tegureid ja valikukriteeriume:<\/p>\n<ul>\n<li>Kandev\u00f5ime: Silindri konstruktsioon peaks tagama piisava tugevuse, et taluda eeldatavaid koormusi ja j\u00f5ude.<\/li>\n<li>Tihendusv\u00f5ime: Kasutades mitmesuguseid tihenduskomponente, n\u00e4iteks kolvitihendeid ja vardatihendeid, mis on valmistatud kulumiskindlatest materjalidest nagu pol\u00fcuretaan ja nitriilkummi, saavutab silinder t\u00f5husa tihenduse, et v\u00e4ltida lekkeid ja s\u00e4ilitada j\u00f5udlus.<\/li>\n<li>Vastupidavus: Silindri korpus ja keermestatud otsapind on l\u00e4binud peene t\u00f6\u00f6tluse, et suurendada kulumiskindlust. See tagab silindri pikaealisuse ja vastupidavuse n\u00f5udlikes tingimustes.<\/li>\n<li>Ohutus: Projekteerimisel tuleks seada esikohale ohutusfunktsioonid, et v\u00e4ltida \u00f5nnetusi ja tagada operaatori kaitse t\u00f6\u00f6 ajal.<\/li>\n<li>Hooldatavus: kaalutlused h\u00f5lpsa hoolduse ja remondi tagamiseks, mis v\u00f5imaldab t\u00f5husat hooldust ja seisakuaja minimeerimist.<\/li>\n<\/ul>\n<p><img decoding=\"async\" src=\"https:\/\/www.hydraulic-cylinders.net\/wp-content\/uploads\/2025\/01\/songte-oil-pipes-and-spare-parts.webp\" alt=\"Silindri osade pilt\"><\/p>\n<h2>Tihendus ja m\u00e4\u00e4rimine<\/h2>\n<p>Kopasilindris kasutatakse mitmesuguseid tihenduskomponente, n\u00e4iteks kolvitihendeid ja vardatihendeid, mis on valmistatud kulumiskindlatest materjalidest, nagu pol\u00fcuretaan ja nitriilkummi. Silindri korpus ja keermestatud otsapind l\u00e4bivad kulumiskindluse suurendamiseks peene t\u00f6\u00f6tluse. Sujuva t\u00f6\u00f6 s\u00e4ilitamiseks ja liikuvate osade m\u00e4\u00e4rimiseks on vajalik regulaarne m\u00e4\u00e4rimine sobiva h\u00fcdraulika\u00f5liga.<\/p>\n<h2>Regulaarne kontroll ja ennetav hooldus<\/h2>\n<p>Optimaalse j\u00f5udluse ja pikaealisuse tagamiseks tuleks regulaarselt kontrollida ja ennetavalt hooldada:<\/p>\n<ul>\n<li>Kontrollige silindrit kulumise, kahjustuste v\u00f5i lekete suhtes.<\/li>\n<li>Sujuva t\u00f6\u00f6 tagamiseks m\u00e4\u00e4rige silindrit korralikult.<\/li>\n<li>Tihendust\u00f5hususe s\u00e4ilitamiseks vahetage kulunud v\u00f5i kahjustatud tihendeid regulaarselt.<\/li>\n<li>Tehke kalibreerimiskontroll, et veenduda silindri t\u00f6\u00f6tamises etten\u00e4htud parameetrite piires.<\/li>\n<\/ul>\n<p><img decoding=\"async\" src=\"https:\/\/www.hydraulic-cylinders.net\/wp-content\/uploads\/2025\/01\/songte-chushion-collar.webp\" alt=\"Hoolduspilt\"><\/p>\n<h2>Ohutuskaalutlused ja keskkonnategurid<\/h2>\n<p>Kopasilindrite kasutamisel on oluline seada esikohale ohutusmeetmed, et v\u00e4ltida \u00f5nnetusi ja tagada operaatori kaitse. Lisaks tuleks arvestada keskkonnateguritega, et minimeerida m\u00f5ju \u00fcmbrusele ja j\u00e4rgida keskkonnaeeskirju.<\/p>\n<h2>Veaotsing ja levinud probleemid<\/h2>\n<p>Mis tahes probleemide korral on oluline need t\u00f5husalt diagnoosida ja lahendada. Siin on m\u00f5ned t\u00f5rkeotsingu n\u00e4pun\u00e4ited ja lahendused:<\/p>\n<ul>\n<li>Probleem: Silinder ei ulatu korralikult v\u00e4lja ega t\u00f5mbu tagasi.<br \/>\n    <br \/>Lahendus: Kontrollige h\u00fcdraulika\u00f5li taset ja r\u00f5hku, kontrollige tihendeid kahjustuste suhtes ja veenduge, et m\u00e4\u00e4rimine oleks \u00f5ige.<\/li>\n<li>Probleem: Leke silindrist.<br \/>\n    <br \/>Lahendus: Kontrollige ja vahetage kahjustatud tihendid v\u00e4lja, pingutage \u00fchendusi ja veenduge, et need oleksid korralikult tihendatud.<\/li>\n<li>Probleem: Silindri ebakorrap\u00e4rane v\u00f5i t\u00f5mblev liikumine.<br \/>\n    <br \/>Lahendus: Kontrollige h\u00fcdraulikavedeliku saastumist, kahjustatud komponente ja veenduge, et m\u00e4\u00e4rimine oleks \u00f5ige.<\/li>\n<\/ul>\n<p><img decoding=\"async\" src=\"https:\/\/www.hydraulic-cylinders.net\/wp-content\/uploads\/2025\/01\/songte-bushings-with-all-kinds-of-excavator-models.webp\" alt=\"Pildi t\u00f5rkeotsing\"><\/p>\n<p>Pea meeles, et artikkel tuleks loogiliselt \u00fcles ehitada, navigeerimise h\u00f5lbustamiseks kasutada alapealkirju, paremaks arusaamiseks lisada asjakohaseid pilte v\u00f5i diagramme ning veenduda, et sisu oleks selge, kokkuv\u00f5tlik ja sobiv erineva tehnilise teadmisega lugejatele.<\/p>\n<h2>Meie ettev\u00f5ttest<\/h2>\n<p>Oleme asendush\u00fcdrauliliste silindrite tootja, pakkudes laia tootevalikut. Olles \u00fcks juhtivaid h\u00fcdrauliliste silindrite tootjaid ja hulgim\u00fc\u00fcjaid nii sise- kui ka rahvusvahelisel turul, j\u00e4rgime tipptaseme p\u00f5him\u00f5tteid ja tugineme oma t\u00e4iustatud tootmist\u00f6\u00f6kodades industrialiseeritud tootmise juhtimisstrateegiatele. Keskendudes tehnoloogilistele annetele, tipptasemel digitaalsetele tootmisseadmetele ja professionaalsetele testimiss\u00fcsteemidele, t\u00e4iustame pidevalt oma tootmisplatvormi, t\u00e4iustame tootekvaliteedi tootmisprotsessi ja omame tugevaid uuenduslikke v\u00f5imeid. Meie eesm\u00e4rk on rahuldada klientide erinevaid vajadusi suure efektiivsuse, t\u00e4psuse ja kvaliteediga.<\/p>\n<p><img decoding=\"async\" src=\"https:\/\/www.hydraulic-cylinders.net\/wp-content\/uploads\/2025\/01\/songte-company-3.webp\" alt=\"Ettev\u00f5tte kuvand\"><\/p>\n<p>Lisaks oleme uhked j\u00e4rgmise \u00fcle:<\/p>\n<ul>\n<li>Professionaalsus<\/li>\n<li>Rahvusvahelised sertifikaadid<\/li>\n<li>Kohandamise teenused<\/li>\n<li>T\u00e4iustatud tootmisseadmed<\/li>\n<li>M\u00fc\u00fcgij\u00e4rgne teenindus<\/li>\n<\/ul>\n<p>Autor: lyl<\/p>","protected":false},"excerpt":{"rendered":"<p>Bucket Cylinder For Doosan Large Excavator DH500LC-7 Introduction A bucket cylinder is a specially designed hydraulic cylinder used to control the movement of the bucket in heavy machinery, such as excavators, backhoe loaders, and front loaders. Its main function is to enable the lifting, lowering, and tilting of the bucket, making it easier to handle [&hellip;]<\/p>","protected":false},"featured_media":14784,"comment_status":"open","ping_status":"closed","template":"","meta":{"_et_pb_use_builder":"","_et_pb_old_content":"","_et_gb_content_width":""},"product_brand":[],"product_cat":[1494],"product_tag":[1495,1496],"class_list":{"0":"post-15301","1":"product","2":"type-product","3":"status-publish","4":"has-post-thumbnail","6":"product_cat-bucket-cylinders","7":"product_tag-bucket-cylinders","8":"product_tag-hydraulic-cylinders","10":"first","11":"instock","12":"shipping-taxable","13":"product-type-simple"},"amp_enabled":true,"_links":{"self":[{"href":"https:\/\/www.hydraulic-cylinders.net\/et\/wp-json\/wp\/v2\/product\/15301","targetHints":{"allow":["GET"]}}],"collection":[{"href":"https:\/\/www.hydraulic-cylinders.net\/et\/wp-json\/wp\/v2\/product"}],"about":[{"href":"https:\/\/www.hydraulic-cylinders.net\/et\/wp-json\/wp\/v2\/types\/product"}],"replies":[{"embeddable":true,"href":"https:\/\/www.hydraulic-cylinders.net\/et\/wp-json\/wp\/v2\/comments?post=15301"}],"wp:featuredmedia":[{"embeddable":true,"href":"https:\/\/www.hydraulic-cylinders.net\/et\/wp-json\/wp\/v2\/media\/14784"}],"wp:attachment":[{"href":"https:\/\/www.hydraulic-cylinders.net\/et\/wp-json\/wp\/v2\/media?parent=15301"}],"wp:term":[{"taxonomy":"product_brand","embeddable":true,"href":"https:\/\/www.hydraulic-cylinders.net\/et\/wp-json\/wp\/v2\/product_brand?post=15301"},{"taxonomy":"product_cat","embeddable":true,"href":"https:\/\/www.hydraulic-cylinders.net\/et\/wp-json\/wp\/v2\/product_cat?post=15301"},{"taxonomy":"product_tag","embeddable":true,"href":"https:\/\/www.hydraulic-cylinders.net\/et\/wp-json\/wp\/v2\/product_tag?post=15301"}],"curies":[{"name":"wp","href":"https:\/\/api.w.org\/{rel}","templated":true}]}}