{"id":15302,"date":"2025-01-19T14:21:34","date_gmt":"2025-01-19T14:21:34","guid":{"rendered":"https:\/\/www.hydraulic-cylinders.net\/product\/bucket-cylinder-for-doosan-large-excavator-dx500lc-g\/"},"modified":"2025-01-19T14:21:36","modified_gmt":"2025-01-19T14:21:36","slug":"bucket-cylinder-for-doosan-large-excavator-dx500lc-g","status":"publish","type":"product","link":"https:\/\/www.hydraulic-cylinders.net\/et\/toode\/bucket-cylinder-for-doosan-large-excavator-dx500lc-g\/","title":{"rendered":"Kopa silinder Doosan suurele ekskavaatorile DX500LC-G"},"content":{"rendered":"<h1>Kopa silinder Doosan suurele ekskavaatorile DX500LC-G<\/h1>\n<h2>Sissejuhatus<\/h2>\n<p>Doosani suure ekskavaatori DX500LC-G kopa silinder on spetsiaalselt loodud h\u00fcdrauliline silinder, mis juhib kopa liikumist rasketes masinates, n\u00e4iteks ekskavaatorites, laadur-ekskavaatorites ja esilaadurites. Selle peamine \u00fclesanne on kopa t\u00f5stmine, langetamine ja kallutamine, mis lihtsustab mitmesuguste materjalik\u00e4itlust\u00f6\u00f6de tegemist. H\u00fcdraulikas\u00fcsteemis kasutab kopa silinder kopa t\u00e4pseks juhtimiseks h\u00fcdraulika\u00f5li r\u00f5humuutust, v\u00f5imaldades operaatoritel raskeid koormaid t\u00f5husalt k\u00e4sitseda ning kohaneda keerukate t\u00f6\u00f6keskkondade ja mitmekesiste t\u00f6\u00f6vajadustega.<\/p>\n<p><img decoding=\"async\" src=\"https:\/\/www.hydraulic-cylinders.net\/wp-content\/uploads\/2025\/01\/songte-company-2.webp\" alt=\"Kopa silinder Doosan suurele ekskavaatorile DX500LC-G\"><\/p>\n<h2>Omadused<\/h2>\n<ul>\n<li>Suur tugevus ja vastupidavus: Tavaliselt valmistatud \u00fclitugevast terasest v\u00f5i alumiiniumist, see talub k\u00f5rget r\u00f5hku ja suuri koormusi, kohaneb karmide t\u00f6\u00f6keskkondadega ning on konstrueeritud kulumiskindlust ja korrosioonikindlust silmas pidades, et pikendada kasutusiga.<\/li>\n<li>T\u00f5hus h\u00fcdrauliline t\u00f6\u00f6: Sujuv paisumine ja kokkut\u00f5mbumine saavutatakse h\u00fcdraulilise \u00f5lir\u00f5hu abil, mis reageerib kiiresti juhtimisk\u00e4sklustele, pakub v\u00f5imsat t\u00f5uke- ja t\u00f5mbej\u00f5udu ning sobib raskete koormate ja keerukate t\u00f6\u00f6\u00fclesannete k\u00e4sitsemiseks.<\/li>\n<li>Erinevad t\u00fc\u00fcbid: vastavalt vajadusele saab valida \u00fchetoimelisi (h\u00fcdraulika t\u00f6\u00f6tab ainult \u00fches suunas) v\u00f5i kahetoimelisi (h\u00fcdraulika t\u00f6\u00f6tab m\u00f5lemas suunas) silindreid, et rahuldada erinevaid t\u00f6\u00f6vajadusi. M\u00f5ned mudelid on teleskoopilised, mis v\u00f5imaldab suuremat pikendamist ilma v\u00e4lism\u00f5\u00f5tmeid suurendamata, mist\u00f5ttu sobivad need piiratud ruumiga rakenduste jaoks.<\/li>\n<li>Vahetatav teiste h\u00fcdrauliliste silindritega: Meie toode on ideaalne asendus teistele sama t\u00fc\u00fcpi ja spetsifikatsiooniga h\u00fcdraulilistele silindritele.<\/li>\n<li>Kohandamine: Pakume mitmesuguseid kohandamisv\u00f5imalusi erinevate t\u00f6\u00f6keskkondade ja n\u00f5uete jaoks.<\/li>\n<\/ul>\n<p><img decoding=\"async\" src=\"https:\/\/www.hydraulic-cylinders.net\/wp-content\/uploads\/2025\/01\/songte-cylinder-head-with-all-kinds-excavator-models.webp\" alt=\"Kopa silinder Doosan suurele ekskavaatorile DX500LC-G\"><\/p>\n<h2>Rakendused<\/h2>\n<p>Doosani suure ekskavaatori DX500LC-G kopasilindrit kasutatakse laialdaselt erinevates rasketehnika masinates, n\u00e4iteks:<\/p>\n<ul>\n<li>Ehitustehnika: Ekskavaatorites on need h\u00e4davajalikud kaevamiseks, laadimiseks ja pinnase v\u00f5i prahi teisaldamiseks. Ekskavaator-laadurites aitab kopa silinder kaevamisel ja t\u00f5stmisel.<\/li>\n<li>P\u00f5llumajandusmasinad: Kasutatakse esilaadurites mulla, heina ja muude materjalide k\u00fchveldamiseks, t\u00f5stmiseks ja transportimiseks.<\/li>\n<li>Ekskavaatorid: Kopa silinder v\u00f5imaldab kopal pinnasesse tungida ja kaevamistoiminguid teha.<\/li>\n<li>Laadurid: Esilaadurites aitavad need kaupu t\u00f5husalt t\u00f5sta ja kallutada.<\/li>\n<\/ul>\n<h2>Projekteerimiskaalutlused ja valikukriteeriumid<\/h2>\n<p>Doosani suure ekskavaatori DX500LC-G kopasilindri projekteerimisel arvestatakse mitmete v\u00f5tmeteguritega, n\u00e4iteks:<\/p>\n<ul>\n<li>Kandev\u00f5ime: Silinder on konstrueeritud taluma k\u00f5rget r\u00f5hku ja suuri koormusi.<\/li>\n<li>Tihendus: H\u00fcdraulikavedeliku lekke v\u00e4ltimiseks kasutatakse mitmesuguseid tihenduskomponente, n\u00e4iteks kolvitihendeid ja varrastihendeid.<\/li>\n<li>Vastupidavus: Silinder on konstrueeritud kulumiskindlust ja korrosioonikindlust silmas pidades, et pikendada selle kasutusiga. Silindri korpus ja keermestatud otsapind on peenelt t\u00f6\u00f6deldud, et parandada kulumiskindlust.<\/li>\n<li>Ohutus: Silinder on konstrueeritud ohutusteguritega, et tagada ohutu t\u00f6\u00f6.<\/li>\n<li>Hooldatavus: Silinder on konstrueeritud nii, et seda oleks lihtne parandada ja hooldada.<\/li>\n<\/ul>\n<p><img decoding=\"async\" src=\"https:\/\/www.hydraulic-cylinders.net\/wp-content\/uploads\/2025\/01\/songte-oil-pipes-and-spare-parts.webp\" alt=\"Kopa silinder Doosan suurele ekskavaatorile DX500LC-G\"><\/p>\n<h2>Tihendus ja m\u00e4\u00e4rimine<\/h2>\n<p>Doosani suure ekskavaatori DX500LC-G kopasilindris kasutatakse h\u00fcdraulika\u00f5li lekke v\u00e4ltimiseks mitmesuguseid tihenduskomponente, n\u00e4iteks kolvitihendeid ja vardatihendeid. Tihendid on valmistatud kulumiskindlatest materjalidest, nagu pol\u00fcuretaan ja nitriilkummi. Silindri korpus ja keermestatud otsapind on peenelt t\u00f6\u00f6deldud, et parandada kulumiskindlust. Sujuva t\u00f6\u00f6 tagamiseks ning rooste ja kulumise v\u00e4ltimiseks on vaja regulaarset m\u00e4\u00e4rimist sobiva koguse h\u00fcdraulika\u00f5liga.<\/p>\n<h2>Hooldus ja remont<\/h2>\n<p>Doosani suure ekskavaatori DX500LC-G kopasilindri optimaalse j\u00f5udluse ja kasutusea tagamiseks on vaja regulaarset kontrolli ja ennetavat hooldust. Levinud hooldust\u00f6\u00f6d h\u00f5lmavad j\u00e4rgmist:<\/p>\n<ul>\n<li>Silindri korpuse ja tihenduskomponentide regulaarne kontroll<\/li>\n<li>Silindri regulaarne m\u00e4\u00e4rimine<\/li>\n<li>Tihenduskomponentide vahetamine<\/li>\n<li>Kalibreerimiskontrollid<\/li>\n<\/ul>\n<p><img decoding=\"async\" src=\"https:\/\/www.hydraulic-cylinders.net\/wp-content\/uploads\/2025\/01\/songte-chushion-collar.webp\" alt=\"Kopa silinder Doosan suurele ekskavaatorile DX500LC-G\"><\/p>\n<h2>Ohutuskaalutlused ja keskkonnategurid<\/h2>\n<p>Doosani suure ekskavaatori DX500LC-G kopasilindri kasutamisel on oluline j\u00e4rgida n\u00f5uetekohaseid ohutusprotseduure, et v\u00e4ltida vigastusi v\u00f5i seadmete kahjustumist. Optimaalse j\u00f5udluse tagamiseks ja silindri kahjustamise v\u00e4ltimiseks tuleks arvestada ka keskkonnateguritega, nagu temperatuur ja niiskus.<\/p>\n<h2>Veaotsing ja levinud probleemid<\/h2>\n<p>M\u00f5ned Doosani suure ekskavaatori DX500LC-G kopasilindriga seotud levinud probleemid h\u00f5lmavad h\u00fcdraulika\u00f5li leket, ebapiisavat t\u00f5stej\u00f5udu ja aeglast reageerimisaega. N\u00f5uetekohane t\u00f5rkeotsing ja ennetavad meetmed aitavad neid probleeme tuvastada ja ennetada.<\/p>\n<h2>Meie ettev\u00f5ttest<\/h2>\n<p>Oleme juhtiv h\u00fcdrosilindrite tootja ja hulgim\u00fc\u00fcja, pakkudes laia tootevalikut erinevatele t\u00f6\u00f6stusharudele. P\u00fc\u00fcdleme tipptasemel kvaliteedi poole ja tugineme oma t\u00e4iustatud tootmist\u00f6\u00f6kojas industrialiseeritud tootmise juhtimisstrateegiatele. T\u00e4iustame pidevalt oma tootmisplatvormi ja t\u00e4iustame oma tootekvaliteedi tootmisliini andekate tehnoloogiainimeste, digitaalsete tipptasemel tootmisseadmete ja professionaalsete testimiss\u00fcsteemide abil. Meie p\u00fchendumus k\u00f5rgele efektiivsusele, suurele t\u00e4psusele ja k\u00f5rgele kvaliteedile v\u00f5imaldab meil rahuldada oma klientide mitmekesiseid vajadusi.<\/p>\n<p><img decoding=\"async\" src=\"https:\/\/hzpt.com\/wp-content\/uploads\/2024\/11\/songte-company-1.webp\" alt=\"Kopa silinder Doosan suurele ekskavaatorile DX500LC-G\"><\/p>\n<h3>Professionaalsus<\/h3>\n<p>Meil on kogenud spetsialistide meeskond, kes on p\u00fchendunud parimate toodete ja teenuste pakkumisele meie klientidele.<\/p>\n<h3>Rahvusvahelised sertifikaadid<\/h3>\n<p>Meie tooted on sertifitseeritud rahvusvaheliste organisatsioonide poolt kvaliteedi ja ohutuse tagamiseks.<\/p>\n<h3>Kohandamise teenused<\/h3>\n<p>Pakume erinevaid kohandamisv\u00f5imalusi, et rahuldada oma klientide ainulaadseid vajadusi.<\/p>\n<h3>Tootmisseadmed<\/h3>\n<p>Kasutame t\u00e4iustatud tootmisseadmeid, et tagada meie toodete k\u00f5rge kvaliteet.<\/p>\n<h3>M\u00fc\u00fcgij\u00e4rgne teenindus<\/h3>\n<p>Pakume klientide rahulolu tagamiseks igak\u00fclgset m\u00fc\u00fcgij\u00e4rgset teenindust.<\/p>\n<h4>Autor: lyl<\/h4>","protected":false},"excerpt":{"rendered":"<p>Bucket Cylinder For Doosan Large Excavator DX500LC-G Introduction The bucket cylinder for Doosan large excavator DX500LC-G is a specially designed hydraulic cylinder that controls the movement of the bucket in heavy machinery such as excavators, backhoe loaders, and front-end loaders. Its main function is to lift, lower, and tilt the bucket, making it easier to [&hellip;]<\/p>","protected":false},"featured_media":14782,"comment_status":"open","ping_status":"closed","template":"","meta":{"_et_pb_use_builder":"","_et_pb_old_content":"","_et_gb_content_width":""},"product_brand":[],"product_cat":[1494],"product_tag":[1495,1496],"class_list":{"0":"post-15302","1":"product","2":"type-product","3":"status-publish","4":"has-post-thumbnail","6":"product_cat-bucket-cylinders","7":"product_tag-bucket-cylinders","8":"product_tag-hydraulic-cylinders","10":"first","11":"instock","12":"shipping-taxable","13":"product-type-simple"},"amp_enabled":true,"_links":{"self":[{"href":"https:\/\/www.hydraulic-cylinders.net\/et\/wp-json\/wp\/v2\/product\/15302","targetHints":{"allow":["GET"]}}],"collection":[{"href":"https:\/\/www.hydraulic-cylinders.net\/et\/wp-json\/wp\/v2\/product"}],"about":[{"href":"https:\/\/www.hydraulic-cylinders.net\/et\/wp-json\/wp\/v2\/types\/product"}],"replies":[{"embeddable":true,"href":"https:\/\/www.hydraulic-cylinders.net\/et\/wp-json\/wp\/v2\/comments?post=15302"}],"wp:featuredmedia":[{"embeddable":true,"href":"https:\/\/www.hydraulic-cylinders.net\/et\/wp-json\/wp\/v2\/media\/14782"}],"wp:attachment":[{"href":"https:\/\/www.hydraulic-cylinders.net\/et\/wp-json\/wp\/v2\/media?parent=15302"}],"wp:term":[{"taxonomy":"product_brand","embeddable":true,"href":"https:\/\/www.hydraulic-cylinders.net\/et\/wp-json\/wp\/v2\/product_brand?post=15302"},{"taxonomy":"product_cat","embeddable":true,"href":"https:\/\/www.hydraulic-cylinders.net\/et\/wp-json\/wp\/v2\/product_cat?post=15302"},{"taxonomy":"product_tag","embeddable":true,"href":"https:\/\/www.hydraulic-cylinders.net\/et\/wp-json\/wp\/v2\/product_tag?post=15302"}],"curies":[{"name":"wp","href":"https:\/\/api.w.org\/{rel}","templated":true}]}}