{"id":15309,"date":"2025-01-19T14:22:01","date_gmt":"2025-01-19T14:22:01","guid":{"rendered":"https:\/\/www.hydraulic-cylinders.net\/product\/bucket-cylinder-for-hyundai-small-excavator-r60-7-9\/"},"modified":"2025-01-19T14:22:09","modified_gmt":"2025-01-19T14:22:09","slug":"bucket-cylinder-for-hyundai-small-excavator-r60-7-9","status":"publish","type":"product","link":"https:\/\/www.hydraulic-cylinders.net\/et\/toode\/bucket-cylinder-for-hyundai-small-excavator-r60-7-9\/","title":{"rendered":"Kopa silinder Hyundai v\u00e4ikeekskavaatorile R60-7-9"},"content":{"rendered":"<h1>Kopa silinder Hyundai v\u00e4ikeekskavaatorile R60-7-9<\/h1>\n<h2>Sissejuhatus<\/h2>\n<h3>Kopa silindri m\u00e4\u00e4ratlemine<\/h3>\n<p>Kopa silinder on spetsiaalne h\u00fcdrauliline silinder, mis on loodud peamiselt kopa liikumise juhtimiseks rasketes masinates, n\u00e4iteks ekskavaatorites, laadurites ja esilaadurites. Selle peamine \u00fclesanne on v\u00f5imaldada kopal teostada t\u00f5stmist, langetamist ja kallutamist, muutes mitmesuguste materjalik\u00e4itlust\u00f6\u00f6de tegemise lihtsamaks. H\u00fcdraulilises s\u00fcsteemis saavutab kopa silinder kopa liikumise t\u00e4pse juhtimise h\u00fcdraulika\u00f5li r\u00f5hu muutuste kaudu, v\u00f5imaldades operaatoritel t\u00f5husalt k\u00e4sitseda raskeid koormaid, kohaneda keerukate t\u00f6\u00f6keskkondade ja mitmekesiste t\u00f6\u00f6vajadustega.<\/p>\n<p><img decoding=\"async\" src=\"https:\/\/www.hydraulic-cylinders.net\/wp-content\/uploads\/2025\/01\/songte-company-2.webp\" alt=\"\u00c4mbri silindri pilt\"><\/p>\n<h3>Kopasilindri omadused<\/h3>\n<ul>\n<li><strong>Suur tugevus ja vastupidavus:<\/strong> Tavaliselt valmistatud \u00fclitugevast terasest v\u00f5i alumiiniumist, talub see k\u00f5rget r\u00f5hku ja suuri koormusi, kohandudes karmide t\u00f6\u00f6tingimustega. Projekteerimisel on arvestatud kulumiskindluse ja korrosioonikindlusega, pikendades kasutusiga.<\/li>\n<li><strong>T\u00f5hus h\u00fcdrauliline t\u00f6\u00f6:<\/strong> Kasutades h\u00fcdraulika\u00f5li r\u00f5hku sujuva pikenemise ja tagasit\u00f5mbamise saavutamiseks, reageerib see juhtimisk\u00e4sklustele kiiresti, pakkudes v\u00f5imsat t\u00f5uke- ja t\u00f5mbej\u00f5udu, mis sobib raskete koormate ja keerukate t\u00f6\u00f6\u00fclesannete k\u00e4sitsemiseks.<\/li>\n<li><strong>Erinevad t\u00fc\u00fcbid:<\/strong> Erinevate t\u00f6\u00f6tingimuste rahuldamiseks saab valida \u00fchetoimelisi (h\u00fcdraulikat ainult \u00fches suunas) v\u00f5i kahetoimelisi (h\u00fcdraulikat m\u00f5lemas suunas) silindreid. M\u00f5ned mudelid on teleskoopilised, v\u00f5imaldades suuremat pikendamist ilma v\u00e4lism\u00f5\u00f5tmeid suurendamata, sobides piiratud ruumiga rakenduste jaoks.<\/li>\n<li><strong>Lihtne asendamine:<\/strong> Meie toode saab neid h\u00fcdrosilindreid ideaalselt asendada.<\/li>\n<\/ul>\n<p><img decoding=\"async\" src=\"https:\/\/www.hydraulic-cylinders.net\/wp-content\/uploads\/2025\/01\/songte-cylinder-head-with-all-kinds-excavator-models.webp\" alt=\"\u00c4mbri silindri asendamise pilt\"><\/p>\n<h3>Kopasilindri rakendused<\/h3>\n<p>Kopasilindril on lai valik rakendusi erinevates masinates, sealhulgas:<\/p>\n<ul>\n<li><strong>Ehitustehnika:<\/strong> Ekskavaatorites on need olulised kaevamiseks, laadimiseks ja pinnase v\u00f5i prahi teisaldamiseks. Ekskavaatoritel aitab kopa silinder nii kaevamisel kui ka t\u00f5stmisel. <\/li>\n<li><strong>P\u00f5llumajandusmasinad:<\/strong> Kasutatakse esilaadurites pinnase, heina ja muude materjalide kaevamiseks, t\u00f5stmiseks ja transportimiseks. <\/li>\n<li><strong>Ekskavaatorid:<\/strong> Kopa silinder saavutab kaevamisliigutused, v\u00f5imaldades kopal pinnasesse tungida. <\/li>\n<li><strong>Laadurid:<\/strong> Esilaadurites aitavad need kaupu t\u00f5husalt t\u00f5sta ja maha laadida. <\/li>\n<\/ul>\n<p>Vaatleme l\u00e4hemalt m\u00f5ningaid peamisi rakendusi:<\/p>\n<h4>Ehitustehnika<\/h4>\n<p>Ekskavaatorites on kopa silinder oluline kaevamiseks, laadimiseks ja pinnase v\u00f5i prahi teisaldamiseks. Kopa silinder aitab lisaks kaevamisele ka t\u00f5stmisele. Ekskavaatoritel kasutatakse kopa silindrit ekskavaatori kaevamiskopa juhtimiseks ja t\u00f5stmiseks.<\/p>\n<h4>P\u00f5llumajandustehnika<\/h4>\n<p>Kopa silindril on oluline roll erinevates p\u00f5llumajandusmasinates. Esilaadurites aitab silinder kaevata, t\u00f5sta ja transportida mulda, heina ja muid materjale. P\u00f5llumajanduslaadureid kasutatakse materjalide, n\u00e4iteks s\u00f5nniku, loomas\u00f6\u00f6da ja mulla transportimiseks taludes. <\/p>\n<h4>Ekskavaatorid<\/h4>\n<p>Ekskavaatorites v\u00f5imaldab kopa silinder kopal pinnasesse tungida ja seej\u00e4rel kasutatakse seda pinnase ja kivimaterjalide t\u00f5stmiseks. <\/p>\n<h4>Laadurid<\/h4>\n<p>Laadurites kasutatakse kopasilindrit kaupade t\u00f5husaks t\u00f5stmiseks ja t\u00fchjendamiseks. <\/p>\n<h3>Projekteerimiskaalutlused ja valikukriteeriumid<\/h3>\n<p>Kopasilindrid on rasketehnika oluline osa ning vajavad hoolikat kaalumist ja valimist. Kopasilindri valimisel tuleb arvesse v\u00f5tta selliseid tegureid nagu kandev\u00f5ime, tihendus, vastupidavus, ohutus ja hooldatavus. M\u00f5ned projekteerimiskaalutlused ja valikukriteeriumid on j\u00e4rgmised:<\/p>\n<ul>\n<li><strong>Kandev\u00f5ime:<\/strong> Kopasilindril peab olema sobiv kandev\u00f5ime vajalike koormate t\u00f5stmiseks ja teisaldamiseks. Silinder peaks olema konstrueeritud nii, et see taluks raskete koormate l\u00f6\u00f6ke ja pinget ning s\u00e4ilitaks t\u00f6\u00f6tamise ajal stabiilsuse.<\/li>\n<li><strong>Tihendus:<\/strong> Silinder tuleb lekete v\u00e4ltimiseks ja sujuva t\u00f6\u00f6 tagamiseks tihendada. Vastupidavuse s\u00e4ilitamiseks tuleb kasutada mitmesuguseid tihenduskomponente, n\u00e4iteks kolvitihendeid ja varrastihendeid, mis on valmistatud kulumiskindlatest materjalidest, n\u00e4iteks pol\u00fcuretaanist ja nitriilkummist. <\/li>\n<li><strong>Vastupidavus:<\/strong> Kopa silinder peab olema konstrueeritud vastu pidama rasketehnika karmidele t\u00f6\u00f6tingimustele. Silindri pinda tuleb t\u00f6\u00f6delda, et suurendada kulumiskindlust, korrosioonikindlust ja pikendada kasutusiga. <\/li>\n<li><strong>Ohutus:<\/strong> Kopasilindri valimisel on ohutuskaalutlused olulised tegurid. Balloon peab olema konstrueeritud nii, et oleks v\u00e4listatud \u00f5nnetused, n\u00e4iteks silindri ootamatu rike ja lekked, mis v\u00f5ivad operaatoritele kahju tekitada ja masinaid kahjustada. <\/li>\n<li><strong>Hooldatavus:<\/strong> Kopa silinder peaks olema konstrueeritud nii, et seda oleks lihtne hooldada. Silindri komponendid peaksid olema kergesti ligip\u00e4\u00e4setavad ja vahetatavad ning hooldusprotseduurid peaksid olema selgelt m\u00e4\u00e4ratletud. <\/li>\n<\/ul>\n<p><img decoding=\"async\" src=\"https:\/\/www.hydraulic-cylinders.net\/wp-content\/uploads\/2025\/01\/songte-oil-pipes-and-spare-parts.webp\" alt=\"\u00c4mbri silindri kujunduspilt\"><\/p>\n<h3>Kopa silindri tihendamine ja m\u00e4\u00e4rimine<\/h3>\n<p>Kopasilindri sujuva t\u00f6\u00f6 tagamiseks on tihendamine ja m\u00e4\u00e4rimine h\u00e4davajalikud. Vastupidavuse s\u00e4ilitamiseks tuleb kasutada mitmesuguseid tihenduskomponente, n\u00e4iteks kolvitihendeid ja vardatihendeid, mis on valmistatud kulumiskindlatest materjalidest, n\u00e4iteks pol\u00fcuretaanist ja nitriilkummist. Silindri pinda tuleb t\u00f6\u00f6delda, et suurendada kulumiskindlust, korrosioonikindlust ja pikendada kasutusiga. Silinder vajab sujuva t\u00f6\u00f6 tagamiseks ja kahjustuste v\u00e4ltimiseks regulaarset m\u00e4\u00e4rimist sobiva h\u00fcdraulika\u00f5liga.<\/p>\n<h3>Regulaarne kontroll ja ennetavad hooldusmeetmed<\/h3>\n<p>Kopasilindri ohutu ja t\u00f5husa t\u00f6\u00f6 tagamiseks on vaja regulaarset kontrolli ja hooldust. M\u00f5ned ennetavad hooldusmeetmed on j\u00e4rgmised:<\/p>\n<ul>\n<li><strong>Regulaarne kontroll:<\/strong> Kopasilindrit tuleks regulaarselt kulumise ja kahjustuste suhtes kontrollida. Silindri komponente, n\u00e4iteks kolvitihendeid, vardatihendeid ja silindri korpust, tuleks lekete ja kulumise suhtes kontrollida v\u00e4hemalt kord aastas. <\/li>\n<li><strong>\u00d5ige m\u00e4\u00e4rimine:<\/strong> Kopa silindrit tuleks regulaarselt sobiva h\u00fcdraulika\u00f5liga m\u00e4\u00e4rida, et tagada sujuv t\u00f6\u00f6 ja v\u00e4ltida kahjustusi. <\/li>\n<li><strong>Tihendi vahetamine:<\/strong> Lekete v\u00e4ltimiseks ja sujuva t\u00f6\u00f6 tagamiseks tuleks tihendeid regulaarselt vahetada. <\/li>\n<li><strong>Kalibreerimiskontroll:<\/strong> Kopasilindrit tuleks t\u00e4pse t\u00f6\u00f6 tagamiseks regulaarselt kalibreerida. <\/li>\n<\/ul>\n<p>Kopasilindri ohutu ja t\u00f5husa t\u00f6\u00f6 tagamiseks on \u00fclioluline \u00f5ige paigaldamine. Silinder tuleks \u00f5igesti joondada ja kinnitamiseks tuleks kasutada sobivaid paigaldusklambreid. Silindri eluea pikendamiseks tuleks j\u00e4rgida soovitatud kontrolli-, remondi- ja vahetusprotseduure. <\/p>\n<p><img decoding=\"async\" src=\"https:\/\/www.hydraulic-cylinders.net\/wp-content\/uploads\/2025\/01\/songte-chushion-collar.webp\" alt=\"Kopa silindri hoolduspilt\"><\/p>\n<h3>Ohutus- ja keskkonnakaalutlused<\/h3>\n<p>Ohutus on kopasilindrite kasutamise oluline aspekt. Operaatorid peavad kopasilindritega raskete masinate k\u00e4sitsemisel j\u00e4rgima juhiseid ja juhiseid. Arvesse tuleks v\u00f5tta ka keskkonnakaalutlusi, nagu \u00f5lilekke v\u00e4ltimine ja h\u00fcdraulika\u00f5li n\u00f5uetekohane k\u00f5rvaldamine. <\/p>\n<h3>Rikete diagnoosimine ja levinud probleemid<\/h3>\n<p>M\u00f5ned levinud kopasilindri probleemid h\u00f5lmavad tihendite lekkeid, varda kahjustusi ja \u00fcldist kulumist. Probleemide diagnoosimiseks peaksid operaatorid silindrit visuaalselt kontrollima ja r\u00f5hutesti tegema. Kui silinder on kahjustatud, tuleks see edasiste kahjustuste v\u00e4ltimiseks ja ohutu t\u00f6\u00f6 tagamiseks kohe parandada v\u00f5i v\u00e4lja vahetada.<\/p>\n<h3>Kokkuv\u00f5te<\/h3>\n<p>Kopasilindrid on rasketehnika olulised komponendid, mis v\u00f5imaldavad t\u00f5husat materjalide k\u00e4itlemist ja liigutamist. Meie ettev\u00f5te pakub laia valikut suurep\u00e4rase kvaliteediga, vastupidava disaini ja kohandatud teenustega asendush\u00fcdraulilisi silindreid. Meie ettev\u00f5te on p\u00fchendunud kvaliteetsete toodete ja teenuste pakkumisele, tuginedes keerukale tootmist\u00f6\u00f6kojale, kaasaegsetele tootmisseadmetele ja professionaalsetele testimiss\u00fcsteemidele. J\u00e4rgime k\u00f5rge efektiivsuse, suure t\u00e4psuse ja k\u00f5rge kvaliteedi p\u00f5him\u00f5tteid, et rahuldada klientide mitmekesiseid vajadusi. <\/p>\n<p><img decoding=\"async\" src=\"https:\/\/hzpt.com\/wp-content\/uploads\/2024\/11\/songte-company-1.webp\" alt=\"Ettev\u00f5tte kuvand\"><\/p>\n<h3>Autori kohta<\/h3>\n<p>Autor: lyl<\/p>","protected":false},"excerpt":{"rendered":"<p>Bucket Cylinder For Hyundai Small Excavator R60-7-9 Introduction Defining Bucket Cylinder A bucket cylinder is a specialized hydraulic cylinder designed primarily to control the movement of a bucket in heavy machinery such as excavators, backhoes, and front loaders. Its main function is to enable the bucket to perform lifting, lowering, and tilting, making it easier [&hellip;]<\/p>","protected":false},"featured_media":14765,"comment_status":"open","ping_status":"closed","template":"","meta":{"_et_pb_use_builder":"","_et_pb_old_content":"","_et_gb_content_width":""},"product_brand":[],"product_cat":[1494],"product_tag":[1495,1496],"class_list":{"0":"post-15309","1":"product","2":"type-product","3":"status-publish","4":"has-post-thumbnail","6":"product_cat-bucket-cylinders","7":"product_tag-bucket-cylinders","8":"product_tag-hydraulic-cylinders","10":"first","11":"instock","12":"shipping-taxable","13":"product-type-simple"},"amp_enabled":true,"_links":{"self":[{"href":"https:\/\/www.hydraulic-cylinders.net\/et\/wp-json\/wp\/v2\/product\/15309","targetHints":{"allow":["GET"]}}],"collection":[{"href":"https:\/\/www.hydraulic-cylinders.net\/et\/wp-json\/wp\/v2\/product"}],"about":[{"href":"https:\/\/www.hydraulic-cylinders.net\/et\/wp-json\/wp\/v2\/types\/product"}],"replies":[{"embeddable":true,"href":"https:\/\/www.hydraulic-cylinders.net\/et\/wp-json\/wp\/v2\/comments?post=15309"}],"wp:featuredmedia":[{"embeddable":true,"href":"https:\/\/www.hydraulic-cylinders.net\/et\/wp-json\/wp\/v2\/media\/14765"}],"wp:attachment":[{"href":"https:\/\/www.hydraulic-cylinders.net\/et\/wp-json\/wp\/v2\/media?parent=15309"}],"wp:term":[{"taxonomy":"product_brand","embeddable":true,"href":"https:\/\/www.hydraulic-cylinders.net\/et\/wp-json\/wp\/v2\/product_brand?post=15309"},{"taxonomy":"product_cat","embeddable":true,"href":"https:\/\/www.hydraulic-cylinders.net\/et\/wp-json\/wp\/v2\/product_cat?post=15309"},{"taxonomy":"product_tag","embeddable":true,"href":"https:\/\/www.hydraulic-cylinders.net\/et\/wp-json\/wp\/v2\/product_tag?post=15309"}],"curies":[{"name":"wp","href":"https:\/\/api.w.org\/{rel}","templated":true}]}}