{"id":15312,"date":"2025-01-19T14:22:19","date_gmt":"2025-01-19T14:22:19","guid":{"rendered":"https:\/\/www.hydraulic-cylinders.net\/product\/bucket-cylinder-for-hyundai-middle-excavator-r170lc-5\/"},"modified":"2025-01-19T14:22:21","modified_gmt":"2025-01-19T14:22:21","slug":"bucket-cylinder-for-hyundai-middle-excavator-r170lc-5","status":"publish","type":"product","link":"https:\/\/www.hydraulic-cylinders.net\/et\/toode\/bucket-cylinder-for-hyundai-middle-excavator-r170lc-5\/","title":{"rendered":"Kopa silinder Hyundai keskmise ekskavaatori R170LC-5 jaoks"},"content":{"rendered":"<h1>Kopa silinder Hyundai keskmise ekskavaatori R170LC-5 jaoks<\/h1>\n<h2>Sissejuhatus<\/h2>\n<p>Hyundai keskmise ekskavaatori R170LC-5 kopa silinder on spetsiaalne h\u00fcdrauliline silinder, mida kasutatakse peamiselt ekskavaatori koppade liikumise juhtimiseks rasketes masinates, nagu ekskavaatorid, laadur-ekskavaatorid ja esilaadurid. Selle peamine \u00fclesanne on v\u00f5imaldada kopa t\u00f5stmist, langetamist ja kallutamist, muutes mitmesuguste materjalide teisaldamise \u00fclesannete t\u00e4itmise lihtsamaks. H\u00fcdraulikas\u00fcsteemis kasutab kopa silinder h\u00fcdraulika\u00f5li r\u00f5humuutusi kopa t\u00e4pse juhtimise saavutamiseks, v\u00f5imaldades operaatoritel raskeid koormaid t\u00f5husalt k\u00e4sitseda ning kohaneda keerukate t\u00f6\u00f6keskkondade ja mitmekesiste t\u00f6\u00f6n\u00f5uetega.<\/p>\n<p><img decoding=\"async\" src=\"https:\/\/www.hydraulic-cylinders.net\/wp-content\/uploads\/2025\/01\/songte-company-2.webp\"><\/p>\n<h2>Toote omadused<\/h2>\n<ul>\n<li>\n<h3>Suur tugevus ja vastupidavus<\/h3>\n<p>Tavaliselt \u00fclitugevast terasest v\u00f5i alumiiniumist valmistatud kopp-silinder talub k\u00f5rget r\u00f5hku ja suuri koormusi, kohandudes karmide t\u00f6\u00f6keskkondadega. Konstruktsioonis on arvestatud ka kulumiskindluse ja korrosioonikindlusega, et pikendada silindri eluiga.<\/p>\n<\/li>\n<li>\n<h3>T\u00f5hus h\u00fcdrauliline t\u00f6\u00f6<\/h3>\n<p>Kasutades h\u00fcdraulika\u00f5li r\u00f5hku sujuva pikenemise ja tagasit\u00f5mbamise saavutamiseks, reageerib silinder kiiresti k\u00e4sklustele ning pakub tugevat t\u00f5uke- ja t\u00f5mbej\u00f5udu, mis sobib raskete koormate ja keerukate t\u00f6\u00f6\u00fclesannete k\u00e4sitlemiseks.<\/p>\n<\/li>\n<li>\n<h3>Erinevad t\u00fc\u00fcbid<\/h3>\n<p>\u00dche- v\u00f5i kahetoimelisi silindreid saab valida vastavalt vajadustele, et rahuldada erinevaid t\u00f6\u00f6tingimusi. M\u00f5ned mudelid on teleskoopilised, v\u00f5imaldades suuremat pikendamist ilma v\u00e4lism\u00f5\u00f5tmeid suurendamata, sobides piiratud ruumiga rakenduste jaoks.<\/p>\n<\/li>\n<li>\n<h3>T\u00e4iuslik asendus<\/h3>\n<p>Meie toode saab neid h\u00fcdrosilindreid ideaalselt asendada. <\/p>\n<\/li>\n<\/ul>\n<p><img decoding=\"async\" src=\"https:\/\/www.hydraulic-cylinders.net\/wp-content\/uploads\/2025\/01\/songte-cylinder-head-with-all-kinds-excavator-models.webp\"><\/p>\n<h2>Rakendused<\/h2>\n<p>Hyundai keskmise ekskavaatori R170LC-5 kopasilindrit saab laialdaselt kasutada erinevates rasketehnikas, sealhulgas:<\/p>\n<ul>\n<li>\n<h3>Ehitustehnika<\/h3>\n<p>Ekskavaatorites on need olulised kaevamiseks, laadimiseks ja pinnase v\u00f5i prahi teisaldamiseks. Ekskavaatorites aitab silinder nii kaevamisel kui ka t\u00f5stmisel. <\/p>\n<\/li>\n<li>\n<h3>P\u00f5llumajandustehnika<\/h3>\n<p>Esilaadurites mulla, heina ja muude materjalide k\u00e4itlemiseks kasutatav silinder saab t\u00f5sta ja kallutada efektiivseks t\u00fchjendamiseks. <\/p>\n<\/li>\n<li>\n<h3>Ekskavaatorid<\/h3>\n<p>Kopa silinder v\u00f5imaldab kopal kaevamist\u00f6\u00f6deks pinnasesse tungida. <\/p>\n<\/li>\n<li>\n<h3>Laadurid<\/h3>\n<p>Esilaadurites aitavad need kaupu t\u00f5husalt t\u00f5sta ja t\u00fchjendada. <\/p>\n<\/li>\n<\/ul>\n<h2>Projekteerimiskaalutlused ja valikukriteeriumid<\/h2>\n<p>Hyundai keskmise ekskavaatori R170LC-5 kopa silinder on konstrueeritud mitmeid tegureid arvesse v\u00f5ttes, sealhulgas:<\/p>\n<ul>\n<li>\n<h3>Kandev\u00f5ime<\/h3>\n<p>Silinder peaks suutma taluda maksimaalset koormust, millega see tegelema hakkab. <\/p>\n<\/li>\n<li>\n<h3>Tihendusv\u00f5ime<\/h3>\n<p>Silindril peaks olema usaldusv\u00e4\u00e4rne tihendusv\u00f5ime, et v\u00e4ltida \u00f5lilekkeid ja tagada sujuv t\u00f6\u00f6. <\/p>\n<\/li>\n<li>\n<h3>Vastupidavus<\/h3>\n<p>Silinder peaks olema valmistatud kvaliteetsetest materjalidest, millel on suur kulumiskindlus ja korrosioonikindlus, et pikendada selle eluiga. <\/p>\n<\/li>\n<li>\n<h3>Ohutus<\/h3>\n<p>Ballooni konstrueerimisel tuleks silmas pidada ohutusn\u00f5udeid, et v\u00e4ltida ballooni rikkest tingitud \u00f5nnetusi. <\/p>\n<\/li>\n<li>\n<h3>Hooldatavus<\/h3>\n<p>Silindrit peaks olema lihtne hooldada, et v\u00e4hendada hoolduskulusid ja seisakuid. <\/p>\n<\/li>\n<\/ul>\n<p><img decoding=\"async\" src=\"https:\/\/www.hydraulic-cylinders.net\/wp-content\/uploads\/2025\/01\/songte-oil-pipes-and-spare-parts.webp\"><\/p>\n<h2>Tihendus ja m\u00e4\u00e4rimine<\/h2>\n<p>Hyundai keskmise ekskavaatori R170LC-5 kopasilindris kasutatakse mitmesuguseid tihenduskomponente, n\u00e4iteks kolvitihendeid ja vardatihendeid, mis on valmistatud kulumiskindlatest materjalidest, nagu pol\u00fcuretaan ja nitriilkummi. Silindri korpus, kolb ja varda pind on samuti peenelt t\u00f6\u00f6deldud, et parandada kulumiskindlust. Sujuva t\u00f6\u00f6 tagamiseks on vajalik regulaarne m\u00e4\u00e4rimine sobiva h\u00fcdraulika\u00f5liga. <\/p>\n<h2>Regulaarne kontroll ja ennetav hooldus<\/h2>\n<p>Hyundai keskmise ekskavaatori R170LC-5 kopasilindri ohutu ja t\u00f5husa t\u00f6\u00f6 tagamiseks on oluline regulaarne kontroll ja ennetav hooldus. M\u00f5ned ennetavad hooldusmeetmed h\u00f5lmavad j\u00e4rgmist:<\/p>\n<ul>\n<li>Regulaarne m\u00e4\u00e4rimine<\/li>\n<li>Tihendi vahetamine<\/li>\n<li>Kalibreerimiskontroll<\/li>\n<\/ul>\n<h2>Toote paigaldusjuhend<\/h2>\n<p>Hyundai keskmise ekskavaatori R170LC-5 kopasilindri ohutuks ja t\u00f5husaks t\u00f6\u00f6ks on oluline \u00f5ige paigaldamine. J\u00e4rgmised sammud annavad juhised \u00f5igeks paigaldamiseks:<\/p>\n<ol>\n<li>Joondage silinder kinnituspinnaga.<\/li>\n<li>Silindri kinnitamiseks kasutage sobivaid kinnitusklambreid.<\/li>\n<li>\u00dchendage h\u00fcdraulikavoolikud silindriga.<\/li>\n<li>Veenduge, et voolikud ei oleks keerdus ega painutatud.<\/li>\n<li>Loputage enne kasutamist h\u00fcdraulikas\u00fcsteem.<\/li>\n<\/ol>\n<p>Silindri eluea ja j\u00f5udluse parandamiseks r\u00f5hutatakse \u00f5ige paigaldamise, m\u00e4\u00e4rimise ja reguleerimise olulisust. Parima tulemuse tagamiseks soovitame kasutada sobivaid paigaldust\u00f6\u00f6riistu ja j\u00e4rgida soovitatud kontrolli-, remondi- ja vahetusprotseduure. <\/p>\n<p><img decoding=\"async\" src=\"https:\/\/www.hydraulic-cylinders.net\/wp-content\/uploads\/2025\/01\/songte-chushion-collar.webp\"><\/p>\n<h2>Ohutuskaalutlused ja keskkonnategurid<\/h2>\n<p>Hyundai keskmise ekskavaatori R170LC-5 kopasilindri kasutamisel on oluline j\u00e4rgida ohutusmeetmeid. \u00d5nnetuste v\u00e4ltimiseks tuleks silindrit kasutada etten\u00e4htud parameetrite piires. Silindri kasutamisel tuleks arvestada ka keskkonnateguritega, nagu temperatuur ja niiskus.<\/p>\n<h2>Veaotsing ja levinud probleemid<\/h2>\n<p>J\u00e4rgnevalt on toodud levinud probleemid, millega Hyundai keskmise ekskavaatori R170LC-5 kopasilindri kasutamisel kokku puutuda v\u00f5ib:<\/p>\n<ul>\n<li>\u00d5lileke<\/li>\n<li>Aeglane t\u00f6\u00f6<\/li>\n<li>Ebaregulaarne t\u00f6\u00f6<\/li>\n<li>M\u00fcra<\/li>\n<\/ul>\n<p>Nende probleemide lahendamiseks tuleks v\u00f5tta asjakohaseid t\u00f5rkeotsingu meetmeid. N\u00e4iteks v\u00f5ib \u00f5lilekke p\u00f5hjustada kahjustatud tihendid v\u00f5i l\u00f5dvad \u00fchendused. Aeglane t\u00f6\u00f6 v\u00f5ib olla tingitud madalast h\u00fcdraulika\u00f5li r\u00f5hust. Ebakorrap\u00e4rast t\u00f6\u00f6d v\u00f5ib p\u00f5hjustada rikkis klapp v\u00f5i silinder. M\u00fcra v\u00f5ib p\u00f5hjustada h\u00fcdraulikas\u00fcsteemis olev \u00f5hk. Regulaarne kontroll ja ennetav hooldus aitavad neid probleeme v\u00e4ltida.<\/p>\n<p><img decoding=\"async\" src=\"https:\/\/www.hydraulic-cylinders.net\/wp-content\/uploads\/2025\/01\/songte-bushings-with-all-kinds-of-excavator-models.webp\"><\/p>\n<h2>Meie ettev\u00f5ttest<\/h2>\n<p>Oleme asendush\u00fcdrauliliste silindrite tootja, pakkudes t\u00e4ielikku tootevalikut. Oleme saanud \u00fcheks juhtivaks h\u00fcdrosilindrite tootjaks ja hulgim\u00fc\u00fcjaks nii sise- kui ka rahvusvahelisel turul. J\u00e4rgime suurep\u00e4rase kvaliteedi strateegiat, tuginedes peentootmist\u00f6\u00f6kodade industrialiseeritud tootmisjuhtimisele. T\u00e4iustame pidevalt t\u00f6\u00f6koja tootmisplatvormi, parandame toote tootmiskvaliteeti ja omame tugevat loomingulist v\u00f5imekust. Meie p\u00f5him\u00f5tete hulka kuuluvad k\u00f5rge efektiivsus, k\u00f5rge t\u00e4psus ja k\u00f5rge kvaliteet, et rahuldada klientide mitmekesiseid vajadusi.<\/p>\n<p>Oleme p\u00fchendunud professionaalsete, rahvusvaheliselt sertifitseeritud ja kohandatud teenuste, aga ka t\u00e4iustatud tootmisseadmete ja suurep\u00e4rase m\u00fc\u00fcgij\u00e4rgse teeninduse pakkumisele. Meie ettev\u00f5te kasvab ja areneb pidevalt ning oleme kindlad, et suudame pakkuda oma klientidele kvaliteetseid tooteid ja teenuseid.<\/p>\n<p><img decoding=\"async\" src=\"https:\/\/hzpt.com\/wp-content\/uploads\/2024\/11\/songte-company-1.webp\"><\/p>\n<p>Autor: lyl<\/p>","protected":false},"excerpt":{"rendered":"<p>Bucket Cylinder For Hyundai Middle Excavator R170LC-5 Introduction The Bucket Cylinder for Hyundai Middle Excavator R170LC-5 is a specialized hydraulic cylinder primarily used to control the motion of excavator buckets in heavy machinery such as excavators, backhoe excavators, and front-end loaders. Its main function is to enable the bucket to lift, lower, and tilt, making [&hellip;]<\/p>","protected":false},"featured_media":14789,"comment_status":"open","ping_status":"closed","template":"","meta":{"_et_pb_use_builder":"","_et_pb_old_content":"","_et_gb_content_width":""},"product_brand":[],"product_cat":[1494],"product_tag":[1495,1496],"class_list":{"0":"post-15312","1":"product","2":"type-product","3":"status-publish","4":"has-post-thumbnail","6":"product_cat-bucket-cylinders","7":"product_tag-bucket-cylinders","8":"product_tag-hydraulic-cylinders","10":"first","11":"instock","12":"shipping-taxable","13":"product-type-simple"},"amp_enabled":true,"_links":{"self":[{"href":"https:\/\/www.hydraulic-cylinders.net\/et\/wp-json\/wp\/v2\/product\/15312","targetHints":{"allow":["GET"]}}],"collection":[{"href":"https:\/\/www.hydraulic-cylinders.net\/et\/wp-json\/wp\/v2\/product"}],"about":[{"href":"https:\/\/www.hydraulic-cylinders.net\/et\/wp-json\/wp\/v2\/types\/product"}],"replies":[{"embeddable":true,"href":"https:\/\/www.hydraulic-cylinders.net\/et\/wp-json\/wp\/v2\/comments?post=15312"}],"wp:featuredmedia":[{"embeddable":true,"href":"https:\/\/www.hydraulic-cylinders.net\/et\/wp-json\/wp\/v2\/media\/14789"}],"wp:attachment":[{"href":"https:\/\/www.hydraulic-cylinders.net\/et\/wp-json\/wp\/v2\/media?parent=15312"}],"wp:term":[{"taxonomy":"product_brand","embeddable":true,"href":"https:\/\/www.hydraulic-cylinders.net\/et\/wp-json\/wp\/v2\/product_brand?post=15312"},{"taxonomy":"product_cat","embeddable":true,"href":"https:\/\/www.hydraulic-cylinders.net\/et\/wp-json\/wp\/v2\/product_cat?post=15312"},{"taxonomy":"product_tag","embeddable":true,"href":"https:\/\/www.hydraulic-cylinders.net\/et\/wp-json\/wp\/v2\/product_tag?post=15312"}],"curies":[{"name":"wp","href":"https:\/\/api.w.org\/{rel}","templated":true}]}}