{"id":15316,"date":"2025-01-19T14:22:36","date_gmt":"2025-01-19T14:22:36","guid":{"rendered":"https:\/\/www.hydraulic-cylinders.net\/product\/bucket-cylinder-for-hyundai-middle-excavator-r225lc-7-7x-9\/"},"modified":"2025-01-19T14:22:38","modified_gmt":"2025-01-19T14:22:38","slug":"bucket-cylinder-for-hyundai-middle-excavator-r225lc-7-7x-9","status":"publish","type":"product","link":"https:\/\/www.hydraulic-cylinders.net\/et\/toode\/bucket-cylinder-for-hyundai-middle-excavator-r225lc-7-7x-9\/","title":{"rendered":"Kopa silinder Hyundai keskmise ekskavaatori R225LC-7-7X-9 jaoks"},"content":{"rendered":"<h1>Kopa silinder Hyundai keskmise ekskavaatori R225LC-7-7X-9 jaoks<\/h1>\n<h2>Sissejuhatus<\/h2>\n<p>Hyundai keskmise ekskavaatori R225LC-7-7X-9 kopa silinder on spetsiaalselt loodud h\u00fcdrauliline silinder, mida kasutatakse kopa liikumise juhtimiseks rasketes masinates, n\u00e4iteks ekskavaatorites, laadur-ekskavaatorites ja esilaadurites. Selle peamine \u00fclesanne on v\u00f5imaldada kopa t\u00f5stmist, langetamist ja kallutamist, h\u00f5lbustades mitmesuguseid materjali k\u00e4itlemise \u00fclesandeid. H\u00fcdraulikas\u00fcsteemis saavutab kopa silinder kopa t\u00e4pse juhtimise, kasutades \u00e4ra h\u00fcdraulika\u00f5li r\u00f5humuutusi, v\u00f5imaldades operaatoritel t\u00f5husalt k\u00e4sitseda raskeid koormaid ning kohaneda keerukate t\u00f6\u00f6keskkondade ja mitmekesiste t\u00f6\u00f6vajadustega.<\/p>\n<p><img decoding=\"async\" src=\"https:\/\/www.hydraulic-cylinders.net\/wp-content\/uploads\/2025\/01\/songte-company-2.webp\" \/><\/p>\n<h2>Omadused<\/h2>\n<ul>\n<li><strong>Suur tugevus ja vastupidavus:<\/strong> Tavaliselt \u00fclitugevast terasest v\u00f5i alumiiniumist valmistatud kopa silinder on v\u00f5imeline vastu pidama k\u00f5rgele r\u00f5hule ja rasketele koormustele, kohandudes karmide t\u00f6\u00f6tingimustega. Selle disain v\u00f5tab arvesse kulumiskindlust ja korrosioonikindlust, pikendades selle eluiga.<\/li>\n<li><strong>T\u00f5hus h\u00fcdrauliline t\u00f6\u00f6:<\/strong> H\u00fcdraulika\u00f5li r\u00f5hu abil saavutab kopa silinder sujuva pikenduse ja tagasit\u00f5mbamise, v\u00f5imaldades kiiret reageerimist juhtimisk\u00e4sklustele ning pakkudes v\u00f5imsaid t\u00f5uke- ja t\u00f5mbej\u00f5ude, mis sobivad raskete koormate ja keerukate t\u00f6\u00f6\u00fclesannete k\u00e4sitsemiseks.<\/li>\n<li><strong>T\u00fc\u00fcpide mitmek\u00fclgsus:<\/strong> Kopasilindrit on saadaval erinevat t\u00fc\u00fcpi, et see vastaks erinevatele t\u00f6\u00f6n\u00f5uetele. Seda saab valida \u00fchetoimelisena (h\u00fcdraulilist r\u00f5hku kasutatakse ainult \u00fches suunas) v\u00f5i kahetoimelisena (h\u00fcdraulilist r\u00f5hku kasutatakse m\u00f5lemas suunas). M\u00f5ned mudelid on teleskoopilised, mis v\u00f5imaldab suuremat pikendust ilma v\u00e4lism\u00f5\u00f5tmeid suurendamata, mist\u00f5ttu need sobivad piiratud ruumiga rakenduste jaoks.<\/li>\n<li><strong>T\u00e4iuslik asendus:<\/strong> Meie tooted suudavad neid h\u00fcdrosilindreid ideaalselt asendada.<\/li>\n<\/ul>\n<p><img decoding=\"async\" src=\"https:\/\/www.hydraulic-cylinders.net\/wp-content\/uploads\/2025\/01\/songte-cylinder-head-with-all-kinds-excavator-models.webp\" \/><\/p>\n<h2>Rakendused<\/h2>\n<p>Kopasilindrit kasutatakse erinevates seadmetes:<\/p>\n<h3>Ehitustehnika<\/h3>\n<p>See on ekskavaatorite puhul \u00fclioluline, kuna need on olulised kaevamiseks, laadimiseks ja pinnase v\u00f5i prahi teisaldamiseks. Ekskavaator-laaduritel aitab kopa silinder nii kaevamisel kui ka t\u00f5stmisel.<\/p>\n<h3>P\u00f5llumajandustehnika<\/h3>\n<p>Kasutatakse esilaadurites mulla, heina ja muude materjalide kopeerimiseks, t\u00f5stmiseks ja transportimiseks.<\/p>\n<h3>Ekskavaatorid<\/h3>\n<p>Kopa silinder v\u00f5imaldab kaevamist, lastes kopal pinnasesse tungida.<\/p>\n<h3>Laadurid<\/h3>\n<p>Frontaallaadurites aitavad need kaupu t\u00f5husalt t\u00f5sta ja maha laadida.<\/p>\n<p><img decoding=\"async\" src=\"https:\/\/www.hydraulic-cylinders.net\/wp-content\/uploads\/2025\/01\/songte-oil-pipes-and-spare-parts.webp\" \/><\/p>\n<h2>Projekteerimiskaalutlused ja valikukriteeriumid<\/h2>\n<ul>\n<li><strong>Kandev\u00f5ime:<\/strong> Silindri konstruktsioon arvestab selle v\u00f5imet taluda etten\u00e4htud koormust.<\/li>\n<li><strong>Tihendus:<\/strong> T\u00f5husa tihenduse tagamiseks kasutatakse mitmesuguseid tihenduskomponente, n\u00e4iteks kolvitihendeid ja varrastihendeid, mis on valmistatud kulumiskindlatest materjalidest, n\u00e4iteks pol\u00fcuretaanist ja nitriilkummist. Silindri korpus ja keermestatud otsad l\u00e4bivad kulumiskindluse suurendamiseks t\u00e4pse t\u00f6\u00f6tluse.<\/li>\n<li><strong>Vastupidavus:<\/strong> Disain on vastupidav, et taluda kavandatud t\u00f6\u00f6tingimusi ja s\u00e4ilitada j\u00f5udlust aja jooksul.<\/li>\n<li><strong>Ohutus:<\/strong> Silindri ohutu t\u00f6\u00f6 tagamiseks v\u00f5etakse arvesse ohutusaspekte.<\/li>\n<li><strong>Hooldatavus:<\/strong> Arvesse v\u00f5etakse hoolduse lihtsust, sealhulgas komponentidele ligip\u00e4\u00e4setavust ja remondi teostamise v\u00f5imalust.<\/li>\n<\/ul>\n<p><img decoding=\"async\" src=\"https:\/\/www.hydraulic-cylinders.net\/wp-content\/uploads\/2025\/01\/songte-chushion-collar.webp\" \/><\/p>\n<h2>Tihendus ja m\u00e4\u00e4rimine<\/h2>\n<p>Kopasilindris kasutatakse mitmesuguseid tihendeid, n\u00e4iteks kolvitihendeid ja vardatihendeid, mis on valmistatud kulumiskindlatest materjalidest nagu pol\u00fcuretaan ja nitriilkummi. Silindri korpus ja keermestatud otsad on l\u00e4binud t\u00e4pse t\u00f6\u00f6tluse, et suurendada kulumiskindlust. Sujuva t\u00f6\u00f6 tagamiseks on vajalik regulaarne m\u00e4\u00e4rimine sobiva koguse h\u00fcdraulika\u00f5liga.<\/p>\n<h2>Regulaarne kontroll ja ennetav hooldus<\/h2>\n<ul>\n<li>Kontrollige silindrit regulaarselt lekete, kahjustuste v\u00f5i kulumise tunnuste suhtes.<\/li>\n<li>Tagage n\u00f5uetekohane m\u00e4\u00e4rimine vastavalt tootja juhistele.<\/li>\n<li>Kontrollige ja vahetage tihendeid perioodiliselt, et s\u00e4ilitada nende t\u00f5husus.<\/li>\n<li>Silindri t\u00e4pse t\u00f6\u00f6 tagamiseks tehke kalibreerimiskontroll.<\/li>\n<\/ul>\n<p><img decoding=\"async\" src=\"https:\/\/www.hydraulic-cylinders.net\/wp-content\/uploads\/2025\/01\/songte-bushings-with-all-kinds-of-excavator-models.webp\" \/><\/p>\n<h2>Ohutuskaalutlused ja keskkonnategurid<\/h2>\n<p>Kopasilindri kasutamisel on oluline j\u00e4rgida ohutusmeetmeid, et v\u00e4ltida \u00f5nnetusi ja tagada ohutu t\u00f6\u00f6keskkond.<\/p>\n<h2>Veaotsing ja levinud probleemid<\/h2>\n<p>Kopasilindrite levinud probleemide hulka v\u00f5ivad kuuluda leke, aeglane t\u00f6\u00f6 v\u00f5i eba\u00fchtlane liikumine. Nende probleemide lahendamiseks toimige j\u00e4rgmiselt.<\/p>\n<ul>\n<li>Kontrollige lekke m\u00e4rke ja tegelege nendega viivitamatult.<\/li>\n<li>Veenduge, et h\u00fcdraulikas\u00fcsteemis on \u00f5ige r\u00f5hk ja vedeliku tase.<\/li>\n<li>Kontrollige ja puhastage silindri osi ummistuste v\u00f5i prahi suhtes.<\/li>\n<li>Vajadusel p\u00f6\u00f6rduge remondiks v\u00f5i asendamiseks professionaalse abi poole.<\/li>\n<\/ul>\n<p><img decoding=\"async\" src=\"https:\/\/www.hydraulic-cylinders.net\/wp-content\/uploads\/2025\/01\/songte-company-1.webp\" \/><\/p>\n<h2>Hooldus\u00fclesanded<\/h2>\n<p>Kopasilindrite tavaliste hooldust\u00f6\u00f6de hulka kuuluvad regulaarne kontroll, asjakohane m\u00e4\u00e4rimine, tihendite vahetamine ja kalibreerimise kontrollimine. N\u00f5uetekohane paigaldamine, m\u00e4\u00e4rimine ja reguleerimine on olulised. Paigaldamise ajal andke silindri \u00f5ige joondamise juhised ja soovitage silindri kinnitamiseks sobivate kinnitusklambrite kasutamist. Pakkuge soovitatavaid kontrolli-, remondi- ja vahetusprotseduure ning n\u00e4pun\u00e4iteid kopasilindri eluea pikendamiseks.<\/p>\n<p><img decoding=\"async\" src=\"https:\/\/www.hydraulic-cylinders.net\/wp-content\/uploads\/2025\/01\/songte-company-3.webp\" \/><\/p>\n<h2>Meie ettev\u00f5ttest<\/h2>\n<p>Oleme asendush\u00fcdrauliliste silindrite tootja, pakkudes laia tootevalikut. Oleme \u00fcks juhtivaid h\u00fcdrosilindrite tootjaid ja hulgim\u00fc\u00fcjaid nii sise- kui ka rahvusvahelistel turgudel. Keskendudes suurep\u00e4rasele kvaliteedile, tugineme oma t\u00e4iustatud tootmist\u00f6\u00f6kojas t\u00f6\u00f6stusliku tootmise juhtimise strateegiatele. Meie ettev\u00f5te t\u00e4iustab pidevalt oma t\u00f6\u00f6koja tootmisplatvormi, investeerides tehnilisse annetusse, digitaalsetesse tipptasemel tootmisseadmetesse ja professionaalsetesse testimiss\u00fcsteemidesse. Meil \u200b\u200bon tugev innovatsiooniv\u00f5ime ja p\u00fc\u00fcame rahuldada klientide mitmekesiseid vajadusi, j\u00e4rgides k\u00f5rge efektiivsuse, suure t\u00e4psuse ja k\u00f5rge kvaliteedi p\u00f5him\u00f5tteid.<\/p>\n<p>Meie ettev\u00f5te on tuntud j\u00e4rgmiste omaduste poolest:<\/p>\n<ul>\n<li>Professionaalsus<\/li>\n<li>Rahvusvahelised sertifikaadid<\/li>\n<li>Kohandamise teenused<\/li>\n<li>Tootmisseadmed<\/li>\n<li>M\u00fc\u00fcgij\u00e4rgne teenindus<\/li>\n<\/ul>\n<p>Lisateabe saamiseks vaadake j\u00e4rgmist pilti:<\/p>\n<p><img decoding=\"async\" src=\"https:\/\/www.hydraulic-cylinders.net\/wp-content\/uploads\/2025\/01\/songte-company-3.webp\" \/><\/p>\n<p>Autor: LYL<\/p>","protected":false},"excerpt":{"rendered":"<p>Bucket Cylinder For Hyundai Middle Excavator R225LC-7-7X-9 Introduction The Bucket Cylinder for Hyundai Middle Excavator R225LC-7-7X-9 is a specially designed hydraulic cylinder used to control the movement of the bucket in heavy machinery such as excavators, backhoe loaders, and front loaders. Its main function is to enable the lifting, lowering, and tilting of the bucket, [&hellip;]<\/p>","protected":false},"featured_media":14784,"comment_status":"open","ping_status":"closed","template":"","meta":{"_et_pb_use_builder":"","_et_pb_old_content":"","_et_gb_content_width":""},"product_brand":[],"product_cat":[1494],"product_tag":[1495,1496],"class_list":{"0":"post-15316","1":"product","2":"type-product","3":"status-publish","4":"has-post-thumbnail","6":"product_cat-bucket-cylinders","7":"product_tag-bucket-cylinders","8":"product_tag-hydraulic-cylinders","10":"first","11":"instock","12":"shipping-taxable","13":"product-type-simple"},"amp_enabled":true,"_links":{"self":[{"href":"https:\/\/www.hydraulic-cylinders.net\/et\/wp-json\/wp\/v2\/product\/15316","targetHints":{"allow":["GET"]}}],"collection":[{"href":"https:\/\/www.hydraulic-cylinders.net\/et\/wp-json\/wp\/v2\/product"}],"about":[{"href":"https:\/\/www.hydraulic-cylinders.net\/et\/wp-json\/wp\/v2\/types\/product"}],"replies":[{"embeddable":true,"href":"https:\/\/www.hydraulic-cylinders.net\/et\/wp-json\/wp\/v2\/comments?post=15316"}],"wp:featuredmedia":[{"embeddable":true,"href":"https:\/\/www.hydraulic-cylinders.net\/et\/wp-json\/wp\/v2\/media\/14784"}],"wp:attachment":[{"href":"https:\/\/www.hydraulic-cylinders.net\/et\/wp-json\/wp\/v2\/media?parent=15316"}],"wp:term":[{"taxonomy":"product_brand","embeddable":true,"href":"https:\/\/www.hydraulic-cylinders.net\/et\/wp-json\/wp\/v2\/product_brand?post=15316"},{"taxonomy":"product_cat","embeddable":true,"href":"https:\/\/www.hydraulic-cylinders.net\/et\/wp-json\/wp\/v2\/product_cat?post=15316"},{"taxonomy":"product_tag","embeddable":true,"href":"https:\/\/www.hydraulic-cylinders.net\/et\/wp-json\/wp\/v2\/product_tag?post=15316"}],"curies":[{"name":"wp","href":"https:\/\/api.w.org\/{rel}","templated":true}]}}