{"id":15324,"date":"2025-01-19T14:23:14","date_gmt":"2025-01-19T14:23:14","guid":{"rendered":"https:\/\/www.hydraulic-cylinders.net\/product\/bucket-cylinder-for-hyundai-large-excavator-r350lc-7\/"},"modified":"2025-01-19T14:23:16","modified_gmt":"2025-01-19T14:23:16","slug":"bucket-cylinder-for-hyundai-large-excavator-r350lc-7","status":"publish","type":"product","link":"https:\/\/www.hydraulic-cylinders.net\/et\/toode\/bucket-cylinder-for-hyundai-large-excavator-r350lc-7\/","title":{"rendered":"Kopa silinder Hyundai suurele ekskavaatorile R350LC-7"},"content":{"rendered":"<h1>Kopa silinder Hyundai suurele ekskavaatorile R350LC-7<\/h1>\n<h2>Sissejuhatus<\/h2>\n<h3>Kopa silindri m\u00e4\u00e4ratlemine<\/h3>\n<p>Kopa silinder on spetsiaalselt loodud h\u00fcdrauliline silinder, mida kasutatakse peamiselt kopa liikumise juhtimiseks rasketes masinates, n\u00e4iteks ekskavaatorites, laadur-ekskavaatorites ja esilaadurites. Selle peamine \u00fclesanne on v\u00f5imaldada kopa t\u00f5stmist, langetamist ja kallutamist, muutes mitmesuguste materjalik\u00e4itlust\u00f6\u00f6de tegemise lihtsamaks. H\u00fcdraulilises s\u00fcsteemis saavutab kopa silinder kopa t\u00e4pse juhtimise h\u00fcdraulika\u00f5li r\u00f5humuutuse abil, v\u00f5imaldades operaatoril raskeid koormaid t\u00f5husalt k\u00e4sitseda ning kohaneda keerukate t\u00f6\u00f6keskkondade ja mitmekesiste t\u00f6\u00f6vajadustega.<\/p>\n<p><img decoding=\"async\" src=\"https:\/\/www.hydraulic-cylinders.net\/wp-content\/uploads\/2025\/01\/songte-company-2.webp\" alt=\"\u00c4mbri silindri pilt\"><\/p>\n<h3>Omadused<\/h3>\n<ul>\n<li>Suur tugevus ja vastupidavus: Tavaliselt valmistatud \u00fclitugevast terasest v\u00f5i alumiiniumist, see talub k\u00f5rget r\u00f5hku ja suuri koormusi, kohaneb karmide t\u00f6\u00f6keskkondadega ning on kulumiskindluse ja korrosioonikindluse osas arvestatud, pikendades kasutusiga.<\/li>\n<li>T\u00f5hus h\u00fcdrauliline t\u00f6\u00f6: H\u00fcdraulika\u00f5li r\u00f5hu abil saavutatakse sujuvad pikendus- ja kokkut\u00f5mbumisliigutused, mis pakuvad v\u00f5imsaid t\u00f5uke- ja t\u00f5mbej\u00f5ude, mis sobivad raskete koormate ja keerukate t\u00f6\u00f6\u00fclesannete k\u00e4sitlemiseks.<\/li>\n<li>Erinevad t\u00fc\u00fcbid: Vajadusel saab erinevate t\u00f6\u00f6n\u00f5uete t\u00e4itmiseks valida \u00fchetoimelisi (h\u00fcdrauliline ainult \u00fches suunas) v\u00f5i kahetoimelisi (h\u00fcdrauliline m\u00f5lemas suunas) silindreid. M\u00f5ned mudelid on teleskoopilised, v\u00f5imaldades suuremat pikendust ilma v\u00e4lism\u00f5\u00f5tmeid suurendamata, sobides piiratud ruumiga rakenduste jaoks.<\/li>\n<li>Lihtne vahetada: meie toode saab neid h\u00fcdrosilindreid ideaalselt asendada.<\/li>\n<\/ul>\n<p><img decoding=\"async\" src=\"https:\/\/www.hydraulic-cylinders.net\/wp-content\/uploads\/2025\/01\/songte-cylinder-head-with-all-kinds-excavator-models.webp\" alt=\"\u00c4mbri silindri asendamise pilt\"><\/p>\n<h3>Rakendused<\/h3>\n<p>Kopasilindrit kasutatakse laialdaselt erinevates valdkondades, sealhulgas:<\/p>\n<h4>Ehitustehnika<\/h4>\n<ul>\n<li>Ekskavaatorid: Ekskavaatori kopasilindrid v\u00f5imaldavad kaevamist ja kaevamist. <\/li>\n<li>Ekskavaator-laadurid: Ekskavaator-laaduri kopasilindrid aitavad kaasa nii kaevamisele kui ka t\u00f5stmisele.<\/li>\n<\/ul>\n<h4>P\u00f5llumajandustehnika<\/h4>\n<ul>\n<li>Eeslaadurid: Kasutatakse mulla, heina ja muude materjalide pealev\u00f5tmiseks, t\u00f5stmiseks ja transportimiseks.<\/li>\n<\/ul>\n<p>Need on vaid m\u00f5ned n\u00e4ited kopasilindrite paljudest rakendustest.<\/p>\n<h3>Projekteerimiskaalutlused ja valikukriteeriumid<\/h3>\n<p>Kopasilindrite projekteerimisel ja valimisel v\u00f5etakse arvesse m\u00f5ningaid olulisi tegureid:<\/p>\n<h4>Kandev\u00f5ime<\/h4>\n<p>Silinder peab suutma vastu pidada suurtele koormustele ilma deformatsiooni v\u00f5i purunemiseta, tagades pikaajalise ohutu ja t\u00f6\u00f6kindla t\u00f6\u00f6.<\/p>\n<h4>Tihendus<\/h4>\n<p>Tihenduss\u00fcsteem peab suutma v\u00e4ltida v\u00f5i minimeerida h\u00fcdraulika\u00f5li sisemist ja v\u00e4list leket, tagades t\u00f5husa ja puhta t\u00f6\u00f6.<\/p>\n<h4>Vastupidavus<\/h4>\n<p>Silinder peab olema vastupidav ja kulumiskindel, korrosioonikindel ning keskkonna ja v\u00e4liste j\u00f5udude poolt tekitatud kahjustustele vastupidav, tagades pika kasutusea.<\/p>\n<h4>Ohutus<\/h4>\n<p>Ballooni tuleb projekteerida ja toota nii, et see tagaks ohutu ja t\u00f6\u00f6kindla t\u00f6\u00f6, kaitstes operaatoreid ja seadmeid \u00f5nnetuste ja kahjustuste eest.<\/p>\n<h4>Hooldatavus<\/h4>\n<p>Silinder peaks olema konstrueeritud nii, et seda oleks lihtne hooldada, v\u00f5imaldades h\u00f5lpsat juurdep\u00e4\u00e4su sisemistele komponentidele ja kulunud osade vahetamist, v\u00e4hendades seisakuid ja hoolduskulusid.<\/p>\n<p><img decoding=\"async\" src=\"https:\/\/www.hydraulic-cylinders.net\/wp-content\/uploads\/2025\/01\/songte-oil-pipes-and-spare-parts.webp\" alt=\"\u00c4mbri silindri kujunduspilt\"><\/p>\n<h3>Tihendus ja m\u00e4\u00e4rimine<\/h3>\n<p>Kopasilindris kasutatakse sisemiste ja v\u00e4liste \u00f5lilekete v\u00e4ltimiseks mitmesuguseid tihenduselemente, n\u00e4iteks kolvitihendeid ja vardatihendeid, mis on valmistatud kulumiskindlatest materjalidest, n\u00e4iteks pol\u00fcuretaanist ja nitriilkummist. Silindri korpus ja keermestatud otsapind on peenelt t\u00f6\u00f6deldud, et suurendada kulumiskindlust.<\/p>\n<p>Silinder vajab sujuva t\u00f6\u00f6 tagamiseks regulaarset m\u00e4\u00e4rimist. Soovitatav on kasutada sobivat h\u00fcdraulika\u00f5li ja lisada seda regulaarsete ajavahemike j\u00e4rel sobivas koguses.<\/p>\n<h3>Hooldus ja remont<\/h3>\n<p>Kopasilindri pikaajalise usaldusv\u00e4\u00e4rse t\u00f6\u00f6 tagamiseks on oluline regulaarne kontroll ja ennetav hooldus. Soovitatav on teha j\u00e4rgmisi hooldust\u00f6id:<\/p>\n<ul>\n<li>Regulaarne kontroll<\/li>\n<li>\u00d5ige m\u00e4\u00e4rimine<\/li>\n<li>Tihendi vahetamine<\/li>\n<li>Kalibreerimiskontroll<\/li>\n<\/ul>\n<p>Silindri korrektseks paigaldamiseks, sh silindri \u00f5igeks paigaldamiseks ja sobivate kinnitusklambrite kasutamiseks, on oluline anda n\u00f5uetekohane juhendamine. Esitatakse soovitatavad kontrolli-, remondi- ja asendusprotseduurid, sh varuosad ja taastamisteenused, et pikendada kopasilindri kasutusiga.<\/p>\n<p><img decoding=\"async\" src=\"https:\/\/www.hydraulic-cylinders.net\/wp-content\/uploads\/2025\/01\/songte-chushion-collar.webp\" alt=\"Kopa silindri hoolduspilt\"><\/p>\n<h3>Ohutuskaalutlused ja keskkonnategurid<\/h3>\n<p>Kopa silinder on raskete masinate kriitiline komponent ja ohutuskaalutlused on esmat\u00e4htsad. Ohutu t\u00f6\u00f6 tagamiseks ja \u00f5nnetuste v\u00f5i kahjustuste v\u00e4ltimiseks tuleks v\u00f5tta asjakohaseid meetmeid.<\/p>\n<p>Keskkonnategurid, nagu temperatuur, niiskus ja reostus, v\u00f5ivad m\u00f5jutada kopasilindri t\u00f6\u00f6d ja eluiga. Silindri kaitsmiseks ja n\u00f5uetekohase t\u00f6\u00f6 tagamiseks tuleks v\u00f5tta asjakohaseid meetmeid.<\/p>\n<h3>Veaotsing ja levinud probleemid<\/h3>\n<p>Kopasilindriga seotud levinud probleemide hulka kuuluvad \u00f5lilekked, aeglane t\u00f6\u00f6 ja ebanormaalne m\u00fcra. Probleemide diagnoosimiseks ja lahendamiseks pakutakse t\u00f5rkeotsingu n\u00e4pun\u00e4iteid ja lahendusi, samuti ennetavaid meetmeid v\u00f5imalike probleemide minimeerimiseks.<\/p>\n<p><img decoding=\"async\" src=\"https:\/\/www.hydraulic-cylinders.net\/wp-content\/uploads\/2025\/01\/songte-bushings-with-all-kinds-of-excavator-models.webp\" alt=\"\u00c4mbrisilindri t\u00f5rkeotsingu pilt\"><\/p>\n<h2>Meie ettev\u00f5ttest<\/h2>\n<p>Oleme asendush\u00fcdrauliliste silindrite tootja, pakkudes laia tootevalikut ning olles \u00fcks juhtivaid h\u00fcdrauliliste silindrite tootjaid ja hulgim\u00fc\u00fcjaid nii sise- kui ka v\u00e4listurgudel. J\u00e4rgime kvaliteedi tipptaseme p\u00f5him\u00f5tet, tugineme peentootmist\u00f6\u00f6kodades t\u00f6\u00f6stusliku tootmise juhtimise strateegiatele ning t\u00e4iustame pidevalt t\u00f6\u00f6koja tootmisplatvormi ja tootekvaliteedi tootmisliini. Meie ettev\u00f5ttel on tugev loovus, k\u00f5rge efektiivsus, k\u00f5rge t\u00e4psus ja k\u00f5rged kvaliteedip\u00f5him\u00f5tted, et rahuldada klientide mitmekesiseid vajadusi.<\/p>\n<h3>Professionaalsus<\/h3>\n<p>Meie meeskond koosneb valdkonna laialdaste kogemustega spetsialistidest, kes on p\u00fchendunud kvaliteetsete toodete ja teenuste pakkumisele.<\/p>\n<h3>Rahvusvaheline sertifitseerimine<\/h3>\n<p>Oleme omandanud rahvusvahelised sertifikaadid nagu ISO 9001, CE ja SGS, mis tagavad meie toodete vastavuse k\u00f5rgetele kvaliteedistandarditele.<\/p>\n<h3>Kohandamise teenused<\/h3>\n<p>Pakume kliendi vajadustele ja n\u00f5uetele vastavaid kohandamisteenuseid, pakkudes erinevatele rakendustele kohandatud lahendusi.<\/p>\n<h3>Tootmisseadmed<\/h3>\n<p>Meie ettev\u00f5ttel on t\u00e4iustatud tootmisseadmed ja -tehnoloogia, sealhulgas CNC-t\u00f6\u00f6tluskeskused, keevitusrobotid ja muud tipptasemel digitaalsed tootmisseadmed.<\/p>\n<h3>M\u00fc\u00fcgij\u00e4rgne teenindus<\/h3>\n<p>Pakume klientide rahulolu ja pikaajalise koost\u00f6\u00f6 tagamiseks igak\u00fclgset m\u00fc\u00fcgij\u00e4rgset teenindust, mis h\u00f5lmab tehnilist tuge, remonti ja hooldust.<\/p>\n<p><img decoding=\"async\" src=\"https:\/\/www.hydraulic-cylinders.net\/wp-content\/uploads\/2025\/01\/songte-company-3.webp\" alt=\"\u00c4mbrisilindri ettev\u00f5tte pilt\"><\/p>\n<p>Autor: lyl<\/p>","protected":false},"excerpt":{"rendered":"<p>Bucket Cylinder For Hyundai Large Excavator R350LC-7 Introduction Defining the Bucket Cylinder A bucket cylinder is a specially designed hydraulic cylinder that is primarily used to control the movement of the bucket in heavy machinery such as excavators, backhoe loaders, and front-end loaders. Its main function is to enable the bucket to lift, lower, and [&hellip;]<\/p>","protected":false},"featured_media":14765,"comment_status":"open","ping_status":"closed","template":"","meta":{"_et_pb_use_builder":"","_et_pb_old_content":"","_et_gb_content_width":""},"product_brand":[],"product_cat":[1494],"product_tag":[1495,1496],"class_list":{"0":"post-15324","1":"product","2":"type-product","3":"status-publish","4":"has-post-thumbnail","6":"product_cat-bucket-cylinders","7":"product_tag-bucket-cylinders","8":"product_tag-hydraulic-cylinders","10":"first","11":"instock","12":"shipping-taxable","13":"product-type-simple"},"amp_enabled":true,"_links":{"self":[{"href":"https:\/\/www.hydraulic-cylinders.net\/et\/wp-json\/wp\/v2\/product\/15324","targetHints":{"allow":["GET"]}}],"collection":[{"href":"https:\/\/www.hydraulic-cylinders.net\/et\/wp-json\/wp\/v2\/product"}],"about":[{"href":"https:\/\/www.hydraulic-cylinders.net\/et\/wp-json\/wp\/v2\/types\/product"}],"replies":[{"embeddable":true,"href":"https:\/\/www.hydraulic-cylinders.net\/et\/wp-json\/wp\/v2\/comments?post=15324"}],"wp:featuredmedia":[{"embeddable":true,"href":"https:\/\/www.hydraulic-cylinders.net\/et\/wp-json\/wp\/v2\/media\/14765"}],"wp:attachment":[{"href":"https:\/\/www.hydraulic-cylinders.net\/et\/wp-json\/wp\/v2\/media?parent=15324"}],"wp:term":[{"taxonomy":"product_brand","embeddable":true,"href":"https:\/\/www.hydraulic-cylinders.net\/et\/wp-json\/wp\/v2\/product_brand?post=15324"},{"taxonomy":"product_cat","embeddable":true,"href":"https:\/\/www.hydraulic-cylinders.net\/et\/wp-json\/wp\/v2\/product_cat?post=15324"},{"taxonomy":"product_tag","embeddable":true,"href":"https:\/\/www.hydraulic-cylinders.net\/et\/wp-json\/wp\/v2\/product_tag?post=15324"}],"curies":[{"name":"wp","href":"https:\/\/api.w.org\/{rel}","templated":true}]}}