{"id":15326,"date":"2025-01-19T14:23:24","date_gmt":"2025-01-19T14:23:24","guid":{"rendered":"https:\/\/www.hydraulic-cylinders.net\/product\/bucket-cylinder-for-hyundai-large-excavator-r37lc-7\/"},"modified":"2025-01-19T14:23:26","modified_gmt":"2025-01-19T14:23:26","slug":"bucket-cylinder-for-hyundai-large-excavator-r37lc-7","status":"publish","type":"product","link":"https:\/\/www.hydraulic-cylinders.net\/et\/toode\/bucket-cylinder-for-hyundai-large-excavator-r37lc-7\/","title":{"rendered":"Kopa silinder Hyundai suurele ekskavaatorile R37LC-7"},"content":{"rendered":"<h1>Kopa silinder Hyundai suurele ekskavaatorile R37LC-7<\/h1>\n<h2>Sissejuhatus<\/h2>\n<p>Hyundai suure ekskavaatori R37LC-7 kopa silinder on spetsiaalselt loodud h\u00fcdrauliline silinder, mida kasutatakse raskete masinate, n\u00e4iteks ekskavaatorite, laadur-ekskavaatorite ja esilaadurite koppade liikumise juhtimiseks. Selle peamine \u00fclesanne on v\u00f5imaldada kopa t\u00f5stmist, langetamist ja kallutamist, muutes mitmesuguste materjalik\u00e4itlust\u00f6\u00f6de tegemise lihtsaks. H\u00fcdraulikas\u00fcsteemis kasutab kopa silinder h\u00fcdraulika\u00f5li r\u00f5humuutust kopa t\u00e4pse juhtimise saavutamiseks, v\u00f5imaldades operaatoritel t\u00f5husalt k\u00e4sitseda raskeid koormaid, kohaneda keerukate t\u00f6\u00f6keskkondade ja mitmekesiste t\u00f6\u00f6n\u00f5uetega.<\/p>\n<p><img decoding=\"async\" src=\"https:\/\/www.hydraulic-cylinders.net\/wp-content\/uploads\/2025\/01\/songte-company-2.webp\" \/><\/p>\n<h2>Omadused<\/h2>\n<ul>\n<li>\n<h3>Suur tugevus ja vastupidavus<\/h3>\n<p>Kopa silinder on tavaliselt valmistatud \u00fclitugevast terasest v\u00f5i alumiiniumist, mis talub k\u00f5rget r\u00f5hku ja suuri koormusi, kohandub karmide t\u00f6\u00f6keskkondadega ning on konstrueeritud kulumiskindlust ja korrosioonikindlust silmas pidades, pikendades selle kasutusiga.<\/p>\n<\/li>\n<li>\n<h3>T\u00f5hus h\u00fcdrauliline t\u00f6\u00f6<\/h3>\n<p>H\u00fcdraulika\u00f5li r\u00f5hu abil sujuva pikendus- ja tagasit\u00f5mbamisliigutuse saavutamiseks reageerib kopa silinder kiiresti juhtimisk\u00e4sklustele, pakub v\u00f5imsaid t\u00f5uke- ja t\u00f5mbej\u00f5ude ning sobib raskete esemete ja keerukate t\u00f6\u00f6\u00fclesannete k\u00e4sitsemiseks.<\/p>\n<\/li>\n<li>\n<h3>Mitu t\u00fc\u00fcpi<\/h3>\n<p>Kopasilindrit saab vastavalt erinevatele t\u00f6\u00f6vajadustele valida \u00fchetoimelise (h\u00fcdrauliline, \u00fches suunas kasutatav) v\u00f5i kahetoimelise (h\u00fcdrauliline, kahes suunas kasutatav) silindrina ning m\u00f5ned mudelid on teleskoopilised, v\u00f5imaldades suuremat pikendamist ilma v\u00e4lism\u00f5\u00f5tmeid suurendamata, sobides ruumipiiranguga rakenduste jaoks.<\/p>\n<\/li>\n<li>\n<h3>T\u00e4iuslik asendus<\/h3>\n<p>Me saame seda toodet toota ja meie tooted saavad neid h\u00fcdrosilindreid ideaalselt asendada.<\/p>\n<\/li>\n<li>\n<h3>Taotlus<\/h3>\n<p>Kopasilindrit kasutatakse laialdaselt erinevates rasketehnika masinates, n\u00e4iteks:<\/p>\n<ul>\n<li><strong>Ehitustehnika:<\/strong> Ekskavaatorites on need \u00fcliolulised kaevamisel, laadimisel ja pinnase v\u00f5i prahi teisaldamisel. Ekskavaatorites aitab kopa silinder nii kaevamisel kui ka t\u00f5stmisel. <\/li>\n<li><strong>P\u00f5llumajandusmasinad:<\/strong> Kasutatakse esilaaduritel mulla, heina ja muude materjalide kopeerimiseks, t\u00f5stmiseks ja transportimiseks. <\/li>\n<li><strong>Ekskavaatorid:<\/strong> Kopa silinder v\u00f5imaldab kaevamist, lastes kopal pinnasesse tungida.<\/li>\n<li><strong>Laadurid:<\/strong> Esilaadurites aitavad need kaupu t\u00f5husalt t\u00f5sta ja t\u00fchjendada.<\/li>\n<\/ul>\n<\/li>\n<\/ul>\n<h2>Projekteerimiskaalutlused ja valikukriteeriumid<\/h2>\n<ul>\n<li>\n<h3>Kandev\u00f5ime<\/h3>\n<p>Kopasilindri kandev\u00f5ime on \u00fclioluline, et see suudaks kavandatud t\u00f6\u00f6koormusega toime tulla ilma rikete v\u00f5i l\u00fchema kasutuseata. <\/p>\n<\/li>\n<li>\n<h3>Tihendus<\/h3>\n<p>Tihendus on oluline projekteerimiskriteerium, kuna see hoiab \u00e4ra vedeliku lekke ja keskkonna saastamise. Tihendusmaterjalide valikul tuleks arvestada kulumiskindluse ja korrosioonikindlusega, et tagada pikk kasutusiga.<\/p>\n<\/li>\n<li>\n<h3>Vastupidavus<\/h3>\n<p>Kopasilindri vastupidavus on oluline, et see taluks karmi t\u00f6\u00f6keskkonda ja suuri koormusi ilma rikete v\u00f5i l\u00fchema kasutuseata.<\/p>\n<\/li>\n<li>\n<h3>Ohutus<\/h3>\n<p>Kopasilindri konstruktsioon peaks arvestama ohutusteguritega, et v\u00e4ltida \u00f5nnetusi ja tagada operaatori ohutus.<\/p>\n<\/li>\n<li>\n<h3>Hooldus<\/h3>\n<p>Kopasilindri hooldus peaks olema lihtne ja arusaadav, v\u00f5imaldades kiiret remonti ja vahetust ning tagades silindri alati optimaalse seisukorra.<\/p>\n<\/li>\n<\/ul>\n<p><img decoding=\"async\" src=\"https:\/\/www.hydraulic-cylinders.net\/wp-content\/uploads\/2025\/01\/songte-oil-pipes-and-spare-parts.webp\" \/><\/p>\n<h2>Tihendus ja m\u00e4\u00e4rimine<\/h2>\n<p>Kopasilindris kasutatakse \u00f5lilekke v\u00e4ltimiseks mitmesuguseid tihenduskomponente, n\u00e4iteks kolvitihendeid ja vardatihendeid, mis on valmistatud kulumiskindlatest materjalidest, n\u00e4iteks pol\u00fcuretaanist ja nitriilkummist. Silindri korpus ja keermepind l\u00e4bivad peent\u00f6\u00f6tluse, et parandada kulumiskindlust. Kopasilindrit tuleb regulaarselt h\u00fcdraulika\u00f5liga m\u00e4\u00e4rida, et tagada sujuv t\u00f6\u00f6 ja pikk kasutusiga.<\/p>\n<h2>Kontroll ja hooldus<\/h2>\n<p>Regulaarne kontroll, m\u00e4\u00e4rimine ja tihendite vahetamine on kopasilindri olulised hooldust\u00f6\u00f6d. Silindri optimaalse t\u00f6\u00f6 tagamiseks on \u00fclioluline \u00f5ige paigaldamine, m\u00e4\u00e4rimine ja reguleerimine. Silindri kinnitamiseks on oluline tagada \u00f5ige joondamine ja kasutada sobivaid paigaldusklambreid. Soovitatavad kontrolli-, remondi- ja vahetusprotseduurid aitavad pikendada kopasilindri kasutusiga.<\/p>\n<p><img decoding=\"async\" src=\"https:\/\/www.hydraulic-cylinders.net\/wp-content\/uploads\/2025\/01\/songte-chushion-collar.webp\" \/><\/p>\n<h2>Ohutuskaalutlused ja keskkonnategurid<\/h2>\n<p>Kopasilindri ohutu t\u00f6\u00f6 on \u00f5nnetuste v\u00e4ltimiseks ja operaatori ohutuse tagamiseks \u00fclioluline. Ballooni paigaldamisel, k\u00e4itamisel ja hooldamisel on oluline j\u00e4rgida ohutusn\u00f5udeid. Kopasilindri projekteerimisel ja valimisel tuleks arvestada keskkonnateguritega, nagu saastumine ja reostus.<\/p>\n<h2>Rikete diagnoosimine ja levinud probleemid<\/h2>\n<p>Kopasilindrite tavaliste probleemide hulka kuuluvad \u00f5lileke, v\u00e4henenud j\u00f5udlus ja suurenenud kulumine. Probleemi p\u00f5hjuse kindlakstegemisel aitavad rikete diagnoosimise tehnikad, nagu visuaalne kontroll, r\u00f5hutestimine ja m\u00f5\u00f5tmete m\u00f5\u00f5tmine. Levinud ennetusmeetmete hulka kuuluvad regulaarne kontroll, m\u00e4\u00e4rimine ja tihendite vahetamine.<\/p>\n<p><img decoding=\"async\" src=\"https:\/\/www.hydraulic-cylinders.net\/wp-content\/uploads\/2025\/01\/songte-bushings-with-all-kinds-of-excavator-models.webp\" \/><\/p>\n<h2>Meie ettev\u00f5ttest<\/h2>\n<p>Oleme juhtiv h\u00fcdrauliliste silindrite tootja ja hulgim\u00fc\u00fcja nii sise- kui ka rahvusvahelisel turul. Pakume t\u00e4ielikku tootevalikut ja j\u00e4rgime suurep\u00e4rast kvaliteeti, tuginedes t\u00e4iustatud tootmist\u00f6\u00f6kodadele ja industrialiseeritud tootmise juhtimisstrateegiatele. Meie tooted on valmistatud t\u00e4iustatud tehnoloogia, tipptasemel tootmisseadmete ja professionaalsete testimiss\u00fcsteemide abil. Oleme p\u00fchendunud pakkuma oma klientidele t\u00f5husaid, t\u00e4pseid ja kvaliteetseid tooteid, mis vastavad nende mitmekesistele vajadustele.<\/p>\n<ul>\n<li>\n<h3>Professionaalsus<\/h3>\n<p>Meie ettev\u00f5ttes on k\u00f5rgelt professionaalne meeskond, kes on p\u00fchendunud klientidele parimate v\u00f5imalike toodete ja teenuste pakkumisele.<\/p>\n<\/li>\n<li>\n<h3>Rahvusvaheline sertifitseerimine<\/h3>\n<p>Meie ettev\u00f5te on omandanud mitmesuguseid rahvusvahelisi sertifikaate, n\u00e4iteks CE, ISO ja SGS, mis tagab meie toodete vastavuse \u00fclemaailmsetele kvaliteedistandarditele.<\/p>\n<\/li>\n<li>\n<h3>Kohandamise teenused<\/h3>\n<p>Meie ettev\u00f5te pakub kliendi erivajaduste ja -n\u00f5uete rahuldamiseks kohandamisteenuseid.<\/p>\n<\/li>\n<li>\n<h3>Tootmisseadmed<\/h3>\n<p>Meie ettev\u00f5te kasutab t\u00e4iustatud tootmisseadmeid, et parandada toote kvaliteeti ja t\u00f5husust.<\/p>\n<\/li>\n<li>\n<h3>M\u00fc\u00fcgij\u00e4rgne teenindus<\/h3>\n<p>Meie ettev\u00f5te pakub suurep\u00e4rast m\u00fc\u00fcgij\u00e4rgset teenindust, et tagada klientide rahulolu meie toodete ja teenustega.<\/p>\n<\/li>\n<\/ul>\n<p><img decoding=\"async\" src=\"https:\/\/hzpt.com\/wp-content\/uploads\/2024\/11\/songte-company-1.webp\" \/><\/p>\n<p>Autor: lyl.<\/p>","protected":false},"excerpt":{"rendered":"<p>Bucket Cylinder For Hyundai Large Excavator R37LC-7 Introduction The Bucket Cylinder for Hyundai Large Excavator R37LC-7 is a specially designed hydraulic cylinder used to control the movement of buckets in heavy machinery such as excavators, backhoe excavators, and front-end loaders. Its primary function is to enable the bucket to lift, lower and tilt, making it [&hellip;]<\/p>","protected":false},"featured_media":14761,"comment_status":"open","ping_status":"closed","template":"","meta":{"_et_pb_use_builder":"","_et_pb_old_content":"","_et_gb_content_width":""},"product_brand":[],"product_cat":[1494],"product_tag":[1495,1496],"class_list":{"0":"post-15326","1":"product","2":"type-product","3":"status-publish","4":"has-post-thumbnail","6":"product_cat-bucket-cylinders","7":"product_tag-bucket-cylinders","8":"product_tag-hydraulic-cylinders","10":"first","11":"instock","12":"shipping-taxable","13":"product-type-simple"},"amp_enabled":true,"_links":{"self":[{"href":"https:\/\/www.hydraulic-cylinders.net\/et\/wp-json\/wp\/v2\/product\/15326","targetHints":{"allow":["GET"]}}],"collection":[{"href":"https:\/\/www.hydraulic-cylinders.net\/et\/wp-json\/wp\/v2\/product"}],"about":[{"href":"https:\/\/www.hydraulic-cylinders.net\/et\/wp-json\/wp\/v2\/types\/product"}],"replies":[{"embeddable":true,"href":"https:\/\/www.hydraulic-cylinders.net\/et\/wp-json\/wp\/v2\/comments?post=15326"}],"wp:featuredmedia":[{"embeddable":true,"href":"https:\/\/www.hydraulic-cylinders.net\/et\/wp-json\/wp\/v2\/media\/14761"}],"wp:attachment":[{"href":"https:\/\/www.hydraulic-cylinders.net\/et\/wp-json\/wp\/v2\/media?parent=15326"}],"wp:term":[{"taxonomy":"product_brand","embeddable":true,"href":"https:\/\/www.hydraulic-cylinders.net\/et\/wp-json\/wp\/v2\/product_brand?post=15326"},{"taxonomy":"product_cat","embeddable":true,"href":"https:\/\/www.hydraulic-cylinders.net\/et\/wp-json\/wp\/v2\/product_cat?post=15326"},{"taxonomy":"product_tag","embeddable":true,"href":"https:\/\/www.hydraulic-cylinders.net\/et\/wp-json\/wp\/v2\/product_tag?post=15326"}],"curies":[{"name":"wp","href":"https:\/\/api.w.org\/{rel}","templated":true}]}}