{"id":15327,"date":"2025-01-19T14:23:28","date_gmt":"2025-01-19T14:23:28","guid":{"rendered":"https:\/\/www.hydraulic-cylinders.net\/product\/bucket-cylinder-for-hyundai-large-excavator-r445lc-7\/"},"modified":"2025-01-19T14:23:30","modified_gmt":"2025-01-19T14:23:30","slug":"bucket-cylinder-for-hyundai-large-excavator-r445lc-7","status":"publish","type":"product","link":"https:\/\/www.hydraulic-cylinders.net\/et\/toode\/bucket-cylinder-for-hyundai-large-excavator-r445lc-7\/","title":{"rendered":"Kopa silinder Hyundai suurele ekskavaatorile R445LC-7"},"content":{"rendered":"<p><!DOCTYPE html><br \/>\n<html><br \/>\n<head><br \/>\n<title>Kopa silinder Hyundai suurele ekskavaatorile R445LC-7<\/title><br \/>\n<\/head><br \/>\n<body><\/p>\n<h1>Kopa silinder Hyundai suurele ekskavaatorile R445LC-7<\/h1>\n<h2>Sissejuhatus<\/h2>\n<p>Hyundai suure ekskavaatori R445LC-7 kopa silinder on spetsiaalselt loodud h\u00fcdrauliline silinder, mida kasutatakse kopa liikumise juhtimiseks rasketes masinates, n\u00e4iteks ekskavaatorites, laadur-ekskavaatorites ja esilaadurites. Selle peamine \u00fclesanne on v\u00f5imaldada kopa t\u00f5stmist, langetamist ja kallutamist, h\u00f5lbustades mitmesuguseid materjali k\u00e4itlemise \u00fclesandeid. H\u00fcdraulikas\u00fcsteemis saavutab kopa silinder kopa t\u00e4pse juhtimise, kasutades \u00e4ra h\u00fcdraulika\u00f5li r\u00f5humuutusi, v\u00f5imaldades operaatoritel t\u00f5husalt k\u00e4sitseda raskeid koormaid ning kohaneda keerukate t\u00f6\u00f6keskkondade ja mitmekesiste t\u00f6\u00f6vajadustega.<\/p>\n<p><img decoding=\"async\" src=\"https:\/\/www.hydraulic-cylinders.net\/wp-content\/uploads\/2025\/01\/songte-company-2.webp\" alt=\"Toote pilt\"><\/p>\n<h2>Omadused<\/h2>\n<ul>\n<li>Suur tugevus ja vastupidavus: Tavaliselt valmistatud \u00fclitugevast terasest v\u00f5i alumiiniumist, talub k\u00f5rget r\u00f5hku ja suuri koormusi ning on kohandatav karmide t\u00f6\u00f6keskkondadega. Projekteerimisel on arvesse v\u00f5etud kulumiskindlust ja korrosioonikindlust, pikendades kasutusiga.<\/li>\n<li>T\u00f5hus h\u00fcdrauliline t\u00f6\u00f6: Kasutab h\u00fcdraulika\u00f5li r\u00f5hku sujuvate pikendus- ja tagasit\u00f5mbamisliigutuste saavutamiseks, reageerib kiiresti juhtimisk\u00e4sklustele, pakkudes v\u00f5imsaid t\u00f5uke- ja t\u00f5mbej\u00f5ude, mis sobivad raskete koormate ja keerukate t\u00f6\u00f6\u00fclesannete k\u00e4sitsemiseks.<\/li>\n<li>Erinevad t\u00fc\u00fcbid: Saab valida \u00fchetoimeliste (h\u00fcdrauliline, ainult \u00fches suunas kasutatav) v\u00f5i kahetoimeliste (h\u00fcdrauliline, kahes suunas kasutatav) silindritena vastavalt vajadusele, mis vastavad erinevatele t\u00f6\u00f6vajadustele. M\u00f5ned mudelid on teleskoopilised, v\u00f5imaldades suuremat pikendamist ilma v\u00e4lism\u00f5\u00f5tmeid suurendamata, sobides piiratud ruumiga rakenduste jaoks.<\/li>\n<li>T\u00e4iuslik asendus: Meie toode saab need h\u00fcdraulilised silindrid ideaalselt asendada.<\/li>\n<\/ul>\n<p><img decoding=\"async\" src=\"https:\/\/www.hydraulic-cylinders.net\/wp-content\/uploads\/2025\/01\/songte-cylinder-head-with-all-kinds-excavator-models.webp\" alt=\"Toote asenduspilt\"><\/p>\n<h2>Rakendused<\/h2>\n<h3>Ehitustehnika:<\/h3>\n<p>Ekskavaatorites on need \u00fcliolulised kaevamisel, laadimisel ja pinnase v\u00f5i prahi teisaldamisel. Ekskavaator-laadurites aitab kopa silinder nii kaevamisel kui ka t\u00f5stmisel.<\/p>\n<h3>P\u00f5llumajandusmasinad:<\/h3>\n<p>Kasutatakse esilaadurites mulla, heina ja muude materjalide kopeerimiseks, t\u00f5stmiseks ja transportimiseks.<\/p>\n<h3>Ekskavaatorid:<\/h3>\n<p>Kopa silinder v\u00f5imaldab kaevamist, lastes kopal pinnasesse tungida.<\/p>\n<h3>Laadurid:<\/h3>\n<p>Esilaadurites aitavad need kaupu t\u00f5husalt t\u00f5sta ja maha laadida.<\/p>\n<h2>Projekteerimiskaalutlused ja valikukriteeriumid<\/h2>\n<ul>\n<li>Bearing capacity: The cylinder&#8217;s ability to withstand load without failure.<\/li>\n<li>Tihendus: T\u00f5hus tihendus lekete v\u00e4ltimiseks ja h\u00fcdraulikas\u00fcsteemi j\u00f5udluse s\u00e4ilitamiseks.<\/li>\n<li>Durability: Resistance to wear, corrosion, and other factors that may affect the cylinder&#8217;s lifespan.<\/li>\n<li>Safety: Ensuring the cylinder&#8217;s operation does not pose a risk to operators or surrounding equipment.<\/li>\n<li>Hooldatavus: Lihtne hooldus ja remont seisakuaja minimeerimiseks.<\/li>\n<\/ul>\n<p><img decoding=\"async\" src=\"https:\/\/www.hydraulic-cylinders.net\/wp-content\/uploads\/2025\/01\/songte-oil-pipes-and-spare-parts.webp\" alt=\"Tihendus- ja m\u00e4\u00e4rimispilt\"><\/p>\n<h2>Tihendus ja m\u00e4\u00e4rimine<\/h2>\n<p>Kopasilindris kasutatakse mitmesuguseid tihendeid, n\u00e4iteks kolvitihendeid ja vardatihendeid, mis on valmistatud kulumiskindlatest materjalidest nagu pol\u00fcuretaan ja nitriilkummi. Silindri korpus ja keermestatud otsad on kulumiskindluse parandamiseks l\u00e4binud hoolika t\u00f6\u00f6tluse. Sujuva t\u00f6\u00f6 tagamiseks on vaja regulaarselt m\u00e4\u00e4rida sobiva koguse h\u00fcdraulika\u00f5liga.<\/p>\n<h2>Regulaarne kontroll ja ennetavad hooldusmeetmed<\/h2>\n<ul>\n<li>Regulaarne kontroll: kontrollige kahjustuste, lekete v\u00f5i ebanormaalse k\u00e4itumise m\u00e4rke.<\/li>\n<li>\u00d5ige m\u00e4\u00e4rimine: Veenduge, et silinder oleks piisavalt m\u00e4\u00e4ritud, et v\u00e4ltida liigset kulumist.<\/li>\n<li>Tihendi vahetamine: optimaalse j\u00f5udluse s\u00e4ilitamiseks vahetage kulunud tihendid v\u00e4lja.<\/li>\n<li>Kalibreerimiskontroll: veenduge, et silinder t\u00f6\u00f6tab etten\u00e4htud parameetrite piires.<\/li>\n<\/ul>\n<p><img decoding=\"async\" src=\"https:\/\/www.hydraulic-cylinders.net\/wp-content\/uploads\/2025\/01\/songte-chushion-collar.webp\" alt=\"Regulaarse hoolduse pilt\"><\/p>\n<h2>Ohutuskaalutlused ja keskkonnategurid<\/h2>\n<p>Kopasilindri kasutamisel on \u00f5nnetuste ja vigastuste v\u00e4ltimiseks oluline j\u00e4rgida ohutusmeetmeid. See h\u00f5lmab n\u00f5uetekohast v\u00e4lja\u00f5pet, sobivate isikukaitsevahendite kasutamist ja t\u00f6\u00f6juhiste j\u00e4rgimist. Samuti tuleks arvestada keskkonnateguritega, et tagada eeskirjade j\u00e4rgimine ja minimeerida negatiivset m\u00f5ju.<\/p>\n<h2>Rikete diagnoosimine ja levinud probleemid<\/h2>\n<p>Kopasilindrite levinud probleemide hulka v\u00f5ivad kuuluda leke, ebapiisav v\u00f5imsus v\u00f5i ebakorrap\u00e4rased liikumised. Probleemide t\u00f5husaks tuvastamiseks ja lahendamiseks on \u00fclioluline \u00f5ige rikete diagnoosimine ja t\u00f5rkeotsing. Regulaarne hooldus ja ennetavate meetmete rakendamine aitavad potentsiaalseid probleeme minimeerida.<\/p>\n<p><img decoding=\"async\" src=\"https:\/\/www.hydraulic-cylinders.net\/wp-content\/uploads\/2025\/01\/songte-bushings-with-all-kinds-of-excavator-models.webp\" alt=\"Vea diagnoosi pilt\"><\/p>\n<h2>Kokkuv\u00f5te<\/h2>\n<p>Kokkuv\u00f5tteks v\u00f5ib \u00f6elda, et Hyundai suure ekskavaatori R445LC-7 kopa silinder on rasketehnika oluline komponent, mis tagab t\u00e4pse juhtimise materjalik\u00e4itlust\u00f6\u00f6del. Meie ettev\u00f5te on h\u00fcdrosilindrite juhtiv tootja ja hulgim\u00fc\u00fcja, pakkudes laia valikut tooteid, mis asendavad ja parandavad ideaalselt erinevate h\u00fcdros\u00fcsteemide j\u00f5udlust. P\u00fchendudes tipptasemele, t\u00e4iustatud tootmis\u00fcksustele ja p\u00fchendunud klienditeenindusele, p\u00fc\u00fcame rahuldada oma klientide mitmekesiseid vajadusi suure t\u00f5hususega, t\u00e4psuse ja kvaliteediga.<\/p>\n<p><img decoding=\"async\" src=\"https:\/\/www.hydraulic-cylinders.net\/wp-content\/uploads\/2025\/01\/songte-company-3.webp\" alt=\"Ettev\u00f5tte kuvand\"><\/p>\n<p>Alates professionaalsusest, rahvusvahelistest sertifikaatidest, kohandatud teenustest ja tootmisseadmetest kuni m\u00fc\u00fcgij\u00e4rgse toeni \u2013 p\u00fc\u00fcame pakkuda terviklikku lahendust. Oleme uhked oma p\u00fchendumuse \u00fcle suurep\u00e4rasele kvaliteedile ja pidevale t\u00e4iustamisele, mis teeb meist usaldusv\u00e4\u00e4rse partneri h\u00fcdrosilindrite valdkonnas.<\/p>\n<p>Autor: lyl<\/p>\n<p><\/body><br \/>\n<\/html><\/p>","protected":false},"excerpt":{"rendered":"<p>Bucket Cylinder For Hyundai Large Excavator R445LC-7 Bucket Cylinder For Hyundai Large Excavator R445LC-7 Introduction The bucket cylinder for Hyundai large excavator R445LC-7 is a specially designed hydraulic cylinder used to control the movement of the bucket in heavy machinery such as excavators, backhoe loaders, and front-end loaders. Its main function is to enable the [&hellip;]<\/p>","protected":false},"featured_media":14789,"comment_status":"open","ping_status":"closed","template":"","meta":{"_et_pb_use_builder":"","_et_pb_old_content":"","_et_gb_content_width":""},"product_brand":[],"product_cat":[1494],"product_tag":[1495,1496],"class_list":{"0":"post-15327","1":"product","2":"type-product","3":"status-publish","4":"has-post-thumbnail","6":"product_cat-bucket-cylinders","7":"product_tag-bucket-cylinders","8":"product_tag-hydraulic-cylinders","10":"first","11":"instock","12":"shipping-taxable","13":"product-type-simple"},"amp_enabled":true,"_links":{"self":[{"href":"https:\/\/www.hydraulic-cylinders.net\/et\/wp-json\/wp\/v2\/product\/15327","targetHints":{"allow":["GET"]}}],"collection":[{"href":"https:\/\/www.hydraulic-cylinders.net\/et\/wp-json\/wp\/v2\/product"}],"about":[{"href":"https:\/\/www.hydraulic-cylinders.net\/et\/wp-json\/wp\/v2\/types\/product"}],"replies":[{"embeddable":true,"href":"https:\/\/www.hydraulic-cylinders.net\/et\/wp-json\/wp\/v2\/comments?post=15327"}],"wp:featuredmedia":[{"embeddable":true,"href":"https:\/\/www.hydraulic-cylinders.net\/et\/wp-json\/wp\/v2\/media\/14789"}],"wp:attachment":[{"href":"https:\/\/www.hydraulic-cylinders.net\/et\/wp-json\/wp\/v2\/media?parent=15327"}],"wp:term":[{"taxonomy":"product_brand","embeddable":true,"href":"https:\/\/www.hydraulic-cylinders.net\/et\/wp-json\/wp\/v2\/product_brand?post=15327"},{"taxonomy":"product_cat","embeddable":true,"href":"https:\/\/www.hydraulic-cylinders.net\/et\/wp-json\/wp\/v2\/product_cat?post=15327"},{"taxonomy":"product_tag","embeddable":true,"href":"https:\/\/www.hydraulic-cylinders.net\/et\/wp-json\/wp\/v2\/product_tag?post=15327"}],"curies":[{"name":"wp","href":"https:\/\/api.w.org\/{rel}","templated":true}]}}