{"id":15329,"date":"2025-01-19T14:23:37","date_gmt":"2025-01-19T14:23:37","guid":{"rendered":"https:\/\/www.hydraulic-cylinders.net\/product\/bucket-cylinder-for-hyundai-large-excavator-r320lc-7\/"},"modified":"2025-01-19T14:23:39","modified_gmt":"2025-01-19T14:23:39","slug":"bucket-cylinder-for-hyundai-large-excavator-r320lc-7","status":"publish","type":"product","link":"https:\/\/www.hydraulic-cylinders.net\/et\/toode\/bucket-cylinder-for-hyundai-large-excavator-r320lc-7\/","title":{"rendered":"Kopa silinder Hyundai suurele ekskavaatorile R320LC-7"},"content":{"rendered":"<h1>Kopa silinder Hyundai suurele ekskavaatorile R320LC-7<\/h1>\n<h2>Sissejuhatus<\/h2>\n<p>Kopa silinder on spetsiaalne h\u00fcdrauliline silinder, mida kasutatakse peamiselt koppade liikumise juhtimiseks rasketes masinates, n\u00e4iteks ekskavaatorites, laadurites ja esilaadurites. Selle peamine \u00fclesanne on kopa t\u00f5stmine, langetamine ja kallutamine, mis h\u00f5lbustab erinevate materjalide k\u00e4sitsemist. H\u00fcdraulilises s\u00fcsteemis saavutab kopa silinder kopa t\u00e4pse juhtimise h\u00fcdraulika\u00f5li r\u00f5hu muutmise abil, v\u00f5imaldades operaatoritel t\u00f5husalt k\u00e4sitseda raskeid koormaid ning kohaneda keerukate t\u00f6\u00f6keskkondade ja mitmekesiste t\u00f6\u00f6n\u00f5uetega.<\/p>\n<p><img decoding=\"async\" src=\"https:\/\/www.hydraulic-cylinders.net\/wp-content\/uploads\/2025\/01\/songte-company-2.webp\" alt=\"\u00e4mbri silindri pilt\"><\/p>\n<h2>Omadused<\/h2>\n<ul>\n<li>Suur tugevus ja vastupidavus: Tavaliselt \u00fclitugevast terasest v\u00f5i alumiiniumist valmistatud kopa silinder talub k\u00f5rget r\u00f5hku ja suuri koormusi, kohandudes karmide t\u00f6\u00f6keskkondadega. Projekteerimisel on arvesse v\u00f5etud kulumiskindlust ja korrosioonikindlust, pikendades selle kasutusiga.<\/li>\n<li>T\u00f5hus h\u00fcdrauliline t\u00f6\u00f6: See saavutab sujuva teleskoopliikumise h\u00fcdraulika\u00f5li r\u00f5hu abil, pakkudes tugevat t\u00f5uke- ja t\u00f5mbej\u00f5udu, mis sobib raskete koormate ja keerukate t\u00f6\u00f6\u00fclesannete k\u00e4sitsemiseks.<\/li>\n<li>Erinevad t\u00fc\u00fcbid: \u00dchetoimelise (h\u00fcdraulilist s\u00fcsteemi kasutatakse ainult \u00fches suunas) v\u00f5i kahetoimelise (h\u00fcdraulilist s\u00fcsteemi kasutatakse m\u00f5lemas suunas) silindri saab valida vastavalt vajadustele, et see vastaks erinevatele t\u00f6\u00f6tingimustele. M\u00f5ned mudelid on teleskoopilised, mis v\u00f5imaldab suuremat pikendamist ilma v\u00e4lism\u00f5\u00f5tmeid suurendamata, sobides piiratud ruumiga rakenduste jaoks.<\/li>\n<li>Kohandatud tootmine: meie toode saab neid h\u00fcdrosilindreid ideaalselt asendada.<\/li>\n<\/ul>\n<p><img decoding=\"async\" src=\"https:\/\/www.hydraulic-cylinders.net\/wp-content\/uploads\/2025\/01\/songte-cylinder-head-with-all-kinds-excavator-models.webp\" alt=\"\u00e4mbrisilindri asenduspilt\"><\/p>\n<h2>Rakendused<\/h2>\n<p>Kopasilindrit kasutatakse laialdaselt erinevates rasketehnika masinates, n\u00e4iteks:<\/p>\n<ul>\n<li>Ehitusmasinad: Ekskavaatorites on need olulised kaevamiseks, laadimiseks ja pinnase v\u00f5i prahi teisaldamiseks. Ekskavaatoritel aitab kopa silinder nii kaevamisel kui ka t\u00f5stmisel. Esilaaduritel aitavad need kaupu t\u00f5husalt t\u00f5sta ja t\u00fchjendada.<\/li>\n<li>P\u00f5llumajandusmasinad: Kasutatakse esilaadurites mulla, heina ja muude materjalide kaevamiseks, t\u00f5stmiseks ja transportimiseks. Ekskavaatorites saavutab kopa silinder kaevamistoimingu, v\u00f5imaldades kopal pinnasesse tungida. <\/li>\n<\/ul>\n<h2>Projekteerimiskaalutlused ja valikustandardid<\/h2>\n<p>Kopa silinder on konstrueeritud nii, et see v\u00f5taks arvesse j\u00e4rgmisi tegureid:<\/p>\n<ul>\n<li>Kandev\u00f5ime<\/li>\n<li>Tihendusv\u00f5ime<\/li>\n<li>Vastupidavus<\/li>\n<li>Ohutus<\/li>\n<li>Hooldatavus<\/li>\n<\/ul>\n<p>Peamised disainikaalutlused on j\u00e4rgmised:<\/p>\n<h3>Kandev\u00f5ime<\/h3>\n<p>Kopasilindrid on valmistatud \u00fclitugevatest materjalidest, n\u00e4iteks terasest v\u00f5i alumiiniumist, mis taluvad k\u00f5rget r\u00f5hku ja suuri koormusi. Projekteerimisel on arvesse v\u00f5etud kulumiskindlust ja korrosioonikindlust, pikendades selle kasutusiga.<\/p>\n<h3>Tihendusv\u00f5ime<\/h3>\n<p>H\u00fcdraulika\u00f5li lekke v\u00e4ltimiseks kasutatakse mitmesuguseid tihenduskomponente, n\u00e4iteks kolvitihendeid ja varrastihendeid. Need tihendid on valmistatud kulumiskindlatest materjalidest, n\u00e4iteks pol\u00fcuretaanist ja nitriilkummist.<\/p>\n<h3>Vastupidavus<\/h3>\n<p>Silindri korpus ja keermestatud otsapind on t\u00e4pselt t\u00f6\u00f6deldud, et parandada kulumiskindlust. Pind on t\u00f6\u00f6deldud korrosioonivastaste materjalidega, et pikendada silindri kasutusiga.<\/p>\n<h3>Ohutus<\/h3>\n<p>Kopa silinder on varustatud ohutusseadmetega, n\u00e4iteks r\u00f5hualandusventiiliga, et v\u00e4ltida liigsest r\u00f5hust tingitud kahjustusi.<\/p>\n<h3>Hooldatavus<\/h3>\n<p>Silinder on konstrueeritud kergesti hooldatavaks. Soovitatav on regulaarselt kontrollida ja kulunud osi, n\u00e4iteks tihendeid ja pukse, v\u00e4lja vahetada.<\/p>\n<p><img decoding=\"async\" src=\"https:\/\/www.hydraulic-cylinders.net\/wp-content\/uploads\/2025\/01\/songte-oil-pipes-and-spare-parts.webp\" alt=\"kopa silindri osade pilt\"><\/p>\n<h2>Tihendus ja m\u00e4\u00e4rimine<\/h2>\n<p>H\u00fcdraulika\u00f5li lekke v\u00e4ltimiseks kasutatakse mitmesuguseid tihenduskomponente, n\u00e4iteks kolvitihendeid ja varrastihendeid. Need tihendid on valmistatud kulumiskindlatest materjalidest, nagu pol\u00fcuretaan ja nitriilkummi. Silindri korpus ja keermestatud otsapind on t\u00e4pselt t\u00f6\u00f6deldud, et parandada kulumiskindlust. Pind on t\u00f6\u00f6deldud korrosioonivastaste materjalidega, et pikendada silindri kasutusiga. Vajalik on regulaarne m\u00e4\u00e4rimine sobiva koguse h\u00fcdraulika\u00f5liga.<\/p>\n<h2>Kontrolli ja ennetava hoolduse meetmed<\/h2>\n<p>Regulaarsed kontrolli- ja ennetusmeetmed h\u00f5lmavad j\u00e4rgmist:<\/p>\n<ul>\n<li>Lekete kontrollimine<\/li>\n<li>Lahtiste v\u00f5i kahjustuste kontrollimine<\/li>\n<li>Liigse kulumise kontrollimine<\/li>\n<li>M\u00e4\u00e4rimine<\/li>\n<li>Kulunud osade vahetamine<\/li>\n<li>Kalibreerimiskontrollid<\/li>\n<\/ul>\n<p>Kopasilindri \u00f5ige paigaldamine, m\u00e4\u00e4rimine ja reguleerimine on h\u00e4davajalik. Paigaldamise ajal tuleks tagada \u00f5ige joondamise juhis. Soovitame silindri kinnitamiseks kasutada sobivaid kinnitusklambreid. Kopasilindri kasutusea pikendamiseks on saadaval soovituslikud kontrolli-, remondi- ja vahetusprotseduurid. <\/p>\n<p><img decoding=\"async\" src=\"https:\/\/www.hydraulic-cylinders.net\/wp-content\/uploads\/2025\/01\/songte-chushion-collar.webp\" alt=\"kopasilindri paigalduspilt\"><\/p>\n<h2>Ohutuskaalutlused ja keskkonnategurid<\/h2>\n<p>Raskete masinate, n\u00e4iteks kopasilindrite k\u00e4sitsemisel on ohutusmeetmed h\u00e4davajalikud. Kasutada tuleks sobivaid kaitsevahendeid, nagu kindaid, kaitseprille ja kaitsekiivrit. \u00d5lilekked tuleks libastumis- ja kukkumisohu v\u00e4hendamiseks viivitamatult puhastada. Kopasilindri kasutamisel tuleks arvesse v\u00f5tta ka keskkonnategureid, nagu temperatuur ja niiskus.<\/p>\n<h2>Veaotsing ja levinud probleemid<\/h2>\n<p>Kopasilindri kasutamisel tekkida v\u00f5ivad levinud probleemid on j\u00e4rgmised:<\/p>\n<ul>\n<li>Lekkiv h\u00fcdraulika\u00f5li<\/li>\n<li>Silindri korpuse kahjustused<\/li>\n<li>Kulunud tihendid<\/li>\n<li>Lahtised v\u00f5i kahjustatud komponendid<\/li>\n<li>Juhtk\u00e4sklustele reageerimata j\u00e4tmine<\/li>\n<\/ul>\n<p>Probleemide t\u00f5husaks diagnoosimiseks ja lahendamiseks soovitame j\u00e4rgida soovitatud kontrolli-, remondi- ja asendusprotseduure. Samuti soovitame ennetavaid meetmeid, nagu regulaarne kontroll, hooldus ja kalibreerimiskontrollid.<\/p>\n<p><img decoding=\"async\" src=\"https:\/\/www.hydraulic-cylinders.net\/wp-content\/uploads\/2025\/01\/songte-bushings-with-all-kinds-of-excavator-models.webp\" alt=\"kopa silindri pukside pilt\"><\/p>\n<h2>Meie ettev\u00f5ttest<\/h2>\n<p>Oleme juhtiv h\u00fcdrauliliste silindrite tootja ja hulgim\u00fc\u00fcja nii sise- kui ka rahvusvahelisel turul. Spetsialiseerume koppsilindrite tootmisele, mis sobivad ideaalselt nende h\u00fcdrauliliste silindrite asendamiseks. Meie tooted on tuntud oma suurep\u00e4rase kvaliteedi poolest ning me toetume oma keeruka tootmist\u00f6\u00f6koja industrialiseeritud tootmisjuhtimise strateegiale, tehnoloogilistele annetele, digitaalsetele t\u00e4iustatud tootmisseadmetele ja professionaalsetele testimiss\u00fcsteemidele, et oma tootmisplatvormi pidevalt t\u00e4iustada. Meil \u200b\u200bon tugev loominguline v\u00f5imekus ja j\u00e4rgime k\u00f5rge efektiivsuse, suure t\u00e4psuse ja k\u00f5rge kvaliteedi p\u00f5him\u00f5tteid ning oleme p\u00fchendunud oma klientide mitmekesiste vajaduste rahuldamisele.<\/p>\n<p>Meie ettev\u00f5te pakub professionaalseid teenuseid ja kohandatud tooteid ning oleme omandanud rahvusvahelised sertifikaadid nagu ISO9001 ja CE, mis tagavad meie toodete ja teenuste kvaliteedi.<\/p>\n<p>Meil on professionaalne tootmismeeskond ja t\u00e4iustatud tootmisseadmed, sealhulgas CNC-masinad, h\u00fcdraulilised katsepingid ja muud katseseadmed, et tagada meie toodete vastavus k\u00f5rgeimatele kvaliteedistandarditele. Pakume ka m\u00fc\u00fcgij\u00e4rgset teenindust, sealhulgas varuosade vahetust ja taastamisteenuseid, et maksimeerida meie toodete kasutusiga.<\/p>\n<p><img decoding=\"async\" src=\"https:\/\/hzpt.com\/wp-content\/uploads\/2024\/11\/songte-company-1.webp\" alt=\"ettev\u00f5tte kuvand\"><\/p>\n<p>Autor: lyl<\/p>","protected":false},"excerpt":{"rendered":"<p>Bucket Cylinder For Hyundai Large Excavator R320LC-7 Introduction A bucket cylinder is a specialized hydraulic cylinder used primarily to control the movement of buckets in heavy machinery such as excavators, backhoes, and front loaders. Its main function is to lift, lower, and tilt the bucket, making it easier to handle various materials. In the hydraulic [&hellip;]<\/p>","protected":false},"featured_media":14787,"comment_status":"open","ping_status":"closed","template":"","meta":{"_et_pb_use_builder":"","_et_pb_old_content":"","_et_gb_content_width":""},"product_brand":[],"product_cat":[1494],"product_tag":[1495,1496],"class_list":{"0":"post-15329","1":"product","2":"type-product","3":"status-publish","4":"has-post-thumbnail","6":"product_cat-bucket-cylinders","7":"product_tag-bucket-cylinders","8":"product_tag-hydraulic-cylinders","10":"first","11":"instock","12":"shipping-taxable","13":"product-type-simple"},"amp_enabled":true,"_links":{"self":[{"href":"https:\/\/www.hydraulic-cylinders.net\/et\/wp-json\/wp\/v2\/product\/15329","targetHints":{"allow":["GET"]}}],"collection":[{"href":"https:\/\/www.hydraulic-cylinders.net\/et\/wp-json\/wp\/v2\/product"}],"about":[{"href":"https:\/\/www.hydraulic-cylinders.net\/et\/wp-json\/wp\/v2\/types\/product"}],"replies":[{"embeddable":true,"href":"https:\/\/www.hydraulic-cylinders.net\/et\/wp-json\/wp\/v2\/comments?post=15329"}],"wp:featuredmedia":[{"embeddable":true,"href":"https:\/\/www.hydraulic-cylinders.net\/et\/wp-json\/wp\/v2\/media\/14787"}],"wp:attachment":[{"href":"https:\/\/www.hydraulic-cylinders.net\/et\/wp-json\/wp\/v2\/media?parent=15329"}],"wp:term":[{"taxonomy":"product_brand","embeddable":true,"href":"https:\/\/www.hydraulic-cylinders.net\/et\/wp-json\/wp\/v2\/product_brand?post=15329"},{"taxonomy":"product_cat","embeddable":true,"href":"https:\/\/www.hydraulic-cylinders.net\/et\/wp-json\/wp\/v2\/product_cat?post=15329"},{"taxonomy":"product_tag","embeddable":true,"href":"https:\/\/www.hydraulic-cylinders.net\/et\/wp-json\/wp\/v2\/product_tag?post=15329"}],"curies":[{"name":"wp","href":"https:\/\/api.w.org\/{rel}","templated":true}]}}