{"id":15330,"date":"2025-01-19T14:23:41","date_gmt":"2025-01-19T14:23:41","guid":{"rendered":"https:\/\/www.hydraulic-cylinders.net\/product\/bucket-cylinder-for-hyundai-large-excavator-r370lc-7\/"},"modified":"2025-01-19T14:23:43","modified_gmt":"2025-01-19T14:23:43","slug":"bucket-cylinder-for-hyundai-large-excavator-r370lc-7","status":"publish","type":"product","link":"https:\/\/www.hydraulic-cylinders.net\/et\/toode\/bucket-cylinder-for-hyundai-large-excavator-r370lc-7\/","title":{"rendered":"Kopa silinder Hyundai suurele ekskavaatorile R370LC-7"},"content":{"rendered":"<h1>Kopa silinder Hyundai suurele ekskavaatorile R370LC-7<\/h1>\n<h2>Sissejuhatus<\/h2>\n<h3>Toote m\u00e4\u00e4ratlus<\/h3>\n<p>Kopa silinder on h\u00fcdrosilindri t\u00fc\u00fcp, mis on spetsiaalselt loodud koppade liikumise juhtimiseks rasketes masinates, n\u00e4iteks ekskavaatorites, laadurites ja esilaadurites. Selle peamine \u00fclesanne on v\u00f5imaldada koppade t\u00f5stmist, langetamist ja kallutamist, muutes mitmesuguste materjalik\u00e4itlust\u00f6\u00f6de tegemise lihtsamaks. H\u00fcdraulilistes s\u00fcsteemides kasutavad kopa silindrid h\u00fcdraulika\u00f5li r\u00f5hu muutusi kopa t\u00e4pse juhtimise saavutamiseks, v\u00f5imaldades operaatoritel t\u00f5husalt k\u00e4sitseda raskeid koormaid, kohaneda keerukate t\u00f6\u00f6keskkondade ja mitmekesiste t\u00f6\u00f6n\u00f5uetega.<\/p>\n<p><img decoding=\"async\" src=\"https:\/\/www.hydraulic-cylinders.net\/wp-content\/uploads\/2025\/01\/songte-company-2.webp\" alt=\"\u00c4mbri silindri pilt\"><\/p>\n<h3>Toote omadused<\/h3>\n<ul>\n<li><strong>Suur tugevus ja vastupidavus:<\/strong> Tavaliselt \u00fclitugevast terasest v\u00f5i alumiiniumist valmistatud kopasilindrid taluvad k\u00f5rget r\u00f5hku ja suuri koormusi, kohandudes karmide t\u00f6\u00f6keskkondadega. Projekteerimisel on arvestatud kulumiskindluse ja korrosioonikindlusega, pikendades nende kasutusiga.<\/li>\n<li><strong>T\u00f5hus h\u00fcdrauliline t\u00f6\u00f6:<\/strong> Kasutades h\u00fcdraulika\u00f5li r\u00f5hku sujuva pikenemise ja kokkut\u00f5mbumise saavutamiseks, reageerivad kopasilindrid kiiresti juhtimisk\u00e4sklustele, pakkudes v\u00f5imsat t\u00f5uke- ja t\u00f5mbej\u00f5udu, mis sobib raskete koormate ja keerukate t\u00f6\u00f6\u00fclesannete k\u00e4sitsemiseks.<\/li>\n<li><strong>T\u00fc\u00fcpide mitmekesisus:<\/strong> Kopasilindrid saab valida \u00fchetoimelistena (h\u00fcdraulika kasutatakse ainult \u00fches suunas) v\u00f5i kahetoimelistena (h\u00fcdraulika kasutatakse m\u00f5lemas suunas) vastavalt konkreetsetele t\u00f6\u00f6vajadustele. M\u00f5ned mudelid on teleskoopilised, mis v\u00f5imaldab suuremat pikendamist ilma v\u00e4lism\u00f5\u00f5tmeid suurendamata, sobides piiratud ruumides kasutamiseks.<\/li>\n<li><strong>T\u00e4iuslik asendus:<\/strong> Meie koppsilinder saab neid h\u00fcdraulilisi silindreid ideaalselt asendada. <\/li>\n<\/ul>\n<p><img decoding=\"async\" src=\"https:\/\/www.hydraulic-cylinders.net\/wp-content\/uploads\/2025\/01\/songte-cylinder-head-with-all-kinds-excavator-models.webp\" alt=\"\u00c4mbri silindri asendamise pilt\"><\/p>\n<h3>Rakendusstsenaariumid<\/h3>\n<p>Kopasilindrid on laialdaselt kasutusel erinevates ehitus-, p\u00f5llumajandus- ja kaevandusmasinates, n\u00e4iteks:<\/p>\n<ul>\n<li><strong>Ehitustehnika:<\/strong> Ekskavaatorites on need kriitilise t\u00e4htsusega kaevamisel, laadimisel ja pinnase v\u00f5i prahi teisaldamisel. Ekskavaatorites aitavad kopasilindrid nii kaevamisel kui ka t\u00f5stmisel. <\/li>\n<li><strong>P\u00f5llumajandusmasinad:<\/strong> Kasutatakse esilaadurites mulla, heina ja muude materjalide kopeerimiseks, t\u00f5stmiseks ja transportimiseks.<\/li>\n<li><strong>Kaevandusmasinad:<\/strong> Kopasilindrid v\u00f5imaldavad kaevamistoiminguid, lastes kopal pinnasesse tungida. <\/li>\n<li><strong>Muud masinad:<\/strong> Esilaadurites aitavad kopasilindrid kaupu t\u00f5husalt t\u00f5sta ja t\u00fchjendada.<\/li>\n<\/ul>\n<h3>Projekteerimiskaalutlused ja valikukriteeriumid<\/h3>\n<p>Silindri valimisel tuleks arvestada mitmete teguritega, sealhulgas:<\/p>\n<ul>\n<li><strong>Kandev\u00f5ime:<\/strong> Silinder peab suutma taluda maksimaalset koormust, millele see allutatakse, ilma et see painduks v\u00f5i katastroofiliselt puruneks.<\/li>\n<li><strong>Tihendus:<\/strong> Silinder peab olema h\u00e4sti tihendatud, et v\u00e4ltida h\u00fcdraulilise vedeliku leket, mis v\u00e4hendaks selle efektiivsust ja tekitaks potentsiaalseid ohutusriske.<\/li>\n<li><strong>Vastupidavus:<\/strong> Silinder peab olema valmistatud materjalidest, mis taluvad kulumist ja korrosiooni, tagades selle pika kasutusea karmides tingimustes. <\/li>\n<li><strong>Ohutus:<\/strong> Silinder peab olema konstrueeritud ja paigaldatud ohutusfunktsioonidega, et v\u00e4ltida \u00f5nnetusi t\u00f6\u00f6tamise ajal.<\/li>\n<li><strong>Hooldatavus:<\/strong> Silindrit peab olema lihtne hooldada ja parandada, varuosad peavad olema kergesti k\u00e4ttesaadavad ning hooldusprotseduure tuleb rangelt j\u00e4rgida, et tagada selle usaldusv\u00e4\u00e4rne toimimine.<\/li>\n<\/ul>\n<p><img decoding=\"async\" src=\"https:\/\/www.hydraulic-cylinders.net\/wp-content\/uploads\/2025\/01\/songte-oil-pipes-and-spare-parts.webp\" alt=\"\u00c4mbri silindri kujunduspilt\"><\/p>\n<h3>Tihendus ja m\u00e4\u00e4rimine<\/h3>\n<p>Kopasilindril on vaja mitmesuguseid tihenduskomponente, n\u00e4iteks kolvitihendeid ja vardatihendeid, et s\u00e4ilitada hea tihendus ja v\u00e4ltida h\u00fcdraulikavedeliku leket. Tihendid on valmistatud kulumiskindlatest materjalidest, nagu pol\u00fcuretaan ja nitriilkummi. Silindri korpus ja keermestatud otsapinnad on peenelt t\u00f6\u00f6deldud, et parandada kulumiskindlust. Silinder vajab sujuva t\u00f6\u00f6 tagamiseks regulaarset m\u00e4\u00e4rimist h\u00fcdraulika\u00f5liga.<\/p>\n<h3>Hooldus ja ennetavad meetmed<\/h3>\n<p>Regulaarne hooldus ja ennetavad meetmed on kopasilindri pikaajalise j\u00f5udluse ja kasutusea tagamiseks \u00fcliolulised. Levinud hooldust\u00f6\u00f6d h\u00f5lmavad j\u00e4rgmist:<\/p>\n<ul>\n<li><strong>Regulaarne kontroll:<\/strong> Kontrollige silindrit sageli, et avastada lekkeid, pragusid v\u00f5i m\u00f5lke, ning kontrollige \u00f5iget joondust ja sobivust teiste komponentidega.<\/li>\n<li><strong>\u00d5ige m\u00e4\u00e4rimine:<\/strong> Lisage silindri m\u00e4\u00e4rimiseks sobiv kogus h\u00fcdraulika\u00f5li, et tagada sujuv t\u00f6\u00f6.<\/li>\n<li><strong>Tihendi vahetamine:<\/strong> Hea tihendi s\u00e4ilitamiseks ja h\u00fcdraulikavedeliku lekke v\u00e4ltimiseks vahetage tihendeid regulaarselt.<\/li>\n<li><strong>Kalibreerimise kontroll:<\/strong> Kontrollige silindri kalibreerimist regulaarselt, et veenduda selle toimimises etten\u00e4htud parameetrite piires.<\/li>\n<\/ul>\n<p><img decoding=\"async\" src=\"https:\/\/www.hydraulic-cylinders.net\/wp-content\/uploads\/2025\/01\/songte-chushion-collar.webp\" alt=\"Kopa silindri hoolduspilt\"><\/p>\n<h3>Ohutuskaalutlused ja keskkonnategurid<\/h3>\n<p>Kopasilindrite kasutamisel tuleb \u00f5nnetuste v\u00e4ltimiseks arvestada ohutusmeetmetega. Operaatorid peavad olema koolitatud seadmete n\u00f5uetekohaseks kasutamiseks, sealhulgas ohutusprotseduuride ja ettevaatusabin\u00f5ude osas. Keskkonnategurid, nagu temperatuur, niiskus ja tolm, v\u00f5ivad m\u00f5jutada silindri j\u00f5udlust ja kasutusiga ning selle usaldusv\u00e4\u00e4rse t\u00f6\u00f6 tagamiseks tuleb v\u00f5tta n\u00f5uetekohaseid hooldus- ja kaitsemeetmeid.<\/p>\n<h3>Veaotsing ja levinud probleemid<\/h3>\n<p>Kopasilindrite levinud probleemide hulka kuuluvad:<\/p>\n<ul>\n<li><strong>Leke:<\/strong> H\u00fcdraulikavedeliku leke v\u00f5ib p\u00f5hjustada r\u00f5hukadu ja v\u00e4hendada silindri efektiivsust.<\/li>\n<li><strong>Tihendi rike:<\/strong> Tihendid v\u00f5ivad halveneda v\u00f5i kahjustuda, mis p\u00f5hjustab h\u00fcdraulikavedeliku lekke ja silindri rikke.<\/li>\n<li><strong>Painutamine:<\/strong> Silinder v\u00f5ib \u00fclekoormuse v\u00f5i eba\u00f5ige paigaldamise t\u00f5ttu painduda, v\u00e4hendades selle efektiivsust ja p\u00f5hjustades potentsiaalselt ohutusriske.<\/li>\n<\/ul>\n<p>Nende probleemide diagnoosimiseks ja lahendamiseks peaksid operaatorid j\u00e4rgima n\u00f5uetekohaseid hooldus- ja kontrolliprotseduure, kasutama sobivaid h\u00fcdraulikavedelikke ja m\u00e4\u00e4rdeaineid ning vahetama v\u00e4lja k\u00f5ik kahjustatud v\u00f5i kulunud komponendid.<\/p>\n<p><img decoding=\"async\" src=\"https:\/\/www.hydraulic-cylinders.net\/wp-content\/uploads\/2025\/01\/songte-bushings-with-all-kinds-of-excavator-models.webp\" alt=\"\u00c4mbrisilindri t\u00f5rkeotsingu pilt\"><\/p>\n<h2>Meie ettev\u00f5ttest<\/h2>\n<p>Oleme juhtiv h\u00fcdrauliliste silindrite tootja ja hulgim\u00fc\u00fcja nii sise- kui ka rahvusvahelisel turul. Oleme p\u00fchendunud kvaliteetsete toodete ja teenuste pakkumisele, tuginedes meie industrialiseeritud tootmisjuhtimise strateegiale, mis p\u00f5hineb suurep\u00e4rasel kvaliteedil, t\u00e4iustatud tehnoloogial ja professionaalsel talendil. Meie tootmisplatvormi t\u00e4iustatakse pidevalt ning meil on tugevad tootmisv\u00f5imsused, et rahuldada oma klientide mitmekesiseid vajadusi.<\/p>\n<h3>Professionaalsus<\/h3>\n<p>Meie ettev\u00f5ttes t\u00f6\u00f6tab kogenud ja professionaalsete inseneride ja tehnikute meeskond, kes on spetsialiseerunud h\u00fcdrauliliste silindrite projekteerimisele, arendamisele ja tootmisele. Meil \u200b\u200bon ka tipptasemel seadmed ja p\u00f5hjalik testimiss\u00fcsteem, et tagada meie toodete kvaliteet.<\/p>\n<h3>Rahvusvaheline sertifitseerimine<\/h3>\n<p>Meie h\u00fcdrosilindrid on l\u00e4binud ISO 9001:2015 rahvusvahelise kvaliteedijuhtimiss\u00fcsteemi sertifikaadi, CE-sertifikaadi ja muud rahvusvahelised sertifitseerimisstandardid. J\u00e4rgime rangeid kvaliteedikontrolli standardeid, et tagada meie toodete vastavus klientide ootustele v\u00f5i nende \u00fcletamine.<\/p>\n<h3>Kohandamise teenused<\/h3>\n<p>Pakume kohandatud teenuseid, et rahuldada erinevate klientide vajadusi. Meie disainerite ja inseneride meeskond saab v\u00e4lja t\u00f6\u00f6tada kohandatud h\u00fcdrauliliste silindrite lahendusi konkreetsete t\u00f6\u00f6stuslike rakenduste jaoks.<\/p>\n<h3>Tootmisseadmed<\/h3>\n<p>Meie ettev\u00f5ttel on t\u00e4iustatud tootmisseadmed, sealhulgas CNC-treipingid, freespingid, lihvimismasinad ja muud t\u00e4ppist\u00f6\u00f6tlusseadmed, et tagada meie toodete t\u00e4psus ja kvaliteet.<\/p>\n<h3>M\u00fc\u00fcgij\u00e4rgne teenindus<\/h3>\n<p>Pakume igak\u00fclgset m\u00fc\u00fcgij\u00e4rgset teenindust, et aidata klientidel lahendada meie toodete kasutamisel tekkivaid probleeme. Samuti pakume varuosi ja remonditeenuseid, et pikendada meie toodete kasutusiga.<\/p>\n<p><img decoding=\"async\" src=\"https:\/\/hzpt.com\/wp-content\/uploads\/2024\/11\/songte-company-1.webp\" alt=\"Meie ettev\u00f5tte kuvand\"><\/p>\n<h3>Autor: lyl.<\/h3>","protected":false},"excerpt":{"rendered":"<p>Bucket Cylinder For Hyundai Large Excavator R370LC-7 Introduction Product Definition A bucket cylinder is a type of hydraulic cylinder specially designed for controlling the movement of buckets in heavy machinery such as excavators, backhoes, and front-end loaders. Its main function is to enable buckets to be lifted, lowered, and tilted, making it easier to carry [&hellip;]<\/p>","protected":false},"featured_media":14785,"comment_status":"open","ping_status":"closed","template":"","meta":{"_et_pb_use_builder":"","_et_pb_old_content":"","_et_gb_content_width":""},"product_brand":[],"product_cat":[1494],"product_tag":[1495,1496],"class_list":{"0":"post-15330","1":"product","2":"type-product","3":"status-publish","4":"has-post-thumbnail","6":"product_cat-bucket-cylinders","7":"product_tag-bucket-cylinders","8":"product_tag-hydraulic-cylinders","10":"first","11":"instock","12":"shipping-taxable","13":"product-type-simple"},"amp_enabled":true,"_links":{"self":[{"href":"https:\/\/www.hydraulic-cylinders.net\/et\/wp-json\/wp\/v2\/product\/15330","targetHints":{"allow":["GET"]}}],"collection":[{"href":"https:\/\/www.hydraulic-cylinders.net\/et\/wp-json\/wp\/v2\/product"}],"about":[{"href":"https:\/\/www.hydraulic-cylinders.net\/et\/wp-json\/wp\/v2\/types\/product"}],"replies":[{"embeddable":true,"href":"https:\/\/www.hydraulic-cylinders.net\/et\/wp-json\/wp\/v2\/comments?post=15330"}],"wp:featuredmedia":[{"embeddable":true,"href":"https:\/\/www.hydraulic-cylinders.net\/et\/wp-json\/wp\/v2\/media\/14785"}],"wp:attachment":[{"href":"https:\/\/www.hydraulic-cylinders.net\/et\/wp-json\/wp\/v2\/media?parent=15330"}],"wp:term":[{"taxonomy":"product_brand","embeddable":true,"href":"https:\/\/www.hydraulic-cylinders.net\/et\/wp-json\/wp\/v2\/product_brand?post=15330"},{"taxonomy":"product_cat","embeddable":true,"href":"https:\/\/www.hydraulic-cylinders.net\/et\/wp-json\/wp\/v2\/product_cat?post=15330"},{"taxonomy":"product_tag","embeddable":true,"href":"https:\/\/www.hydraulic-cylinders.net\/et\/wp-json\/wp\/v2\/product_tag?post=15330"}],"curies":[{"name":"wp","href":"https:\/\/api.w.org\/{rel}","templated":true}]}}