{"id":15332,"date":"2025-01-19T14:23:48","date_gmt":"2025-01-19T14:23:48","guid":{"rendered":"https:\/\/www.hydraulic-cylinders.net\/product\/bucket-cylinder-for-hyundai-large-excavator-r505lc-7\/"},"modified":"2025-01-19T14:23:50","modified_gmt":"2025-01-19T14:23:50","slug":"bucket-cylinder-for-hyundai-large-excavator-r505lc-7","status":"publish","type":"product","link":"https:\/\/www.hydraulic-cylinders.net\/et\/toode\/bucket-cylinder-for-hyundai-large-excavator-r505lc-7\/","title":{"rendered":"Kopa silinder Hyundai suurele ekskavaatorile R505LC-7"},"content":{"rendered":"<h1>Kopa silinder Hyundai suurele ekskavaatorile R505LC-7<\/h1>\n<h2>Sissejuhatus<\/h2>\n<p>The Bucket Cylinder for Hyundai Large Excavator R505LC-7 is a specially designed hydraulic cylinder used to control the movement of the bucket in heavy machinery such as excavators, backhoe excavators, and front-end loaders. Its main function is to enable the bucket to lift, lower and tilt, making it easy to handle various material handling tasks. In the hydraulic system, the bucket cylinder controls the bucket&#8217;s precise movement through changes in hydraulic oil pressure, allowing operators to handle heavy loads efficiently and adapt to complex work environments and diverse job requirements.<\/p>\n<p><img decoding=\"async\" src=\"https:\/\/www.hydraulic-cylinders.net\/wp-content\/uploads\/2025\/01\/songte-company-2.webp\" \/><\/p>\n<h3>Toote omadused<\/h3>\n<ul>\n<li><strong>Suur tugevus ja vastupidavus:<\/strong> Tavaliselt \u00fclitugevast terasest v\u00f5i alumiiniumist valmistatud kopasilindrid taluvad k\u00f5rget r\u00f5hku ja suuri koormusi, kohandudes karmide t\u00f6\u00f6keskkondadega. Nende disain arvestab kulumiskindluse ja korrosioonikindlusega, pikendades nende kasutusiga.<\/li>\n<li><strong>T\u00f5hus h\u00fcdrauliline t\u00f6\u00f6:<\/strong> H\u00fcdraulilise \u00f5lir\u00f5hu abil sujuva pikenduse ja tagasit\u00f5mbamise saavutamiseks reageerib kopa silinder kiiresti juhtimisk\u00e4sklustele, pakkudes v\u00f5imsaid t\u00f5uke- ja t\u00f5mbej\u00f5ude, mis sobivad raskete koormate ja keerukate \u00fclesannete k\u00e4sitsemiseks.<\/li>\n<li><strong>Erinevad t\u00fc\u00fcbid:<\/strong> Kopasilindrit saab valida \u00fchetoimelise (h\u00fcdrauliline \u00fches suunas) v\u00f5i kahetoimelise (h\u00fcdrauliline m\u00f5lemas suunas) silindrina vastavalt vajadusele t\u00e4ita erinevaid t\u00f6\u00f6n\u00f5udeid. M\u00f5ned mudelid on teleskoopilised, v\u00f5imaldades suuremat pikendust ilma v\u00e4lism\u00f5\u00f5tmeid suurendamata, sobides ruumipiirangutega rakenduste jaoks.<\/li>\n<li><strong>T\u00e4iuslik asendus:<\/strong> Meie ettev\u00f5te saab seda toodet toota ja meie tooted saavad neid h\u00fcdrosilindreid ideaalselt asendada.<\/li>\n<\/ul>\n<p><img decoding=\"async\" src=\"https:\/\/www.hydraulic-cylinders.net\/wp-content\/uploads\/2025\/01\/songte-cylinder-head-with-all-kinds-excavator-models.webp\" \/><\/p>\n<h3>Rakendused<\/h3>\n<p>Kopasilindril on palju rakendusi, sealhulgas:<\/p>\n<ul>\n<li><strong>Ehitustehnika:<\/strong> Ekskavaatorites on need olulised kaevamiseks, laadimiseks ja pinnase v\u00f5i prahi teisaldamiseks. Ekskavaatoritel abistab kopa silinder kaevamisel ja t\u00f5stmisel. <\/li>\n<li><strong>P\u00f5llumajandusmasinad:<\/strong> Esilaadurite jaoks kasutatakse neid mulda, heina ja muid materjale kopeerimiseks, t\u00f5stmiseks ja transportimiseks. <\/li>\n<li><strong>Ekskavaatorid:<\/strong> Kopa silinder v\u00f5imaldab kopal tungida pinnasesse kaevamistoimingute tegemiseks.<\/li>\n<li><strong>Laadurid:<\/strong> Esilaadurites aitavad need lasti t\u00f5husalt t\u00f5sta ja t\u00fchjendada.<\/li>\n<\/ul>\n<h3>Projekteerimiskaalutlused ja valikustandardid<\/h3>\n<p>Kopa silinder peab oma funktsionaalsuse ja ohutuse tagamiseks vastama teatud projekteerimis- ja valikustandarditele. Need projekteerimiskaalutlused h\u00f5lmavad j\u00e4rgmist:<\/p>\n<ul>\n<li><strong>Kandev\u00f5ime:<\/strong> Kopa silinder peaks suutma taluda v\u00f5imalikult suurt koormust.<\/li>\n<li><strong>Tihendusv\u00f5ime:<\/strong> Silindril peavad olema head tihendusomadused, et v\u00e4ltida \u00f5lilekkeid ja kaitsta h\u00fcdraulikas\u00fcsteemi.<\/li>\n<li><strong>Vastupidavus:<\/strong> Kopa silinder peaks olema valmistatud vastupidavatest materjalidest, et see oleks kulumiskindel ja s\u00e4ilitaks oma j\u00f5udluse aja jooksul.<\/li>\n<li><strong>Ohutus:<\/strong> Balloon peab olema konstrueeritud nii, et see hoiaks \u00e4ra \u00f5nnetusi ning tagaks t\u00f6\u00f6tajate ja seadmete ohutuse.<\/li>\n<li><strong>Hooldatavus:<\/strong> Silindrit peaks olema lihtne hooldada ja selle komponendid peaksid olema kergesti vahetatavad.<\/li>\n<\/ul>\n<p><img decoding=\"async\" src=\"https:\/\/www.hydraulic-cylinders.net\/wp-content\/uploads\/2025\/01\/songte-oil-pipes-and-spare-parts.webp\" \/><\/p>\n<h3>Tihendus ja m\u00e4\u00e4rimine<\/h3>\n<p>Kopasilindris kasutatakse erinevat t\u00fc\u00fcpi tihendeid, n\u00e4iteks kolvi- ja vardatihendeid, mis on valmistatud kulumiskindlatest materjalidest, nagu pol\u00fcuretaan ja nitriilkummi. Silindri korpus ja keermestatud otsapinnad on peenelt t\u00f6\u00f6deldud, et parandada kulumiskindlust. Selle sujuva t\u00f6\u00f6 tagamiseks on vajalik regulaarne m\u00e4\u00e4rimine \u00f5ige koguse h\u00fcdraulika\u00f5liga.<\/p>\n<h3>Hooldus ja remont<\/h3>\n<p>Regulaarne hooldus ja ennetavad meetmed aitavad pikendada kopasilindri eluiga. Nende meetmete hulka kuuluvad:<\/p>\n<ul>\n<li><strong>Regulaarne kontroll:<\/strong> Kontrollige silindrit kahjustuste, kulumise ja lekete suhtes.<\/li>\n<li><strong>M\u00e4\u00e4rimine:<\/strong> Vajadusel kandke silindri sujuva t\u00f6\u00f6 tagamiseks m\u00e4\u00e4rdeainet.<\/li>\n<li><strong>Tihendi vahetamine ja kalibreerimise kontroll:<\/strong> Replace worn or damaged seals and check the cylinder&#8217;s calibration for optimum performance.<\/li>\n<\/ul>\n<h3>Ohutuskaalutlused ja keskkonnategurid<\/h3>\n<p>Safety measures are vital when working with hydraulic cylinders. Proper safety gear and training should always be provided. Environmental factors such as temperature and humidity can also affect the cylinder&#8217;s performance, so they should be taken into account.<\/p>\n<h3>Veaotsing ja levinud probleemid<\/h3>\n<p>Common problems with the bucket cylinder include oil leakage, damaged seals, and slow operation. Troubleshooting these issues requires a thorough understanding of the cylinder&#8217;s design and operation, and specific problems may require specific solutions.<\/p>\n<p><img decoding=\"async\" src=\"https:\/\/www.hydraulic-cylinders.net\/wp-content\/uploads\/2025\/01\/songte-bushings-with-all-kinds-of-excavator-models.webp\" \/><\/p>\n<h3>Meie ettev\u00f5ttest<\/h3>\n<p>Meie ettev\u00f5te on juhtiv h\u00fcdrosilindrite tootja ja hulgim\u00fc\u00fcja nii sise- kui ka rahvusvahelisel turul. Pakume t\u00e4ielikku valikut h\u00fcdrosilindreid ning j\u00e4rgime oma klientide mitmekesiste vajaduste rahuldamiseks k\u00f5rge efektiivsuse, suure t\u00e4psuse ja k\u00f5rge kvaliteedi p\u00f5him\u00f5tteid. Meil \u200b\u200bon keerukas tootmist\u00f6\u00f6koda ja suurep\u00e4rasele kvaliteedile tuginev t\u00f6\u00f6stusliku tootmise juhtimisstrateegia, mis tugineb tehnoloogilistele annetele, digitaalsetele tipptasemel tootmisseadmetele ja professionaalsetele testimiss\u00fcsteemidele.<\/p>\n<p>Pakume ka kohandatud teenuseid ning meie tooted on rahvusvaheliselt sertifitseeritud kvaliteedi ja ohutuse osas. Meie ettev\u00f5te pakub igak\u00fclgset m\u00fc\u00fcgij\u00e4rgset teenindust, sealhulgas varuosade vahetust ja taastamisteenuseid, et tagada meie toodete maksimaalne eluiga. <\/p>\n<p><img decoding=\"async\" src=\"https:\/\/hzpt.com\/wp-content\/uploads\/2024\/11\/songte-company-1.webp\" \/><\/p>\n<p>Autor: lyl<\/p>","protected":false},"excerpt":{"rendered":"<p>Bucket Cylinder For Hyundai Large Excavator R505LC-7 Introduction The Bucket Cylinder for Hyundai Large Excavator R505LC-7 is a specially designed hydraulic cylinder used to control the movement of the bucket in heavy machinery such as excavators, backhoe excavators, and front-end loaders. Its main function is to enable the bucket to lift, lower and tilt, making [&hellip;]<\/p>","protected":false},"featured_media":14782,"comment_status":"open","ping_status":"closed","template":"","meta":{"_et_pb_use_builder":"","_et_pb_old_content":"","_et_gb_content_width":""},"product_brand":[],"product_cat":[1494],"product_tag":[1495,1496],"class_list":{"0":"post-15332","1":"product","2":"type-product","3":"status-publish","4":"has-post-thumbnail","6":"product_cat-bucket-cylinders","7":"product_tag-bucket-cylinders","8":"product_tag-hydraulic-cylinders","10":"first","11":"instock","12":"shipping-taxable","13":"product-type-simple"},"amp_enabled":true,"_links":{"self":[{"href":"https:\/\/www.hydraulic-cylinders.net\/et\/wp-json\/wp\/v2\/product\/15332","targetHints":{"allow":["GET"]}}],"collection":[{"href":"https:\/\/www.hydraulic-cylinders.net\/et\/wp-json\/wp\/v2\/product"}],"about":[{"href":"https:\/\/www.hydraulic-cylinders.net\/et\/wp-json\/wp\/v2\/types\/product"}],"replies":[{"embeddable":true,"href":"https:\/\/www.hydraulic-cylinders.net\/et\/wp-json\/wp\/v2\/comments?post=15332"}],"wp:featuredmedia":[{"embeddable":true,"href":"https:\/\/www.hydraulic-cylinders.net\/et\/wp-json\/wp\/v2\/media\/14782"}],"wp:attachment":[{"href":"https:\/\/www.hydraulic-cylinders.net\/et\/wp-json\/wp\/v2\/media?parent=15332"}],"wp:term":[{"taxonomy":"product_brand","embeddable":true,"href":"https:\/\/www.hydraulic-cylinders.net\/et\/wp-json\/wp\/v2\/product_brand?post=15332"},{"taxonomy":"product_cat","embeddable":true,"href":"https:\/\/www.hydraulic-cylinders.net\/et\/wp-json\/wp\/v2\/product_cat?post=15332"},{"taxonomy":"product_tag","embeddable":true,"href":"https:\/\/www.hydraulic-cylinders.net\/et\/wp-json\/wp\/v2\/product_tag?post=15332"}],"curies":[{"name":"wp","href":"https:\/\/api.w.org\/{rel}","templated":true}]}}