{"id":1534,"date":"2023-09-28T03:59:02","date_gmt":"2023-09-28T03:59:02","guid":{"rendered":"https:\/\/hydraulic-cylinders.net\/?post_type=product&#038;p=1534"},"modified":"2025-04-14T01:11:44","modified_gmt":"2025-04-14T01:11:44","slug":"aerial-work-platform-telescopic-cylinder","status":"publish","type":"product","link":"https:\/\/www.hydraulic-cylinders.net\/et\/toode\/aerial-work-platform-telescopic-cylinder\/","title":{"rendered":"\u00d5hust t\u00f6\u00f6platvormi teleskoopsilinder"},"content":{"rendered":"<h1 style=\"text-align: center;\"><strong>\u00d5hust t\u00f6\u00f6platvormi teleskoopsilinder<\/strong><\/h1>\n<p><img loading=\"lazy\" decoding=\"async\" class=\"wp-image-1535 aligncenter\" src=\"https:\/\/hydraulic-cylinders.net\/wp-content\/uploads\/2023\/09\/telescopic-cylinder-1-300x300.webp\" alt=\"\" width=\"400\" height=\"400\" \/>T\u00f5stukt\u00f5stuki teleskoopsilinder on v\u00f5imas ja oluline komponent t\u00f5stet\u00f5stukitel, mis on loodud pakkuma suuremat ulatust ja suuremat mitmek\u00fclgsust k\u00f5rgendatud t\u00f6\u00f6keskkondades. See uuenduslik h\u00fcdrauliline silinder v\u00f5imaldab platvormi teleskoopilist liikumist, v\u00f5imaldades operaatoritel p\u00e4\u00e4seda k\u00f5rgendatud aladele h\u00f5lpsalt ja t\u00e4pselt ligi.<\/p>\n<p>T\u00f5stukt\u00f5stuki teleskoopsilinder on t\u00f5stetud t\u00f6\u00f6platvormide valdkonnas murranguline, pakkudes suuremat ulatust ja suuremat mitmek\u00fclgsust. Oma t\u00e4helepanuv\u00e4\u00e4rsete omadustega, sealhulgas laiendatud ulatus, sujuv teleskoopliikumine, suur kandev\u00f5ime ja kompaktne disain, annab see silinder operaatoritele v\u00f5imaluse k\u00f5rgendatud \u00fclesandeid t\u00f5husalt ja enesekindlalt lahendada. Soovitatavate kasutusmeetodite ja hooldustavade j\u00e4rgimisega saavad operaatorid maksimeerida t\u00f5stetud t\u00f6\u00f6platvormi teleskoopsilindri eluiga ja j\u00f5udlust, mille tulemuseks on suurem tootlikkus, l\u00fchem seisakuaeg ja parem ohutus k\u00f5rgendatud t\u00f6\u00f6rakendustes. Investeerige sellesse tipptasemel h\u00fcdraulikakomponenti, et t\u00f5sta oma t\u00f5steplatvormi v\u00f5imekust ja viia oma t\u00f5stetud t\u00f6\u00f6 uutele eduk\u00f5rgustele.<\/p>\n<p>T\u00f5steplatvormi teleskoopsilindri peamised omadused:<\/p>\n<ol>\n<li>Laiendatud ulatus:<\/li>\n<\/ol>\n<ul>\n<li>T\u00f5steplatvormi teleskoopsilindril on muljetavaldav pikendatav ulatus, mis v\u00f5imaldab operaatoritel pingutuseta j\u00f5uda suurematele k\u00f5rgustele ja vahemaadele.<\/li>\n<li>See pakub paindlikkust ja kohanemisv\u00f5imet, v\u00f5imaldades t\u00f6\u00f6tajatel p\u00e4\u00e4seda ligi keerulistele aladele ja t\u00e4ita \u00fclesandeid t\u00f5husalt.<\/li>\n<\/ul>\n<ol start=\"2\">\n<li>Sujuv teleskoopliikumine:<\/li>\n<\/ol>\n<ul>\n<li>See silinder tagab sujuva ja kontrollitud teleskoopliikumise, v\u00f5imaldades t\u00f5steplatvormi t\u00e4pset positsioneerimist.<\/li>\n<li>See pakub stabiilset ja sujuvat pikendus- ja tagasit\u00f5mbamisliigutust, tagades ohutu t\u00f6\u00f6keskkonna erinevatel k\u00f5rgustel.<\/li>\n<\/ul>\n<ol start=\"3\">\n<li>Suur kandev\u00f5ime:<\/li>\n<\/ol>\n<ul>\n<li>T\u00f5steplatvormi teleskoopsilinder on loodud raskete koormate k\u00e4sitsemiseks ja sellel on vastupidav konstruktsioon, mis suudab kanda m\u00e4rkimisv\u00e4\u00e4rset kasulikku koormust.<\/li>\n<li>See v\u00f5imaldab operaatoritel platvormil kanda mitut t\u00f6\u00f6tajat, t\u00f6\u00f6riistu ja seadmeid, ilma et see kahjustaks stabiilsust v\u00f5i ohutust.<\/li>\n<\/ul>\n<ol start=\"4\">\n<li>Kompaktne disain:<\/li>\n<\/ol>\n<ul>\n<li>Oma kompaktse disainiga optimeerib see silinder t\u00f5stukil oleva ruumi, tagades minimaalse m\u00f5ju kogukaalule ja jalaj\u00e4ljele.<\/li>\n<li>Silindri kompaktsus tagab suurep\u00e4rase man\u00f6\u00f6verdusv\u00f5ime ja transpordi lihtsuse.<\/li>\n<\/ul>\n<h2><strong>\u00d5hust t\u00f6\u00f6platvormi teleskoopsilindri parameeter:<\/strong><\/h2>\n<table border=\"1\" cellspacing=\"0\" cellpadding=\"0\">\n<tbody>\n<tr>\n<td>Toote nimi<\/td>\n<td>\u00d5hust t\u00f6\u00f6platvormi teleskoopsilinder<\/td>\n<\/tr>\n<tr>\n<td>Omadused:<\/td>\n<td>M\u00f5ista poomi lineaarset teleskoopliikumist<\/td>\n<\/tr>\n<tr>\n<td>Ava l\u00e4bim\u00f5\u00f5t:<\/td>\n<td>45 mm\uff5e200 mm<\/td>\n<\/tr>\n<tr>\n<td>Varda l\u00e4bim\u00f5\u00f5t:<\/td>\n<td>32 mm\uff5e180 mm<br \/>\nL\u00f6\u00f6k \u226415000 mm<\/td>\n<\/tr>\n<tr>\n<td>R\u00f5hk:<\/td>\n<td>30MPa (maksimaalne r\u00f5hk)<\/td>\n<\/tr>\n<tr>\n<td>Teleskoopsilindri rakendused:<\/td>\n<td>\u00d5hust t\u00f6\u00f6platvorm<\/td>\n<\/tr>\n<\/tbody>\n<\/table>\n<h2><strong>T\u00f5steplatvormi identifitseerimisskeem:<\/strong><\/h2>\n<p><img loading=\"lazy\" decoding=\"async\" class=\"alignnone wp-image-1517 size-full\" src=\"https:\/\/hydraulic-cylinders.net\/wp-content\/uploads\/2023\/09\/aerial-work-platform-cylinder-construct.webp\" alt=\"\" width=\"600\" height=\"400\" srcset=\"https:\/\/hydraulic-cylinders.net\/wp-content\/uploads\/2023\/09\/aerial-work-platform-cylinder-construct.webp 600w, https:\/\/hydraulic-cylinders.net\/wp-content\/uploads\/2023\/09\/aerial-work-platform-cylinder-construct-480x320.webp 480w\" sizes=\"(min-width: 0px) and (max-width: 480px) 480px, (min-width: 481px) 600px, 100vw\" \/><\/p>\n<h2><strong>\u00d5hust t\u00f6\u00f6platvormi teleskoopsilindri kasutusmeetod<\/strong><strong>:<\/strong><\/h2>\n<ol>\n<li><strong>Silindri paigaldamine:<\/strong><\/li>\n<\/ol>\n<ul>\n<li>T\u00f5steplatvormi t\u00f5stesilindri n\u00f5uetekohaseks paigaldamiseks j\u00e4rgige tootja juhiseid.<\/li>\n<li>Veenduge, et silinder on kindlalt t\u00f5steplatvormi konstruktsiooni k\u00fclge kinnitatud, tagades stabiilse ja usaldusv\u00e4\u00e4rse \u00fchenduse.<\/li>\n<\/ul>\n<ol start=\"2\">\n<li><strong>H\u00fcdrauliline \u00fchendus:<\/strong><\/li>\n<\/ol>\n<ul>\n<li>\u00dchendage silinder t\u00f5stuki h\u00fcdros\u00fcsteemiga vastavalt etteantud juhistele.<\/li>\n<li>Veenduge, et k\u00f5ik h\u00fcdraulika\u00fchendused on kindlalt kinnitatud ja korralikult tihendatud, et v\u00e4ltida h\u00fcdraulikavedeliku lekkeid v\u00f5i kadusid.<\/li>\n<\/ul>\n<ol start=\"3\">\n<li><strong>Juhtimise aktiveerimine:<\/strong><\/li>\n<\/ol>\n<ul>\n<li>T\u00f5steplatvormi kallutussilindri aktiveerimiseks kasutage platvormi juhtpaneeli v\u00f5i liidest.<\/li>\n<li>Platvormi soovitud k\u00f5rgusele t\u00f5stmiseks v\u00f5i langetamiseks j\u00e4rgige soovitatud t\u00f6\u00f6protseduure.<\/li>\n<\/ul>\n<ol start=\"4\">\n<li><strong>Ohutusabin\u00f5ud:<\/strong><\/li>\n<\/ol>\n<ul>\n<li>Enne t\u00f5stukiga t\u00f6\u00f6tamist tutvuge ohutusfunktsioonide ja h\u00e4daolukorra protseduuridega.<\/li>\n<li>Veenduge, et k\u00f5ik operaatorid saaksid platvormi ja t\u00f5steplatvormi t\u00f5stesilindri ohutu k\u00e4sitsemise kohta n\u00f5uetekohase v\u00e4lja\u00f5ppe.<\/li>\n<\/ul>\n<h2><strong>Millist h\u00fcdraulika seadust piduris\u00fcsteem kasutab?<\/strong><\/h2>\n<p>S\u00f5idukite piduris\u00fcsteem kasutab tavaliselt Pascali h\u00fcdraulikaseadust. Pascali seadus v\u00e4idab, et kui suletud s\u00fcsteemis olevale vedelikule rakendatakse r\u00f5hku, kandub r\u00f5hk \u00fchtlaselt edasi k\u00f5igis suundades.<\/p>\n<p>H\u00fcdraulilise piduris\u00fcsteemi puhul rakendab piduripedaali vajutamine j\u00f5udu peasilindrile, mis sisaldab h\u00fcdraulilist vedelikku. Vedelikule avaldatav j\u00f5ud tekitab r\u00f5hu, mis kandub \u00fchtlaselt \u00fcle kogu piduris\u00fcsteemi.<\/p>\n<p>See r\u00f5hk kandub seej\u00e4rel iga ratta juures asuvatele pidurisadulatele v\u00f5i rattasilindritele, olenevalt piduris\u00fcsteemi t\u00fc\u00fcbist. R\u00f5hk paneb pidurisadulad v\u00f5i silindrid t\u00f6\u00f6le, mis omakorda surub piduriklotsid v\u00f5i -jalatsid vastu pidurikettaid v\u00f5i -trumleid, tekitades h\u00f5\u00f5rdumist ja aeglustades v\u00f5i peatades s\u00f5iduki.<\/p>\n<p>Pascali seadus tagab, et piduripedaalile rakendatav j\u00f5ud korrutatakse ja edastatakse v\u00f5rdselt k\u00f5igile s\u00fcsteemi piduritele, olenemata nende asukohast. See v\u00f5imaldab \u00fchtlast pidurdust\u00f5husust k\u00f5igil ratastel ja tagab t\u00f5husa pidurdamise isegi keerukates h\u00fcdraulilistes piduris\u00fcsteemides.<\/p>\n<p>Tasub m\u00e4rkida, et m\u00f5nes t\u00e4iustatud piduris\u00fcsteemis v\u00f5idakse pidurdust\u00f5hususe, stabiilsuse ja juhtimise optimeerimiseks kasutada ka t\u00e4iendavaid h\u00fcdraulika p\u00f5him\u00f5tteid, n\u00e4iteks Bernoulli p\u00f5him\u00f5tet v\u00f5i vedeliku d\u00fcnaamika p\u00f5him\u00f5tet. Pascali seadus j\u00e4\u00e4b aga h\u00fcdrauliliste piduris\u00fcsteemide p\u00f5hit\u00f6\u00f6 seisukohalt fundamentaalseks.<\/p>\n<h2><strong>Tehase v\u00f5imekus ja suutlikkus:<\/strong><\/h2>\n<h3>(1) Kokkupanek<\/h3>\n<p>Meil on esmaklassiline s\u00f5ltumatu teadus- ja arendustegevuse montaa\u017eiplatvorm. H\u00fcdrosilindrite tootmist\u00f6\u00f6kojas on neli poolautomaatset t\u00f5stesilindrite koosteliini ja \u00fcks automaatne kallutussilindrite koosteliin, mille kavandatud aastane tootmisv\u00f5imsus on 1 miljon t\u00fckki. Spetsiaalsete silindrite t\u00f6\u00f6koda on varustatud erinevate spetsifikatsioonidega poolautomaatse puhastusmontaa\u017eis\u00fcsteemiga, mille kavandatud aastane tootmisv\u00f5imsus on 200 000 ja mis on varustatud kuulsate CNC-t\u00f6\u00f6tlemisseadmete, mehaanilise t\u00f6\u00f6tlemise keskuse, suure t\u00e4psusega silindrite t\u00f6\u00f6tlemise eriseadmete, robotkeevitusmasina, automaatse puhastusmasina, automaatse silindri kokkupanemise masina ja automaatse v\u00e4rvimise tootmisliiniga. Olemasolevad kriitilised seadmed rohkem kui 300 komplekti (komplekti). Seadmete ressursside optimaalne jaotamine ja t\u00f5hus kasutamine tagavad toodete t\u00e4psusn\u00f5uded ja vastavad toodete kvaliteedin\u00f5uetele.<\/p>\n<p><img loading=\"lazy\" decoding=\"async\" class=\"alignnone wp-image-626\" src=\"https:\/\/hydraulic-cylinders.net\/wp-content\/uploads\/2023\/08\/hydraulic-cylinder-product-1-300x158.webp\" alt=\"\" width=\"495\" height=\"260\" srcset=\"https:\/\/hydraulic-cylinders.net\/wp-content\/uploads\/2023\/08\/hydraulic-cylinder-product-1-300x158.webp 495w, https:\/\/hydraulic-cylinders.net\/wp-content\/uploads\/2023\/08\/hydraulic-cylinder-product-1-480x252.webp 480w\" sizes=\"(min-width: 0px) and (max-width: 480px) 480px, (min-width: 481px) 495px, 100vw\" \/> <img loading=\"lazy\" decoding=\"async\" class=\"alignnone wp-image-627\" src=\"https:\/\/hydraulic-cylinders.net\/wp-content\/uploads\/2023\/08\/hydraulic-cylinder-product-2-300x189.webp\" alt=\"\" width=\"413\" height=\"260\" \/><\/p>\n<h3>(2) T\u00f6\u00f6tlemine<\/h3>\n<p>T\u00f6\u00f6deldav t\u00f6\u00f6koda on varustatud kohandatud kallutatud r\u00f6\u00f6pse treipingi keskuse, mehaanilise keskuse, kiire lihvimismasina, keevitusroboti ja muude seotud seadmetega, mis suudavad t\u00f6\u00f6delda silindritorusid, mille maksimaalne sisel\u00e4bim\u00f5\u00f5t on 400 mm ja maksimaalne pikkus on 6 meetrit.<\/p>\n<p><img loading=\"lazy\" decoding=\"async\" class=\"alignnone wp-image-628 size-large\" src=\"https:\/\/hydraulic-cylinders.net\/wp-content\/uploads\/2023\/08\/hydraulic-cylinder-product-3-1024x391.webp\" alt=\"\" width=\"1024\" height=\"391\" srcset=\"https:\/\/hydraulic-cylinders.net\/wp-content\/uploads\/2023\/08\/hydraulic-cylinder-product-3-980x374.webp 980w, https:\/\/hydraulic-cylinders.net\/wp-content\/uploads\/2023\/08\/hydraulic-cylinder-product-3-480x183.webp 480w\" sizes=\"(min-width: 0px) and (max-width: 480px) 480px, (min-width: 481px) and (max-width: 980px) 980px, (min-width: 981px) 1024px, 100vw\" \/><\/p>\n<h3>(3) Keevitamine<\/h3>\n<p><img loading=\"lazy\" decoding=\"async\" class=\"alignnone wp-image-629 size-large\" src=\"https:\/\/hydraulic-cylinders.net\/wp-content\/uploads\/2023\/08\/hydraulic-cylinder-product-4-1024x510.webp\" alt=\"\" width=\"1024\" height=\"510\" srcset=\"https:\/\/hydraulic-cylinders.net\/wp-content\/uploads\/2023\/08\/hydraulic-cylinder-product-4-980x488.webp 980w, https:\/\/hydraulic-cylinders.net\/wp-content\/uploads\/2023\/08\/hydraulic-cylinder-product-4-480x239.webp 480w\" sizes=\"(min-width: 0px) and (max-width: 480px) 480px, (min-width: 481px) and (max-width: 980px) 980px, (min-width: 981px) 1024px, 100vw\" \/><\/p>\n<h3>(4) V\u00e4rvimine ja katmine<\/h3>\n<p>V\u00e4ikese ja keskmise suurusega silindri automaatse veep\u00f5hise v\u00e4rvipinnakattega liinide abil, et saavutada automaatne robotlaadimine ja mahalaadimine ning automaatne pihustamine, projekteerimisv\u00f5imsus 4000 t\u00fckki vahetuse kohta;<br \/>\nMeil on ka poolautomaatne suurte balloonide v\u00e4rvimise tootmisliin, mis t\u00f6\u00f6tab j\u00f5ukettaga ja mille projekteerimisv\u00f5imsus on 60 kasti \u00fche vahetuse kohta.<\/p>\n<p><img loading=\"lazy\" decoding=\"async\" class=\"alignnone wp-image-630\" src=\"https:\/\/hydraulic-cylinders.net\/wp-content\/uploads\/2023\/08\/hydraulic-cylinder-product-5-300x213.webp\" alt=\"\" width=\"366\" height=\"260\" \/> <img loading=\"lazy\" decoding=\"async\" class=\"alignnone wp-image-631\" src=\"https:\/\/hydraulic-cylinders.net\/wp-content\/uploads\/2023\/08\/hydraulic-cylinder-product-6-300x225.webp\" alt=\"\" width=\"347\" height=\"260\" \/><\/p>\n<h3>(5) Testimine<\/h3>\n<p>Meil on esmaklassilised kontrolliseadmed ja katsestendid, et tagada silindri j\u00f5udlus vastavus n\u00f5uetele.<\/p>\n<p><img loading=\"lazy\" decoding=\"async\" class=\"alignnone wp-image-632\" src=\"https:\/\/hydraulic-cylinders.net\/wp-content\/uploads\/2023\/08\/hydraulic-cylinder-product-8-300x200.webp\" alt=\"\" width=\"389\" height=\"260\" \/><\/p>\n<p>&nbsp;<\/p>\n<p>&nbsp;<\/p>\n<p>Oleme \u00fcks parimaid h\u00fcdrosilindrite tootjaid. Pakume laia valikut h\u00fcdrosilindreid. Pakume ka vastavaid... <a href=\"https:\/\/hzpt.com\/agricultural-pto-gearbox\/\" target=\"_blank\" rel=\"noopener\">p\u00f5llumajanduslikud k\u00e4igukastid<\/a>. Oleme eksportinud oma tooteid klientidele \u00fcle maailma ja teeninud hea maine t\u00e4nu meie suurep\u00e4rasele tootekvaliteedile ja m\u00fc\u00fcgij\u00e4rgsele teenindusele. Me tervitame kliente kodus ja v\u00e4lismaal, et v\u00f5tta meiega \u00fchendust, et pidada l\u00e4bir\u00e4\u00e4kimisi \u00e4ri, vahetada teavet ja <a href=\"https:\/\/www.hydraulic-cylinders.net\/et\/contact-us\/\">teha meiega koost\u00f6\u00f6d<\/a>!<\/p>","protected":false},"excerpt":{"rendered":"<p>Aerial Work Platform Telescopic Cylinder The aerial work platform telescopic cylinder is a powerful and essential component in aerial work platforms, designed to provide extended reach and enhanced versatility in elevated work environments. This innovative hydraulic cylinder enables the telescopic movement of the platform, allowing operators to access elevated areas with ease and precision. The [&hellip;]<\/p>","protected":false},"featured_media":1536,"comment_status":"open","ping_status":"closed","template":"","meta":{"_et_pb_use_builder":"","_et_pb_old_content":"","_et_gb_content_width":""},"product_brand":[],"product_cat":[1500,1550,1393],"product_tag":[1380],"class_list":{"0":"post-1534","1":"product","2":"type-product","3":"status-publish","4":"has-post-thumbnail","6":"product_cat-aerial-work-vehicle-hydraulic-cylinder","7":"product_cat-double-acting-hydraulic-cylinder","8":"product_cat-telescopic-hydraulic-cylinder","9":"product_tag-hydraulic-cylinder","11":"first","12":"instock","13":"shipping-taxable","14":"product-type-simple"},"amp_enabled":true,"_links":{"self":[{"href":"https:\/\/www.hydraulic-cylinders.net\/et\/wp-json\/wp\/v2\/product\/1534","targetHints":{"allow":["GET"]}}],"collection":[{"href":"https:\/\/www.hydraulic-cylinders.net\/et\/wp-json\/wp\/v2\/product"}],"about":[{"href":"https:\/\/www.hydraulic-cylinders.net\/et\/wp-json\/wp\/v2\/types\/product"}],"replies":[{"embeddable":true,"href":"https:\/\/www.hydraulic-cylinders.net\/et\/wp-json\/wp\/v2\/comments?post=1534"}],"wp:featuredmedia":[{"embeddable":true,"href":"https:\/\/www.hydraulic-cylinders.net\/et\/wp-json\/wp\/v2\/media\/1536"}],"wp:attachment":[{"href":"https:\/\/www.hydraulic-cylinders.net\/et\/wp-json\/wp\/v2\/media?parent=1534"}],"wp:term":[{"taxonomy":"product_brand","embeddable":true,"href":"https:\/\/www.hydraulic-cylinders.net\/et\/wp-json\/wp\/v2\/product_brand?post=1534"},{"taxonomy":"product_cat","embeddable":true,"href":"https:\/\/www.hydraulic-cylinders.net\/et\/wp-json\/wp\/v2\/product_cat?post=1534"},{"taxonomy":"product_tag","embeddable":true,"href":"https:\/\/www.hydraulic-cylinders.net\/et\/wp-json\/wp\/v2\/product_tag?post=1534"}],"curies":[{"name":"wp","href":"https:\/\/api.w.org\/{rel}","templated":true}]}}