{"id":15342,"date":"2025-01-19T14:24:34","date_gmt":"2025-01-19T14:24:34","guid":{"rendered":"https:\/\/www.hydraulic-cylinders.net\/product\/bucket-cylinder-for-kobelco-small-excavator-sk45\/"},"modified":"2025-01-19T14:24:36","modified_gmt":"2025-01-19T14:24:36","slug":"bucket-cylinder-for-kobelco-small-excavator-sk45","status":"publish","type":"product","link":"https:\/\/www.hydraulic-cylinders.net\/et\/toode\/bucket-cylinder-for-kobelco-small-excavator-sk45\/","title":{"rendered":"Kobelco v\u00e4ikese ekskavaatori SK45 kopa silinder"},"content":{"rendered":"<h1>Kobelco v\u00e4ikese ekskavaatori SK45 kopa silinder<\/h1>\n<h2>Sissejuhatus<\/h2>\n<p>Kobelco v\u00e4ikeekskavaatori SK45 kopa silinder on spetsiaalne h\u00fcdrauliline silinder, mida kasutatakse kopa liikumise juhtimiseks rasketes masinates, n\u00e4iteks ekskavaatorites, laadur-ekskavaatorites ja esilaadurites. Selle peamine \u00fclesanne on kopa t\u00f5stmine, langetamine ja kallutamine, mis lihtsustab mitmesuguste materjalik\u00e4itlust\u00f6\u00f6de tegemist. H\u00fcdraulikas\u00fcsteemis juhib kopa silinder kopa t\u00e4pset liikumist h\u00fcdraulika\u00f5li r\u00f5hu abil, v\u00f5imaldades operaatoril t\u00f5husalt k\u00e4sitseda raskeid koormaid ning kohaneda keerukate t\u00f6\u00f6keskkondade ja mitmekesiste t\u00f6\u00f6n\u00f5uetega.<\/p>\n<p><img decoding=\"async\" src=\"https:\/\/www.hydraulic-cylinders.net\/wp-content\/uploads\/2025\/01\/songte-company-2.webp\"><\/p>\n<h2>Omadused<\/h2>\n<ul>\n<li>Suur tugevus ja vastupidavus: Tavaliselt valmistatud \u00fclitugevast terasest v\u00f5i alumiiniumist, talub see k\u00f5rget r\u00f5hku ja suuri koormusi, kohandudes karmide t\u00f6\u00f6keskkondadega. See on konstrueeritud kulumiskindlust ja korrosioonikindlust silmas pidades, pikendades selle kasutusiga.<\/li>\n<li>T\u00f5hus h\u00fcdrauliline t\u00f6\u00f6: H\u00fcdraulilise \u00f5lir\u00f5hu abil saavutatakse sujuv pikendamine ja tagasit\u00f5mbamine, mis v\u00f5imaldab kiiret reageerimist juhtimisk\u00e4sklustele, pakkudes v\u00f5imsaid t\u00f5uke- ja t\u00f5mbej\u00f5ude, mis sobivad raskete koormate ja keerukate \u00fclesannete k\u00e4sitsemiseks.<\/li>\n<li>Erinevad t\u00fc\u00fcbid: vastavalt vajadusele saab valida \u00fchetoimelisi (h\u00fcdrauliliselt ainult \u00fches suunas) v\u00f5i kahetoimelisi (h\u00fcdrauliliselt m\u00f5lemas suunas) silindreid, et rahuldada erinevaid t\u00f6\u00f6vajadusi. M\u00f5ned mudelid on teleskoopilised, mis v\u00f5imaldab suuremat pikendamist ilma v\u00e4lism\u00f5\u00f5tmeid suurendamata, sobides ruumipiirangutega rakenduste jaoks.<\/li>\n<li>T\u00e4iuslik asendus: Meie tooted suudavad neid h\u00fcdrosilindreid ideaalselt asendada.<\/li>\n<\/ul>\n<p><img decoding=\"async\" src=\"https:\/\/www.hydraulic-cylinders.net\/wp-content\/uploads\/2025\/01\/songte-cylinder-head-with-all-kinds-excavator-models.webp\"><\/p>\n<h2>Rakendused<\/h2>\n<p>Kobelco v\u00e4ikeekskavaatori SK45 kopasilindrit kasutatakse laialdaselt erinevates rasketehnika masinates, n\u00e4iteks:<\/p>\n<ul>\n<li>Ehitustehnika: Ekskavaatoritel on oluline kaevata, laadida ja liigutada mulda v\u00f5i prahti. Ekskavaator-laaduritel aitab kopa silinder nii kaevamisel kui ka t\u00f5stmisel. <\/li>\n<li>P\u00f5llumajandusmasinad: Kasutatakse esilaadurites pinnase, heina ja muude materjalide kaevamiseks, t\u00f5stmiseks ja transportimiseks. Ekskavaatorites v\u00f5imaldab kopa silinder kaevamist, lastes kopal pinnasesse tungida. Esilaadurites aitavad need lasti t\u00f5husalt t\u00f5sta ja t\u00fchjendada.<\/li>\n<\/ul>\n<h2>Projekteerimiskaalutlused ja valikustandardid<\/h2>\n<ul>\n<li>Kandev\u00f5ime: Kopa silinder peaks olema konstrueeritud taluma k\u00f5rget r\u00f5hku ja suuri koormusi.<\/li>\n<li>Tihendus: Kasutada tuleks mitmesuguseid tihenduskomponente, n\u00e4iteks kolvitihendeid ja vardatihendeid, ning need peaksid olema valmistatud kulumiskindlatest materjalidest, n\u00e4iteks pol\u00fcuretaanist ja nitriilkummist.<\/li>\n<li>Vastupidavus: Silindri korpus ja keermestatud otsapind tuleks kulumiskindluse parandamiseks peenelt t\u00f6\u00f6delda. <\/li>\n<li>Ohutus: Kopa silinder tuleks konstrueerida ohutust silmas pidades, varustades ohutusmehhanismidega, n\u00e4iteks r\u00f5huvabastusventiilidega, ja liikuvate osade \u00fcmber piisava kaitsega vigastuste v\u00e4ltimiseks. <\/li>\n<li>Hooldus: Silinder peaks olema konstrueeritud nii, et seda oleks lihtne kokku panna ja lahti v\u00f5tta, selle osad oleksid kergesti vahetatavad ja pinnad kergesti puhastatavad hoolduse h\u00f5lbustamiseks.<\/li>\n<\/ul>\n<p><img decoding=\"async\" src=\"https:\/\/www.hydraulic-cylinders.net\/wp-content\/uploads\/2025\/01\/songte-oil-pipes-and-spare-parts.webp\"><\/p>\n<h2>Tihendus ja m\u00e4\u00e4rimine<\/h2>\n<p>Kopasilindris tuleks kasutada mitmesuguseid tihenduskomponente, n\u00e4iteks kolvitihendeid ja vardatihendeid, mis on valmistatud kulumiskindlatest materjalidest, n\u00e4iteks pol\u00fcuretaanist ja nitriilkummist. Silindri heas t\u00f6\u00f6korras hoidmiseks on vaja regulaarselt m\u00e4\u00e4rida sobiva koguse h\u00fcdraulika\u00f5liga.<\/p>\n<h2>Hooldus ja remont<\/h2>\n<p>Regulaarne kontroll, asjakohane m\u00e4\u00e4rimine ja kulunud tihendite \u00f5igeaegne vahetamine on m\u00f5ned levinumad hooldust\u00f6\u00f6d. Kobelco v\u00e4ikeekskavaatori SK45 kopasilindri kasutamiseks on oluline \u00f5ige paigaldamine, m\u00e4\u00e4rimine ja reguleerimine.<\/p>\n<ul>\n<li>Regulaarne kontroll: Ballooni heas t\u00f6\u00f6korras hoidmiseks tuleks seda regulaarselt kontrollida ja kulunud osad tuleks viivitamatult v\u00e4lja vahetada.<\/li>\n<li>N\u00f5uetekohane m\u00e4\u00e4rimine: Silindri sujuva t\u00f6\u00f6 tagamiseks tuleks m\u00e4\u00e4rida regulaarselt. <\/li>\n<li>Tihendi vahetamine ja kalibreerimise kontroll: Kulunud tihendid tuleks \u00f5lilekke v\u00e4ltimiseks viivitamatult v\u00e4lja vahetada. Kalibreerimist tuleks perioodiliselt teha, et tagada kopasilindri korrektne t\u00f6\u00f6. <\/li>\n<\/ul>\n<p><img decoding=\"async\" src=\"https:\/\/www.hydraulic-cylinders.net\/wp-content\/uploads\/2025\/01\/songte-chushion-collar.webp\"><\/p>\n<h2>Ohutuskaalutlused ja keskkonnategurid<\/h2>\n<p>Kopasilindri kasutamisel tuleks vigastuste v\u00e4ltimiseks v\u00f5tta ohutusmeetmeid. Operaatori ja muu personali ohutuse tagamiseks on oluline j\u00e4rgida tootja juhiseid paigaldamise, kasutamise, hoolduse ja remondi kohta. Kopasilindri valimisel ja kasutamisel tuleks arvestada ka keskkonnateguritega, nagu temperatuur ja niiskus.<\/p>\n<h2>Veaotsing ja levinud probleemid<\/h2>\n<p>Kopasilindri levinud probleemide hulka kuuluvad \u00f5lileke, aeglane t\u00f6\u00f6 ja v\u00e4henenud j\u00f5udlus. Oluline on probleem \u00f5igesti diagnoosida ja selle lahendamiseks v\u00f5tta asjakohased meetmed. Probleemide lahendamiseks on soovitatav konsulteerida tootja v\u00f5i kvalifitseeritud tehnikuga.<\/p>\n<ul>\n<li>\u00d5lileke: Kontrollige tihendit ja vajadusel vahetage see v\u00e4lja. Veenduge, et silinder on puhas ja prahist vaba.<\/li>\n<li>Aeglane t\u00f6\u00f6tamine: kontrollige h\u00fcdraulika\u00f5li taset ja kvaliteeti. Vajadusel vahetage \u00f5li. Kontrollige h\u00fcdraulikas\u00fcsteemi ummistuste v\u00f5i kahjustuste suhtes. <\/li>\n<li>V\u00e4henenud j\u00f5udlus: Kontrollige silindrit kahjustuste v\u00f5i kulumise suhtes. Vajadusel vahetage osad v\u00e4lja.<\/li>\n<\/ul>\n<p><img decoding=\"async\" src=\"https:\/\/www.hydraulic-cylinders.net\/wp-content\/uploads\/2025\/01\/songte-bushings-with-all-kinds-of-excavator-models.webp\"><\/p>\n<h2>Meie ettev\u00f5ttest<\/h2>\n<p>Oleme juhtiv h\u00fcdrauliliste silindrite tootja ja hulgim\u00fc\u00fcja nii sise- kui ka rahvusvahelisel turul. Meie ettev\u00f5te pakub t\u00e4ielikku h\u00fcdrauliliste silindrite valikut, j\u00e4rgib suurep\u00e4rase kvaliteedi p\u00f5him\u00f5tet ning t\u00e4iustab pidevalt toote kvaliteeti ja tootmise efektiivsust. Meie tooteid valmistab professionaalide meeskond ja tipptasemel seadmed, keskendudes kohandamisele ja klientide rahulolule.<\/p>\n<ul>\n<li>Professionaalsus: Meil \u200b\u200bon professionaalide meeskond, kellel on aastatepikkune kogemus h\u00fcdrauliliste silindrite projekteerimisel ja tootmisel. <\/li>\n<li>Rahvusvaheline sertifitseerimine: Meie toodetel on rahvusvahelised sertifikaadid, n\u00e4iteks ISO9001 ja CE.<\/li>\n<li>Kohandamine: Pakume klientide erivajaduste rahuldamiseks kohandamisteenuseid.<\/li>\n<li>Tootmisseadmed: Meil \u200b\u200bon t\u00e4iustatud tootmisseadmed, et tagada meie toodete vastavus k\u00f5rgeimatele kvaliteedistandarditele. <\/li>\n<li>M\u00fc\u00fcgij\u00e4rgne teenindus: Pakume klientide rahulolu ja toote toimivuse tagamiseks igak\u00fclgset m\u00fc\u00fcgij\u00e4rgset teenindust.<\/li>\n<\/ul>\n<p><img decoding=\"async\" src=\"https:\/\/hzpt.com\/wp-content\/uploads\/2024\/11\/songte-company-1.webp\"><\/p>\n<p><em>Autor: lyl<\/em><\/p>","protected":false},"excerpt":{"rendered":"<p>Bucket Cylinder For Kobelco Small Excavator SK45 Introduction A bucket cylinder for Kobelco small excavator SK45 is a specialized hydraulic cylinder used to control the movement of the bucket in heavy machinery such as excavators, backhoe loaders, and front loaders. Its main function is to lift, lower, and tilt the bucket, making it easier to [&hellip;]<\/p>","protected":false},"featured_media":14789,"comment_status":"open","ping_status":"closed","template":"","meta":{"_et_pb_use_builder":"","_et_pb_old_content":"","_et_gb_content_width":""},"product_brand":[],"product_cat":[1494],"product_tag":[1495,1496],"class_list":{"0":"post-15342","1":"product","2":"type-product","3":"status-publish","4":"has-post-thumbnail","6":"product_cat-bucket-cylinders","7":"product_tag-bucket-cylinders","8":"product_tag-hydraulic-cylinders","10":"first","11":"instock","12":"shipping-taxable","13":"product-type-simple"},"amp_enabled":true,"_links":{"self":[{"href":"https:\/\/www.hydraulic-cylinders.net\/et\/wp-json\/wp\/v2\/product\/15342","targetHints":{"allow":["GET"]}}],"collection":[{"href":"https:\/\/www.hydraulic-cylinders.net\/et\/wp-json\/wp\/v2\/product"}],"about":[{"href":"https:\/\/www.hydraulic-cylinders.net\/et\/wp-json\/wp\/v2\/types\/product"}],"replies":[{"embeddable":true,"href":"https:\/\/www.hydraulic-cylinders.net\/et\/wp-json\/wp\/v2\/comments?post=15342"}],"wp:featuredmedia":[{"embeddable":true,"href":"https:\/\/www.hydraulic-cylinders.net\/et\/wp-json\/wp\/v2\/media\/14789"}],"wp:attachment":[{"href":"https:\/\/www.hydraulic-cylinders.net\/et\/wp-json\/wp\/v2\/media?parent=15342"}],"wp:term":[{"taxonomy":"product_brand","embeddable":true,"href":"https:\/\/www.hydraulic-cylinders.net\/et\/wp-json\/wp\/v2\/product_brand?post=15342"},{"taxonomy":"product_cat","embeddable":true,"href":"https:\/\/www.hydraulic-cylinders.net\/et\/wp-json\/wp\/v2\/product_cat?post=15342"},{"taxonomy":"product_tag","embeddable":true,"href":"https:\/\/www.hydraulic-cylinders.net\/et\/wp-json\/wp\/v2\/product_tag?post=15342"}],"curies":[{"name":"wp","href":"https:\/\/api.w.org\/{rel}","templated":true}]}}