{"id":15343,"date":"2025-01-19T14:24:39","date_gmt":"2025-01-19T14:24:39","guid":{"rendered":"https:\/\/www.hydraulic-cylinders.net\/product\/bucket-cylinder-for-kobelco-small-excavator-sk60-c\/"},"modified":"2025-01-19T14:24:40","modified_gmt":"2025-01-19T14:24:40","slug":"bucket-cylinder-for-kobelco-small-excavator-sk60-c","status":"publish","type":"product","link":"https:\/\/www.hydraulic-cylinders.net\/et\/toode\/bucket-cylinder-for-kobelco-small-excavator-sk60-c\/","title":{"rendered":"Kobelco v\u00e4ikeekskavaatori SK60-C kopa silinder"},"content":{"rendered":"<h1>Kobelco v\u00e4ikeekskavaatori SK60-C kopa silinder<\/h1>\n<h2>Sissejuhatus<\/h2>\n<h3>Definitsioon<\/h3>\n<p>Kopa silinder on spetsiaalselt konstrueeritud h\u00fcdrauliline silinder, mida kasutatakse kopa liikumise juhtimiseks rasketes masinates, n\u00e4iteks ekskavaatorites, laadur-ekskavaatorites ja esilaadurites. Selle peamine \u00fclesanne on v\u00f5imaldada kopa t\u00f5stmist, langetamist ja kallutamist, muutes erinevate materjalide k\u00e4sitsemise lihtsamaks. H\u00fcdraulilises s\u00fcsteemis saavutab kopa silinder kopa liikumise t\u00e4pse juhtimise h\u00fcdraulika\u00f5li r\u00f5hu muutuste abil, v\u00f5imaldades operaatoril t\u00f5husalt k\u00e4sitseda raskeid koormaid ning kohaneda keeruliste t\u00f6\u00f6tingimuste ja mitmekesiste t\u00f6\u00f6n\u00f5uetega.<\/p>\n<p><img decoding=\"async\" src=\"https:\/\/www.hydraulic-cylinders.net\/wp-content\/uploads\/2025\/01\/songte-company-2.webp\" alt=\"\u00c4mbri silindri pilt\"><\/p>\n<h2>Omadused<\/h2>\n<ul>\n<li><strong>Suur tugevus ja vastupidavus:<\/strong> Tavaliselt valmistatud \u00fclitugevast terasest v\u00f5i alumiiniumist, see talub k\u00f5rget r\u00f5hku ja suuri koormusi, kohandudes karmide t\u00f6\u00f6keskkondadega ning mille disain arvestab kulumiskindluse ja korrosioonikindlusega, pikendades kasutusiga.<\/li>\n<li><strong>T\u00f5husad h\u00fcdraulilised toimingud:<\/strong> Kasutades sujuvat pikendus- ja tagasit\u00f5mbamisliikumist h\u00fcdraulika\u00f5li r\u00f5hu abil, reageerib see kiiresti juhtimisk\u00e4sklustele, pakkudes v\u00f5imsat t\u00f5uke- ja t\u00f5mbej\u00f5udu, mis sobib raskete koormate ja keerukate t\u00f6\u00f6\u00fclesannete k\u00e4sitsemiseks.<\/li>\n<li><strong>Erinevad t\u00fc\u00fcbid:<\/strong> \u00dchetoimelisi (h\u00fcdraulilist s\u00fcsteemi kasutatakse ainult \u00fches suunas) v\u00f5i kahetoimelisi (h\u00fcdraulilist s\u00fcsteemi kasutatakse m\u00f5lemas suunas) silindreid saab valida vastavalt vajadustele, et rahuldada erinevaid t\u00f6\u00f6tingimusi. M\u00f5ned mudelid on teleskoopilised, v\u00f5imaldades suuremat pikendamist ilma v\u00e4lism\u00f5\u00f5tmeid suurendamata, sobides piiratud ruumiga rakenduste jaoks.<\/li>\n<li><strong>Vahetatav:<\/strong> Meie tooted suudavad neid h\u00fcdrosilindreid ideaalselt asendada.<\/li>\n<li><strong>Kohandamine:<\/strong> Saame seda toodet toota vastavalt kliendi spetsifikatsioonidele.<\/li>\n<\/ul>\n<p><img decoding=\"async\" src=\"https:\/\/www.hydraulic-cylinders.net\/wp-content\/uploads\/2025\/01\/songte-cylinder-head-with-all-kinds-excavator-models.webp\" alt=\"\u00c4mbri silindri asendamise pilt\"><\/p>\n<h2>Rakendused<\/h2>\n<p>Kopasilindrid on laialdaselt kasutusel erinevates rasketehnika masinates, sealhulgas:<\/p>\n<ul>\n<li>Ehitustehnika: Ekskavaatorites on need h\u00e4davajalikud kaevamiseks, laadimiseks ja pinnase v\u00f5i prahi teisaldamiseks. Ekskavaator-laadurites aitab kopa silinder kaevamisel ja t\u00f5stmisel. <\/li>\n<li>P\u00f5llumajandusmasinad: Kasutatakse esilaadurites pinnase, heina ja muude materjalide kaevamiseks, t\u00f5stmiseks ja transportimiseks.<\/li>\n<li>Ekskavaatorid: Kopa silinder saavutab kaevamistoimingu, v\u00f5imaldades kopal pinnasesse tungida.<\/li>\n<li>Eeslaadurid: Eeslaadurites aitavad need kaupu t\u00f5husalt t\u00f5sta ja kallutada.<\/li>\n<\/ul>\n<h2>Projekteerimiskaalutlused ja valikukriteeriumid<\/h2>\n<h3>Kujunduskaalutlused<\/h3>\n<ul>\n<li><strong>Kandev\u00f5ime:<\/strong> Silinder peaks olema konstrueeritud nii, et see taluks maksimaalset koormust, millega see t\u00f6\u00f6tamise ajal kokku puutuda v\u00f5ib.<\/li>\n<li><strong>Tihendus:<\/strong> Vedeliku lekke v\u00e4ltimiseks tuleks kasutada mitmesuguseid tihenduskomponente, n\u00e4iteks kolvitihendeid ja vardatihendeid.<\/li>\n<li><strong>Vastupidavus:<\/strong> Silinder peaks olema konstrueeritud kulumiskindlatest materjalidest ja pinnat\u00f6\u00f6tlustega, et pikendada selle kasutusiga.<\/li>\n<li><strong>Ohutus:<\/strong> Balloon peaks olema konstrueeritud nii, et see hoiaks \u00e4ra \u00f5nnetused, n\u00e4iteks ootamatu kukkumise v\u00f5i \u00fclekoormuse, ning vastama asjakohastele ohutusstandarditele.<\/li>\n<li><strong>Hooldatavus:<\/strong> Silinder peaks olema konstrueeritud nii, et seda oleks lihtne kontrollida, hooldada ja parandada.<\/li>\n<\/ul>\n<p><img decoding=\"async\" src=\"https:\/\/www.hydraulic-cylinders.net\/wp-content\/uploads\/2025\/01\/songte-oil-pipes-and-spare-parts.webp\" alt=\"Kopasilindri varuosade pilt\"><\/p>\n<h3>Valikukriteeriumid<\/h3>\n<ul>\n<li><strong>Rakendus:<\/strong> Ballooni t\u00fc\u00fcbi \u00f5ige valik peaks p\u00f5hinema konkreetsel rakendusel ja t\u00f6\u00f6n\u00f5uetel.<\/li>\n<li><strong>Suurus ja k\u00e4ik:<\/strong> Silindri l\u00e4bim\u00f5\u00f5t ja k\u00e4igu pikkus tuleks valida kandev\u00f5ime ja t\u00f6\u00f6tingimuste p\u00f5hjal.<\/li>\n<li><strong>Paigaldusstiil:<\/strong> Silindri kinnitus tuleks valida masina kinnitusviisi p\u00f5hjal.<\/li>\n<li><strong>T\u00f6\u00f6r\u00f5hk:<\/strong> Silindri t\u00f6\u00f6r\u00f5hk peaks olema h\u00fcdraulikas\u00fcsteemi etten\u00e4htud vahemikus.<\/li>\n<li><strong>Keskkonnan\u00f5uded:<\/strong> Silinder tuleks valida masina keskkonnan\u00f5uete, n\u00e4iteks temperatuuri, niiskuse ja s\u00f6\u00f6vitavuse p\u00f5hjal.<\/li>\n<\/ul>\n<h2>Tihendus ja m\u00e4\u00e4rimine<\/h2>\n<p>Vedeliku lekke v\u00e4ltimiseks tuleks kasutada mitmesuguseid tihenduskomponente, n\u00e4iteks kolvitihendeid ja varrastihendeid. Tihendid peaksid olema valmistatud kulumiskindlatest materjalidest, n\u00e4iteks pol\u00fcuretaanist v\u00f5i nitriilkummist. Silindri korpus ja keermestatud otsapind tuleks kulumiskindluse parandamiseks peenelt t\u00f6\u00f6delda. Regulaarne sobiva koguse h\u00fcdraulika\u00f5li lisamine aitab silindrit t\u00f5husalt m\u00e4\u00e4rida ja selle kasutusiga pikendada.<\/p>\n<h2>Hooldus ja remont<\/h2>\n<p>Regulaarne kontroll, sobiv m\u00e4\u00e4rimine, tihendite vahetamine ja kalibreerimise kontrollimine on t\u00fc\u00fcpilised hooldust\u00f6\u00f6d. \u00d5ige paigaldamine, m\u00e4\u00e4rimine ja reguleerimine on ballooni j\u00f5udluse ja pikaealisuse jaoks h\u00e4davajalikud. Paigaldamise ajal on oluline silinder \u00f5igesti joondada ja kinnitamiseks kasutada sobivaid kinnitusklambreid. Soovitame konkreetseid kontrolli-, remondi- ja vahetusprotseduure, sealhulgas taastamisteenuseid ja n\u00e4pun\u00e4iteid ballooni eluea pikendamiseks.<\/p>\n<p><img decoding=\"async\" src=\"https:\/\/www.hydraulic-cylinders.net\/wp-content\/uploads\/2025\/01\/songte-chushion-collar.webp\" alt=\"\u00c4mbrisilindri paigalduspilt\"><\/p>\n<h2>Ohutuskaalutlused ja keskkonnategurid<\/h2>\n<p>H\u00fcdrauliliste silindrite kasutamisel on olulised ohutusmeetmed, n\u00e4iteks kaitsevarustuse kandmine ja ohutusjuhiste j\u00e4rgimine. Silindri ja h\u00fcdros\u00fcsteemi valimisel tuleks arvestada keskkonnateguritega, nagu temperatuur, niiskus, s\u00f6\u00f6vitavus ja puhtus.<\/p>\n<h2>Levinumad probleemid ja t\u00f5rkeotsing<\/h2>\n<p>H\u00fcdrauliliste silindrite levinud probleemide hulka kuuluvad vedeliku leke, ebapiisav j\u00f5ud ja eba\u00fchtlane liikumine. Veaotsing h\u00f5lmab konkreetse probleemi ja selle p\u00f5hjuste, n\u00e4iteks kulunud tihendite v\u00f5i saastunud vedeliku, tuvastamist ning asjakohaste parandusmeetmete v\u00f5tmist, n\u00e4iteks tihendite vahetamine v\u00f5i vedeliku loputamine. Regulaarne ennetav hooldus aitab selliseid probleeme minimeerida.<\/p>\n<p><img decoding=\"async\" src=\"https:\/\/www.hydraulic-cylinders.net\/wp-content\/uploads\/2025\/01\/songte-bushings-with-all-kinds-of-excavator-models.webp\" alt=\"\u00c4mbrisilindri t\u00f5rkeotsingu pilt\"><\/p>\n<h2>Meie ettev\u00f5ttest<\/h2>\n<p>Oleme asendush\u00fcdrauliliste silindrite tootja, pakkudes t\u00e4ielikku tootevalikut. Oleme \u00fcks juhtivaid h\u00fcdrauliliste silindrite tootjaid ja hulgim\u00fc\u00fcjaid nii sise- kui ka rahvusvahelisel turul. J\u00e4rgime suurep\u00e4rase kvaliteedi p\u00f5him\u00f5tet ja tugineme t\u00f6\u00f6stusliku tootmise juhtimise strateegiatele koos peente tootmist\u00f6\u00f6kodadega, t\u00e4iustades pidevalt oma tootmisplatvorme ja tootekvaliteedi tootmisliine. Meil \u200b\u200bon tugev loominguline v\u00f5imekus rahuldada klientide mitmekesiseid vajadusi suure t\u00f5hususega, t\u00e4psuse ja kvaliteediga. <\/p>\n<ul>\n<li><strong>Professionaalsus:<\/strong> Meie meeskond koosneb kogenud spetsialistidest, kes suudavad pakkuda erinevatele klientidele individuaalseid lahendusi.<\/li>\n<li><strong>Rahvusvaheline sertifitseerimine:<\/strong> Meie tooted on l\u00e4binud rahvusvahelise sertifikaadi, n\u00e4iteks ISO9001, CE ja SGS.<\/li>\n<li><strong>Kohandamise teenus:<\/strong> Saame pakkuda kohandatud silindreid vastavalt kliendi spetsifikatsioonidele ja n\u00f5uetele.<\/li>\n<li><strong>T\u00e4iustatud tootmisseadmed:<\/strong> Meil on t\u00e4iustatud digitaalsed tootmisseadmed, n\u00e4iteks CNC-masinad ja testimiss\u00fcsteemid, et tagada toote kvaliteet ja j\u00e4rjepidevus.<\/li>\n<li><strong>M\u00fc\u00fcgij\u00e4rgne teenindus:<\/strong> Pakume klientide rahulolu tagamiseks \u00f5igeaegset m\u00fc\u00fcgij\u00e4rgset teenindust, sealhulgas varuosade vahetust ja taastamisteenuseid.<\/li>\n<\/ul>\n<p><img decoding=\"async\" src=\"https:\/\/hzpt.com\/wp-content\/uploads\/2024\/11\/songte-company-1.webp\" alt=\"Ettev\u00f5tte kuvand\"><\/p>\n<p>Autor: lyl.<\/p>","protected":false},"excerpt":{"rendered":"<p>Bucket Cylinder for Kobelco Small Excavator SK60-C Introduction Definition A bucket cylinder is a specially designed hydraulic cylinder used to control the movement of a bucket in heavy machinery such as excavators, backhoe loaders, and front loaders. Its primary function is to enable the bucket to lift, lower, and tilt, making it easier to handle [&hellip;]<\/p>","protected":false},"featured_media":14788,"comment_status":"open","ping_status":"closed","template":"","meta":{"_et_pb_use_builder":"","_et_pb_old_content":"","_et_gb_content_width":""},"product_brand":[],"product_cat":[1494],"product_tag":[1495,1496],"class_list":{"0":"post-15343","1":"product","2":"type-product","3":"status-publish","4":"has-post-thumbnail","6":"product_cat-bucket-cylinders","7":"product_tag-bucket-cylinders","8":"product_tag-hydraulic-cylinders","10":"first","11":"instock","12":"shipping-taxable","13":"product-type-simple"},"amp_enabled":true,"_links":{"self":[{"href":"https:\/\/www.hydraulic-cylinders.net\/et\/wp-json\/wp\/v2\/product\/15343","targetHints":{"allow":["GET"]}}],"collection":[{"href":"https:\/\/www.hydraulic-cylinders.net\/et\/wp-json\/wp\/v2\/product"}],"about":[{"href":"https:\/\/www.hydraulic-cylinders.net\/et\/wp-json\/wp\/v2\/types\/product"}],"replies":[{"embeddable":true,"href":"https:\/\/www.hydraulic-cylinders.net\/et\/wp-json\/wp\/v2\/comments?post=15343"}],"wp:featuredmedia":[{"embeddable":true,"href":"https:\/\/www.hydraulic-cylinders.net\/et\/wp-json\/wp\/v2\/media\/14788"}],"wp:attachment":[{"href":"https:\/\/www.hydraulic-cylinders.net\/et\/wp-json\/wp\/v2\/media?parent=15343"}],"wp:term":[{"taxonomy":"product_brand","embeddable":true,"href":"https:\/\/www.hydraulic-cylinders.net\/et\/wp-json\/wp\/v2\/product_brand?post=15343"},{"taxonomy":"product_cat","embeddable":true,"href":"https:\/\/www.hydraulic-cylinders.net\/et\/wp-json\/wp\/v2\/product_cat?post=15343"},{"taxonomy":"product_tag","embeddable":true,"href":"https:\/\/www.hydraulic-cylinders.net\/et\/wp-json\/wp\/v2\/product_tag?post=15343"}],"curies":[{"name":"wp","href":"https:\/\/api.w.org\/{rel}","templated":true}]}}