{"id":15346,"date":"2025-01-19T14:24:50","date_gmt":"2025-01-19T14:24:50","guid":{"rendered":"https:\/\/www.hydraulic-cylinders.net\/product\/bucket-cylinder-for-kobelco-small-excavator-sk135-6\/"},"modified":"2025-01-19T14:24:52","modified_gmt":"2025-01-19T14:24:52","slug":"bucket-cylinder-for-kobelco-small-excavator-sk135-6","status":"publish","type":"product","link":"https:\/\/www.hydraulic-cylinders.net\/et\/toode\/bucket-cylinder-for-kobelco-small-excavator-sk135-6\/","title":{"rendered":"Kobelco v\u00e4ikese ekskavaatori SK135-6 kopa silinder"},"content":{"rendered":"<p><!DOCTYPE html><br \/>\n<html><br \/>\n<head><br \/>\n<title>Kobelco v\u00e4ikese ekskavaatori SK135-6 kopa silinder<\/title><br \/>\n<\/head><br \/>\n<body><\/p>\n<h1>Kobelco v\u00e4ikese ekskavaatori SK135-6 kopa silinder<\/h1>\n<h2>Sissejuhatus<\/h2>\n<p>Kobelco v\u00e4ikeekskavaatori SK135-6 kopa silinder on spetsiaalselt loodud h\u00fcdrauliline silinder, mida kasutatakse kopa liikumise juhtimiseks rasketes masinates, n\u00e4iteks ekskavaatorites, laadur-ekskavaatorites ja rataslaadurites. Selle peamine \u00fclesanne on v\u00f5imaldada kopa t\u00f5stmist, langetamist ja kallutamist, muutes selle lihtsamaks mitmesuguste materjalik\u00e4itlust\u00f6\u00f6de jaoks. H\u00fcdraulikas\u00fcsteemis saavutab kopa silinder kopa t\u00e4pse juhtimise, kasutades \u00e4ra h\u00fcdraulika\u00f5li r\u00f5humuutusi, v\u00f5imaldades operaatoritel t\u00f5husalt k\u00e4sitseda raskeid koormaid ning kohaneda keerukate t\u00f6\u00f6keskkondade ja mitmekesiste t\u00f6\u00f6n\u00f5uetega.<\/p>\n<p><img decoding=\"async\" src=\"https:\/\/www.hydraulic-cylinders.net\/wp-content\/uploads\/2025\/01\/songte-company-2.webp\" alt=\"\u00c4mbri silindri pilt\"><\/p>\n<h2>Omadused<\/h2>\n<ul>\n<li>Suur tugevus ja vastupidavus: See on tavaliselt valmistatud \u00fclitugevast terasest v\u00f5i alumiiniumist, mis talub k\u00f5rget r\u00f5hku ja suuri koormusi ning kohandub karmide t\u00f6\u00f6keskkondadega. Projekteerimisel on arvesse v\u00f5etud kulumiskindlust ja korrosioonikindlust, et pikendada selle kasutusiga.<\/li>\n<li>T\u00f5hus h\u00fcdrauliline t\u00f6\u00f6: H\u00fcdraulika\u00f5li r\u00f5hu abil saavutab see sujuva pikendus- ja tagasit\u00f5mbamisliigutuse, reageerib kiiresti juhtimisk\u00e4sklustele, pakub v\u00f5imsaid t\u00f5uke- ja t\u00f5mbej\u00f5ude, sobib raskete koormate ja keerukate t\u00f6\u00f6\u00fclesannete k\u00e4sitsemiseks.<\/li>\n<li>Erinevad t\u00fc\u00fcbid: See pakub erinevate t\u00f6\u00f6vajaduste rahuldamiseks \u00fchetoimelisi (h\u00fcdraulilist s\u00fcsteemi kasutatakse ainult \u00fches suunas) v\u00f5i kahetoimelisi (h\u00fcdraulilist s\u00fcsteemi kasutatakse m\u00f5lemas suunas) silindreid. M\u00f5ned mudelid on teleskoopilised, mis v\u00f5imaldab suuremat pikendust ilma v\u00e4lism\u00f5\u00f5tmeid suurendamata, mist\u00f5ttu need sobivad piiratud ruumiga rakenduste jaoks.<\/li>\n<li>T\u00e4iuslik asendus: Meie toode saab need h\u00fcdraulilised silindrid ideaalselt asendada.<\/li>\n<\/ul>\n<p><img decoding=\"async\" src=\"https:\/\/www.hydraulic-cylinders.net\/wp-content\/uploads\/2025\/01\/songte-cylinder-head-with-all-kinds-excavator-models.webp\" alt=\"H\u00fcdraulilise silindri pilt\"><\/p>\n<h2>Rakendused<\/h2>\n<p>Kobelco v\u00e4ikeekskavaatori SK135-6 kopasilindrit kasutatakse laialdaselt erinevates rakendustes, sealhulgas:<\/p>\n<ul>\n<li>Ehitustehnika: Ekskavaatorites on need eluliselt t\u00e4htsad kaevamisel, laadimisel ja mulla v\u00f5i prahi teisaldamisel. Ekskavaator-laadurites aitab kopa silinder nii kaevamisel kui ka t\u00f5stmisel.<\/li>\n<li>P\u00f5llumajandusmasinad: Kasutatakse esilaadurites mulla, heina ja muude materjalide k\u00fchveldamiseks, t\u00f5stmiseks ja transportimiseks.<\/li>\n<li>Ekskavaatorid: Kopa silinder v\u00f5imaldab kaevamist, lastes kopal pinnasesse tungida.<\/li>\n<li>Rataslaadurid: Rataslaadurites aitavad need kaupu t\u00f5husalt t\u00f5sta ja maha laadida.<\/li>\n<\/ul>\n<h2>Projekteerimiskaalutlused ja valikukriteeriumid<\/h2>\n<p>Projekteerimisel peab kopa silinder vastama olulistele n\u00f5uetele, nagu kandev\u00f5ime, tihendus, vastupidavus, ohutus ja hooldatavus.<\/p>\n<p><img decoding=\"async\" src=\"https:\/\/www.hydraulic-cylinders.net\/wp-content\/uploads\/2025\/01\/songte-oil-pipes-and-spare-parts.webp\" alt=\"\u00d5litorud ja varuosad\"><\/p>\n<h2>Tihendus ja m\u00e4\u00e4rimine<\/h2>\n<p>Kopasilindris kasutatakse mitmesuguseid tihendeid, n\u00e4iteks kolvitihendeid, vardatihendeid jne, mis on valmistatud kulumiskindlatest materjalidest, n\u00e4iteks pol\u00fcuretaanist ja nitriilkummist. Silindri korpus ja keermestatud otsad on kulumiskindluse suurendamiseks peenelt t\u00f6\u00f6deldud. Sujuva t\u00f6\u00f6 tagamiseks on vaja regulaarselt m\u00e4\u00e4rida sobiva koguse h\u00fcdraulika\u00f5liga.<\/p>\n<h2>Kontroll ja ennetav hooldus<\/h2>\n<p>Kopasilindri optimaalse j\u00f5udluse ja pikaealisuse tagamiseks on oluline regulaarne kontroll ja ennetavad hooldusmeetmed. Arvesse tuleks v\u00f5tta j\u00e4rgmisi punkte:<\/p>\n<h2>Paigaldusjuhend<\/h2>\n<p>Kopasilindri \u00f5ige paigaldamine on selle funktsionaalsuse ja ohutuse tagamiseks \u00fclioluline. J\u00e4rgida tuleks j\u00e4rgmisi samme:<\/p>\n<h2>Hooldus\u00fclesanded<\/h2>\n<p>Kopasilindri tavaliste hooldust\u00f6\u00f6de hulka kuuluvad regulaarsed \u00fclevaatused, asjakohane m\u00e4\u00e4rimine, tihendite vahetamine ja kalibreerimise kontrollimine. Oluline on r\u00f5hutada \u00f5ige paigaldamise, m\u00e4\u00e4rimise ja reguleerimise olulisust. Paigaldamise ajal on soovitatav silindri \u00f5ige joondamine ja silindri kinnitamiseks on soovitatav kasutada sobivaid kinnitusklambreid. Esitada tuleks soovitatavad kontrolli-, remondi- ja vahetamisprotseduurid koos n\u00e4pun\u00e4idetega kopasilindri eluea pikendamiseks.<\/p>\n<p><img decoding=\"async\" src=\"https:\/\/www.hydraulic-cylinders.net\/wp-content\/uploads\/2025\/01\/songte-chushion-collar.webp\" alt=\"Chushioni krae pilt\"><\/p>\n<h2>Ohutuskaalutlused ja keskkonnategurid<\/h2>\n<p>Kopasilindri kasutamisel on \u00e4\u00e4rmiselt oluline rakendada ohutusmeetmeid. Samuti tuleks arvestada keskkonnateguritega, et minimeerida m\u00f5ju \u00fcmbrusele.<\/p>\n<h2>Veaotsing ja levinud probleemid<\/h2>\n<p>Kopasilindriga seotud t\u00f5rkeotsingu ja levinud probleemide korral tuleks probleemide t\u00f5husaks diagnoosimiseks ja lahendamiseks kaaluda j\u00e4rgmisi n\u00e4pun\u00e4iteid ja lahendusi. V\u00f5imalike probleemide minimeerimiseks tuleks v\u00e4lja tuua ettevaatusabin\u00f5ud.<\/p>\n<p><img decoding=\"async\" src=\"https:\/\/www.hydraulic-cylinders.net\/wp-content\/uploads\/2025\/01\/songte-bushings-with-all-kinds-of-excavator-models.webp\" alt=\"Puksid ekskavaatorimudelitega\"><\/p>\n<h2>Meie ettev\u00f5ttest<\/h2>\n<p>Oleme asendush\u00fcdrauliliste silindrite tootja. Meie ettev\u00f5te pakub laia tootevalikut ja on saanud \u00fcheks juhtivaks h\u00fcdrosilindrite tootjaks ja hulgim\u00fc\u00fcjaks nii sise- kui ka rahvusvahelisel turul. Meie keerukates tootmist\u00f6\u00f6kodades j\u00e4rgime tipptaseme p\u00f5him\u00f5tteid ja tugineme industrialiseeritud tootmise juhtimisstrateegiatele. Keskendudes tehnoloogilisele talendile, t\u00e4iustatud digitaalsetele tootmisseadmetele ja professionaalsetele testimiss\u00fcsteemidele, t\u00e4iustame pidevalt oma tootmisplatvormi ja parandame toodete kvaliteeti. Meil \u200b\u200bon tugev innovatsiooniv\u00f5ime ja p\u00fc\u00fcame rahuldada klientide mitmekesiseid n\u00f5udmisi suure t\u00f5hususega, t\u00e4psuse ja kvaliteediga.<\/p>\n<p><img decoding=\"async\" src=\"https:\/\/www.hydraulic-cylinders.net\/wp-content\/uploads\/2025\/01\/songte-company-3.webp\" alt=\"Ettev\u00f5tte kuvand\"><\/p>\n<p>Meie ettev\u00f5te on tuntud oma professionaalsuse, rahvusvaheliste sertifikaatide, kohandatud teenuste, tootmisseadmete ja m\u00fc\u00fcgij\u00e4rgse toe poolest.<\/p>\n<p>Autor: lyl<\/p>\n<p><\/body><br \/>\n<\/html><\/p>","protected":false},"excerpt":{"rendered":"<p>Bucket Cylinder For Kobelco Small Excavator SK135-6 Bucket Cylinder For Kobelco Small Excavator SK135-6 Introduction The bucket cylinder for Kobelco small excavator SK135-6 is a specially designed hydraulic cylinder used to control the movement of the bucket in heavy machinery such as excavators, backhoe loaders, and wheel loaders. Its main function is to allow the [&hellip;]<\/p>","protected":false},"featured_media":14784,"comment_status":"open","ping_status":"closed","template":"","meta":{"_et_pb_use_builder":"","_et_pb_old_content":"","_et_gb_content_width":""},"product_brand":[],"product_cat":[1494],"product_tag":[1495,1496],"class_list":{"0":"post-15346","1":"product","2":"type-product","3":"status-publish","4":"has-post-thumbnail","6":"product_cat-bucket-cylinders","7":"product_tag-bucket-cylinders","8":"product_tag-hydraulic-cylinders","10":"first","11":"instock","12":"shipping-taxable","13":"product-type-simple"},"amp_enabled":true,"_links":{"self":[{"href":"https:\/\/www.hydraulic-cylinders.net\/et\/wp-json\/wp\/v2\/product\/15346","targetHints":{"allow":["GET"]}}],"collection":[{"href":"https:\/\/www.hydraulic-cylinders.net\/et\/wp-json\/wp\/v2\/product"}],"about":[{"href":"https:\/\/www.hydraulic-cylinders.net\/et\/wp-json\/wp\/v2\/types\/product"}],"replies":[{"embeddable":true,"href":"https:\/\/www.hydraulic-cylinders.net\/et\/wp-json\/wp\/v2\/comments?post=15346"}],"wp:featuredmedia":[{"embeddable":true,"href":"https:\/\/www.hydraulic-cylinders.net\/et\/wp-json\/wp\/v2\/media\/14784"}],"wp:attachment":[{"href":"https:\/\/www.hydraulic-cylinders.net\/et\/wp-json\/wp\/v2\/media?parent=15346"}],"wp:term":[{"taxonomy":"product_brand","embeddable":true,"href":"https:\/\/www.hydraulic-cylinders.net\/et\/wp-json\/wp\/v2\/product_brand?post=15346"},{"taxonomy":"product_cat","embeddable":true,"href":"https:\/\/www.hydraulic-cylinders.net\/et\/wp-json\/wp\/v2\/product_cat?post=15346"},{"taxonomy":"product_tag","embeddable":true,"href":"https:\/\/www.hydraulic-cylinders.net\/et\/wp-json\/wp\/v2\/product_tag?post=15346"}],"curies":[{"name":"wp","href":"https:\/\/api.w.org\/{rel}","templated":true}]}}