{"id":15349,"date":"2025-01-19T14:25:02","date_gmt":"2025-01-19T14:25:02","guid":{"rendered":"https:\/\/www.hydraulic-cylinders.net\/product\/bucket-cylinder-for-kobelco-small-excavator-sk60-3-8\/"},"modified":"2025-01-19T14:25:04","modified_gmt":"2025-01-19T14:25:04","slug":"bucket-cylinder-for-kobelco-small-excavator-sk60-3-8","status":"publish","type":"product","link":"https:\/\/www.hydraulic-cylinders.net\/et\/toode\/bucket-cylinder-for-kobelco-small-excavator-sk60-3-8\/","title":{"rendered":"Kobelco v\u00e4ikeekskavaatori SK60-3-8 kopa silinder"},"content":{"rendered":"<h2>Kobelco v\u00e4ikeekskavaatori SK60-3-8 kopa silinder<\/h2>\n<p>Kobelco v\u00e4ikeekskavaatori SK60-3-8 kopa silinder on spetsiaalselt loodud h\u00fcdrauliline silinder, mida kasutatakse kopa liikumise juhtimiseks rasketes masinates, n\u00e4iteks ekskavaatorites, laadur-ekskavaatorites ja esilaadurites. Selle peamine \u00fclesanne on v\u00f5imaldada kopa t\u00f5stmist, langetamist ja kallutamist, muutes selle lihtsamaks mitmesuguste materjalik\u00e4itlust\u00f6\u00f6de jaoks. H\u00fcdraulilises s\u00fcsteemis saavutab kopa silinder kopa t\u00e4pse juhtimise, kasutades \u00e4ra h\u00fcdraulika\u00f5li r\u00f5humuutusi, v\u00f5imaldades operaatoritel t\u00f5husalt k\u00e4sitseda raskeid koormaid ning kohaneda keerukate t\u00f6\u00f6keskkondade ja mitmekesiste t\u00f6\u00f6n\u00f5uetega.<\/p>\n<p><img decoding=\"async\" src=\"https:\/\/www.hydraulic-cylinders.net\/wp-content\/uploads\/2025\/01\/songte-company-2.webp\"><\/p>\n<h3>Kobelco v\u00e4ikese ekskavaatori kopasilindri omadused<\/h3>\n<ol>\n<li>Suur tugevus ja vastupidavus: Tavaliselt valmistatud \u00fclitugevast terasest v\u00f5i alumiiniumist, talub see k\u00f5rget r\u00f5hku ja suuri koormusi, kohandudes karmide t\u00f6\u00f6keskkondadega. Projekteerimisel on arvesse v\u00f5etud kulumiskindlust ja korrosioonikindlust, pikendades selle kasutusiga.<\/li>\n<li>T\u00f5hus h\u00fcdrauliline t\u00f6\u00f6: H\u00fcdraulika\u00f5li r\u00f5hu abil saavutatakse sujuvad pikendus- ja kokkut\u00f5mbumisliigutused, mis v\u00f5imaldavad kiiret reageerimist juhtimisk\u00e4sklustele ning pakuvad v\u00f5imsaid t\u00f5uke- ja t\u00f5mbej\u00f5ude, mis sobivad raskete koormate ja keerukate t\u00f6\u00f6\u00fclesannete k\u00e4sitsemiseks.<\/li>\n<li>Erinevad t\u00fc\u00fcbid: Vajadusel saab valida \u00fchetoimelise (h\u00fcdraulilist s\u00fcsteemi kasutatakse ainult \u00fches suunas) v\u00f5i kahetoimelise (h\u00fcdraulilist s\u00fcsteemi kasutatakse m\u00f5lemas suunas) silindri, mis vastab erinevatele t\u00f6\u00f6tingimustele. M\u00f5ned mudelid on teleskoopilised, v\u00f5imaldades suuremat pikendust ilma v\u00e4lism\u00f5\u00f5tmeid suurendamata, sobides piiratud ruumiga rakenduste jaoks.<\/li>\n<li>T\u00e4iuslik asendus: Meie tooted suudavad neid h\u00fcdrosilindreid ideaalselt asendada. <\/li>\n<\/ol>\n<p><img decoding=\"async\" src=\"https:\/\/www.hydraulic-cylinders.net\/wp-content\/uploads\/2025\/01\/songte-cylinder-head-with-all-kinds-excavator-models.webp\"><\/p>\n<h3>Kobelco v\u00e4ikese ekskavaatori kopasilindri rakendused<\/h3>\n<p>Seda kopasilindrit kasutatakse laialdaselt erinevates rakendustes:<\/p>\n<ol>\n<li>Ehitustehnika: Neid leidub ekskavaatorites ning need on olulised kaevamisel, laadimisel ja pinnase v\u00f5i prahi teisaldamisel. Ekskavaatorlaadurites aitab kopa silinder nii kaevamisel kui ka t\u00f5stmisel.<\/li>\n<li>P\u00f5llumajandusmasinad: Kasutatakse esilaadurites mulla, heina ja muude materjalide k\u00fchveldamiseks, t\u00f5stmiseks ja transportimiseks.<\/li>\n<li>Ekskavaatorid: Kopa silinder v\u00f5imaldab kaevamist, lastes kopal pinnasesse tungida.<\/li>\n<li>Laadurid: Esilaadurites aitavad need kaupu t\u00f5husalt t\u00f5sta ja maha laadida.<\/li>\n<\/ol>\n<h3>Projekteerimiskaalutlused ja valikukriteeriumid<\/h3>\n<p>Kopasilindri projekteerimisel v\u00f5etakse arvesse mitmeid tegureid ja valikukriteeriume:<\/p>\n<ol>\n<li>Kandev\u00f5ime: Silinder peaks suutma vastu pidada kavandatud koormusele ilma deformatsiooni v\u00f5i purunemiseta.<\/li>\n<li>Tihendus: N\u00f5uetekohase tihenduse tagamiseks ja vedeliku lekke v\u00e4ltimiseks kasutatakse mitmesuguseid tihenduskomponente, n\u00e4iteks kolvitihendeid ja vardatihendeid.<\/li>\n<li>Vastupidavus: Silindri korpus ja keermestatud otsad on peenelt t\u00f6\u00f6deldud, et suurendada kulumiskindlust ja pikendada kasutusiga.<\/li>\n<li>Ohutus: Ohutu t\u00f6\u00f6 tagamiseks on seadmesse sisse ehitatud ohutusfunktsioonid, n\u00e4iteks r\u00f5hualandusventiilid ja avariiseiskamismehhanismid.<\/li>\n<li>Hooldatavus: disain v\u00f5imaldab h\u00f5lpsat hooldust ja remonti, t\u00e4nu ligip\u00e4\u00e4setavatele komponentidele ja selgetele juhistele.<\/li>\n<\/ol>\n<p><img decoding=\"async\" src=\"https:\/\/www.hydraulic-cylinders.net\/wp-content\/uploads\/2025\/01\/songte-oil-pipes-and-spare-parts.webp\"><\/p>\n<h3>Kopa silindri tihendamine ja m\u00e4\u00e4rimine<\/h3>\n<p>Kopasilindris kasutatakse mitmesuguseid tihenduskomponente, n\u00e4iteks kolvitihendeid ja vardatihendeid, mis on valmistatud kulumiskindlatest materjalidest, n\u00e4iteks pol\u00fcuretaanist ja nitriilkummist. Silindri korpus ja keermestatud otsad on kulumiskindluse parandamiseks peenelt t\u00f6\u00f6deldud. Sujuva t\u00f6\u00f6 tagamiseks ja kahjustuste v\u00e4ltimiseks on vajalik regulaarne m\u00e4\u00e4rimine sobiva koguse h\u00fcdraulika\u00f5liga.<\/p>\n<h3>Regulaarne kontroll ja ennetavad hooldusmeetmed<\/h3>\n<p>Kopasilindri optimaalse j\u00f5udluse ja pikaealisuse tagamiseks tuleks rakendada regulaarseid kontrolli- ja ennetushooldusmeetmeid:<\/p>\n<ol>\n<li>Kontrollige kulumis-, kahjustus- v\u00f5i lekkem\u00e4rke.<\/li>\n<li>M\u00e4\u00e4rige k\u00f5iki liikuvaid osi korralikult.<\/li>\n<li>Vajadusel vahetage tihendeid ja tihendeid.<\/li>\n<li>T\u00e4pse t\u00f6\u00f6 tagamiseks tehke kalibreerimiskontroll.<\/li>\n<\/ol>\n<p><img decoding=\"async\" src=\"https:\/\/www.hydraulic-cylinders.net\/wp-content\/uploads\/2025\/01\/songte-chushion-collar.webp\"><\/p>\n<h3>Ohutuskaalutlused ja keskkonnategurid<\/h3>\n<p>Kopasilindri kasutamisel on oluline j\u00e4rgida ohutusmeetmeid \u00f5nnetuste v\u00e4ltimiseks ja turvalise t\u00f6\u00f6keskkonna tagamiseks. See h\u00f5lmab n\u00f5uetekohast v\u00e4lja\u00f5pet, sobivate isikukaitsevahendite kandmist ning asjakohaste ohutusjuhiste ja -m\u00e4\u00e4ruste j\u00e4rgimist.<\/p>\n<h3>Rikete diagnoosimine ja levinud probleemid<\/h3>\n<p>Kopasilindri rikke v\u00f5i probleemide korral aitavad j\u00e4rgmised n\u00e4pun\u00e4ited ja t\u00f5rkeotsingu meetodid probleeme t\u00f5husalt diagnoosida ja lahendada. Lisaks tuleks v\u00f5imalike probleemide minimeerimiseks v\u00f5tta ennetavaid meetmeid.<\/p>\n<p><img decoding=\"async\" src=\"https:\/\/www.hydraulic-cylinders.net\/wp-content\/uploads\/2025\/01\/songte-bushings-with-all-kinds-of-excavator-models.webp\"><\/p>\n<p>Pea meeles, et artikkel tuleks loogiliselt \u00fcles ehitada, kasutada navigeerimise h\u00f5lbustamiseks alapealkirju, lisada parema arusaamise huvides asjakohaseid pilte v\u00f5i diagramme ning veenduda, et sisu oleks selge, kokkuv\u00f5tlik ja sobiv erineva tehnilise teadmisega lugejatele.<\/p>\n<h2>Meie ettev\u00f5ttest<\/h2>\n<p>Oleme asendush\u00fcdrauliliste silindrite tootja, pakkudes laia tootevalikut. Oleme saanud \u00fcheks juhtivaks h\u00fcdrosilindrite tootjaks ja hulgim\u00fc\u00fcjaks nii sise- kui ka rahvusvahelisel turul. J\u00e4rgime suurep\u00e4rase kvaliteedi p\u00f5him\u00f5tteid, tuginedes oma t\u00e4iustatud tootmist\u00f6\u00f6kodades t\u00f6\u00f6stusliku tootmise juhtimise strateegiatele. Kasutades tehnoloogilisi oskusi, tipptasemel digitaalseid tootmisseadmeid ja professionaalseid testimiss\u00fcsteeme, t\u00e4iustame pidevalt oma tootmisplatvormi ja t\u00e4iustame tootekvaliteedi tootmisprotsessi. Meil \u200b\u200bon tugev loominguline v\u00f5imekus ja p\u00fc\u00fcame rahuldada klientide mitmekesiseid vajadusi suure efektiivsuse, t\u00e4psuse ja kvaliteediga.<\/p>\n<p><img decoding=\"async\" src=\"https:\/\/www.hydraulic-cylinders.net\/wp-content\/uploads\/2025\/01\/songte-company-3.webp\"><\/p>\n<p>Lisaks oleme uhked oma professionaalsuse, rahvusvaheliste sertifikaatide, kohandatud teenuste, tootmisseadmete ja m\u00fc\u00fcgij\u00e4rgse teeninduse \u00fcle.<\/p>\n<p><em>Autor: lyl<\/em><\/p>","protected":false},"excerpt":{"rendered":"<p>Bucket Cylinder For Kobelco Small Excavator SK60-3-8 The bucket cylinder for Kobelco small excavator SK60-3-8 is a specially designed hydraulic cylinder used to control the movement of the bucket in heavy machinery such as excavators, backhoe loaders, and front-end loaders. Its main function is to enable the bucket to lift, lower, and tilt, making it [&hellip;]<\/p>","protected":false},"featured_media":14778,"comment_status":"open","ping_status":"closed","template":"","meta":{"_et_pb_use_builder":"","_et_pb_old_content":"","_et_gb_content_width":""},"product_brand":[],"product_cat":[1494],"product_tag":[1495,1496],"class_list":{"0":"post-15349","1":"product","2":"type-product","3":"status-publish","4":"has-post-thumbnail","6":"product_cat-bucket-cylinders","7":"product_tag-bucket-cylinders","8":"product_tag-hydraulic-cylinders","10":"first","11":"instock","12":"shipping-taxable","13":"product-type-simple"},"amp_enabled":true,"_links":{"self":[{"href":"https:\/\/www.hydraulic-cylinders.net\/et\/wp-json\/wp\/v2\/product\/15349","targetHints":{"allow":["GET"]}}],"collection":[{"href":"https:\/\/www.hydraulic-cylinders.net\/et\/wp-json\/wp\/v2\/product"}],"about":[{"href":"https:\/\/www.hydraulic-cylinders.net\/et\/wp-json\/wp\/v2\/types\/product"}],"replies":[{"embeddable":true,"href":"https:\/\/www.hydraulic-cylinders.net\/et\/wp-json\/wp\/v2\/comments?post=15349"}],"wp:featuredmedia":[{"embeddable":true,"href":"https:\/\/www.hydraulic-cylinders.net\/et\/wp-json\/wp\/v2\/media\/14778"}],"wp:attachment":[{"href":"https:\/\/www.hydraulic-cylinders.net\/et\/wp-json\/wp\/v2\/media?parent=15349"}],"wp:term":[{"taxonomy":"product_brand","embeddable":true,"href":"https:\/\/www.hydraulic-cylinders.net\/et\/wp-json\/wp\/v2\/product_brand?post=15349"},{"taxonomy":"product_cat","embeddable":true,"href":"https:\/\/www.hydraulic-cylinders.net\/et\/wp-json\/wp\/v2\/product_cat?post=15349"},{"taxonomy":"product_tag","embeddable":true,"href":"https:\/\/www.hydraulic-cylinders.net\/et\/wp-json\/wp\/v2\/product_tag?post=15349"}],"curies":[{"name":"wp","href":"https:\/\/api.w.org\/{rel}","templated":true}]}}