{"id":15361,"date":"2025-01-19T14:25:58","date_gmt":"2025-01-19T14:25:58","guid":{"rendered":"https:\/\/www.hydraulic-cylinders.net\/product\/bucket-cylinder-for-kobelco-large-excavator-sk300-2\/"},"modified":"2025-01-19T14:26:00","modified_gmt":"2025-01-19T14:26:00","slug":"bucket-cylinder-for-kobelco-large-excavator-sk300-2","status":"publish","type":"product","link":"https:\/\/www.hydraulic-cylinders.net\/et\/toode\/bucket-cylinder-for-kobelco-large-excavator-sk300-2\/","title":{"rendered":"Kobelco suure ekskavaatori SK300-2 kopa silinder"},"content":{"rendered":"<p><!DOCTYPE html><br \/>\n<html><br \/>\n<head><br \/>\n<title>Kobelco suure ekskavaatori SK300-2 kopa silinder<\/title><br \/>\n<\/head><br \/>\n<body><\/p>\n<h1>Kobelco suure ekskavaatori SK300-2 kopa silinder<\/h1>\n<h2>Kopasilindri m\u00e4\u00e4ratlus<\/h2>\n<p>Kopa silinder on spetsiaalselt konstrueeritud h\u00fcdrauliline silinder, mida kasutatakse kopa liikumise juhtimiseks rasketes masinates, n\u00e4iteks ekskavaatorites, laadur-ekskavaatorites ja esilaadurites. Selle peamine \u00fclesanne on v\u00f5imaldada kopa t\u00f5stmist, langetamist ja kallutamist, muutes selle lihtsamaks mitmesuguste materjalik\u00e4itlust\u00f6\u00f6de puhul. H\u00fcdraulilises s\u00fcsteemis saavutab kopa silinder kopa t\u00e4pse juhtimise, kasutades \u00e4ra h\u00fcdraulika\u00f5li r\u00f5humuutusi, v\u00f5imaldades operaatoril t\u00f5husalt k\u00e4sitseda raskeid koormaid ning kohaneda keerukate t\u00f6\u00f6keskkondade ja mitmekesiste t\u00f6\u00f6n\u00f5uetega.<\/p>\n<p><img decoding=\"async\" src=\"https:\/\/www.hydraulic-cylinders.net\/wp-content\/uploads\/2025\/01\/songte-company-2.webp\" alt=\"\u00c4mbri silindri pilt\"><\/p>\n<h2>Kopasilindri omadused<\/h2>\n<ul>\n<li><strong>Suur tugevus ja vastupidavus:<\/strong> Tavaliselt \u00fclitugevast terasest v\u00f5i alumiiniumist valmistatud kopa silinder talub k\u00f5rget r\u00f5hku ja suuri koormusi, kohandudes karmide t\u00f6\u00f6keskkondadega. Selle disain v\u00f5tab arvesse kulumiskindlust ja korrosioonikindlust, pikendades selle eluiga.<\/li>\n<li><strong>T\u00f5hus h\u00fcdrauliline t\u00f6\u00f6:<\/strong> H\u00fcdraulika\u00f5li r\u00f5hu abil v\u00f5imaldab kopa silinder sujuvat pikendamist ja tagasit\u00f5mbamist, mis v\u00f5imaldab kiiret reageerimist juhtimisk\u00e4sklustele ja pakub v\u00f5imsaid t\u00f5uke- ja t\u00f5mbej\u00f5ude, mis sobivad raskete koormate ja keerukate t\u00f6\u00f6\u00fclesannete k\u00e4sitsemiseks.<\/li>\n<li><strong>Erinevad t\u00fc\u00fcbid:<\/strong> Kopasilindrit saab vastavalt konkreetsetele t\u00f6\u00f6vajadustele valida \u00fchetoimelise (h\u00fcdraulilist r\u00f5hku kasutatakse ainult \u00fches suunas) v\u00f5i kahetoimelise (h\u00fcdraulilist r\u00f5hku kasutatakse m\u00f5lemas suunas) silindrina. M\u00f5ned mudelid on teleskoopilised, mis v\u00f5imaldab suuremat pikendust ilma v\u00e4lism\u00f5\u00f5tmeid suurendamata, mist\u00f5ttu need sobivad piiratud ruumiga rakenduste jaoks.<\/li>\n<li><strong>H\u00fcdrauliliste silindrite asendamine:<\/strong> Meie tooted suudavad neid h\u00fcdrosilindreid ideaalselt asendada.<\/li>\n<\/ul>\n<p><img decoding=\"async\" src=\"https:\/\/www.hydraulic-cylinders.net\/wp-content\/uploads\/2025\/01\/songte-cylinder-head-with-all-kinds-excavator-models.webp\" alt=\"Toote pilt\"><\/p>\n<h2>Kopasilindri rakendused<\/h2>\n<p>Kopasilindritel on mitmesuguseid rakendusi erinevat t\u00fc\u00fcpi masinates:<\/p>\n<ul>\n<li><strong>Ehitustehnika:<\/strong> Ekskavaatorites leiduvad silindrid on olulised kaevamisel, laadimisel ja pinnase v\u00f5i prahi teisaldamisel. Ekskavaator-laadurites abistab kopa silinder nii kaevamisel kui ka t\u00f5stmisel.<\/li>\n<li><strong>P\u00f5llumajandusmasinad:<\/strong> Esilaadurites kasutatav kopa silinder aitab mulda, heina ja muid materjale k\u00fchveldada, t\u00f5sta ja transportida.<\/li>\n<li><strong>Ekskavaatorid:<\/strong> Kopa silinder v\u00f5imaldab kaevamist, lastes kopal pinnasesse tungida.<\/li>\n<li><strong>Eeslaadurid:<\/strong> Esilaadurites aitavad need kaupu t\u00f5husalt t\u00f5sta ja maha laadida.<\/li>\n<\/ul>\n<h2>Projekteerimiskaalutlused ja valikukriteeriumid<\/h2>\n<p>Kopasilindrite projekteerimisel v\u00f5etakse arvesse selliseid v\u00f5tmetegureid nagu kandev\u00f5ime, tihendus, vastupidavus, ohutus ja hooldatavus:<\/p>\n<p><img decoding=\"async\" src=\"https:\/\/www.hydraulic-cylinders.net\/wp-content\/uploads\/2025\/01\/songte-oil-pipes-and-spare-parts.webp\" alt=\"Kujunduskaalutluste pilt\"><\/p>\n<h2>Silindri tihendamine ja m\u00e4\u00e4rimine<\/h2>\n<p>Kopasilindris kasutatakse mitmesuguseid tihendeid, n\u00e4iteks kolvitihendeid ja vardatihendeid, mis on valmistatud kulumiskindlatest materjalidest nagu pol\u00fcuretaan ja nitriilkummi. Silindri korpus ja keermestatud otsapinnad on peenelt t\u00f6\u00f6deldud, et suurendada kulumiskindlust. Vajalik on regulaarne m\u00e4\u00e4rimine sobiva koguse h\u00fcdraulika\u00f5liga.<\/p>\n<h2>Regulaarne kontroll ja ennetavad hooldusmeetmed<\/h2>\n<p>Optimaalse j\u00f5udluse ja pikaealisuse tagamiseks on oluline kopasilindrit regulaarselt kontrollida ja ennetavalt hooldada. M\u00f5ned meetmed h\u00f5lmavad j\u00e4rgmist:<\/p>\n<h2>\u00d5ige paigaldusjuhend<\/h2>\n<p>Kopasilindri \u00f5ige paigaldamine on selle j\u00f5udluse ja pikaealisuse tagamiseks \u00fclioluline. J\u00e4rgige neid juhiseid:<\/p>\n<h2>Levinumad hooldust\u00f6\u00f6d<\/h2>\n<p>Kopasilindrite tavaliste hooldust\u00f6\u00f6de hulka kuuluvad regulaarne kontroll, asjakohane m\u00e4\u00e4rimine, tihendite vahetamine ja kalibreerimise kontrollimine. Oluline on r\u00f5hutada \u00f5ige paigaldamise, m\u00e4\u00e4rimise ja reguleerimise olulisust. Andke paigaldamise ajal silindri joondamiseks asjakohaseid juhiseid ja soovitage silindri kinnitamiseks sobivate kinnitusklambrite kasutamist. Esitage soovitatavad kontrolli-, remondi- ja vahetusprotseduurid koos n\u00e4pun\u00e4idetega kopasilindri eluea pikendamiseks.<\/p>\n<p><img decoding=\"async\" src=\"https:\/\/www.hydraulic-cylinders.net\/wp-content\/uploads\/2025\/01\/songte-chushion-collar.webp\" alt=\"Hoolduspilt\"><\/p>\n<h2>Ohutuskaalutlused ja keskkonnategurid<\/h2>\n<p>Kopasilindrite kasutamisel on oluline seada esikohale ohutusmeetmed. Tuleks arvestada v\u00f5imalike ohtude ennetamisega ja keskkonna kaitsmisega.<\/p>\n<h2>Veaotsing ja levinud probleemid<\/h2>\n<p>Tuvastage kopasilindritega seotud v\u00f5imalikud rikked ja levinud probleemid. Pakkuge t\u00f5rkeotsingu n\u00e4pun\u00e4iteid ja lahendusi probleemide t\u00f5husaks diagnoosimiseks ja lahendamiseks. Pakkuge ennetavaid meetmeid v\u00f5imalike probleemide minimeerimiseks.<\/p>\n<p><img decoding=\"async\" src=\"https:\/\/www.hydraulic-cylinders.net\/wp-content\/uploads\/2025\/01\/songte-bushings-with-all-kinds-of-excavator-models.webp\" alt=\"Pildi t\u00f5rkeotsing\"><\/p>\n<h2>Meie ettev\u00f5ttest<\/h2>\n<p>Oleme asendush\u00fcdrauliliste silindrite tootja ning \u00fcks juhtivaid tootjaid ja hulgim\u00fc\u00fcjaid nii sise- kui ka rahvusvahelisel turul. Meie ettev\u00f5te pakub laia tootevalikut ja j\u00e4rgib industrialiseeritud tootmisjuhtimise strateegiat, tuginedes suurep\u00e4rasele kvaliteedile, t\u00e4iustatud tootmisseadmetele ja professionaalsetele testimiss\u00fcsteemidele. Oma t\u00f5husate, t\u00e4psete ja k\u00f5rgekvaliteediliste p\u00f5him\u00f5tetega rahuldame oma klientide mitmekesiseid vajadusi.<\/p>\n<p><img decoding=\"async\" src=\"https:\/\/www.hydraulic-cylinders.net\/wp-content\/uploads\/2025\/01\/songte-company-3.webp\" alt=\"Ettev\u00f5tte kuvand\"><\/p>\n<h3>Ettev\u00f5tte erialad:<\/h3>\n<ul>\n<li>Professionaalsus<\/li>\n<li>Rahvusvahelised sertifikaadid<\/li>\n<li>Kohandamise teenused<\/li>\n<li>Tootmisseadmed<\/li>\n<li>M\u00fc\u00fcgij\u00e4rgne teenindus<\/li>\n<\/ul>\n<p>Autor: lyl<\/p>\n<p><\/body><br \/>\n<\/html><\/p>","protected":false},"excerpt":{"rendered":"<p>Bucket Cylinder For Kobelco Large Excavator SK300-2 Bucket Cylinder For Kobelco Large Excavator SK300-2 Definition of Bucket Cylinder A bucket cylinder is a specially designed hydraulic cylinder used to control the movement of the bucket in heavy machinery such as excavators, backhoe loaders, and front-end loaders. Its main function is to enable the lifting, lowering, [&hellip;]<\/p>","protected":false},"featured_media":14784,"comment_status":"open","ping_status":"closed","template":"","meta":{"_et_pb_use_builder":"","_et_pb_old_content":"","_et_gb_content_width":""},"product_brand":[],"product_cat":[1494],"product_tag":[1495,1496],"class_list":{"0":"post-15361","1":"product","2":"type-product","3":"status-publish","4":"has-post-thumbnail","6":"product_cat-bucket-cylinders","7":"product_tag-bucket-cylinders","8":"product_tag-hydraulic-cylinders","10":"first","11":"instock","12":"shipping-taxable","13":"product-type-simple"},"amp_enabled":true,"_links":{"self":[{"href":"https:\/\/www.hydraulic-cylinders.net\/et\/wp-json\/wp\/v2\/product\/15361","targetHints":{"allow":["GET"]}}],"collection":[{"href":"https:\/\/www.hydraulic-cylinders.net\/et\/wp-json\/wp\/v2\/product"}],"about":[{"href":"https:\/\/www.hydraulic-cylinders.net\/et\/wp-json\/wp\/v2\/types\/product"}],"replies":[{"embeddable":true,"href":"https:\/\/www.hydraulic-cylinders.net\/et\/wp-json\/wp\/v2\/comments?post=15361"}],"wp:featuredmedia":[{"embeddable":true,"href":"https:\/\/www.hydraulic-cylinders.net\/et\/wp-json\/wp\/v2\/media\/14784"}],"wp:attachment":[{"href":"https:\/\/www.hydraulic-cylinders.net\/et\/wp-json\/wp\/v2\/media?parent=15361"}],"wp:term":[{"taxonomy":"product_brand","embeddable":true,"href":"https:\/\/www.hydraulic-cylinders.net\/et\/wp-json\/wp\/v2\/product_brand?post=15361"},{"taxonomy":"product_cat","embeddable":true,"href":"https:\/\/www.hydraulic-cylinders.net\/et\/wp-json\/wp\/v2\/product_cat?post=15361"},{"taxonomy":"product_tag","embeddable":true,"href":"https:\/\/www.hydraulic-cylinders.net\/et\/wp-json\/wp\/v2\/product_tag?post=15361"}],"curies":[{"name":"wp","href":"https:\/\/api.w.org\/{rel}","templated":true}]}}