{"id":15367,"date":"2025-01-19T14:26:28","date_gmt":"2025-01-19T14:26:28","guid":{"rendered":"https:\/\/www.hydraulic-cylinders.net\/product\/bucket-cylinder-for-kobelco-large-excavator-sk495d\/"},"modified":"2025-01-19T14:26:30","modified_gmt":"2025-01-19T14:26:30","slug":"bucket-cylinder-for-kobelco-large-excavator-sk495d","status":"publish","type":"product","link":"https:\/\/www.hydraulic-cylinders.net\/et\/toode\/bucket-cylinder-for-kobelco-large-excavator-sk495d\/","title":{"rendered":"Kobelco suure ekskavaatori SK495D kopa silinder"},"content":{"rendered":"<h1>Kobelco suure ekskavaatori SK495D kopa silinder<\/h1>\n<h2>Sissejuhatus<\/h2>\n<h3>Definitsioon<\/h3>\n<p>Kopa silinder on spetsiaalne h\u00fcdrauliline silinder, mida kasutatakse kopa liikumise juhtimiseks rasketes masinates, n\u00e4iteks ekskavaatorites, laadurites ja esilaadurites. Selle peamine \u00fclesanne on v\u00f5imaldada kopa t\u00f5stmist, langetamist ja kallutamist, muutes mitmesuguste materjalik\u00e4itlust\u00f6\u00f6de tegemise lihtsamaks. H\u00fcdraulilises s\u00fcsteemis kasutab kopa silinder h\u00fcdraulilise r\u00f5hu muutusi, et saavutada kopa t\u00e4pne juhtimine, mis v\u00f5imaldab operaatoritel raskeid koormaid t\u00f5husalt k\u00e4sitseda ning kohaneda keerukate t\u00f6\u00f6keskkondade ja mitmekesiste t\u00f6\u00f6vajadustega.<\/p>\n<p><img decoding=\"async\" src=\"https:\/\/www.hydraulic-cylinders.net\/wp-content\/uploads\/2025\/01\/songte-company-2.webp\"><\/p>\n<h2>Omadused<\/h2>\n<ul>\n<li><strong>Suur tugevus ja vastupidavus:<\/strong> Tavaliselt valmistatud \u00fclitugevast terasest v\u00f5i alumiiniumist, see talub k\u00f5rget r\u00f5hku ja suuri koormusi, kohandub karmide t\u00f6\u00f6keskkondadega ning on konstrueeritud kulumiskindlust ja korrosioonikindlust silmas pidades, et pikendada kasutusiga.<\/li>\n<li><strong>T\u00f5hus h\u00fcdrauliline t\u00f6\u00f6:<\/strong> Kasutades h\u00fcdraulika\u00f5li r\u00f5hku sujuva pikenemise ja kokkut\u00f5mbumise saavutamiseks, reageerib see kiiresti t\u00f6\u00f6k\u00e4sklustele, pakkudes v\u00f5imsaid t\u00f5uke- ja t\u00f5mbej\u00f5ude, mis sobivad raskete koormate ja keerukate t\u00f6\u00f6\u00fclesannete k\u00e4sitlemiseks.<\/li>\n<li><strong>Erinevad t\u00fc\u00fcbid:<\/strong> \u00dchetoimelisi (h\u00fcdraulika t\u00f6\u00f6tab ainult \u00fches suunas) v\u00f5i kahetoimelisi (h\u00fcdraulika t\u00f6\u00f6tab m\u00f5lemas suunas) silindreid saab valida vastavalt t\u00f6\u00f6vajadustele. M\u00f5ned mudelid on teleskoopilised, mis v\u00f5imaldab suuremat pikendamist ilma v\u00e4lism\u00f5\u00f5tmeid suurendamata, sobides piiratud ruumiga rakenduste jaoks.<\/li>\n<li><strong>V\u00e4ga kohandatav:<\/strong> Me saame toota silindreid, mis asendavad neid h\u00fcdraulilisi silindreid ideaalselt.<\/li>\n<\/ul>\n<p><img decoding=\"async\" src=\"https:\/\/www.hydraulic-cylinders.net\/wp-content\/uploads\/2025\/01\/songte-cylinder-head-with-all-kinds-excavator-models.webp\"><\/p>\n<h2>Rakendused<\/h2>\n<h3>Ehitustehnika<\/h3>\n<p>Ekskavaatorites on need h\u00e4davajalikud kaevamiseks, laadimiseks ja pinnase v\u00f5i prahi teisaldamiseks. Ekskavaatoritel aitavad kopasilindrid kaevamisel ja t\u00f5stmisel. Esilaadurites aitavad need kaupu t\u00f5husalt t\u00f5sta ja t\u00fchjendada.<\/p>\n<h3>P\u00f5llumajandustehnika<\/h3>\n<p>Kasutatakse esilaadurites pinnase, heina ja muude materjalide kaevamiseks, t\u00f5stmiseks ja transportimiseks. Ekskavaatorites v\u00f5imaldavad kopasilindrid kaevamist, lastes kopal pinnasesse tungida.<\/p>\n<h3>Muud rakendused<\/h3>\n<p>Kopasilindrid on kasutusel ka muudes rasketes seadmetes, sealhulgas kraanades, kahvelt\u00f5stukites ja h\u00fcdraulilistes pressides.<\/p>\n<h2>Projekteerimiskaalutlused ja valikukriteeriumid<\/h2>\n<ul>\n<li><strong>Kandev\u00f5ime:<\/strong> Silinder peab suutma koorma raskust kanda.<\/li>\n<li><strong>Tihendus:<\/strong> Silinder peab olema korralikult suletud, et v\u00e4ltida lekkeid ja tagada sujuv t\u00f6\u00f6.<\/li>\n<li><strong>Vastupidavus:<\/strong> Silinder peab vastu pidama raskele kasutamisele ja karmidele keskkonnatingimustele.<\/li>\n<li><strong>Ohutus:<\/strong> Silinder tuleb konstrueerida ja paigaldada nii, et oleks v\u00e4listatud \u00f5nnetused ja vigastused.<\/li>\n<li><strong>Hooldatavus:<\/strong> Silinder peab olema konstrueeritud nii, et seda oleks lihtne hooldada ja parandada.<\/li>\n<\/ul>\n<p><img decoding=\"async\" src=\"https:\/\/www.hydraulic-cylinders.net\/wp-content\/uploads\/2025\/01\/songte-oil-pipes-and-spare-parts.webp\"><\/p>\n<h2>Tihendus ja m\u00e4\u00e4rimine<\/h2>\n<p>Kasutatakse mitmesuguseid tihenduskomponente, n\u00e4iteks kolvitihendeid ja vardatihendeid, ning tihendid on valmistatud kulumiskindlatest materjalidest, nagu pol\u00fcuretaan ja nitriilkummi. Silindri korpus ja keermestatud otsapind on kulumiskindluse parandamiseks t\u00e4pselt t\u00f6\u00f6deldud. M\u00e4\u00e4rimiseks on vaja regulaarselt h\u00fcdraulika\u00f5li lisada.<\/p>\n<h2>Hooldus ja remont<\/h2>\n<p>Kopasilindrite tavalised hooldust\u00f6\u00f6d on j\u00e4rgmised:<\/p>\n<ul>\n<li>Regulaarne kontroll<\/li>\n<li>\u00d5ige m\u00e4\u00e4rimine<\/li>\n<li>Tihendi vahetamine<\/li>\n<li>Kalibreerimine<\/li>\n<\/ul>\n<p>\u00d5ige paigaldamine, m\u00e4\u00e4rimine ja reguleerimine on olulised ning paigaldamise ajal tuleb tagada silindri \u00f5ige joondamine. Silindri kinnitamiseks on soovitatav kasutada sobivaid kinnitusklambreid ning silindri kasutusea pikendamiseks on soovitatavad kontrollimis-, remondi- ja vahetusprotseduurid.<\/p>\n<p><img decoding=\"async\" src=\"https:\/\/www.hydraulic-cylinders.net\/wp-content\/uploads\/2025\/01\/songte-chushion-collar.webp\"><\/p>\n<h2>Ohutus- ja keskkonnakaalutlused<\/h2>\n<p>Kopasilindrite kasutamisel on oluline j\u00e4rgida ohutusprotokolle, sh kanda isikukaitsevahendeid ja j\u00e4rgida soovitatud t\u00f6\u00f6protseduure. Keskkonna kaitsmiseks on oluline ka h\u00fcdraulikavedeliku ja muude materjalide n\u00f5uetekohane k\u00f5rvaldamine.<\/p>\n<h2>Levinumad probleemid ja t\u00f5rkeotsing<\/h2>\n<ul>\n<li>Silinder lekib<\/li>\n<li>Silinder ei ulatu ega t\u00f5mbu korralikult kokku<\/li>\n<li>Silinder teeb imelikku h\u00e4\u00e4lt<\/li>\n<\/ul>\n<p>Nende probleemide t\u00f5rkeotsinguks v\u00f5ite silindrit kontrollida kahjustuste v\u00f5i kulumise tunnuste suhtes, kontrollida h\u00fcdraulikavedeliku taset ja veenduda, et silinder on \u00f5igesti paigaldatud ja joondatud. N\u00f5uetekohane hooldus ja remont aitavad neid probleeme v\u00e4ltida.<\/p>\n<p><img decoding=\"async\" src=\"https:\/\/www.hydraulic-cylinders.net\/wp-content\/uploads\/2025\/01\/songte-bushings-with-all-kinds-of-excavator-models.webp\"><\/p>\n<h2>Meie ettev\u00f5ttest<\/h2>\n<p>Oleme tootja, mis toodab asendush\u00fcdraulilisi silindreid ja meie ettev\u00f5te pakub t\u00e4ielikku tootevalikut. Oleme saanud \u00fcheks juhtivaks h\u00fcdrosilindrite tootjaks ja hulgim\u00fc\u00fcjaks nii sise- kui ka v\u00e4listurul. J\u00e4rgime kvaliteedi tipptaseme p\u00f5him\u00f5tet ja tugineme peentootmist\u00f6\u00f6kodade industrialiseeritud tootmisjuhtimise strateegiale. T\u00e4iustame pidevalt t\u00f6\u00f6koja tootmisplatvormi tehnoloogiliste talentide, digitaalsete tipptasemel tootmisseadmete ja professionaalsete testimiss\u00fcsteemide abil, t\u00e4iustame tootekvaliteedi tootmisteed ning omame tugevat loomingulist v\u00f5imekust, et rahuldada klientide mitmekesiseid vajadusi suure efektiivsuse, suure t\u00e4psuse ja k\u00f5rge kvaliteediga.<\/p>\n<p>Pakume professionaalseid, rahvusvaheliselt sertifitseeritud ja kohandatud teenuseid, tootmisseadmeid ning m\u00fc\u00fcgij\u00e4rgset teenindust, et laiendada oma ettev\u00f5tte haaret.<\/p>\n<p><img decoding=\"async\" src=\"https:\/\/hzpt.com\/wp-content\/uploads\/2024\/11\/songte-company-1.webp\"><\/p>\n<p>Autor: lyl.<\/p>","protected":false},"excerpt":{"rendered":"<p>Bucket Cylinder For Kobelco Large Excavator SK495D Introduction Definition A bucket cylinder is a specialized hydraulic cylinder used to control the movement of the bucket in heavy-duty machinery such as excavators, backhoes, and front-end loaders. Its main function is to enable the bucket to lift, lower, and tilt, making it easier to handle various material-handling [&hellip;]<\/p>","protected":false},"featured_media":14771,"comment_status":"open","ping_status":"closed","template":"","meta":{"_et_pb_use_builder":"","_et_pb_old_content":"","_et_gb_content_width":""},"product_brand":[],"product_cat":[1494],"product_tag":[1495,1496],"class_list":{"0":"post-15367","1":"product","2":"type-product","3":"status-publish","4":"has-post-thumbnail","6":"product_cat-bucket-cylinders","7":"product_tag-bucket-cylinders","8":"product_tag-hydraulic-cylinders","10":"first","11":"instock","12":"shipping-taxable","13":"product-type-simple"},"amp_enabled":true,"_links":{"self":[{"href":"https:\/\/www.hydraulic-cylinders.net\/et\/wp-json\/wp\/v2\/product\/15367","targetHints":{"allow":["GET"]}}],"collection":[{"href":"https:\/\/www.hydraulic-cylinders.net\/et\/wp-json\/wp\/v2\/product"}],"about":[{"href":"https:\/\/www.hydraulic-cylinders.net\/et\/wp-json\/wp\/v2\/types\/product"}],"replies":[{"embeddable":true,"href":"https:\/\/www.hydraulic-cylinders.net\/et\/wp-json\/wp\/v2\/comments?post=15367"}],"wp:featuredmedia":[{"embeddable":true,"href":"https:\/\/www.hydraulic-cylinders.net\/et\/wp-json\/wp\/v2\/media\/14771"}],"wp:attachment":[{"href":"https:\/\/www.hydraulic-cylinders.net\/et\/wp-json\/wp\/v2\/media?parent=15367"}],"wp:term":[{"taxonomy":"product_brand","embeddable":true,"href":"https:\/\/www.hydraulic-cylinders.net\/et\/wp-json\/wp\/v2\/product_brand?post=15367"},{"taxonomy":"product_cat","embeddable":true,"href":"https:\/\/www.hydraulic-cylinders.net\/et\/wp-json\/wp\/v2\/product_cat?post=15367"},{"taxonomy":"product_tag","embeddable":true,"href":"https:\/\/www.hydraulic-cylinders.net\/et\/wp-json\/wp\/v2\/product_tag?post=15367"}],"curies":[{"name":"wp","href":"https:\/\/api.w.org\/{rel}","templated":true}]}}