{"id":15369,"date":"2025-01-19T14:26:44","date_gmt":"2025-01-19T14:26:44","guid":{"rendered":"https:\/\/www.hydraulic-cylinders.net\/product\/bucket-cylinder-for-kobelco-large-excavator-sk330-8\/"},"modified":"2025-01-19T14:26:46","modified_gmt":"2025-01-19T14:26:46","slug":"bucket-cylinder-for-kobelco-large-excavator-sk330-8","status":"publish","type":"product","link":"https:\/\/www.hydraulic-cylinders.net\/et\/toode\/bucket-cylinder-for-kobelco-large-excavator-sk330-8\/","title":{"rendered":"Kobelco suure ekskavaatori SK330-8 kopa silinder"},"content":{"rendered":"<h1>Kobelco suure ekskavaatori SK330-8 kopa silinder<\/h1>\n<h2>Sissejuhatus<\/h2>\n<p>Kobelco suure ekskavaatori SK330-8 kopa silinder on spetsiaalselt loodud h\u00fcdrauliline silinder, mida kasutatakse peamiselt kopa liikumise juhtimiseks rasketes masinates, n\u00e4iteks ekskavaatorites, laadur-ekskavaatorites ja esilaadurites. Selle peamine \u00fclesanne on v\u00f5imaldada kopa t\u00f5stmist, langetamist ja kallutamist, muutes mitmesuguste materjalik\u00e4itlust\u00f6\u00f6de tegemise lihtsamaks. H\u00fcdraulikas\u00fcsteemis saavutab kopa silinder kopa t\u00e4pse juhtimise h\u00fcdraulika\u00f5li r\u00f5hu muutuste abil, v\u00f5imaldades operaatoril t\u00f5husalt k\u00e4sitseda raskeid koormaid, kohaneda keeruliste t\u00f6\u00f6keskkondadega ja rahuldada mitmekesiseid t\u00f6\u00f6vajadusi.<\/p>\n<p><img decoding=\"async\" src=\"https:\/\/www.hydraulic-cylinders.net\/wp-content\/uploads\/2025\/01\/songte-company-2.webp\" alt=\"\u00c4mbri silinder\" \/><\/p>\n<h2>Omadused<\/h2>\n<ul>\n<li>\n<h3>Suur tugevus ja vastupidavus<\/h3>\n<p>Tavaliselt \u00fclitugevast terasest v\u00f5i alumiiniumist valmistatud kopasilindrid taluvad k\u00f5rget r\u00f5hku ja suuri koormusi, kohandudes karmide t\u00f6\u00f6keskkondadega. Projekteerimisel on arvestatud kulumiskindluse ja korrosioonikindlusega, pikendades kasutusiga.<\/p>\n<\/li>\n<li>\n<h3>T\u00f5hus h\u00fcdrauliline t\u00f6\u00f6<\/h3>\n<p>Kasutades h\u00fcdraulika\u00f5li r\u00f5hku sujuva pikenemise ja kokkut\u00f5mbumise saavutamiseks, reageerib kopa silinder kiiresti t\u00f6\u00f6k\u00e4skudele, pakkudes v\u00f5imsaid t\u00f5uke- ja t\u00f5mbej\u00f5ude, mis sobivad raskete koormate ja keerukate \u00fclesannete k\u00e4sitsemiseks.<\/p>\n<\/li>\n<li>\n<h3>Mitmekesised t\u00fc\u00fcbid<\/h3>\n<p>Kopasilindrit saab vastavalt t\u00f6\u00f6vajadustele valida \u00fchetoimelise (h\u00fcdrauliliselt kasutatav ainult \u00fches suunas) v\u00f5i kahetoimelise (h\u00fcdrauliliselt m\u00f5lemas suunas) silindrina. M\u00f5ned mudelid on teleskoopilised, mis v\u00f5imaldab suuremat pikendamist ilma v\u00e4lism\u00f5\u00f5tmeid suurendamata, sobides piiratud ruumides kasutamiseks.<\/p>\n<\/li>\n<li>\n<h3>Tootmisv\u00f5ime<\/h3>\n<p>Me saame seda toodet toota ja meie toode saab neid h\u00fcdrosilindreid ideaalselt asendada.<\/p>\n<p>    <img decoding=\"async\" src=\"https:\/\/www.hydraulic-cylinders.net\/wp-content\/uploads\/2025\/01\/songte-cylinder-head-with-all-kinds-excavator-models.webp\" alt=\"Ekskavaatori mudelid\" \/>\n  <\/li>\n<\/ul>\n<h2>Rakendused<\/h2>\n<p>Kopasilindrit kasutatakse laialdaselt erinevates rasketehnika seadmetes, sealhulgas:<\/p>\n<ul>\n<li>\n<h3>Ehitustehnika<\/h3>\n<p>Ekskavaatorites on need kriitilise t\u00e4htsusega kaevamisel, laadimisel ja pinnase v\u00f5i prahi teisaldamisel. Ekskavaatoritel aitab kopa silinder nii kaevamisel kui ka t\u00f5stmisel. Esilaadurites aitavad need materjalide t\u00f5husal t\u00f5stmisel ja t\u00fchjendamisel.<\/p>\n<\/li>\n<li>\n<h3>P\u00f5llumajandustehnika<\/h3>\n<p>Kasutatakse esilaadurites mulla, heina ja muude materjalide kopeerimiseks, t\u00f5stmiseks ja transportimiseks.<\/p>\n<\/li>\n<li>\n<h3>Ekskavaatorid<\/h3>\n<p>Kopa silinder v\u00f5imaldab kopal tungida pinnasesse kaevet\u00f6\u00f6de tegemiseks.<\/p>\n<\/li>\n<li>\n<h3>Laadurid<\/h3>\n<p>Esilaadurites aitavad need kaupu t\u00f5husalt t\u00f5sta ja maha laadida.<\/p>\n<\/li>\n<\/ul>\n<h2>Projekteerimiskaalutlused ja valikukriteeriumid<\/h2>\n<p>The bucket cylinder&#8217;s design considerations are crucial, including its load-bearing capacity, sealing, durability, safety, and maintainability. Some of the key discussion points include:<\/p>\n<ul>\n<li>\n<h3>Kandev\u00f5ime<\/h3>\n<p>Kopa silinder peab suutma vastu pidada r\u00f5hule ja koormustele karmides t\u00f6\u00f6keskkondades, seega on materjalivalik ja konstruktsiooniline disain olulised.<\/p>\n<\/li>\n<li>\n<h3>Tihendus<\/h3>\n<p>Kopasilindris kasutatakse mitmesuguseid tihendeid, n\u00e4iteks kolvitihendeid ja vardatihendeid, mis peaksid olema valmistatud kulumiskindlatest materjalidest, nagu pol\u00fcuretaan ja nitriilkummi. Silindri korpus ja keermeotsa pind on peenelt t\u00f6\u00f6deldud, et parandada kulumiskindlust. Vajalik on regulaarne m\u00e4\u00e4rimine h\u00fcdraulika\u00f5liga.<\/p>\n<p>    <img decoding=\"async\" src=\"https:\/\/www.hydraulic-cylinders.net\/wp-content\/uploads\/2025\/01\/songte-oil-pipes-and-spare-parts.webp\" alt=\"\u00d5litorud ja varuosad\" \/>\n  <\/li>\n<li>\n<h3>Vastupidavus<\/h3>\n<p>Kopa silinder peaks olema konstrueeritud taluma kulumist ja korrosiooni, pikendades kasutusiga ja minimeerides hoolduse sagedust.<\/p>\n<\/li>\n<li>\n<h3>Ohutus<\/h3>\n<p>Kopa silinder peab ohutu t\u00f6\u00f6 tagamiseks vastama ohutusn\u00f5uetele, n\u00e4iteks ISO ohutusstandarditele.<\/p>\n<\/li>\n<li>\n<h3>Hooldatavus<\/h3>\n<p>Kopasilindrit peaks olema lihtne hooldada ja parandada ning varuosad peaksid olema kergesti k\u00e4ttesaadavad.<\/p>\n<\/li>\n<\/ul>\n<h2>Hooldus ja remont<\/h2>\n<p>Regular maintenance and repair are crucial to prolong the bucket cylinder&#8217;s service life. The following are some of the common maintenance tasks:<\/p>\n<ul>\n<li>\n<h3>Regulaarne kontroll<\/h3>\n<p>Kopasilindri regulaarne kontroll aitab tuvastada v\u00f5imalikke probleeme enne nende tekkimist.<\/p>\n<\/li>\n<li>\n<h3>M\u00e4\u00e4rimine<\/h3>\n<p>Kopa silinder vajab sujuva t\u00f6\u00f6 tagamiseks regulaarset m\u00e4\u00e4rimist h\u00fcdraulika\u00f5liga.<\/p>\n<\/li>\n<li>\n<h3>Tihendi vahetamine ja kalibreerimise kontroll<\/h3>\n<p>Regulaarne tihendite vahetamine ja kalibreerimise kontrollimine aitavad v\u00e4ltida lekkeid ja tagada kopasilindri n\u00f5uetekohase t\u00f6\u00f6.<\/p>\n<\/li>\n<\/ul>\n<p>Proper installation, lubrication, and adjustment are critical to the bucket cylinder&#8217;s performance. Correct alignment guidance when installing the cylinder is essential, and it is recommended to use appropriate mounting brackets to secure the cylinder. The recommended inspection, repair, and replacement procedures can improve the bucket cylinder&#8217;s service life.<\/p>\n<p><img decoding=\"async\" src=\"https:\/\/www.hydraulic-cylinders.net\/wp-content\/uploads\/2025\/01\/songte-chushion-collar.webp\" alt=\"Kaelarihm\" \/><\/p>\n<h2>Ohutus- ja keskkonnakaalutlused<\/h2>\n<p>Kopasilindri kasutamisel tuleb v\u00f5tta n\u00f5uetekohaseid ohutusmeetmeid, n\u00e4iteks j\u00e4rgida ohutusn\u00f5udeid ja kanda kaitsevarustust. Kopasilindrit tuleks kasutada ka keskkonnas\u00f5bralikul viisil, tagades kogu j\u00e4\u00e4tme n\u00f5uetekohase k\u00f5rvaldamise.<\/p>\n<h2>Veaotsing ja levinud probleemid<\/h2>\n<p>Kopa silindril v\u00f5ib esineda m\u00f5ningaid levinud probleeme, sealhulgas leke, ebapiisav j\u00f5ud ja aeglane liikumine. N\u00f5uetekohane t\u00f5rkeotsing ja kiire probleemide lahendamine aitavad minimeerida seisakuid ja v\u00e4hendada hoolduskulusid. M\u00f5ned ennetavad meetmed h\u00f5lmavad kvaliteetse h\u00fcdraulika\u00f5li kasutamist, tihendite regulaarset kontrolli, remonti ja vahetamist ning n\u00f5uetekohast paigaldamist ja reguleerimist.<\/p>\n<p><img decoding=\"async\" src=\"https:\/\/www.hydraulic-cylinders.net\/wp-content\/uploads\/2025\/01\/songte-bushings-with-all-kinds-of-excavator-models.webp\" alt=\"Puksid ekskavaatorimudelitega\" \/><\/p>\n<h2>Meie ettev\u00f5ttest<\/h2>\n<p>Oleme t\u00e4ieliku tootevalikuga asendush\u00fcdrauliliste silindrite tootja, olles \u00fcks juhtivaid h\u00fcdrosilindrite tootjaid ja hulgim\u00fc\u00fcjaid nii sise- kui ka rahvusvahelisel turul. J\u00e4rgime suurep\u00e4rase kvaliteedi p\u00f5him\u00f5tet, tuginedes peentootmist\u00f6\u00f6kodade industrialiseeritud tootmisjuhtimise strateegiale, t\u00e4iustame pidevalt t\u00f6\u00f6koja tootmisplatvormi, parandame toote kvaliteetset tootmisprotsessi ja omame tugevat loomingulist v\u00f5imekust. Vastame klientide mitmekesistele vajadustele suure efektiivsuse, suure t\u00e4psuse ja kvaliteetsete toodetega.<\/p>\n<p><img decoding=\"async\" src=\"https:\/\/hzpt.com\/wp-content\/uploads\/2024\/11\/songte-company-1.webp\" alt=\"Ettev\u00f5tte \u00fclevaade\" \/><\/p>\n<h3>Meie ettev\u00f5tte tugevuste hulka kuuluvad:<\/h3>\n<ul>\n<li>\n<p>Professionaalsus<\/p>\n<\/li>\n<li>\n<p>Rahvusvaheline sertifitseerimine<\/p>\n<\/li>\n<li>\n<p>Kohandatud teenus<\/p>\n<\/li>\n<li>\n<p>T\u00e4iustatud tootmisseadmed<\/p>\n<\/li>\n<li>\n<p>M\u00fc\u00fcgij\u00e4rgne teenindus<\/p>\n<\/li>\n<\/ul>\n<p>Autor: lyl<\/p>","protected":false},"excerpt":{"rendered":"<p>Bucket Cylinder For Kobelco Large Excavator SK330-8 Introduction The Bucket Cylinder for Kobelco Large Excavator SK330-8 is a specially designed hydraulic cylinder primarily used to control the movement of the bucket in heavy machinery such as excavators, backhoe excavators, and front-end loaders. Its main function is to enable the bucket to lift, lower, and tilt, [&hellip;]<\/p>","protected":false},"featured_media":14765,"comment_status":"open","ping_status":"closed","template":"","meta":{"_et_pb_use_builder":"","_et_pb_old_content":"","_et_gb_content_width":""},"product_brand":[],"product_cat":[1494],"product_tag":[1495,1496],"class_list":{"0":"post-15369","1":"product","2":"type-product","3":"status-publish","4":"has-post-thumbnail","6":"product_cat-bucket-cylinders","7":"product_tag-bucket-cylinders","8":"product_tag-hydraulic-cylinders","10":"first","11":"instock","12":"shipping-taxable","13":"product-type-simple"},"amp_enabled":true,"_links":{"self":[{"href":"https:\/\/www.hydraulic-cylinders.net\/et\/wp-json\/wp\/v2\/product\/15369","targetHints":{"allow":["GET"]}}],"collection":[{"href":"https:\/\/www.hydraulic-cylinders.net\/et\/wp-json\/wp\/v2\/product"}],"about":[{"href":"https:\/\/www.hydraulic-cylinders.net\/et\/wp-json\/wp\/v2\/types\/product"}],"replies":[{"embeddable":true,"href":"https:\/\/www.hydraulic-cylinders.net\/et\/wp-json\/wp\/v2\/comments?post=15369"}],"wp:featuredmedia":[{"embeddable":true,"href":"https:\/\/www.hydraulic-cylinders.net\/et\/wp-json\/wp\/v2\/media\/14765"}],"wp:attachment":[{"href":"https:\/\/www.hydraulic-cylinders.net\/et\/wp-json\/wp\/v2\/media?parent=15369"}],"wp:term":[{"taxonomy":"product_brand","embeddable":true,"href":"https:\/\/www.hydraulic-cylinders.net\/et\/wp-json\/wp\/v2\/product_brand?post=15369"},{"taxonomy":"product_cat","embeddable":true,"href":"https:\/\/www.hydraulic-cylinders.net\/et\/wp-json\/wp\/v2\/product_cat?post=15369"},{"taxonomy":"product_tag","embeddable":true,"href":"https:\/\/www.hydraulic-cylinders.net\/et\/wp-json\/wp\/v2\/product_tag?post=15369"}],"curies":[{"name":"wp","href":"https:\/\/api.w.org\/{rel}","templated":true}]}}