{"id":1537,"date":"2023-09-28T06:13:35","date_gmt":"2023-09-28T06:13:35","guid":{"rendered":"https:\/\/hydraulic-cylinders.net\/?post_type=product&#038;p=1537"},"modified":"2025-04-11T01:49:31","modified_gmt":"2025-04-11T01:49:31","slug":"aerial-work-platform-outrigger-cylinder","status":"publish","type":"product","link":"https:\/\/www.hydraulic-cylinders.net\/et\/toode\/aerial-work-platform-outrigger-cylinder\/","title":{"rendered":"T\u00f5steplatvormi tugijala silinder"},"content":{"rendered":"<h1 style=\"text-align: center;\"><strong>T\u00f5steplatvormi tugijala silinder<\/strong><\/h1>\n<p><img loading=\"lazy\" decoding=\"async\" class=\"wp-image-1538 aligncenter\" src=\"https:\/\/hydraulic-cylinders.net\/wp-content\/uploads\/2023\/09\/outrigger-cylinder-1-300x300.webp\" alt=\"\" width=\"400\" height=\"400\" \/><\/p>\n<p>T\u00f5steplatvormi tugijalgade silinder on oluline komponent, mis on loodud t\u00f5steplatvormide stabiilsuse ja ohutuse suurendamiseks. See spetsiaalne h\u00fcdrauliline silinder m\u00e4ngib olulist rolli tugijalgade pikendamisel ja tagasit\u00f5mbamisel, mis pakuvad platvormile lisatuge ja tasakaalu.<\/p>\n<p>T\u00f5stukt\u00f5stuki tugijalgade silinder on h\u00e4davajalik stabiilsuse ja ohutuse tagamiseks k\u00f5rgendatud t\u00f6\u00f6keskkondades. Oma tugeva konstruktsiooni, usaldusv\u00e4\u00e4rse stabiilsuse, sujuva t\u00f6\u00f6 ja mitmek\u00fclgse reguleeritavusega on see h\u00fcdrauliline silinder \u00fclioluline tugijalgade pikendamisel ja sisset\u00f5mbamisel, pakkudes turvalist ja tasast t\u00f6\u00f6platvormi. Soovitatavate kasutusmeetodite ja hooldustavade j\u00e4rgimisega saavad operaatorid maksimeerida t\u00f5stukt\u00f5stuki tugijalgade silindri pikaealisuse ja j\u00f5udluse, aidates kaasa tootlikkuse, ohutuse ja enesekindluse suurendamisele erinevates k\u00f5rgendatud t\u00f6\u00f6rakendustes. Investeerige sellesse olulisse h\u00fcdraulikakomponenti, et t\u00f5sta oma t\u00f5stukt\u00f5stuki stabiilsust ja avada uued efektiivsuse ja ohutuse tasemed k\u00f5rgendatud t\u00f6\u00f6olukordades.<\/p>\n<p>T\u00f5steplatvormi tugijalgade silindri peamised omadused:<\/p>\n<ol>\n<li>Vastupidav konstruktsioon:<\/li>\n<\/ol>\n<ul>\n<li>T\u00f5steplatvormi tugijalgade silinder on valmistatud kvaliteetsetest materjalidest, mis tagab vastupidavuse ja pikaealisuse.<\/li>\n<li>See on loodud vastu pidama rasketele koormustele ja n\u00f5udlike t\u00f6\u00f6keskkondade raskustele.<\/li>\n<\/ul>\n<ol start=\"2\">\n<li>Usaldusv\u00e4\u00e4rne stabiilsus:<\/li>\n<\/ol>\n<ul>\n<li>See silinder tagab usaldusv\u00e4\u00e4rse stabiilsuse, pikendades tugijalgu, suurendades oluliselt platvormi jalaj\u00e4lge ja hoides \u00e4ra \u00fcmbermineku v\u00f5i kallutamise t\u00f6\u00f6 ajal.<\/li>\n<li>See suurendab t\u00f5stuki \u00fcldist stabiilsust, v\u00f5imaldades operaatoritel t\u00e4ita \u00fclesandeid ohutult ja kindlalt k\u00f5rgetel k\u00f5rgustel.<\/li>\n<\/ul>\n<ol start=\"3\">\n<li>Sujuv toimimine:<\/li>\n<\/ol>\n<ul>\n<li>T\u00f5steplatvormi tugijalgade silindri h\u00fcdros\u00fcsteem tagab tugijalgade sujuva ja kontrollitud v\u00e4lja- ja sisset\u00f5mbamise.<\/li>\n<li>See v\u00f5imaldab operaatoritel tugijalgu t\u00e4pselt positsioneerida, kohandudes ebatasase pinnaga ja pakkudes tasast t\u00f6\u00f6platvormi.<\/li>\n<\/ul>\n<ol start=\"4\">\n<li>Mitmek\u00fclgne reguleeritavus:<\/li>\n<\/ol>\n<ul>\n<li>Tugijalgade silindril on reguleeritavad pikenduspikkused, mis v\u00f5imaldavad operaatoritel kohaneda erinevate t\u00f6\u00f6koha tingimuste ja ruumipiirangutega.<\/li>\n<li>See pakub tugijalgade paigutamisel paindlikkust, et tagada maksimaalne stabiilsus ja tasakaal erinevatel maastikel.<\/li>\n<\/ul>\n<h2><strong>T\u00f5steplatvormi tugijalgade silindri parameeter:<\/strong><\/h2>\n<table border=\"1\" cellspacing=\"0\" cellpadding=\"0\">\n<tbody>\n<tr>\n<td>Toote nimi<\/td>\n<td>T\u00f5steplatvormi tugijala silinder<\/td>\n<\/tr>\n<tr>\n<td>Omadused:<\/td>\n<td>Toeta kogu seadme raskust kraana t\u00f5stmise ajal<\/td>\n<\/tr>\n<tr>\n<td>Ava l\u00e4bim\u00f5\u00f5t:<\/td>\n<td>45 mm\uff5e200 mm<\/td>\n<\/tr>\n<tr>\n<td>Varda l\u00e4bim\u00f5\u00f5t:<\/td>\n<td>30 mm\uff5e180 mm<br \/>\nL\u00f6\u00f6k \u22642000 mm<\/td>\n<\/tr>\n<tr>\n<td>R\u00f5hk:<\/td>\n<td>30MPa (maksimaalne r\u00f5hk)<\/td>\n<\/tr>\n<tr>\n<td>Tugisilindri rakendused:<\/td>\n<td>\u00d5hust t\u00f6\u00f6platvorm<\/td>\n<\/tr>\n<\/tbody>\n<\/table>\n<h2><strong>T\u00f5steplatvormi identifitseerimisskeem:<\/strong><\/h2>\n<p><img loading=\"lazy\" decoding=\"async\" class=\"alignnone wp-image-1517 size-full\" src=\"https:\/\/hydraulic-cylinders.net\/wp-content\/uploads\/2023\/09\/aerial-work-platform-cylinder-construct.webp\" alt=\"\" width=\"600\" height=\"400\" srcset=\"https:\/\/hydraulic-cylinders.net\/wp-content\/uploads\/2023\/09\/aerial-work-platform-cylinder-construct.webp 600w, https:\/\/hydraulic-cylinders.net\/wp-content\/uploads\/2023\/09\/aerial-work-platform-cylinder-construct-480x320.webp 480w\" sizes=\"(min-width: 0px) and (max-width: 480px) 480px, (min-width: 481px) 600px, 100vw\" \/><\/p>\n<h2><strong>\u00d5hust t\u00f6\u00f6platvormi tugisilindri kasutusmeetod<\/strong><strong>:<\/strong><\/h2>\n<ol>\n<li><strong>Paigaldamine ja seadistamine:<\/strong><\/li>\n<\/ol>\n<ul>\n<li>T\u00f5steplatvormi tugijalgade silindri paigaldamiseks ja seadistamiseks t\u00f5steplatvormile j\u00e4rgige tootja juhiseid.<\/li>\n<li>Optimaalse j\u00f5udluse tagamiseks veenduge, et silinder on kindlalt kinnitatud ja joondatud.<\/li>\n<\/ul>\n<ol start=\"2\">\n<li><strong>H\u00fcdrauliline \u00fchendus:<\/strong><\/li>\n<\/ol>\n<ul>\n<li>\u00dchendage tugijalgade silinder t\u00f5stuki h\u00fcdros\u00fcsteemiga vastavalt etteantud juhistele.<\/li>\n<li>Veenduge, et k\u00f5ik h\u00fcdraulika\u00fchendused on kindlalt kinnitatud ja korralikult tihendatud, et v\u00e4ltida h\u00fcdraulikavedeliku lekkeid v\u00f5i kadusid.<\/li>\n<\/ul>\n<ol start=\"3\">\n<li><strong>Tugijalgade kasutamine:<\/strong><\/li>\n<\/ol>\n<ul>\n<li>Tugijalade v\u00e4lja- v\u00f5i sissel\u00fckkamiseks rakendage t\u00f5stukil olevaid juhtimismehhanisme.<\/li>\n<li>J\u00e4rgige tugijalgade kasutamise ajal soovitatud protseduure ja ohutusjuhiseid.<\/li>\n<\/ul>\n<ol start=\"4\">\n<li><strong>Positsioneerimine ja reguleerimine:<\/strong><\/li>\n<\/ol>\n<ul>\n<li>Paigutage tugijalad nii, et need tagaksid t\u00f6\u00f6platvormile maksimaalse stabiilsuse ja toe.<\/li>\n<li>Reguleerige tugijalgade pikenduspikkusi vastavalt vajadusele, et need vastaksid erinevatele t\u00f6\u00f6koha tingimustele ja saavutaksid tasase platvormi.<\/li>\n<\/ul>\n<h2><strong>Kuidas h\u00fcdros\u00fcsteemis r\u00f5hku vabastada?<\/strong><\/h2>\n<p>H\u00fcdraulikas\u00fcsteemi r\u00f5hu alandamine on hoolduse, remondi v\u00f5i h\u00fcdraulikakomponentidega t\u00f6\u00f6tamise jaoks h\u00e4davajalik. Siin on m\u00f5ned \u00fcldised sammud h\u00fcdraulikas\u00fcsteemist surve ohutuks eemaldamiseks:<\/p>\n<ol>\n<li><strong>Toiteallika tuvastamine:<\/strong>\n<ul>\n<li>Leidke j\u00f5uallikas, mis annab h\u00fcdraulikas\u00fcsteemile r\u00f5hku. Tavaliselt on see h\u00fcdraulikapump v\u00f5i mootoriga k\u00e4itatav j\u00f5uallikas.<\/li>\n<li>Tuvastage toiteallikas ja veenduge, et see on v\u00e4lja l\u00fclitatud v\u00f5i mootor on seisatud, et v\u00e4ltida juhuslikku aktiveerimist.<\/li>\n<\/ul>\n<\/li>\n<li><strong>Juhthoobade rakendamine:<\/strong>\n<ul>\n<li>Viige k\u00f5ik juhtkangid v\u00f5i l\u00fclitid neutraalasendisse v\u00f5i v\u00e4ljal\u00fclitatud asendisse. See aitab v\u00e4ltida h\u00fcdraulikakomponentide tahtmatut liikumist ja v\u00e4hendab r\u00f5hu suurenemise ohtu.<\/li>\n<\/ul>\n<\/li>\n<li><strong>R\u00f5hu alandamine juhtventiili juures:<\/strong>\n<ul>\n<li>Leidke h\u00fcdraulikas\u00fcsteemis juhtventiil v\u00f5i \u00fcler\u00f5huventiil. See on tavaliselt m\u00e4rgistatud v\u00f5i sildistatud, et seda oleks lihtne tuvastada.<\/li>\n<li>Keerake v\u00f5i reguleerige ventiili aeglaselt vabastus- v\u00f5i avatud asendisse. See v\u00f5imaldab l\u00f5ksus oleval h\u00fcdraulikavedelikul v\u00e4lja p\u00e4\u00e4seda ja v\u00e4hendab s\u00fcsteemis olevat r\u00f5hku.<\/li>\n<li>J\u00e4rsku liikumise v\u00f5i vedeliku v\u00e4ljavoolu v\u00e4ltimiseks on oluline r\u00f5hku j\u00e4rk-j\u00e4rgult vabastada.<\/li>\n<\/ul>\n<\/li>\n<li><strong>Monitori manomeeter:<\/strong>\n<ul>\n<li>M\u00f5nedel h\u00fcdros\u00fcsteemidel v\u00f5ivad olla paigaldatud manomeetrid. Kui see on olemas, j\u00e4lgige manomeetrit r\u00f5hu vabastamise ajal.<\/li>\n<li>Juhtventiili avamisel j\u00e4lgige manomeetrit, et r\u00f5hk pidevalt langeks.<\/li>\n<\/ul>\n<\/li>\n<li><strong>H\u00fcdrauliliste komponentide \u00f5hutamine:<\/strong>\n<ul>\n<li>P\u00e4rast r\u00f5hu alandamist juhtventiilist on soovitatav \u00f5hutada h\u00fcdraulikakomponendid, milles v\u00f5ib veel j\u00e4\u00e4kr\u00f5hk olla.<\/li>\n<li>Alustage juhtventiilist allavoolu asuvate liitmike v\u00f5i \u00fchenduste lahtikeeramisest v\u00f5i eemaldamisest.<\/li>\n<li>Avage liitmikud aeglaselt ja ettevaatlikult, et lasta j\u00e4relej\u00e4\u00e4nud r\u00f5hul v\u00e4lja p\u00e4\u00e4seda.<\/li>\n<li>Olge ettevaatlik, kuna h\u00fcdraulikavedelik v\u00f5ib olla r\u00f5hu all ja v\u00f5ib pritsida v\u00f5i lekkida.<\/li>\n<\/ul>\n<\/li>\n<li><strong>R\u00f5hu vabastamise kontrollimine:<\/strong>\n<ul>\n<li>Kontrollige \u00fcle, kas r\u00f5hk on s\u00fcsteemist t\u00f5husalt vabastatud, kinnitades, et manomeeter n\u00e4itab nulli v\u00f5i nullil\u00e4hedast n\u00e4itu.<\/li>\n<li>Kontrollige h\u00fcdraulikakomponente, et veenduda liikumise v\u00f5i r\u00f5hu n\u00e4htavuse puudumises.<\/li>\n<\/ul>\n<\/li>\n<\/ol>\n<h2><strong>Tehase v\u00f5imekus ja suutlikkus:<\/strong><\/h2>\n<h3>(1) Kokkupanek<\/h3>\n<p>Meil on esmaklassiline s\u00f5ltumatu teadus- ja arendustegevuse montaa\u017eiplatvorm. H\u00fcdrosilindrite tootmist\u00f6\u00f6kojas on neli poolautomaatset t\u00f5stesilindrite koosteliini ja \u00fcks automaatne kallutussilindrite koosteliin, mille kavandatud aastane tootmisv\u00f5imsus on 1 miljon t\u00fckki. Spetsiaalsete silindrite t\u00f6\u00f6koda on varustatud erinevate spetsifikatsioonidega poolautomaatse puhastusmontaa\u017eis\u00fcsteemiga, mille kavandatud aastane tootmisv\u00f5imsus on 200 000 ja mis on varustatud kuulsate CNC-t\u00f6\u00f6tlemisseadmete, mehaanilise t\u00f6\u00f6tlemise keskuse, suure t\u00e4psusega silindrite t\u00f6\u00f6tlemise eriseadmete, robotkeevitusmasina, automaatse puhastusmasina, automaatse silindri kokkupanemise masina ja automaatse v\u00e4rvimise tootmisliiniga. Olemasolevad kriitilised seadmed rohkem kui 300 komplekti (komplekti). Seadmete ressursside optimaalne jaotamine ja t\u00f5hus kasutamine tagavad toodete t\u00e4psusn\u00f5uded ja vastavad toodete kvaliteedin\u00f5uetele.<\/p>\n<p><img loading=\"lazy\" decoding=\"async\" class=\"alignnone wp-image-626\" src=\"https:\/\/hydraulic-cylinders.net\/wp-content\/uploads\/2023\/08\/hydraulic-cylinder-product-1-300x158.webp\" alt=\"\" width=\"495\" height=\"260\" srcset=\"https:\/\/hydraulic-cylinders.net\/wp-content\/uploads\/2023\/08\/hydraulic-cylinder-product-1-300x158.webp 495w, https:\/\/hydraulic-cylinders.net\/wp-content\/uploads\/2023\/08\/hydraulic-cylinder-product-1-480x252.webp 480w\" sizes=\"(min-width: 0px) and (max-width: 480px) 480px, (min-width: 481px) 495px, 100vw\" \/> <img loading=\"lazy\" decoding=\"async\" class=\"alignnone wp-image-627\" src=\"https:\/\/hydraulic-cylinders.net\/wp-content\/uploads\/2023\/08\/hydraulic-cylinder-product-2-300x189.webp\" alt=\"\" width=\"413\" height=\"260\" \/><\/p>\n<h3>(2) T\u00f6\u00f6tlemine<\/h3>\n<p>T\u00f6\u00f6deldav t\u00f6\u00f6koda on varustatud kohandatud kallutatud r\u00f6\u00f6pse treipingi keskuse, mehaanilise keskuse, kiire lihvimismasina, keevitusroboti ja muude seotud seadmetega, mis suudavad t\u00f6\u00f6delda silindritorusid, mille maksimaalne sisel\u00e4bim\u00f5\u00f5t on 400 mm ja maksimaalne pikkus on 6 meetrit.<\/p>\n<p><img loading=\"lazy\" decoding=\"async\" class=\"alignnone wp-image-628 size-large\" src=\"https:\/\/hydraulic-cylinders.net\/wp-content\/uploads\/2023\/08\/hydraulic-cylinder-product-3-1024x391.webp\" alt=\"\" width=\"1024\" height=\"391\" srcset=\"https:\/\/hydraulic-cylinders.net\/wp-content\/uploads\/2023\/08\/hydraulic-cylinder-product-3-980x374.webp 980w, https:\/\/hydraulic-cylinders.net\/wp-content\/uploads\/2023\/08\/hydraulic-cylinder-product-3-480x183.webp 480w\" sizes=\"(min-width: 0px) and (max-width: 480px) 480px, (min-width: 481px) and (max-width: 980px) 980px, (min-width: 981px) 1024px, 100vw\" \/><\/p>\n<h3>(3) Keevitamine<\/h3>\n<p><img loading=\"lazy\" decoding=\"async\" class=\"alignnone wp-image-629 size-large\" src=\"https:\/\/hydraulic-cylinders.net\/wp-content\/uploads\/2023\/08\/hydraulic-cylinder-product-4-1024x510.webp\" alt=\"\" width=\"1024\" height=\"510\" srcset=\"https:\/\/hydraulic-cylinders.net\/wp-content\/uploads\/2023\/08\/hydraulic-cylinder-product-4-980x488.webp 980w, https:\/\/hydraulic-cylinders.net\/wp-content\/uploads\/2023\/08\/hydraulic-cylinder-product-4-480x239.webp 480w\" sizes=\"(min-width: 0px) and (max-width: 480px) 480px, (min-width: 481px) and (max-width: 980px) 980px, (min-width: 981px) 1024px, 100vw\" \/><\/p>\n<h3>(4) V\u00e4rvimine ja katmine<\/h3>\n<p>V\u00e4ikese ja keskmise suurusega silindri automaatse veep\u00f5hise v\u00e4rvipinnakattega liinide abil, et saavutada automaatne robotlaadimine ja mahalaadimine ning automaatne pihustamine, projekteerimisv\u00f5imsus 4000 t\u00fckki vahetuse kohta;<br \/>\nMeil on ka poolautomaatne suurte balloonide v\u00e4rvimise tootmisliin, mis t\u00f6\u00f6tab j\u00f5ukettaga ja mille projekteerimisv\u00f5imsus on 60 kasti \u00fche vahetuse kohta.<\/p>\n<p><img loading=\"lazy\" decoding=\"async\" class=\"alignnone wp-image-630\" src=\"https:\/\/hydraulic-cylinders.net\/wp-content\/uploads\/2023\/08\/hydraulic-cylinder-product-5-300x213.webp\" alt=\"\" width=\"366\" height=\"260\" \/> <img loading=\"lazy\" decoding=\"async\" class=\"alignnone wp-image-631\" src=\"https:\/\/hydraulic-cylinders.net\/wp-content\/uploads\/2023\/08\/hydraulic-cylinder-product-6-300x225.webp\" alt=\"\" width=\"347\" height=\"260\" \/><\/p>\n<h3>(5) Testimine<\/h3>\n<p>Meil on esmaklassilised kontrolliseadmed ja katsestendid, et tagada silindri j\u00f5udlus vastavus n\u00f5uetele.<\/p>\n<p><img loading=\"lazy\" decoding=\"async\" class=\"alignnone wp-image-632\" src=\"https:\/\/hydraulic-cylinders.net\/wp-content\/uploads\/2023\/08\/hydraulic-cylinder-product-8-300x200.webp\" alt=\"\" width=\"389\" height=\"260\" \/><\/p>\n<p>&nbsp;<\/p>\n<p>&nbsp;<\/p>\n<p>Oleme \u00fcks parimaid h\u00fcdrosilindrite tootjaid. Pakume laia valikut h\u00fcdrosilindreid. Pakume ka vastavaid... <a href=\"https:\/\/hzpt.com\/agricultural-pto-gearbox\/\" target=\"_blank\" rel=\"noopener\">p\u00f5llumajanduslikud k\u00e4igukastid<\/a>. Oleme eksportinud oma tooteid klientidele \u00fcle maailma ja teeninud hea maine t\u00e4nu meie suurep\u00e4rasele tootekvaliteedile ja m\u00fc\u00fcgij\u00e4rgsele teenindusele. Me tervitame kliente kodus ja v\u00e4lismaal, et v\u00f5tta meiega \u00fchendust, et pidada l\u00e4bir\u00e4\u00e4kimisi \u00e4ri, vahetada teavet ja <a href=\"https:\/\/www.hydraulic-cylinders.net\/et\/contact-us\/\">teha meiega koost\u00f6\u00f6d<\/a>!<\/p>","protected":false},"excerpt":{"rendered":"<p>Aerial Work Platform Outrigger Cylinder The aerial work platform outrigger cylinder is a vital component designed to enhance stability and safety in aerial work platforms. This specialized hydraulic cylinder plays a crucial role in extending and retracting the outriggers, which provide additional support and balance to the forum. The aerial work platform outrigger cylinder is [&hellip;]<\/p>","protected":false},"featured_media":1539,"comment_status":"open","ping_status":"closed","template":"","meta":{"_et_pb_use_builder":"","_et_pb_old_content":"","_et_gb_content_width":""},"product_brand":[],"product_cat":[1500,1549],"product_tag":[1380],"class_list":{"0":"post-1537","1":"product","2":"type-product","3":"status-publish","4":"has-post-thumbnail","6":"product_cat-aerial-work-vehicle-hydraulic-cylinder","7":"product_cat-single-acting-hydraulic-cylinder","8":"product_tag-hydraulic-cylinder","10":"first","11":"instock","12":"shipping-taxable","13":"product-type-simple"},"amp_enabled":true,"_links":{"self":[{"href":"https:\/\/www.hydraulic-cylinders.net\/et\/wp-json\/wp\/v2\/product\/1537","targetHints":{"allow":["GET"]}}],"collection":[{"href":"https:\/\/www.hydraulic-cylinders.net\/et\/wp-json\/wp\/v2\/product"}],"about":[{"href":"https:\/\/www.hydraulic-cylinders.net\/et\/wp-json\/wp\/v2\/types\/product"}],"replies":[{"embeddable":true,"href":"https:\/\/www.hydraulic-cylinders.net\/et\/wp-json\/wp\/v2\/comments?post=1537"}],"wp:featuredmedia":[{"embeddable":true,"href":"https:\/\/www.hydraulic-cylinders.net\/et\/wp-json\/wp\/v2\/media\/1539"}],"wp:attachment":[{"href":"https:\/\/www.hydraulic-cylinders.net\/et\/wp-json\/wp\/v2\/media?parent=1537"}],"wp:term":[{"taxonomy":"product_brand","embeddable":true,"href":"https:\/\/www.hydraulic-cylinders.net\/et\/wp-json\/wp\/v2\/product_brand?post=1537"},{"taxonomy":"product_cat","embeddable":true,"href":"https:\/\/www.hydraulic-cylinders.net\/et\/wp-json\/wp\/v2\/product_cat?post=1537"},{"taxonomy":"product_tag","embeddable":true,"href":"https:\/\/www.hydraulic-cylinders.net\/et\/wp-json\/wp\/v2\/product_tag?post=1537"}],"curies":[{"name":"wp","href":"https:\/\/api.w.org\/{rel}","templated":true}]}}